{"id":9575,"date":"2025-11-18T13:12:54","date_gmt":"2025-11-18T12:12:54","guid":{"rendered":"https:\/\/aovepenaluna.com\/?post_type=product&#038;p=9575"},"modified":"2026-04-23T09:25:09","modified_gmt":"2026-04-23T08:25:09","slug":"aove-tasuku-coupage-pena-luna","status":"publish","type":"product","link":"https:\/\/aovepenaluna.com\/es\/producto\/aove-tasuku-coupage-pena-luna\/","title":{"rendered":"Aceite de Oliva Virgen Extra (AOVE) TASUKU"},"content":{"rendered":"<p>[et_pb_section fb_built=\u00bb1&#8243; _builder_version=\u00bb4.23.1&#8243; background_color=\u00bbRGBA(255,255,255,0)\u00bb custom_padding=\u00bb0px||||false|false\u00bb global_colors_info=\u00bb{}\u00bb][et_pb_row _builder_version=\u00bb4.16&#8243; background_size=\u00bbinitial\u00bb background_position=\u00bbtop_left\u00bb background_repeat=\u00bbrepeat\u00bb width=\u00bb100%\u00bb custom_padding=\u00bb0px||0px||false|false\u00bb global_colors_info=\u00bb{}\u00bb][et_pb_column type=\u00bb4_4&#8243; _builder_version=\u00bb4.16&#8243; custom_padding=\u00bb|||\u00bb global_colors_info=\u00bb{}\u00bb custom_padding__hover=\u00bb|||\u00bb][et_pb_wc_breadcrumb _builder_version=\u00bb4.16&#8243; global_colors_info=\u00bb{}\u00bb][\/et_pb_wc_breadcrumb][et_pb_wc_cart_notice _builder_version=\u00bb4.16&#8243; global_colors_info=\u00bb{}\u00bb][\/et_pb_wc_cart_notice][\/et_pb_column][\/et_pb_row][et_pb_row column_structure=\u00bb1_2,1_2&#8243; _builder_version=\u00bb4.27.0&#8243; background_color=\u00bb#FFFFFF\u00bb background_size=\u00bbinitial\u00bb background_position=\u00bbtop_left\u00bb background_repeat=\u00bbrepeat\u00bb width=\u00bb100%\u00bb custom_padding=\u00bb0px||||false|false\u00bb global_colors_info=\u00bb{}\u00bb][et_pb_column type=\u00bb1_2&#8243; _builder_version=\u00bb4.16&#8243; custom_padding=\u00bb|||\u00bb global_colors_info=\u00bb{}\u00bb custom_padding__hover=\u00bb|||\u00bb][et_pb_wc_images _builder_version=\u00bb4.16&#8243; global_colors_info=\u00bb{}\u00bb][\/et_pb_wc_images][\/et_pb_column][et_pb_column type=\u00bb1_2&#8243; _builder_version=\u00bb4.16&#8243; custom_padding=\u00bb|||\u00bb global_colors_info=\u00bb{}\u00bb custom_padding__hover=\u00bb|||\u00bb][et_pb_wc_title _builder_version=\u00bb4.27.4&#8243; header_font=\u00bbTrebuchet||||||||\u00bb header_text_color=\u00bb#808000&#8243; header_font_size=\u00bb24px\u00bb custom_margin=\u00bb20px||||false|false\u00bb custom_padding=\u00bb||0px|||\u00bb global_colors_info=\u00bb{}\u00bb][\/et_pb_wc_title][et_pb_wc_rating _builder_version=\u00bb4.16&#8243; global_colors_info=\u00bb{}\u00bb][\/et_pb_wc_rating][et_pb_wc_price _builder_version=\u00bb4.27.0&#8243; body_font=\u00bbTrebuchet||||||||\u00bb body_font_size=\u00bb22px\u00bb global_colors_info=\u00bb{}\u00bb][\/et_pb_wc_price][et_pb_wc_description _builder_version=\u00bb4.27.0&#8243; body_font=\u00bbTrebuchet||||||||\u00bb body_font_size=\u00bb14px\u00bb header_font_size=\u00bb35px\u00bb custom_margin=\u00bb3px||||false|false\u00bb global_colors_info=\u00bb{}\u00bb][\/et_pb_wc_description][et_pb_wc_add_to_cart _builder_version=\u00bb4.16&#8243; global_colors_info=\u00bb{}\u00bb][\/et_pb_wc_add_to_cart][et_pb_wc_meta show_sku=\u00bboff\u00bb show_tags=\u00bboff\u00bb _builder_version=\u00bb4.27.0&#8243; global_colors_info=\u00bb{}\u00bb][\/et_pb_wc_meta][\/et_pb_column][\/et_pb_row][et_pb_row _builder_version=\u00bb4.16&#8243; background_size=\u00bbinitial\u00bb background_position=\u00bbtop_left\u00bb background_repeat=\u00bbrepeat\u00bb width=\u00bb100%\u00bb global_colors_info=\u00bb{}\u00bb][et_pb_column type=\u00bb4_4&#8243; _builder_version=\u00bb4.16&#8243; custom_padding=\u00bb|||\u00bb global_colors_info=\u00bb{}\u00bb custom_padding__hover=\u00bb|||\u00bb][et_pb_wc_related_products _builder_version=\u00bb4.16&#8243; global_colors_info=\u00bb{}\u00bb][\/et_pb_wc_related_products][\/et_pb_column][\/et_pb_row][\/et_pb_section]<\/p>\n","protected":false},"excerpt":{"rendered":"<p><strong>JOOP &#8211; JAPAN OLIVE OIL PRIZE 2026 BEST OF SPAIN<\/strong><\/p>\n<p><strong>JOOP &#8211; JAPAN OLIVE OIL PRIZE 2026 GOLD<\/strong><\/p>\n<p><b><span class=\"citation-99\">Aceite de Oliva Virgen Extra (AOVE)<\/span><\/b> <b><span class=\"citation-99\">Tasuku<\/span><\/b><span class=\"citation-99\">, una edici\u00f3n especial de <\/span><b><span class=\"citation-99\">Pe\u00f1a Luna<\/span><\/b><span class=\"citation-99 citation-end-99\"> que va m\u00e1s all\u00e1 de la calidad excepcional<\/span>. <span class=\"citation-98\">Nuestro AOVE Tasuku es un <\/span><b><span class=\"citation-98\">coupage suave<\/span><\/b><span class=\"citation-98 citation-end-98\"> y equilibrado, elaborado a partir de una cuidada selecci\u00f3n de las mejores aceitunas, perfecto para disfrutar en familia<\/span>.<\/p>\n<div class=\"source-inline-chip-container ng-star-inserted\">\n<h4><b>La Historia detr\u00e1s del Aceite<\/b><\/h4>\n<p data-path-to-node=\"9\"><span class=\"citation-97 citation-end-97\">Tasuku nace de la uni\u00f3n de una gran idea y un profundo encuentro con Tom y su familia<\/span>. <span class=\"citation-96 citation-end-96\">El nombre y la esencia creativa provienen del joven artista Tasuku, cuyo cuadro nos inspir\u00f3 para el dise\u00f1o de la botella<\/span>. <span class=\"citation-95\">Este aceite no es solo un producto, sino una historia de <\/span><b><span class=\"citation-95\">uni\u00f3n, arte, diversidad y amor<\/span><\/b>.<\/p>\n<div class=\"source-inline-chip-container ng-star-inserted\">\n<h4><b>Compromiso Social y Arte<\/b><\/h4>\n<p data-path-to-node=\"11\"><span class=\"citation-94\">La etiqueta de nuestro <\/span><b><span class=\"citation-94\">AOVE Tasuku<\/span><\/b><span class=\"citation-94 citation-end-94\"> es una obra de arte y un s\u00edmbolo de nuestra causa com\u00fan<\/span>. <span class=\"citation-93\">Pe\u00f1a Luna colabora con la <\/span><b><span class=\"citation-93\">Asociaci\u00f3n S\u00edndrome de Down de Sevilla (DOWN Sevilla y provincia)<\/span><\/b><span class=\"citation-93 citation-end-93\">, y la familia de Tasuku dona parte de sus beneficios a una asociaci\u00f3n en su pa\u00eds<\/span>. <span class=\"citation-92\">Al comprar el <\/span><b><span class=\"citation-92\">AOVE Tasuku<\/span><\/b><span class=\"citation-92 citation-end-92\">, usted se suma a esta iniciativa que trasciende fronteras<\/span>.<\/p>\n<\/div>\n<\/div>\n","protected":false},"featured_media":9573,"comment_status":"closed","ping_status":"closed","template":"","meta":{"_et_pb_use_builder":"on","_et_pb_old_content":"","_et_gb_content_width":""},"product_cat":[160,26,169],"product_tag":[],"class_list":{"0":"post-9575","1":"product","2":"type-product","3":"status-publish","4":"has-post-thumbnail","6":"product_cat-aceite_monovarietal","7":"product_cat-aove","8":"product_cat-aove_coupage","10":"first","11":"instock","12":"taxable","13":"shipping-taxable","14":"purchasable","15":"product-type-variable"},"yoast_head":"<!-- This site is optimized with the Yoast SEO plugin v23.3 - https:\/\/yoast.com\/wordpress\/plugins\/seo\/ -->\n<title>Aceite de Oliva Virgen Extra (AOVE) TASUKU - AOVE Pe\u00f1a Luna<\/title>\n<meta name=\"description\" content=\"AOVE TASUKU de Pe\u00f1a Luna: Coupage excepcional, suave y familiar. Compra un Aceite de Oliva Virgen Extra \u00fanico, inspirado en el arte y con causa social (DOWN Sevilla).\" \/>\n<meta name=\"robots\" content=\"index, follow, max-snippet:-1, max-image-preview:large, max-video-preview:-1\" \/>\n<link rel=\"canonical\" href=\"https:\/\/aovepenaluna.com\/es\/producto\/aove-tasuku-coupage-pena-luna\/\" \/>\n<meta property=\"og:locale\" content=\"es_ES\" \/>\n<meta property=\"og:type\" content=\"article\" \/>\n<meta property=\"og:title\" content=\"Aceite de Oliva Virgen Extra (AOVE) TASUKU - AOVE Pe\u00f1a Luna\" \/>\n<meta property=\"og:description\" content=\"AOVE TASUKU de Pe\u00f1a Luna: Coupage excepcional, suave y familiar. Compra un Aceite de Oliva Virgen Extra \u00fanico, inspirado en el arte y con causa social (DOWN Sevilla).\" \/>\n<meta property=\"og:url\" content=\"https:\/\/aovepenaluna.com\/es\/producto\/aove-tasuku-coupage-pena-luna\/\" \/>\n<meta property=\"og:site_name\" content=\"Aceite de Oliva Virgen Extra Pe\u00f1a Luna\" \/>\n<meta property=\"article:publisher\" content=\"https:\/\/www.facebook.com\/aovepenaluna\" \/>\n<meta property=\"article:modified_time\" content=\"2026-04-23T08:25:09+00:00\" \/>\n<meta property=\"og:image\" content=\"https:\/\/aovepenaluna.com\/wp-content\/uploads\/2025\/11\/3-7.jpg\" \/>\n\t<meta property=\"og:image:width\" content=\"500\" \/>\n\t<meta property=\"og:image:height\" content=\"500\" \/>\n\t<meta property=\"og:image:type\" content=\"image\/jpeg\" \/>\n<meta name=\"twitter:card\" content=\"summary_large_image\" \/>\n<meta name=\"twitter:label1\" content=\"Tiempo de lectura\" \/>\n\t<meta name=\"twitter:data1\" content=\"2 minutos\" \/>\n<script type=\"application\/ld+json\" class=\"yoast-schema-graph\">{\"@context\":\"https:\/\/schema.org\",\"@graph\":[{\"@type\":\"WebPage\",\"@id\":\"https:\/\/aovepenaluna.com\/producto\/aove-tasuku-coupage-pena-luna\/\",\"url\":\"https:\/\/aovepenaluna.com\/producto\/aove-tasuku-coupage-pena-luna\/\",\"name\":\"Aceite de Oliva Virgen Extra (AOVE) TASUKU - AOVE Pe\u00f1a Luna\",\"isPartOf\":{\"@id\":\"https:\/\/aovepenaluna.com\/#website\"},\"primaryImageOfPage\":{\"@id\":\"https:\/\/aovepenaluna.com\/producto\/aove-tasuku-coupage-pena-luna\/#primaryimage\"},\"image\":{\"@id\":\"https:\/\/aovepenaluna.com\/producto\/aove-tasuku-coupage-pena-luna\/#primaryimage\"},\"thumbnailUrl\":\"https:\/\/aovepenaluna.com\/wp-content\/uploads\/2025\/11\/3-7.jpg\",\"datePublished\":\"2025-11-18T12:12:54+00:00\",\"dateModified\":\"2026-04-23T08:25:09+00:00\",\"description\":\"AOVE TASUKU de Pe\u00f1a Luna: Coupage excepcional, suave y familiar. Compra un Aceite de Oliva Virgen Extra \u00fanico, inspirado en el arte y con causa social (DOWN Sevilla).\",\"breadcrumb\":{\"@id\":\"https:\/\/aovepenaluna.com\/producto\/aove-tasuku-coupage-pena-luna\/#breadcrumb\"},\"inLanguage\":\"es\",\"potentialAction\":[{\"@type\":\"ReadAction\",\"target\":[\"https:\/\/aovepenaluna.com\/producto\/aove-tasuku-coupage-pena-luna\/\"]}]},{\"@type\":\"ImageObject\",\"inLanguage\":\"es\",\"@id\":\"https:\/\/aovepenaluna.com\/producto\/aove-tasuku-coupage-pena-luna\/#primaryimage\",\"url\":\"https:\/\/aovepenaluna.com\/wp-content\/uploads\/2025\/11\/3-7.jpg\",\"contentUrl\":\"https:\/\/aovepenaluna.com\/wp-content\/uploads\/2025\/11\/3-7.jpg\",\"width\":500,\"height\":500},{\"@type\":\"BreadcrumbList\",\"@id\":\"https:\/\/aovepenaluna.com\/producto\/aove-tasuku-coupage-pena-luna\/#breadcrumb\",\"itemListElement\":[{\"@type\":\"ListItem\",\"position\":1,\"name\":\"Portada\",\"item\":\"https:\/\/aovepenaluna.com\/es\/\"},{\"@type\":\"ListItem\",\"position\":2,\"name\":\"TIENDA DE ACEITE DE OLIVA\",\"item\":\"https:\/\/aovepenaluna.com\/tienda\/\"},{\"@type\":\"ListItem\",\"position\":3,\"name\":\"Aceite de Oliva Virgen Extra (AOVE) TASUKU\"}]},{\"@type\":\"WebSite\",\"@id\":\"https:\/\/aovepenaluna.com\/#website\",\"url\":\"https:\/\/aovepenaluna.com\/\",\"name\":\"Aceite de Oliva Virgen Extra Pe\u00f1a Luna\",\"description\":\"Aceite de Oliva Virgen Extra Ecol\u00f3gico de m\u00e1xima calidad\",\"potentialAction\":[{\"@type\":\"SearchAction\",\"target\":{\"@type\":\"EntryPoint\",\"urlTemplate\":\"https:\/\/aovepenaluna.com\/?s={search_term_string}\"},\"query-input\":\"required name=search_term_string\"}],\"inLanguage\":\"es\"}]}<\/script>\n<!-- \/ Yoast SEO plugin. -->","yoast_head_json":{"title":"Aceite de Oliva Virgen Extra (AOVE) TASUKU - AOVE Pe\u00f1a Luna","description":"AOVE TASUKU de Pe\u00f1a Luna: Coupage excepcional, suave y familiar. Compra un Aceite de Oliva Virgen Extra \u00fanico, inspirado en el arte y con causa social (DOWN Sevilla).","robots":{"index":"index","follow":"follow","max-snippet":"max-snippet:-1","max-image-preview":"max-image-preview:large","max-video-preview":"max-video-preview:-1"},"canonical":"https:\/\/aovepenaluna.com\/es\/producto\/aove-tasuku-coupage-pena-luna\/","og_locale":"es_ES","og_type":"article","og_title":"Aceite de Oliva Virgen Extra (AOVE) TASUKU - AOVE Pe\u00f1a Luna","og_description":"AOVE TASUKU de Pe\u00f1a Luna: Coupage excepcional, suave y familiar. Compra un Aceite de Oliva Virgen Extra \u00fanico, inspirado en el arte y con causa social (DOWN Sevilla).","og_url":"https:\/\/aovepenaluna.com\/es\/producto\/aove-tasuku-coupage-pena-luna\/","og_site_name":"Aceite de Oliva Virgen Extra Pe\u00f1a Luna","article_publisher":"https:\/\/www.facebook.com\/aovepenaluna","article_modified_time":"2026-04-23T08:25:09+00:00","og_image":[{"width":500,"height":500,"url":"https:\/\/aovepenaluna.com\/wp-content\/uploads\/2025\/11\/3-7.jpg","type":"image\/jpeg"}],"twitter_card":"summary_large_image","twitter_misc":{"Tiempo de lectura":"2 minutos"},"schema":{"@context":"https:\/\/schema.org","@graph":[{"@type":"WebPage","@id":"https:\/\/aovepenaluna.com\/producto\/aove-tasuku-coupage-pena-luna\/","url":"https:\/\/aovepenaluna.com\/producto\/aove-tasuku-coupage-pena-luna\/","name":"Aceite de Oliva Virgen Extra (AOVE) TASUKU - AOVE Pe\u00f1a Luna","isPartOf":{"@id":"https:\/\/aovepenaluna.com\/#website"},"primaryImageOfPage":{"@id":"https:\/\/aovepenaluna.com\/producto\/aove-tasuku-coupage-pena-luna\/#primaryimage"},"image":{"@id":"https:\/\/aovepenaluna.com\/producto\/aove-tasuku-coupage-pena-luna\/#primaryimage"},"thumbnailUrl":"https:\/\/aovepenaluna.com\/wp-content\/uploads\/2025\/11\/3-7.jpg","datePublished":"2025-11-18T12:12:54+00:00","dateModified":"2026-04-23T08:25:09+00:00","description":"AOVE TASUKU de Pe\u00f1a Luna: Coupage excepcional, suave y familiar. Compra un Aceite de Oliva Virgen Extra \u00fanico, inspirado en el arte y con causa social (DOWN Sevilla).","breadcrumb":{"@id":"https:\/\/aovepenaluna.com\/producto\/aove-tasuku-coupage-pena-luna\/#breadcrumb"},"inLanguage":"es","potentialAction":[{"@type":"ReadAction","target":["https:\/\/aovepenaluna.com\/producto\/aove-tasuku-coupage-pena-luna\/"]}]},{"@type":"ImageObject","inLanguage":"es","@id":"https:\/\/aovepenaluna.com\/producto\/aove-tasuku-coupage-pena-luna\/#primaryimage","url":"https:\/\/aovepenaluna.com\/wp-content\/uploads\/2025\/11\/3-7.jpg","contentUrl":"https:\/\/aovepenaluna.com\/wp-content\/uploads\/2025\/11\/3-7.jpg","width":500,"height":500},{"@type":"BreadcrumbList","@id":"https:\/\/aovepenaluna.com\/producto\/aove-tasuku-coupage-pena-luna\/#breadcrumb","itemListElement":[{"@type":"ListItem","position":1,"name":"Portada","item":"https:\/\/aovepenaluna.com\/es\/"},{"@type":"ListItem","position":2,"name":"TIENDA DE ACEITE DE OLIVA","item":"https:\/\/aovepenaluna.com\/tienda\/"},{"@type":"ListItem","position":3,"name":"Aceite de Oliva Virgen Extra (AOVE) TASUKU"}]},{"@type":"WebSite","@id":"https:\/\/aovepenaluna.com\/#website","url":"https:\/\/aovepenaluna.com\/","name":"Aceite de Oliva Virgen Extra Pe\u00f1a Luna","description":"Aceite de Oliva Virgen Extra Ecol\u00f3gico de m\u00e1xima calidad","potentialAction":[{"@type":"SearchAction","target":{"@type":"EntryPoint","urlTemplate":"https:\/\/aovepenaluna.com\/?s={search_term_string}"},"query-input":"required name=search_term_string"}],"inLanguage":"es"}]}},"_links":{"self":[{"href":"https:\/\/aovepenaluna.com\/es\/wp-json\/wp\/v2\/product\/9575","targetHints":{"allow":["GET"]}}],"collection":[{"href":"https:\/\/aovepenaluna.com\/es\/wp-json\/wp\/v2\/product"}],"about":[{"href":"https:\/\/aovepenaluna.com\/es\/wp-json\/wp\/v2\/types\/product"}],"replies":[{"embeddable":true,"href":"https:\/\/aovepenaluna.com\/es\/wp-json\/wp\/v2\/comments?post=9575"}],"wp:featuredmedia":[{"embeddable":true,"href":"https:\/\/aovepenaluna.com\/es\/wp-json\/wp\/v2\/media\/9573"}],"wp:attachment":[{"href":"https:\/\/aovepenaluna.com\/es\/wp-json\/wp\/v2\/media?parent=9575"}],"wp:term":[{"taxonomy":"product_cat","embeddable":true,"href":"https:\/\/aovepenaluna.com\/es\/wp-json\/wp\/v2\/product_cat?post=9575"},{"taxonomy":"product_tag","embeddable":true,"href":"https:\/\/aovepenaluna.com\/es\/wp-json\/wp\/v2\/product_tag?post=9575"}],"curies":[{"name":"wp","href":"https:\/\/api.w.org\/{rel}","templated":true}]}}