{"id":8757,"date":"2024-07-09T12:20:45","date_gmt":"2024-07-09T11:20:45","guid":{"rendered":"https:\/\/aovepenaluna.com\/?post_type=product&#038;p=8757"},"modified":"2026-04-13T14:00:03","modified_gmt":"2026-04-13T13:00:03","slug":"aceite-de-oliva-virgen-extra-5l","status":"publish","type":"product","link":"https:\/\/aovepenaluna.com\/es\/producto\/aceite-de-oliva-virgen-extra-5l\/","title":{"rendered":"Descubre el Aceite de Equilibrio Intenso"},"content":{"rendered":"<h2>Caracter\u00edsticas del Aceite de Equilibrio Intenso<\/h2>\n<p>El aceite de equilibrio intenso es una joya gastron\u00f3mica, que en nariz ofrece una rica variedad de matices. Sus aromas recuerdan a aceituna y otros frutos como almendra, manzana y higuera, complementados con notas de hierbabuena.<\/p>\n<h2>Experiencia en Boca<\/h2>\n<p>Al degustarlo, el ataque en boca es notablemente intenso, revelando su verdadera personalidad. Este aceite presenta un picor y amargor de intensidad media, que se equilibran con los recuerdos de los frutos, proporcionando una experiencia sensorial \u00fanica.<\/p>\n<h2>Versatilidad en la Cocina<\/h2>\n<p>Este aceite de oliva virgen extra, obtenido de las variedades arbequina, hojiblanca y koroneiki, es polivalente y perfecto para el uso cotidiano en la cocina. Su sabor equilibrado lo convierte en la opci\u00f3n ideal para realzar tus platillos favoritos.<\/p>\n","protected":false},"excerpt":{"rendered":"<p>Maridaje: es un AOVE muy polivalente y puede maridarse con cualquier plato. Nuestra recomendaci\u00f3n para <a href=\"https:\/\/aovepenaluna.com\/es\/cual-es-el-mejor-aceite-para-freir\/\">fre\u00edr de forma m\u00e1s saludable<\/a>.<\/p>\n","protected":false},"featured_media":8759,"comment_status":"closed","ping_status":"closed","template":"","meta":{"_et_pb_use_builder":"","_et_pb_old_content":"","_et_gb_content_width":""},"product_cat":[169],"product_tag":[203,124,205,204],"class_list":{"0":"post-8757","1":"product","2":"type-product","3":"status-publish","4":"has-post-thumbnail","6":"product_cat-aove_coupage","7":"product_tag-5-litros","8":"product_tag-aceite-de-oliva-virgen-extra","9":"product_tag-aceite-para-freir","10":"product_tag-pet","12":"first","13":"instock","14":"taxable","15":"shipping-taxable","16":"purchasable","17":"product-type-simple"},"yoast_head":"<!-- This site is optimized with the Yoast SEO plugin v23.3 - https:\/\/yoast.com\/wordpress\/plugins\/seo\/ -->\n<title>Descubre el Aceite de Equilibrio Intenso<\/title>\n<meta name=\"description\" content=\"Nuestro aceite de oliva virgen extra Segura y Mancha en formato cl\u00e1sico de PET de 5 litros, es la elecci\u00f3n ideal para el uso cotidiano...\" \/>\n<meta name=\"robots\" content=\"index, follow, max-snippet:-1, max-image-preview:large, max-video-preview:-1\" \/>\n<link rel=\"canonical\" href=\"https:\/\/aovepenaluna.com\/es\/producto\/aceite-de-oliva-virgen-extra-5l\/\" \/>\n<meta property=\"og:locale\" content=\"es_ES\" \/>\n<meta property=\"og:type\" content=\"article\" \/>\n<meta property=\"og:title\" content=\"Descubre el Aceite de Equilibrio Intenso\" \/>\n<meta property=\"og:description\" content=\"Nuestro aceite de oliva virgen extra Segura y Mancha en formato cl\u00e1sico de PET de 5 litros, es la elecci\u00f3n ideal para el uso cotidiano...\" \/>\n<meta property=\"og:url\" content=\"https:\/\/aovepenaluna.com\/es\/producto\/aceite-de-oliva-virgen-extra-5l\/\" \/>\n<meta property=\"og:site_name\" content=\"Aceite de Oliva Virgen Extra Pe\u00f1a Luna\" \/>\n<meta property=\"article:publisher\" content=\"https:\/\/www.facebook.com\/aovepenaluna\" \/>\n<meta property=\"article:modified_time\" content=\"2026-04-13T13:00:03+00:00\" \/>\n<meta property=\"og:image\" content=\"https:\/\/aovepenaluna.com\/wp-content\/uploads\/2024\/07\/Aceite-de-Oliva-Virgen-Extra-Segura-y-Mancha.webp\" \/>\n\t<meta property=\"og:image:width\" content=\"600\" \/>\n\t<meta property=\"og:image:height\" content=\"600\" \/>\n\t<meta property=\"og:image:type\" content=\"image\/webp\" \/>\n<meta name=\"twitter:card\" content=\"summary_large_image\" \/>\n<meta name=\"twitter:label1\" content=\"Tiempo de lectura\" \/>\n\t<meta name=\"twitter:data1\" content=\"1 minuto\" \/>\n<script type=\"application\/ld+json\" class=\"yoast-schema-graph\">{\"@context\":\"https:\/\/schema.org\",\"@graph\":[{\"@type\":\"WebPage\",\"@id\":\"https:\/\/aovepenaluna.com\/producto\/aceite-de-oliva-virgen-extra-5l\/\",\"url\":\"https:\/\/aovepenaluna.com\/producto\/aceite-de-oliva-virgen-extra-5l\/\",\"name\":\"Descubre el Aceite de Equilibrio Intenso\",\"isPartOf\":{\"@id\":\"https:\/\/aovepenaluna.com\/#website\"},\"primaryImageOfPage\":{\"@id\":\"https:\/\/aovepenaluna.com\/producto\/aceite-de-oliva-virgen-extra-5l\/#primaryimage\"},\"image\":{\"@id\":\"https:\/\/aovepenaluna.com\/producto\/aceite-de-oliva-virgen-extra-5l\/#primaryimage\"},\"thumbnailUrl\":\"https:\/\/aovepenaluna.com\/wp-content\/uploads\/2024\/07\/Aceite-de-Oliva-Virgen-Extra-Segura-y-Mancha.webp\",\"datePublished\":\"2024-07-09T11:20:45+00:00\",\"dateModified\":\"2026-04-13T13:00:03+00:00\",\"description\":\"Nuestro aceite de oliva virgen extra Segura y Mancha en formato cl\u00e1sico de PET de 5 litros, es la elecci\u00f3n ideal para el uso cotidiano...\",\"breadcrumb\":{\"@id\":\"https:\/\/aovepenaluna.com\/producto\/aceite-de-oliva-virgen-extra-5l\/#breadcrumb\"},\"inLanguage\":\"es\",\"potentialAction\":[{\"@type\":\"ReadAction\",\"target\":[\"https:\/\/aovepenaluna.com\/producto\/aceite-de-oliva-virgen-extra-5l\/\"]}]},{\"@type\":\"ImageObject\",\"inLanguage\":\"es\",\"@id\":\"https:\/\/aovepenaluna.com\/producto\/aceite-de-oliva-virgen-extra-5l\/#primaryimage\",\"url\":\"https:\/\/aovepenaluna.com\/wp-content\/uploads\/2024\/07\/Aceite-de-Oliva-Virgen-Extra-Segura-y-Mancha.webp\",\"contentUrl\":\"https:\/\/aovepenaluna.com\/wp-content\/uploads\/2024\/07\/Aceite-de-Oliva-Virgen-Extra-Segura-y-Mancha.webp\",\"width\":600,\"height\":600,\"caption\":\"Aceite de Oliva Segura y Mancha - PET 5 litros\"},{\"@type\":\"BreadcrumbList\",\"@id\":\"https:\/\/aovepenaluna.com\/producto\/aceite-de-oliva-virgen-extra-5l\/#breadcrumb\",\"itemListElement\":[{\"@type\":\"ListItem\",\"position\":1,\"name\":\"Portada\",\"item\":\"https:\/\/aovepenaluna.com\/es\/\"},{\"@type\":\"ListItem\",\"position\":2,\"name\":\"TIENDA DE ACEITE DE OLIVA\",\"item\":\"https:\/\/aovepenaluna.com\/tienda\/\"},{\"@type\":\"ListItem\",\"position\":3,\"name\":\"Descubre el Aceite de Equilibrio Intenso\"}]},{\"@type\":\"WebSite\",\"@id\":\"https:\/\/aovepenaluna.com\/#website\",\"url\":\"https:\/\/aovepenaluna.com\/\",\"name\":\"Aceite de Oliva Virgen Extra Pe\u00f1a Luna\",\"description\":\"Aceite de Oliva Virgen Extra Ecol\u00f3gico de m\u00e1xima calidad\",\"potentialAction\":[{\"@type\":\"SearchAction\",\"target\":{\"@type\":\"EntryPoint\",\"urlTemplate\":\"https:\/\/aovepenaluna.com\/?s={search_term_string}\"},\"query-input\":\"required name=search_term_string\"}],\"inLanguage\":\"es\"}]}<\/script>\n<!-- \/ Yoast SEO plugin. -->","yoast_head_json":{"title":"Descubre el Aceite de Equilibrio Intenso","description":"Nuestro aceite de oliva virgen extra Segura y Mancha en formato cl\u00e1sico de PET de 5 litros, es la elecci\u00f3n ideal para el uso cotidiano...","robots":{"index":"index","follow":"follow","max-snippet":"max-snippet:-1","max-image-preview":"max-image-preview:large","max-video-preview":"max-video-preview:-1"},"canonical":"https:\/\/aovepenaluna.com\/es\/producto\/aceite-de-oliva-virgen-extra-5l\/","og_locale":"es_ES","og_type":"article","og_title":"Descubre el Aceite de Equilibrio Intenso","og_description":"Nuestro aceite de oliva virgen extra Segura y Mancha en formato cl\u00e1sico de PET de 5 litros, es la elecci\u00f3n ideal para el uso cotidiano...","og_url":"https:\/\/aovepenaluna.com\/es\/producto\/aceite-de-oliva-virgen-extra-5l\/","og_site_name":"Aceite de Oliva Virgen Extra Pe\u00f1a Luna","article_publisher":"https:\/\/www.facebook.com\/aovepenaluna","article_modified_time":"2026-04-13T13:00:03+00:00","og_image":[{"width":600,"height":600,"url":"https:\/\/aovepenaluna.com\/wp-content\/uploads\/2024\/07\/Aceite-de-Oliva-Virgen-Extra-Segura-y-Mancha.webp","type":"image\/webp"}],"twitter_card":"summary_large_image","twitter_misc":{"Tiempo de lectura":"1 minuto"},"schema":{"@context":"https:\/\/schema.org","@graph":[{"@type":"WebPage","@id":"https:\/\/aovepenaluna.com\/producto\/aceite-de-oliva-virgen-extra-5l\/","url":"https:\/\/aovepenaluna.com\/producto\/aceite-de-oliva-virgen-extra-5l\/","name":"Descubre el Aceite de Equilibrio Intenso","isPartOf":{"@id":"https:\/\/aovepenaluna.com\/#website"},"primaryImageOfPage":{"@id":"https:\/\/aovepenaluna.com\/producto\/aceite-de-oliva-virgen-extra-5l\/#primaryimage"},"image":{"@id":"https:\/\/aovepenaluna.com\/producto\/aceite-de-oliva-virgen-extra-5l\/#primaryimage"},"thumbnailUrl":"https:\/\/aovepenaluna.com\/wp-content\/uploads\/2024\/07\/Aceite-de-Oliva-Virgen-Extra-Segura-y-Mancha.webp","datePublished":"2024-07-09T11:20:45+00:00","dateModified":"2026-04-13T13:00:03+00:00","description":"Nuestro aceite de oliva virgen extra Segura y Mancha en formato cl\u00e1sico de PET de 5 litros, es la elecci\u00f3n ideal para el uso cotidiano...","breadcrumb":{"@id":"https:\/\/aovepenaluna.com\/producto\/aceite-de-oliva-virgen-extra-5l\/#breadcrumb"},"inLanguage":"es","potentialAction":[{"@type":"ReadAction","target":["https:\/\/aovepenaluna.com\/producto\/aceite-de-oliva-virgen-extra-5l\/"]}]},{"@type":"ImageObject","inLanguage":"es","@id":"https:\/\/aovepenaluna.com\/producto\/aceite-de-oliva-virgen-extra-5l\/#primaryimage","url":"https:\/\/aovepenaluna.com\/wp-content\/uploads\/2024\/07\/Aceite-de-Oliva-Virgen-Extra-Segura-y-Mancha.webp","contentUrl":"https:\/\/aovepenaluna.com\/wp-content\/uploads\/2024\/07\/Aceite-de-Oliva-Virgen-Extra-Segura-y-Mancha.webp","width":600,"height":600,"caption":"Aceite de Oliva Segura y Mancha - PET 5 litros"},{"@type":"BreadcrumbList","@id":"https:\/\/aovepenaluna.com\/producto\/aceite-de-oliva-virgen-extra-5l\/#breadcrumb","itemListElement":[{"@type":"ListItem","position":1,"name":"Portada","item":"https:\/\/aovepenaluna.com\/es\/"},{"@type":"ListItem","position":2,"name":"TIENDA DE ACEITE DE OLIVA","item":"https:\/\/aovepenaluna.com\/tienda\/"},{"@type":"ListItem","position":3,"name":"Descubre el Aceite de Equilibrio Intenso"}]},{"@type":"WebSite","@id":"https:\/\/aovepenaluna.com\/#website","url":"https:\/\/aovepenaluna.com\/","name":"Aceite de Oliva Virgen Extra Pe\u00f1a Luna","description":"Aceite de Oliva Virgen Extra Ecol\u00f3gico de m\u00e1xima calidad","potentialAction":[{"@type":"SearchAction","target":{"@type":"EntryPoint","urlTemplate":"https:\/\/aovepenaluna.com\/?s={search_term_string}"},"query-input":"required name=search_term_string"}],"inLanguage":"es"}]}},"_links":{"self":[{"href":"https:\/\/aovepenaluna.com\/es\/wp-json\/wp\/v2\/product\/8757","targetHints":{"allow":["GET"]}}],"collection":[{"href":"https:\/\/aovepenaluna.com\/es\/wp-json\/wp\/v2\/product"}],"about":[{"href":"https:\/\/aovepenaluna.com\/es\/wp-json\/wp\/v2\/types\/product"}],"replies":[{"embeddable":true,"href":"https:\/\/aovepenaluna.com\/es\/wp-json\/wp\/v2\/comments?post=8757"}],"wp:featuredmedia":[{"embeddable":true,"href":"https:\/\/aovepenaluna.com\/es\/wp-json\/wp\/v2\/media\/8759"}],"wp:attachment":[{"href":"https:\/\/aovepenaluna.com\/es\/wp-json\/wp\/v2\/media?parent=8757"}],"wp:term":[{"taxonomy":"product_cat","embeddable":true,"href":"https:\/\/aovepenaluna.com\/es\/wp-json\/wp\/v2\/product_cat?post=8757"},{"taxonomy":"product_tag","embeddable":true,"href":"https:\/\/aovepenaluna.com\/es\/wp-json\/wp\/v2\/product_tag?post=8757"}],"curies":[{"name":"wp","href":"https:\/\/api.w.org\/{rel}","templated":true}]}}