{"id":8114,"date":"2024-01-12T12:58:48","date_gmt":"2024-01-12T11:58:48","guid":{"rendered":"https:\/\/aovepenaluna.com\/?post_type=product&#038;p=8114"},"modified":"2026-03-27T08:43:37","modified_gmt":"2026-03-27T07:43:37","slug":"aceite-de-oliva-y-pimiento-de-espelette-250-ml","status":"publish","type":"product","link":"https:\/\/aovepenaluna.com\/es\/producto\/aceite-de-oliva-y-pimiento-de-espelette-250-ml\/","title":{"rendered":"Condimento Preparado De Aceite de Oliva y Pimiento de Espelette Cosecha 25-26"},"content":{"rendered":"<p>[et_pb_section fb_built=\u00bb1&#8243; _builder_version=\u00bb4.23.1&#8243; background_color=\u00bbRGBA(255,255,255,0)\u00bb custom_padding=\u00bb0px||||false|false\u00bb global_colors_info=\u00bb{}\u00bb][et_pb_row _builder_version=\u00bb4.16&#8243; background_size=\u00bbinitial\u00bb background_position=\u00bbtop_left\u00bb background_repeat=\u00bbrepeat\u00bb width=\u00bb100%\u00bb custom_padding=\u00bb0px||0px||false|false\u00bb global_colors_info=\u00bb{}\u00bb][et_pb_column type=\u00bb4_4&#8243; _builder_version=\u00bb4.16&#8243; custom_padding=\u00bb|||\u00bb global_colors_info=\u00bb{}\u00bb custom_padding__hover=\u00bb|||\u00bb][et_pb_wc_breadcrumb _builder_version=\u00bb4.16&#8243; global_colors_info=\u00bb{}\u00bb][\/et_pb_wc_breadcrumb][et_pb_wc_cart_notice _builder_version=\u00bb4.16&#8243; global_colors_info=\u00bb{}\u00bb][\/et_pb_wc_cart_notice][\/et_pb_column][\/et_pb_row][et_pb_row column_structure=\u00bb1_2,1_2&#8243; _builder_version=\u00bb4.27.0&#8243; background_color=\u00bb#FFFFFF\u00bb background_size=\u00bbinitial\u00bb background_position=\u00bbtop_left\u00bb background_repeat=\u00bbrepeat\u00bb width=\u00bb100%\u00bb custom_padding=\u00bb0px||||false|false\u00bb global_colors_info=\u00bb{}\u00bb][et_pb_column type=\u00bb1_2&#8243; _builder_version=\u00bb4.16&#8243; custom_padding=\u00bb|||\u00bb global_colors_info=\u00bb{}\u00bb custom_padding__hover=\u00bb|||\u00bb][et_pb_wc_images _builder_version=\u00bb4.16&#8243; global_colors_info=\u00bb{}\u00bb][\/et_pb_wc_images][\/et_pb_column][et_pb_column type=\u00bb1_2&#8243; _builder_version=\u00bb4.16&#8243; custom_padding=\u00bb|||\u00bb global_colors_info=\u00bb{}\u00bb custom_padding__hover=\u00bb|||\u00bb][et_pb_wc_title _builder_version=\u00bb4.27.0&#8243; header_font=\u00bbTrebuchet||||||||\u00bb header_text_color=\u00bb#808000&#8243; header_font_size=\u00bb24px\u00bb custom_margin=\u00bb20px||||false|false\u00bb custom_padding=\u00bb||0px|||\u00bb global_colors_info=\u00bb{}\u00bb][\/et_pb_wc_title][et_pb_wc_rating _builder_version=\u00bb4.16&#8243; global_colors_info=\u00bb{}\u00bb][\/et_pb_wc_rating][et_pb_wc_price _builder_version=\u00bb4.27.0&#8243; body_font=\u00bbTrebuchet||||||||\u00bb body_font_size=\u00bb22px\u00bb global_colors_info=\u00bb{}\u00bb][\/et_pb_wc_price][et_pb_wc_description _builder_version=\u00bb4.27.0&#8243; body_font=\u00bbTrebuchet||||||||\u00bb body_font_size=\u00bb14px\u00bb header_font_size=\u00bb35px\u00bb custom_margin=\u00bb3px||||false|false\u00bb global_colors_info=\u00bb{}\u00bb][\/et_pb_wc_description][et_pb_wc_add_to_cart _builder_version=\u00bb4.16&#8243; global_colors_info=\u00bb{}\u00bb][\/et_pb_wc_add_to_cart][et_pb_wc_meta show_sku=\u00bboff\u00bb show_tags=\u00bboff\u00bb _builder_version=\u00bb4.27.0&#8243; global_colors_info=\u00bb{}\u00bb][\/et_pb_wc_meta][\/et_pb_column][\/et_pb_row][et_pb_row _builder_version=\u00bb4.16&#8243; background_size=\u00bbinitial\u00bb background_position=\u00bbtop_left\u00bb background_repeat=\u00bbrepeat\u00bb width=\u00bb100%\u00bb global_colors_info=\u00bb{}\u00bb][et_pb_column type=\u00bb4_4&#8243; _builder_version=\u00bb4.16&#8243; custom_padding=\u00bb|||\u00bb global_colors_info=\u00bb{}\u00bb custom_padding__hover=\u00bb|||\u00bb][et_pb_wc_related_products _builder_version=\u00bb4.16&#8243; global_colors_info=\u00bb{}\u00bb][\/et_pb_wc_related_products][\/et_pb_column][\/et_pb_row][\/et_pb_section]<\/p>\n","protected":false},"excerpt":{"rendered":"<p><span style=\"color: #808000;\"><strong>PROCESO<\/strong><\/span><\/p>\n<p><span style=\"color: #808080;\">Nuestro condimento de aceite de oliva con Pimientos de Espelette (DO) se produce de forma 100% natural, moliendo nuestras aceitunas directamente con la mejor selecci\u00f3n de pimientos lo que le confiere un sabor \u00fanico.<\/span><\/p>\n<p><span style=\"color: #808000;\"><strong>MARIDAJE<\/strong><\/span><\/p>\n<p><span style=\"color: #808080;\">El aceite con pimiento de Espelette marida con carne blanca, ensaladas y verduras.<\/span><\/p>\n<p><span style=\"color: #808000;\"><strong>FORMATO Y PACKAGING<\/strong><\/span><\/p>\n<p><span style=\"color: #808080;\"><strong>BOTELLA DE CRISTAL<\/strong><\/span><\/p>\n<p><span style=\"color: #808080;\">250 ml<\/span><\/p>\n<p><a href=\"https:\/\/aovepenaluna.com\/wp-content\/uploads\/2026\/03\/13.-Ficha-tecnica_Hojiblanca-Piment-d-Espelette-AOP.docx\"><strong><span style=\"color: #808000;\">Descargar Ficha T\u00e9cnica<\/span><\/strong><\/a><\/p>\n","protected":false},"featured_media":9117,"comment_status":"closed","ping_status":"closed","template":"","meta":{"_et_pb_use_builder":"on","_et_pb_old_content":"<strong>Maridaje<\/strong>\r\nEl aceite con pimiento de Espelette es uno de nuestros nuevos aceites \u00bfTe atreves a descubrir con que platos marida mejor? Descubre nuestra receta de <a href=\"https:\/\/aovepenaluna.com\/es\/arroz-con-pulpo-y-aceite-de-pimiento-de-espelette\/\">Arroz con Pulpo y Aceite de Pimiento de Espelette.<\/a>","_et_gb_content_width":""},"product_cat":[167,161,26],"product_tag":[],"class_list":{"0":"post-8114","1":"product","2":"type-product","3":"status-publish","4":"has-post-thumbnail","6":"product_cat-aceite_oliva_pimiento","7":"product_cat-aceite_sabores","8":"product_cat-aove","10":"first","11":"instock","12":"taxable","13":"shipping-taxable","14":"purchasable","15":"product-type-simple"},"yoast_head":"<!-- This site is optimized with the Yoast SEO plugin v23.3 - https:\/\/yoast.com\/wordpress\/plugins\/seo\/ -->\n<title>Condimento Preparado De Aceite de Oliva y Pimiento de Espelette Cosecha 25-26 - AOVE Pe\u00f1a Luna<\/title>\n<meta name=\"description\" content=\"Nuestro aceite de pimiento se obtiene moliendo nuestras aceitunas directamente con las mandarinas lo que le confiere un sabor \u00fanico. En ning\u00fan momento se...\" \/>\n<meta name=\"robots\" content=\"index, follow, max-snippet:-1, max-image-preview:large, max-video-preview:-1\" \/>\n<link rel=\"canonical\" href=\"https:\/\/aovepenaluna.com\/es\/producto\/aceite-de-oliva-y-pimiento-de-espelette-250-ml\/\" \/>\n<meta property=\"og:locale\" content=\"es_ES\" \/>\n<meta property=\"og:type\" content=\"article\" \/>\n<meta property=\"og:title\" content=\"Condimento Preparado De Aceite de Oliva y Pimiento de Espelette Cosecha 25-26 - AOVE Pe\u00f1a Luna\" \/>\n<meta property=\"og:description\" content=\"Nuestro aceite de pimiento se obtiene moliendo nuestras aceitunas directamente con las mandarinas lo que le confiere un sabor \u00fanico. En ning\u00fan momento se...\" \/>\n<meta property=\"og:url\" content=\"https:\/\/aovepenaluna.com\/es\/producto\/aceite-de-oliva-y-pimiento-de-espelette-250-ml\/\" \/>\n<meta property=\"og:site_name\" content=\"Aceite de Oliva Virgen Extra Pe\u00f1a Luna\" \/>\n<meta property=\"article:publisher\" content=\"https:\/\/www.facebook.com\/aovepenaluna\" \/>\n<meta property=\"article:modified_time\" content=\"2026-03-27T07:43:37+00:00\" \/>\n<meta property=\"og:image\" content=\"https:\/\/aovepenaluna.com\/wp-content\/uploads\/2024\/01\/AOVE-PENALUNA-DE-PIMIENTOS.jpg\" \/>\n\t<meta property=\"og:image:width\" content=\"600\" \/>\n\t<meta property=\"og:image:height\" content=\"600\" \/>\n\t<meta property=\"og:image:type\" content=\"image\/jpeg\" \/>\n<meta name=\"twitter:card\" content=\"summary_large_image\" \/>\n<meta name=\"twitter:label1\" content=\"Tiempo de lectura\" \/>\n\t<meta name=\"twitter:data1\" content=\"2 minutos\" \/>\n<script type=\"application\/ld+json\" class=\"yoast-schema-graph\">{\"@context\":\"https:\/\/schema.org\",\"@graph\":[{\"@type\":\"WebPage\",\"@id\":\"https:\/\/aovepenaluna.com\/producto\/aceite-de-oliva-y-pimiento-de-espelette-250-ml\/\",\"url\":\"https:\/\/aovepenaluna.com\/producto\/aceite-de-oliva-y-pimiento-de-espelette-250-ml\/\",\"name\":\"Condimento Preparado De Aceite de Oliva y Pimiento de Espelette Cosecha 25-26 - AOVE Pe\u00f1a Luna\",\"isPartOf\":{\"@id\":\"https:\/\/aovepenaluna.com\/#website\"},\"primaryImageOfPage\":{\"@id\":\"https:\/\/aovepenaluna.com\/producto\/aceite-de-oliva-y-pimiento-de-espelette-250-ml\/#primaryimage\"},\"image\":{\"@id\":\"https:\/\/aovepenaluna.com\/producto\/aceite-de-oliva-y-pimiento-de-espelette-250-ml\/#primaryimage\"},\"thumbnailUrl\":\"https:\/\/aovepenaluna.com\/wp-content\/uploads\/2024\/01\/AOVE-PENALUNA-DE-PIMIENTOS.jpg\",\"datePublished\":\"2024-01-12T11:58:48+00:00\",\"dateModified\":\"2026-03-27T07:43:37+00:00\",\"description\":\"Nuestro aceite de pimiento se obtiene moliendo nuestras aceitunas directamente con las mandarinas lo que le confiere un sabor \u00fanico. En ning\u00fan momento se...\",\"breadcrumb\":{\"@id\":\"https:\/\/aovepenaluna.com\/producto\/aceite-de-oliva-y-pimiento-de-espelette-250-ml\/#breadcrumb\"},\"inLanguage\":\"es\",\"potentialAction\":[{\"@type\":\"ReadAction\",\"target\":[\"https:\/\/aovepenaluna.com\/producto\/aceite-de-oliva-y-pimiento-de-espelette-250-ml\/\"]}]},{\"@type\":\"ImageObject\",\"inLanguage\":\"es\",\"@id\":\"https:\/\/aovepenaluna.com\/producto\/aceite-de-oliva-y-pimiento-de-espelette-250-ml\/#primaryimage\",\"url\":\"https:\/\/aovepenaluna.com\/wp-content\/uploads\/2024\/01\/AOVE-PENALUNA-DE-PIMIENTOS.jpg\",\"contentUrl\":\"https:\/\/aovepenaluna.com\/wp-content\/uploads\/2024\/01\/AOVE-PENALUNA-DE-PIMIENTOS.jpg\",\"width\":600,\"height\":600},{\"@type\":\"BreadcrumbList\",\"@id\":\"https:\/\/aovepenaluna.com\/producto\/aceite-de-oliva-y-pimiento-de-espelette-250-ml\/#breadcrumb\",\"itemListElement\":[{\"@type\":\"ListItem\",\"position\":1,\"name\":\"Portada\",\"item\":\"https:\/\/aovepenaluna.com\/es\/\"},{\"@type\":\"ListItem\",\"position\":2,\"name\":\"TIENDA DE ACEITE DE OLIVA\",\"item\":\"https:\/\/aovepenaluna.com\/tienda\/\"},{\"@type\":\"ListItem\",\"position\":3,\"name\":\"Condimento Preparado De Aceite de Oliva y Pimiento de Espelette Cosecha 25-26\"}]},{\"@type\":\"WebSite\",\"@id\":\"https:\/\/aovepenaluna.com\/#website\",\"url\":\"https:\/\/aovepenaluna.com\/\",\"name\":\"Aceite de Oliva Virgen Extra Pe\u00f1a Luna\",\"description\":\"Aceite de Oliva Virgen Extra Ecol\u00f3gico de m\u00e1xima calidad\",\"potentialAction\":[{\"@type\":\"SearchAction\",\"target\":{\"@type\":\"EntryPoint\",\"urlTemplate\":\"https:\/\/aovepenaluna.com\/?s={search_term_string}\"},\"query-input\":\"required name=search_term_string\"}],\"inLanguage\":\"es\"}]}<\/script>\n<!-- \/ Yoast SEO plugin. -->","yoast_head_json":{"title":"Condimento Preparado De Aceite de Oliva y Pimiento de Espelette Cosecha 25-26 - AOVE Pe\u00f1a Luna","description":"Nuestro aceite de pimiento se obtiene moliendo nuestras aceitunas directamente con las mandarinas lo que le confiere un sabor \u00fanico. En ning\u00fan momento se...","robots":{"index":"index","follow":"follow","max-snippet":"max-snippet:-1","max-image-preview":"max-image-preview:large","max-video-preview":"max-video-preview:-1"},"canonical":"https:\/\/aovepenaluna.com\/es\/producto\/aceite-de-oliva-y-pimiento-de-espelette-250-ml\/","og_locale":"es_ES","og_type":"article","og_title":"Condimento Preparado De Aceite de Oliva y Pimiento de Espelette Cosecha 25-26 - AOVE Pe\u00f1a Luna","og_description":"Nuestro aceite de pimiento se obtiene moliendo nuestras aceitunas directamente con las mandarinas lo que le confiere un sabor \u00fanico. En ning\u00fan momento se...","og_url":"https:\/\/aovepenaluna.com\/es\/producto\/aceite-de-oliva-y-pimiento-de-espelette-250-ml\/","og_site_name":"Aceite de Oliva Virgen Extra Pe\u00f1a Luna","article_publisher":"https:\/\/www.facebook.com\/aovepenaluna","article_modified_time":"2026-03-27T07:43:37+00:00","og_image":[{"width":600,"height":600,"url":"https:\/\/aovepenaluna.com\/wp-content\/uploads\/2024\/01\/AOVE-PENALUNA-DE-PIMIENTOS.jpg","type":"image\/jpeg"}],"twitter_card":"summary_large_image","twitter_misc":{"Tiempo de lectura":"2 minutos"},"schema":{"@context":"https:\/\/schema.org","@graph":[{"@type":"WebPage","@id":"https:\/\/aovepenaluna.com\/producto\/aceite-de-oliva-y-pimiento-de-espelette-250-ml\/","url":"https:\/\/aovepenaluna.com\/producto\/aceite-de-oliva-y-pimiento-de-espelette-250-ml\/","name":"Condimento Preparado De Aceite de Oliva y Pimiento de Espelette Cosecha 25-26 - AOVE Pe\u00f1a Luna","isPartOf":{"@id":"https:\/\/aovepenaluna.com\/#website"},"primaryImageOfPage":{"@id":"https:\/\/aovepenaluna.com\/producto\/aceite-de-oliva-y-pimiento-de-espelette-250-ml\/#primaryimage"},"image":{"@id":"https:\/\/aovepenaluna.com\/producto\/aceite-de-oliva-y-pimiento-de-espelette-250-ml\/#primaryimage"},"thumbnailUrl":"https:\/\/aovepenaluna.com\/wp-content\/uploads\/2024\/01\/AOVE-PENALUNA-DE-PIMIENTOS.jpg","datePublished":"2024-01-12T11:58:48+00:00","dateModified":"2026-03-27T07:43:37+00:00","description":"Nuestro aceite de pimiento se obtiene moliendo nuestras aceitunas directamente con las mandarinas lo que le confiere un sabor \u00fanico. En ning\u00fan momento se...","breadcrumb":{"@id":"https:\/\/aovepenaluna.com\/producto\/aceite-de-oliva-y-pimiento-de-espelette-250-ml\/#breadcrumb"},"inLanguage":"es","potentialAction":[{"@type":"ReadAction","target":["https:\/\/aovepenaluna.com\/producto\/aceite-de-oliva-y-pimiento-de-espelette-250-ml\/"]}]},{"@type":"ImageObject","inLanguage":"es","@id":"https:\/\/aovepenaluna.com\/producto\/aceite-de-oliva-y-pimiento-de-espelette-250-ml\/#primaryimage","url":"https:\/\/aovepenaluna.com\/wp-content\/uploads\/2024\/01\/AOVE-PENALUNA-DE-PIMIENTOS.jpg","contentUrl":"https:\/\/aovepenaluna.com\/wp-content\/uploads\/2024\/01\/AOVE-PENALUNA-DE-PIMIENTOS.jpg","width":600,"height":600},{"@type":"BreadcrumbList","@id":"https:\/\/aovepenaluna.com\/producto\/aceite-de-oliva-y-pimiento-de-espelette-250-ml\/#breadcrumb","itemListElement":[{"@type":"ListItem","position":1,"name":"Portada","item":"https:\/\/aovepenaluna.com\/es\/"},{"@type":"ListItem","position":2,"name":"TIENDA DE ACEITE DE OLIVA","item":"https:\/\/aovepenaluna.com\/tienda\/"},{"@type":"ListItem","position":3,"name":"Condimento Preparado De Aceite de Oliva y Pimiento de Espelette Cosecha 25-26"}]},{"@type":"WebSite","@id":"https:\/\/aovepenaluna.com\/#website","url":"https:\/\/aovepenaluna.com\/","name":"Aceite de Oliva Virgen Extra Pe\u00f1a Luna","description":"Aceite de Oliva Virgen Extra Ecol\u00f3gico de m\u00e1xima calidad","potentialAction":[{"@type":"SearchAction","target":{"@type":"EntryPoint","urlTemplate":"https:\/\/aovepenaluna.com\/?s={search_term_string}"},"query-input":"required name=search_term_string"}],"inLanguage":"es"}]}},"_links":{"self":[{"href":"https:\/\/aovepenaluna.com\/es\/wp-json\/wp\/v2\/product\/8114","targetHints":{"allow":["GET"]}}],"collection":[{"href":"https:\/\/aovepenaluna.com\/es\/wp-json\/wp\/v2\/product"}],"about":[{"href":"https:\/\/aovepenaluna.com\/es\/wp-json\/wp\/v2\/types\/product"}],"replies":[{"embeddable":true,"href":"https:\/\/aovepenaluna.com\/es\/wp-json\/wp\/v2\/comments?post=8114"}],"wp:featuredmedia":[{"embeddable":true,"href":"https:\/\/aovepenaluna.com\/es\/wp-json\/wp\/v2\/media\/9117"}],"wp:attachment":[{"href":"https:\/\/aovepenaluna.com\/es\/wp-json\/wp\/v2\/media?parent=8114"}],"wp:term":[{"taxonomy":"product_cat","embeddable":true,"href":"https:\/\/aovepenaluna.com\/es\/wp-json\/wp\/v2\/product_cat?post=8114"},{"taxonomy":"product_tag","embeddable":true,"href":"https:\/\/aovepenaluna.com\/es\/wp-json\/wp\/v2\/product_tag?post=8114"}],"curies":[{"name":"wp","href":"https:\/\/api.w.org\/{rel}","templated":true}]}}