{"id":6042,"date":"2022-03-23T19:34:53","date_gmt":"2022-03-23T18:34:53","guid":{"rendered":"http:\/\/aovepenaluna.com\/?post_type=product&#038;p=6042"},"modified":"2026-04-13T17:38:12","modified_gmt":"2026-04-13T16:38:12","slug":"estuche-sabores","status":"publish","type":"product","link":"https:\/\/aovepenaluna.com\/es\/producto\/estuche-sabores\/","title":{"rendered":"Descubre la Experiencia Gourmet con Nuestros Aceites de Oliva Extra (AOVE)"},"content":{"rendered":"<p>[et_pb_section fb_built=\u00bb1&#8243; _builder_version=\u00bb4.23.1&#8243; background_color=\u00bbRGBA(255,255,255,0)\u00bb custom_padding=\u00bb0px||||false|false\u00bb global_colors_info=\u00bb{}\u00bb][et_pb_row _builder_version=\u00bb4.16&#8243; background_size=\u00bbinitial\u00bb background_position=\u00bbtop_left\u00bb background_repeat=\u00bbrepeat\u00bb width=\u00bb100%\u00bb custom_padding=\u00bb0px||0px||false|false\u00bb global_colors_info=\u00bb{}\u00bb][et_pb_column type=\u00bb4_4&#8243; _builder_version=\u00bb4.16&#8243; custom_padding=\u00bb|||\u00bb global_colors_info=\u00bb{}\u00bb custom_padding__hover=\u00bb|||\u00bb][et_pb_wc_breadcrumb _builder_version=\u00bb4.16&#8243; global_colors_info=\u00bb{}\u00bb][\/et_pb_wc_breadcrumb][et_pb_wc_cart_notice _builder_version=\u00bb4.16&#8243; global_colors_info=\u00bb{}\u00bb][\/et_pb_wc_cart_notice][\/et_pb_column][\/et_pb_row][et_pb_row column_structure=\u00bb1_2,1_2&#8243; _builder_version=\u00bb4.16&#8243; background_size=\u00bbinitial\u00bb background_position=\u00bbtop_left\u00bb background_repeat=\u00bbrepeat\u00bb width=\u00bb100%\u00bb custom_padding=\u00bb0px||||false|false\u00bb global_colors_info=\u00bb{}\u00bb][et_pb_column type=\u00bb1_2&#8243; _builder_version=\u00bb4.16&#8243; custom_padding=\u00bb|||\u00bb global_colors_info=\u00bb{}\u00bb custom_padding__hover=\u00bb|||\u00bb][et_pb_wc_images _builder_version=\u00bb4.16&#8243; global_colors_info=\u00bb{}\u00bb][\/et_pb_wc_images][\/et_pb_column][et_pb_column type=\u00bb1_2&#8243; _builder_version=\u00bb4.16&#8243; custom_padding=\u00bb|||\u00bb global_colors_info=\u00bb{}\u00bb custom_padding__hover=\u00bb|||\u00bb][et_pb_wc_title _builder_version=\u00bb4.27.0&#8243; header_text_color=\u00bb#808000&#8243; header_font_size=\u00bb24px\u00bb custom_margin=\u00bb10px||||false|false\u00bb global_colors_info=\u00bb{}\u00bb][\/et_pb_wc_title][et_pb_wc_rating _builder_version=\u00bb4.16&#8243; global_colors_info=\u00bb{}\u00bb][\/et_pb_wc_rating][et_pb_wc_price _builder_version=\u00bb4.27.0&#8243; body_font_size=\u00bb22px\u00bb global_colors_info=\u00bb{}\u00bb][\/et_pb_wc_price][et_pb_wc_description _builder_version=\u00bb4.27.0&#8243; body_font_size=\u00bb14px\u00bb global_colors_info=\u00bb{}\u00bb][\/et_pb_wc_description][et_pb_wc_add_to_cart _builder_version=\u00bb4.16&#8243; min_height=\u00bb238px\u00bb custom_padding=\u00bb28px|||||\u00bb global_colors_info=\u00bb{}\u00bb][\/et_pb_wc_add_to_cart][et_pb_wc_meta _builder_version=\u00bb4.16&#8243; global_colors_info=\u00bb{}\u00bb][\/et_pb_wc_meta][\/et_pb_column][\/et_pb_row][et_pb_row _builder_version=\u00bb4.16&#8243; background_size=\u00bbinitial\u00bb background_position=\u00bbtop_left\u00bb background_repeat=\u00bbrepeat\u00bb width=\u00bb100%\u00bb global_colors_info=\u00bb{}\u00bb][et_pb_column type=\u00bb4_4&#8243; _builder_version=\u00bb4.16&#8243; custom_padding=\u00bb|||\u00bb global_colors_info=\u00bb{}\u00bb custom_padding__hover=\u00bb|||\u00bb][et_pb_wc_tabs _builder_version=\u00bb4.16&#8243; global_colors_info=\u00bb{}\u00bb]\t\t\t\t\t[\/et_pb_wc_tabs][et_pb_wc_upsells _builder_version=\u00bb4.16&#8243; global_colors_info=\u00bb{}\u00bb][\/et_pb_wc_upsells][et_pb_wc_related_products _builder_version=\u00bb4.16&#8243; global_colors_info=\u00bb{}\u00bb][\/et_pb_wc_related_products][\/et_pb_column][\/et_pb_row][\/et_pb_section]<\/p>\n","protected":false},"excerpt":{"rendered":"<p><span style=\"color: #808000;\">Elige tus Sabores Favoritos<\/span><\/p>\n<p><span style=\"color: #808080;\">Te invitamos a seleccionar tres botellas de nuestros aceites de oliva de sabores, elaborados 100% de forma natural. Cada uno de nuestros aceites aporta un toque \u00fanico a tus platos, permiti\u00e9ndote descubrir nuevos perfiles de sabor que encantar\u00e1n a toda la familia.<\/span><\/p>\n<p><span style=\"color: #808000;\">Calidad y Naturaleza en Cada Gota<\/span><\/p>\n<p><span style=\"color: #808080;\">Nuestros aceites de oliva no solo son sabrosos, sino tambi\u00e9n saludables. Producidos sin aditivos, garantizamos que cada botella ofrece solo lo mejor de la naturaleza, ideal para quienes buscan opciones gourmet de calidad.<\/span><\/p>\n<p><span style=\"color: #808000;\">Una Experiencia Gourmet para Todos<\/span><\/p>\n<p><span style=\"color: #808080;\">Ya sea en una ensalada, un platillo principal o como un dip exquisito, nuestros aceites de oliva son perfectos para cualquier ocasi\u00f3n. \u00a1Disfruta de la incre\u00edble experiencia gourmet que brindan y sorprende a tus invitados con sabores aut\u00e9nticos!<\/span><\/p>\n","protected":false},"featured_media":6885,"comment_status":"closed","ping_status":"closed","template":"","meta":{"_et_pb_use_builder":"on","_et_pb_old_content":"<span style=\"color: #808080\">Estuche de aceites de sabores que incluye tres botellas de 250 ml a elegir entre:<\/span>\r\n<ul>\r\n \t<li><span style=\"color: #808080\">Aceite de oliva y ajo<\/span><\/li>\r\n \t<li><span style=\"color: #808080\">Aceite de oliva y albahaca<\/span><\/li>\r\n \t<li><span style=\"color: #808080\">Aceite c\u00edtrico de oliva y lima<\/span><\/li>\r\n \t<li><span style=\"color: #808080\">Aceite c\u00edtrico de oliva y mandarina<\/span><\/li>\r\n \t<li><span style=\"color: #808080\">Aceite c\u00edtrico de oliva y lim\u00f3n<\/span><\/li>\r\n<\/ul>","_et_gb_content_width":""},"product_cat":[166,162,163,164,165,167,161,26],"product_tag":[136,135,127,155,114],"class_list":{"0":"post-6042","1":"product","2":"type-product","3":"status-publish","4":"has-post-thumbnail","6":"product_cat-aceite_oliva_ajo","7":"product_cat-aceite_oliva_albahaca","8":"product_cat-aceite_oliva_lima","9":"product_cat-aceite_oliva_limon","10":"product_cat-aceite_oliva_mandarina","11":"product_cat-aceite_oliva_pimiento","12":"product_cat-aceite_sabores","13":"product_cat-aove","14":"product_tag-aceite-de-ajo","15":"product_tag-aceite-de-albahaca","16":"product_tag-aceite-de-mandarina","17":"product_tag-aceite-de-oliva-online","18":"product_tag-aove","20":"first","21":"instock","22":"taxable","23":"shipping-taxable","24":"purchasable","25":"product-type-variable"},"yoast_head":"<!-- This site is optimized with the Yoast SEO plugin v23.3 - https:\/\/yoast.com\/wordpress\/plugins\/seo\/ -->\n<title>Descubre la Experiencia Gourmet con Nuestros Aceites de Oliva Extra (AOVE) - AOVE Pe\u00f1a Luna<\/title>\n<meta name=\"description\" content=\"Estuche para regalo de aceites de sabores que incluye 3 tipos a elegir entre aceite de oliva y ajo, aceite de oliva y albahaca, aceite c\u00edtrico de oliva...\" \/>\n<meta name=\"robots\" content=\"index, follow, max-snippet:-1, max-image-preview:large, max-video-preview:-1\" \/>\n<link rel=\"canonical\" href=\"https:\/\/aovepenaluna.com\/es\/producto\/estuche-sabores\/\" \/>\n<meta property=\"og:locale\" content=\"es_ES\" \/>\n<meta property=\"og:type\" content=\"article\" \/>\n<meta property=\"og:title\" content=\"Descubre la Experiencia Gourmet con Nuestros Aceites de Oliva Extra (AOVE) - AOVE Pe\u00f1a Luna\" \/>\n<meta property=\"og:description\" content=\"Estuche para regalo de aceites de sabores que incluye 3 tipos a elegir entre aceite de oliva y ajo, aceite de oliva y albahaca, aceite c\u00edtrico de oliva...\" \/>\n<meta property=\"og:url\" content=\"https:\/\/aovepenaluna.com\/es\/producto\/estuche-sabores\/\" \/>\n<meta property=\"og:site_name\" content=\"Aceite de Oliva Virgen Extra Pe\u00f1a Luna\" \/>\n<meta property=\"article:publisher\" content=\"https:\/\/www.facebook.com\/aovepenaluna\" \/>\n<meta property=\"article:modified_time\" content=\"2026-04-13T16:38:12+00:00\" \/>\n<meta property=\"og:image\" content=\"https:\/\/aovepenaluna.com\/wp-content\/uploads\/2022\/10\/e-aromatizados-cuadrado-fondo-blanco.webp\" \/>\n\t<meta property=\"og:image:width\" content=\"500\" \/>\n\t<meta property=\"og:image:height\" content=\"500\" \/>\n\t<meta property=\"og:image:type\" content=\"image\/webp\" \/>\n<meta name=\"twitter:card\" content=\"summary_large_image\" \/>\n<meta name=\"twitter:label1\" content=\"Tiempo de lectura\" \/>\n\t<meta name=\"twitter:data1\" content=\"2 minutos\" \/>\n<script type=\"application\/ld+json\" class=\"yoast-schema-graph\">{\"@context\":\"https:\/\/schema.org\",\"@graph\":[{\"@type\":\"WebPage\",\"@id\":\"https:\/\/aovepenaluna.com\/producto\/estuche-sabores\/\",\"url\":\"https:\/\/aovepenaluna.com\/producto\/estuche-sabores\/\",\"name\":\"Descubre la Experiencia Gourmet con Nuestros Aceites de Oliva Extra (AOVE) - AOVE Pe\u00f1a Luna\",\"isPartOf\":{\"@id\":\"https:\/\/aovepenaluna.com\/#website\"},\"primaryImageOfPage\":{\"@id\":\"https:\/\/aovepenaluna.com\/producto\/estuche-sabores\/#primaryimage\"},\"image\":{\"@id\":\"https:\/\/aovepenaluna.com\/producto\/estuche-sabores\/#primaryimage\"},\"thumbnailUrl\":\"https:\/\/aovepenaluna.com\/wp-content\/uploads\/2022\/10\/e-aromatizados-cuadrado-fondo-blanco.webp\",\"datePublished\":\"2022-03-23T18:34:53+00:00\",\"dateModified\":\"2026-04-13T16:38:12+00:00\",\"description\":\"Estuche para regalo de aceites de sabores que incluye 3 tipos a elegir entre aceite de oliva y ajo, aceite de oliva y albahaca, aceite c\u00edtrico de oliva...\",\"breadcrumb\":{\"@id\":\"https:\/\/aovepenaluna.com\/producto\/estuche-sabores\/#breadcrumb\"},\"inLanguage\":\"es\",\"potentialAction\":[{\"@type\":\"ReadAction\",\"target\":[\"https:\/\/aovepenaluna.com\/producto\/estuche-sabores\/\"]}]},{\"@type\":\"ImageObject\",\"inLanguage\":\"es\",\"@id\":\"https:\/\/aovepenaluna.com\/producto\/estuche-sabores\/#primaryimage\",\"url\":\"https:\/\/aovepenaluna.com\/wp-content\/uploads\/2022\/10\/e-aromatizados-cuadrado-fondo-blanco.webp\",\"contentUrl\":\"https:\/\/aovepenaluna.com\/wp-content\/uploads\/2022\/10\/e-aromatizados-cuadrado-fondo-blanco.webp\",\"width\":500,\"height\":500,\"caption\":\"Pe\u00f1a Luna- Estuche de Aceites de sabores\"},{\"@type\":\"BreadcrumbList\",\"@id\":\"https:\/\/aovepenaluna.com\/producto\/estuche-sabores\/#breadcrumb\",\"itemListElement\":[{\"@type\":\"ListItem\",\"position\":1,\"name\":\"Portada\",\"item\":\"https:\/\/aovepenaluna.com\/es\/\"},{\"@type\":\"ListItem\",\"position\":2,\"name\":\"TIENDA DE ACEITE DE OLIVA\",\"item\":\"https:\/\/aovepenaluna.com\/tienda\/\"},{\"@type\":\"ListItem\",\"position\":3,\"name\":\"Descubre la Experiencia Gourmet con Nuestros Aceites de Oliva Extra (AOVE)\"}]},{\"@type\":\"WebSite\",\"@id\":\"https:\/\/aovepenaluna.com\/#website\",\"url\":\"https:\/\/aovepenaluna.com\/\",\"name\":\"Aceite de Oliva Virgen Extra Pe\u00f1a Luna\",\"description\":\"Aceite de Oliva Virgen Extra Ecol\u00f3gico de m\u00e1xima calidad\",\"potentialAction\":[{\"@type\":\"SearchAction\",\"target\":{\"@type\":\"EntryPoint\",\"urlTemplate\":\"https:\/\/aovepenaluna.com\/?s={search_term_string}\"},\"query-input\":\"required name=search_term_string\"}],\"inLanguage\":\"es\"}]}<\/script>\n<!-- \/ Yoast SEO plugin. -->","yoast_head_json":{"title":"Descubre la Experiencia Gourmet con Nuestros Aceites de Oliva Extra (AOVE) - AOVE Pe\u00f1a Luna","description":"Estuche para regalo de aceites de sabores que incluye 3 tipos a elegir entre aceite de oliva y ajo, aceite de oliva y albahaca, aceite c\u00edtrico de oliva...","robots":{"index":"index","follow":"follow","max-snippet":"max-snippet:-1","max-image-preview":"max-image-preview:large","max-video-preview":"max-video-preview:-1"},"canonical":"https:\/\/aovepenaluna.com\/es\/producto\/estuche-sabores\/","og_locale":"es_ES","og_type":"article","og_title":"Descubre la Experiencia Gourmet con Nuestros Aceites de Oliva Extra (AOVE) - AOVE Pe\u00f1a Luna","og_description":"Estuche para regalo de aceites de sabores que incluye 3 tipos a elegir entre aceite de oliva y ajo, aceite de oliva y albahaca, aceite c\u00edtrico de oliva...","og_url":"https:\/\/aovepenaluna.com\/es\/producto\/estuche-sabores\/","og_site_name":"Aceite de Oliva Virgen Extra Pe\u00f1a Luna","article_publisher":"https:\/\/www.facebook.com\/aovepenaluna","article_modified_time":"2026-04-13T16:38:12+00:00","og_image":[{"width":500,"height":500,"url":"https:\/\/aovepenaluna.com\/wp-content\/uploads\/2022\/10\/e-aromatizados-cuadrado-fondo-blanco.webp","type":"image\/webp"}],"twitter_card":"summary_large_image","twitter_misc":{"Tiempo de lectura":"2 minutos"},"schema":{"@context":"https:\/\/schema.org","@graph":[{"@type":"WebPage","@id":"https:\/\/aovepenaluna.com\/producto\/estuche-sabores\/","url":"https:\/\/aovepenaluna.com\/producto\/estuche-sabores\/","name":"Descubre la Experiencia Gourmet con Nuestros Aceites de Oliva Extra (AOVE) - AOVE Pe\u00f1a Luna","isPartOf":{"@id":"https:\/\/aovepenaluna.com\/#website"},"primaryImageOfPage":{"@id":"https:\/\/aovepenaluna.com\/producto\/estuche-sabores\/#primaryimage"},"image":{"@id":"https:\/\/aovepenaluna.com\/producto\/estuche-sabores\/#primaryimage"},"thumbnailUrl":"https:\/\/aovepenaluna.com\/wp-content\/uploads\/2022\/10\/e-aromatizados-cuadrado-fondo-blanco.webp","datePublished":"2022-03-23T18:34:53+00:00","dateModified":"2026-04-13T16:38:12+00:00","description":"Estuche para regalo de aceites de sabores que incluye 3 tipos a elegir entre aceite de oliva y ajo, aceite de oliva y albahaca, aceite c\u00edtrico de oliva...","breadcrumb":{"@id":"https:\/\/aovepenaluna.com\/producto\/estuche-sabores\/#breadcrumb"},"inLanguage":"es","potentialAction":[{"@type":"ReadAction","target":["https:\/\/aovepenaluna.com\/producto\/estuche-sabores\/"]}]},{"@type":"ImageObject","inLanguage":"es","@id":"https:\/\/aovepenaluna.com\/producto\/estuche-sabores\/#primaryimage","url":"https:\/\/aovepenaluna.com\/wp-content\/uploads\/2022\/10\/e-aromatizados-cuadrado-fondo-blanco.webp","contentUrl":"https:\/\/aovepenaluna.com\/wp-content\/uploads\/2022\/10\/e-aromatizados-cuadrado-fondo-blanco.webp","width":500,"height":500,"caption":"Pe\u00f1a Luna- Estuche de Aceites de sabores"},{"@type":"BreadcrumbList","@id":"https:\/\/aovepenaluna.com\/producto\/estuche-sabores\/#breadcrumb","itemListElement":[{"@type":"ListItem","position":1,"name":"Portada","item":"https:\/\/aovepenaluna.com\/es\/"},{"@type":"ListItem","position":2,"name":"TIENDA DE ACEITE DE OLIVA","item":"https:\/\/aovepenaluna.com\/tienda\/"},{"@type":"ListItem","position":3,"name":"Descubre la Experiencia Gourmet con Nuestros Aceites de Oliva Extra (AOVE)"}]},{"@type":"WebSite","@id":"https:\/\/aovepenaluna.com\/#website","url":"https:\/\/aovepenaluna.com\/","name":"Aceite de Oliva Virgen Extra Pe\u00f1a Luna","description":"Aceite de Oliva Virgen Extra Ecol\u00f3gico de m\u00e1xima calidad","potentialAction":[{"@type":"SearchAction","target":{"@type":"EntryPoint","urlTemplate":"https:\/\/aovepenaluna.com\/?s={search_term_string}"},"query-input":"required name=search_term_string"}],"inLanguage":"es"}]}},"_links":{"self":[{"href":"https:\/\/aovepenaluna.com\/es\/wp-json\/wp\/v2\/product\/6042","targetHints":{"allow":["GET"]}}],"collection":[{"href":"https:\/\/aovepenaluna.com\/es\/wp-json\/wp\/v2\/product"}],"about":[{"href":"https:\/\/aovepenaluna.com\/es\/wp-json\/wp\/v2\/types\/product"}],"replies":[{"embeddable":true,"href":"https:\/\/aovepenaluna.com\/es\/wp-json\/wp\/v2\/comments?post=6042"}],"wp:featuredmedia":[{"embeddable":true,"href":"https:\/\/aovepenaluna.com\/es\/wp-json\/wp\/v2\/media\/6885"}],"wp:attachment":[{"href":"https:\/\/aovepenaluna.com\/es\/wp-json\/wp\/v2\/media?parent=6042"}],"wp:term":[{"taxonomy":"product_cat","embeddable":true,"href":"https:\/\/aovepenaluna.com\/es\/wp-json\/wp\/v2\/product_cat?post=6042"},{"taxonomy":"product_tag","embeddable":true,"href":"https:\/\/aovepenaluna.com\/es\/wp-json\/wp\/v2\/product_tag?post=6042"}],"curies":[{"name":"wp","href":"https:\/\/api.w.org\/{rel}","templated":true}]}}