{"id":6040,"date":"2022-03-11T14:58:26","date_gmt":"2022-03-11T13:58:26","guid":{"rendered":"http:\/\/aovepenaluna.com\/?post_type=product&#038;p=6040"},"modified":"2026-04-13T13:56:42","modified_gmt":"2026-04-13T12:56:42","slug":"aceite-ajo","status":"publish","type":"product","link":"https:\/\/aovepenaluna.com\/es\/producto\/aceite-ajo\/","title":{"rendered":"Condimento Preparado De Aceite de Oliva y Ajo Cosecha 25-26"},"content":{"rendered":"<p>[et_pb_section fb_built=\u00bb1&#8243; _builder_version=\u00bb4.23.1&#8243; background_color=\u00bbRGBA(255,255,255,0)\u00bb custom_padding=\u00bb0px||||false|false\u00bb global_colors_info=\u00bb{}\u00bb][et_pb_row _builder_version=\u00bb4.16&#8243; background_size=\u00bbinitial\u00bb background_position=\u00bbtop_left\u00bb background_repeat=\u00bbrepeat\u00bb width=\u00bb100%\u00bb custom_padding=\u00bb0px||0px||false|false\u00bb global_colors_info=\u00bb{}\u00bb][et_pb_column type=\u00bb4_4&#8243; _builder_version=\u00bb4.16&#8243; custom_padding=\u00bb|||\u00bb global_colors_info=\u00bb{}\u00bb custom_padding__hover=\u00bb|||\u00bb][et_pb_wc_breadcrumb _builder_version=\u00bb4.16&#8243; global_colors_info=\u00bb{}\u00bb][\/et_pb_wc_breadcrumb][et_pb_wc_cart_notice _builder_version=\u00bb4.16&#8243; global_colors_info=\u00bb{}\u00bb][\/et_pb_wc_cart_notice][\/et_pb_column][\/et_pb_row][et_pb_row column_structure=\u00bb1_2,1_2&#8243; _builder_version=\u00bb4.27.0&#8243; background_color=\u00bb#FFFFFF\u00bb background_size=\u00bbinitial\u00bb background_position=\u00bbtop_left\u00bb background_repeat=\u00bbrepeat\u00bb width=\u00bb100%\u00bb custom_padding=\u00bb0px||||false|false\u00bb global_colors_info=\u00bb{}\u00bb][et_pb_column type=\u00bb1_2&#8243; _builder_version=\u00bb4.16&#8243; custom_padding=\u00bb|||\u00bb global_colors_info=\u00bb{}\u00bb custom_padding__hover=\u00bb|||\u00bb][et_pb_wc_images _builder_version=\u00bb4.16&#8243; global_colors_info=\u00bb{}\u00bb][\/et_pb_wc_images][\/et_pb_column][et_pb_column type=\u00bb1_2&#8243; _builder_version=\u00bb4.16&#8243; custom_padding=\u00bb|||\u00bb global_colors_info=\u00bb{}\u00bb custom_padding__hover=\u00bb|||\u00bb][et_pb_wc_title _builder_version=\u00bb4.27.0&#8243; header_font=\u00bbTrebuchet||||||||\u00bb header_text_color=\u00bb#808000&#8243; header_font_size=\u00bb24px\u00bb custom_margin=\u00bb10px||||false|false\u00bb global_colors_info=\u00bb{}\u00bb][\/et_pb_wc_title][et_pb_wc_price admin_label=\u00bbPrecio del producto Woo\u00bb _builder_version=\u00bb4.27.0&#8243; body_font=\u00bbTrebuchet||||||||\u00bb body_font_size=\u00bb22px\u00bb global_colors_info=\u00bb{}\u00bb][\/et_pb_wc_price][et_pb_wc_description _builder_version=\u00bb4.27.0&#8243; body_font=\u00bbTrebuchet||||||||\u00bb body_font_size=\u00bb14px\u00bb global_colors_info=\u00bb{}\u00bb][\/et_pb_wc_description][et_pb_wc_add_to_cart _builder_version=\u00bb4.16&#8243; global_colors_info=\u00bb{}\u00bb][\/et_pb_wc_add_to_cart][et_pb_wc_meta show_sku=\u00bboff\u00bb show_tags=\u00bboff\u00bb _builder_version=\u00bb4.27.0&#8243; global_colors_info=\u00bb{}\u00bb][\/et_pb_wc_meta][et_pb_wc_rating _builder_version=\u00bb4.16&#8243; global_colors_info=\u00bb{}\u00bb][\/et_pb_wc_rating][\/et_pb_column][\/et_pb_row][et_pb_row _builder_version=\u00bb4.16&#8243; background_size=\u00bbinitial\u00bb background_position=\u00bbtop_left\u00bb background_repeat=\u00bbrepeat\u00bb width=\u00bb100%\u00bb global_colors_info=\u00bb{}\u00bb][et_pb_column type=\u00bb4_4&#8243; _builder_version=\u00bb4.16&#8243; custom_padding=\u00bb|||\u00bb global_colors_info=\u00bb{}\u00bb custom_padding__hover=\u00bb|||\u00bb][et_pb_wc_related_products _builder_version=\u00bb4.16&#8243; global_colors_info=\u00bb{}\u00bb][\/et_pb_wc_related_products][\/et_pb_column][\/et_pb_row][\/et_pb_section]<\/p>\n","protected":false},"excerpt":{"rendered":"<p><span style=\"color: #808000;\"><strong>PROCESO<\/strong><\/span><\/p>\n<p><span style=\"color: #808080;\">Nuestro condimento de aceite de ajo se obtiene mediante un proceso especial que consiste en moler nuestras aceitunas junto con ajo fresco. Este m\u00e9todo artesano garantiza que cada gota de nuestro aceite tenga un sabor \u00fanico y aut\u00e9ntico. El resultado es un aceite 100% natural, sin utilizaci\u00f3n de esencias.<\/span><\/p>\n<p><span style=\"color: #808000;\"><strong>MARIDAJE<\/strong><\/span><\/p>\n<p><span style=\"color: #808080;\">Este aceite arom\u00e1tico marida a la perfecci\u00f3n con una variedad de platos. Adem\u00e1s de ser un acompa\u00f1amiento excelente para pescado y gazpacho, este aceite tambi\u00e9n es ideal para enriquecer sopas como la de ajo. \u00a0Su sabor robusto complementa perfectamente carnes a la plancha o la ensaladilla de ajo negro.<\/span><\/p>\n<p><span style=\"color: #808000;\"><strong>FORMATO Y PACKAGING<\/strong><\/span><\/p>\n<p><span style=\"color: #808080;\"><strong>BOTELLA DE CRISTAL<\/strong><\/span><\/p>\n<p><span style=\"color: #808080;\">250 ml<\/span><\/p>\n<p><a href=\"https:\/\/aovepenaluna.com\/wp-content\/uploads\/2026\/03\/11.-Ficha-tecnica_Hojiblanca-Ajo.docx\"><strong><span style=\"color: #808000;\">Descargar Ficha T\u00e9cnica<\/span><\/strong><\/a><\/p>\n","protected":false},"featured_media":9126,"comment_status":"closed","ping_status":"closed","template":"","meta":{"_et_pb_use_builder":"on","_et_pb_old_content":"<hr \/>\r\n\r\n<h2>Maridaje Perfecto<\/h2>\r\nEl aceite de ajo es un ingrediente clave en la cocina que destaca por su versatilidad. Este aceite arom\u00e1tico marida a la perfecci\u00f3n con una variedad de platos, elevando su sabor a nuevas alturas. Tanto si est\u00e1s preparando un salmorejo, como una deliciosa ensaladilla de ajo negro, su presencia har\u00e1 que tus recetas sean memorables.\r\n<h2>Ideal para Cada Ocasi\u00f3n<\/h2>\r\nAdem\u00e1s de ser un acompa\u00f1amiento excelente para pescado y gazpacho, el aceite de ajo tambi\u00e9n es ideal para enriquecer sopas como la sopa de ajo. Su sabor robusto complementa perfectamente carnes a la plancha, convirti\u00e9ndolas en una experiencia culinaria que impresionar\u00e1 a tus invitados.\r\n<h2>Un Toque Exquisito<\/h2>\r\nIncorporar el aceite de ajo en tus platos no solo les a\u00f1ade un sabor profundo, sino que tambi\u00e9n contribuye a la salud. Tambi\u00e9n es un ingrediente f\u00e1cil de usar, perfecto para quienes desean un toque gourmet sin complicaciones. Experimenta con el aceite de ajo y transforma tus recetas diarias en delicias culinarias.","_et_gb_content_width":""},"product_cat":[166,161,26],"product_tag":[136,115,137,114,121,139,118,138],"class_list":{"0":"post-6040","1":"product","2":"type-product","3":"status-publish","4":"has-post-thumbnail","6":"product_cat-aceite_oliva_ajo","7":"product_cat-aceite_sabores","8":"product_cat-aove","9":"product_tag-aceite-de-ajo","10":"product_tag-aceite-de-oliva","11":"product_tag-ajo","12":"product_tag-aove","13":"product_tag-aromatizado","14":"product_tag-comprar-aceite","15":"product_tag-natural","16":"product_tag-sotenible","18":"first","19":"instock","20":"taxable","21":"shipping-taxable","22":"purchasable","23":"product-type-simple"},"yoast_head":"<!-- This site is optimized with the Yoast SEO plugin v23.3 - https:\/\/yoast.com\/wordpress\/plugins\/seo\/ -->\n<title>Condimento Preparado De Aceite de Oliva y Ajo Cosecha 25-26 - AOVE Pe\u00f1a Luna<\/title>\n<meta name=\"description\" content=\"Nuestro aceite de ajo se obtiene moliendo nuestras aceitunas directamente con el ajo lo que le confiere un sabor \u00fanico. En ning\u00fan momento se utilizan esencias.\" \/>\n<meta name=\"robots\" content=\"index, follow, max-snippet:-1, max-image-preview:large, max-video-preview:-1\" \/>\n<link rel=\"canonical\" href=\"https:\/\/aovepenaluna.com\/es\/producto\/aceite-ajo\/\" \/>\n<meta property=\"og:locale\" content=\"es_ES\" \/>\n<meta property=\"og:type\" content=\"article\" \/>\n<meta property=\"og:title\" content=\"Condimento Preparado De Aceite de Oliva y Ajo Cosecha 25-26 - AOVE Pe\u00f1a Luna\" \/>\n<meta property=\"og:description\" content=\"Nuestro aceite de ajo se obtiene moliendo nuestras aceitunas directamente con el ajo lo que le confiere un sabor \u00fanico. En ning\u00fan momento se utilizan esencias.\" \/>\n<meta property=\"og:url\" content=\"https:\/\/aovepenaluna.com\/es\/producto\/aceite-ajo\/\" \/>\n<meta property=\"og:site_name\" content=\"Aceite de Oliva Virgen Extra Pe\u00f1a Luna\" \/>\n<meta property=\"article:publisher\" content=\"https:\/\/www.facebook.com\/aovepenaluna\" \/>\n<meta property=\"article:modified_time\" content=\"2026-04-13T12:56:42+00:00\" \/>\n<meta property=\"og:image\" content=\"https:\/\/aovepenaluna.com\/wp-content\/uploads\/2022\/03\/PENALUNA-Aceite-Aromatizado-de-Oliva-y-Ajo-Cosecha-24-25.jpg\" \/>\n\t<meta property=\"og:image:width\" content=\"600\" \/>\n\t<meta property=\"og:image:height\" content=\"600\" \/>\n\t<meta property=\"og:image:type\" content=\"image\/jpeg\" \/>\n<meta name=\"twitter:card\" content=\"summary_large_image\" \/>\n<meta name=\"twitter:label1\" content=\"Tiempo de lectura\" \/>\n\t<meta name=\"twitter:data1\" content=\"2 minutos\" \/>\n<script type=\"application\/ld+json\" class=\"yoast-schema-graph\">{\"@context\":\"https:\/\/schema.org\",\"@graph\":[{\"@type\":\"WebPage\",\"@id\":\"https:\/\/aovepenaluna.com\/producto\/aceite-ajo\/\",\"url\":\"https:\/\/aovepenaluna.com\/producto\/aceite-ajo\/\",\"name\":\"Condimento Preparado De Aceite de Oliva y Ajo Cosecha 25-26 - AOVE Pe\u00f1a Luna\",\"isPartOf\":{\"@id\":\"https:\/\/aovepenaluna.com\/#website\"},\"primaryImageOfPage\":{\"@id\":\"https:\/\/aovepenaluna.com\/producto\/aceite-ajo\/#primaryimage\"},\"image\":{\"@id\":\"https:\/\/aovepenaluna.com\/producto\/aceite-ajo\/#primaryimage\"},\"thumbnailUrl\":\"https:\/\/aovepenaluna.com\/wp-content\/uploads\/2022\/03\/PENALUNA-Aceite-Aromatizado-de-Oliva-y-Ajo-Cosecha-24-25.jpg\",\"datePublished\":\"2022-03-11T13:58:26+00:00\",\"dateModified\":\"2026-04-13T12:56:42+00:00\",\"description\":\"Nuestro aceite de ajo se obtiene moliendo nuestras aceitunas directamente con el ajo lo que le confiere un sabor \u00fanico. En ning\u00fan momento se utilizan esencias.\",\"breadcrumb\":{\"@id\":\"https:\/\/aovepenaluna.com\/producto\/aceite-ajo\/#breadcrumb\"},\"inLanguage\":\"es\",\"potentialAction\":[{\"@type\":\"ReadAction\",\"target\":[\"https:\/\/aovepenaluna.com\/producto\/aceite-ajo\/\"]}]},{\"@type\":\"ImageObject\",\"inLanguage\":\"es\",\"@id\":\"https:\/\/aovepenaluna.com\/producto\/aceite-ajo\/#primaryimage\",\"url\":\"https:\/\/aovepenaluna.com\/wp-content\/uploads\/2022\/03\/PENALUNA-Aceite-Aromatizado-de-Oliva-y-Ajo-Cosecha-24-25.jpg\",\"contentUrl\":\"https:\/\/aovepenaluna.com\/wp-content\/uploads\/2022\/03\/PENALUNA-Aceite-Aromatizado-de-Oliva-y-Ajo-Cosecha-24-25.jpg\",\"width\":600,\"height\":600},{\"@type\":\"BreadcrumbList\",\"@id\":\"https:\/\/aovepenaluna.com\/producto\/aceite-ajo\/#breadcrumb\",\"itemListElement\":[{\"@type\":\"ListItem\",\"position\":1,\"name\":\"Portada\",\"item\":\"https:\/\/aovepenaluna.com\/es\/\"},{\"@type\":\"ListItem\",\"position\":2,\"name\":\"TIENDA DE ACEITE DE OLIVA\",\"item\":\"https:\/\/aovepenaluna.com\/tienda\/\"},{\"@type\":\"ListItem\",\"position\":3,\"name\":\"Condimento Preparado De Aceite de Oliva y Ajo Cosecha 25-26\"}]},{\"@type\":\"WebSite\",\"@id\":\"https:\/\/aovepenaluna.com\/#website\",\"url\":\"https:\/\/aovepenaluna.com\/\",\"name\":\"Aceite de Oliva Virgen Extra Pe\u00f1a Luna\",\"description\":\"Aceite de Oliva Virgen Extra Ecol\u00f3gico de m\u00e1xima calidad\",\"potentialAction\":[{\"@type\":\"SearchAction\",\"target\":{\"@type\":\"EntryPoint\",\"urlTemplate\":\"https:\/\/aovepenaluna.com\/?s={search_term_string}\"},\"query-input\":\"required name=search_term_string\"}],\"inLanguage\":\"es\"}]}<\/script>\n<!-- \/ Yoast SEO plugin. -->","yoast_head_json":{"title":"Condimento Preparado De Aceite de Oliva y Ajo Cosecha 25-26 - AOVE Pe\u00f1a Luna","description":"Nuestro aceite de ajo se obtiene moliendo nuestras aceitunas directamente con el ajo lo que le confiere un sabor \u00fanico. En ning\u00fan momento se utilizan esencias.","robots":{"index":"index","follow":"follow","max-snippet":"max-snippet:-1","max-image-preview":"max-image-preview:large","max-video-preview":"max-video-preview:-1"},"canonical":"https:\/\/aovepenaluna.com\/es\/producto\/aceite-ajo\/","og_locale":"es_ES","og_type":"article","og_title":"Condimento Preparado De Aceite de Oliva y Ajo Cosecha 25-26 - AOVE Pe\u00f1a Luna","og_description":"Nuestro aceite de ajo se obtiene moliendo nuestras aceitunas directamente con el ajo lo que le confiere un sabor \u00fanico. En ning\u00fan momento se utilizan esencias.","og_url":"https:\/\/aovepenaluna.com\/es\/producto\/aceite-ajo\/","og_site_name":"Aceite de Oliva Virgen Extra Pe\u00f1a Luna","article_publisher":"https:\/\/www.facebook.com\/aovepenaluna","article_modified_time":"2026-04-13T12:56:42+00:00","og_image":[{"width":600,"height":600,"url":"https:\/\/aovepenaluna.com\/wp-content\/uploads\/2022\/03\/PENALUNA-Aceite-Aromatizado-de-Oliva-y-Ajo-Cosecha-24-25.jpg","type":"image\/jpeg"}],"twitter_card":"summary_large_image","twitter_misc":{"Tiempo de lectura":"2 minutos"},"schema":{"@context":"https:\/\/schema.org","@graph":[{"@type":"WebPage","@id":"https:\/\/aovepenaluna.com\/producto\/aceite-ajo\/","url":"https:\/\/aovepenaluna.com\/producto\/aceite-ajo\/","name":"Condimento Preparado De Aceite de Oliva y Ajo Cosecha 25-26 - AOVE Pe\u00f1a Luna","isPartOf":{"@id":"https:\/\/aovepenaluna.com\/#website"},"primaryImageOfPage":{"@id":"https:\/\/aovepenaluna.com\/producto\/aceite-ajo\/#primaryimage"},"image":{"@id":"https:\/\/aovepenaluna.com\/producto\/aceite-ajo\/#primaryimage"},"thumbnailUrl":"https:\/\/aovepenaluna.com\/wp-content\/uploads\/2022\/03\/PENALUNA-Aceite-Aromatizado-de-Oliva-y-Ajo-Cosecha-24-25.jpg","datePublished":"2022-03-11T13:58:26+00:00","dateModified":"2026-04-13T12:56:42+00:00","description":"Nuestro aceite de ajo se obtiene moliendo nuestras aceitunas directamente con el ajo lo que le confiere un sabor \u00fanico. En ning\u00fan momento se utilizan esencias.","breadcrumb":{"@id":"https:\/\/aovepenaluna.com\/producto\/aceite-ajo\/#breadcrumb"},"inLanguage":"es","potentialAction":[{"@type":"ReadAction","target":["https:\/\/aovepenaluna.com\/producto\/aceite-ajo\/"]}]},{"@type":"ImageObject","inLanguage":"es","@id":"https:\/\/aovepenaluna.com\/producto\/aceite-ajo\/#primaryimage","url":"https:\/\/aovepenaluna.com\/wp-content\/uploads\/2022\/03\/PENALUNA-Aceite-Aromatizado-de-Oliva-y-Ajo-Cosecha-24-25.jpg","contentUrl":"https:\/\/aovepenaluna.com\/wp-content\/uploads\/2022\/03\/PENALUNA-Aceite-Aromatizado-de-Oliva-y-Ajo-Cosecha-24-25.jpg","width":600,"height":600},{"@type":"BreadcrumbList","@id":"https:\/\/aovepenaluna.com\/producto\/aceite-ajo\/#breadcrumb","itemListElement":[{"@type":"ListItem","position":1,"name":"Portada","item":"https:\/\/aovepenaluna.com\/es\/"},{"@type":"ListItem","position":2,"name":"TIENDA DE ACEITE DE OLIVA","item":"https:\/\/aovepenaluna.com\/tienda\/"},{"@type":"ListItem","position":3,"name":"Condimento Preparado De Aceite de Oliva y Ajo Cosecha 25-26"}]},{"@type":"WebSite","@id":"https:\/\/aovepenaluna.com\/#website","url":"https:\/\/aovepenaluna.com\/","name":"Aceite de Oliva Virgen Extra Pe\u00f1a Luna","description":"Aceite de Oliva Virgen Extra Ecol\u00f3gico de m\u00e1xima calidad","potentialAction":[{"@type":"SearchAction","target":{"@type":"EntryPoint","urlTemplate":"https:\/\/aovepenaluna.com\/?s={search_term_string}"},"query-input":"required name=search_term_string"}],"inLanguage":"es"}]}},"_links":{"self":[{"href":"https:\/\/aovepenaluna.com\/es\/wp-json\/wp\/v2\/product\/6040","targetHints":{"allow":["GET"]}}],"collection":[{"href":"https:\/\/aovepenaluna.com\/es\/wp-json\/wp\/v2\/product"}],"about":[{"href":"https:\/\/aovepenaluna.com\/es\/wp-json\/wp\/v2\/types\/product"}],"replies":[{"embeddable":true,"href":"https:\/\/aovepenaluna.com\/es\/wp-json\/wp\/v2\/comments?post=6040"}],"wp:featuredmedia":[{"embeddable":true,"href":"https:\/\/aovepenaluna.com\/es\/wp-json\/wp\/v2\/media\/9126"}],"wp:attachment":[{"href":"https:\/\/aovepenaluna.com\/es\/wp-json\/wp\/v2\/media?parent=6040"}],"wp:term":[{"taxonomy":"product_cat","embeddable":true,"href":"https:\/\/aovepenaluna.com\/es\/wp-json\/wp\/v2\/product_cat?post=6040"},{"taxonomy":"product_tag","embeddable":true,"href":"https:\/\/aovepenaluna.com\/es\/wp-json\/wp\/v2\/product_tag?post=6040"}],"curies":[{"name":"wp","href":"https:\/\/api.w.org\/{rel}","templated":true}]}}