{"id":6557,"date":"2022-05-14T15:50:38","date_gmt":"2022-05-14T14:50:38","guid":{"rendered":"http:\/\/aovepenaluna.com\/?page_id=6557"},"modified":"2024-01-11T13:19:54","modified_gmt":"2024-01-11T12:19:54","slug":"fundacion","status":"publish","type":"page","link":"https:\/\/aovepenaluna.com\/es\/fundacion\/","title":{"rendered":"Fundaci\u00f3n"},"content":{"rendered":"<p>[et_pb_section fb_built=\u00bb1&#8243; admin_label=\u00bbsection\u00bb _builder_version=\u00bb4.22.2&#8243; background_color=\u00bbRGBA(255,255,255,0)\u00bb background_image=\u00bbhttp:\/\/aovepenaluna.com\/wp-content\/uploads\/2021\/01\/bg_img01.jpg\u00bb collapsed=\u00bbon\u00bb global_colors_info=\u00bb{}\u00bb][et_pb_row admin_label=\u00bbrow\u00bb _builder_version=\u00bb4.16&#8243; background_size=\u00bbinitial\u00bb background_position=\u00bbtop_left\u00bb background_repeat=\u00bbrepeat\u00bb width=\u00bb60%\u00bb width_tablet=\u00bb80%\u00bb width_phone=\u00bb\u00bb width_last_edited=\u00bbon|phone\u00bb module_alignment=\u00bbcenter\u00bb global_colors_info=\u00bb{}\u00bb][et_pb_column type=\u00bb4_4&#8243; _builder_version=\u00bb4.16&#8243; custom_padding=\u00bb|||\u00bb global_colors_info=\u00bb{}\u00bb custom_padding__hover=\u00bb|||\u00bb][et_pb_text _builder_version=\u00bb4.16&#8243; _module_preset=\u00bbdefault\u00bb text_orientation=\u00bbcenter\u00bb width_tablet=\u00bb\u00bb width_phone=\u00bb\u00bb width_last_edited=\u00bbon|phone\u00bb text_orientation_tablet=\u00bbleft\u00bb text_orientation_phone=\u00bbleft\u00bb text_orientation_last_edited=\u00bbon|phone\u00bb global_colors_info=\u00bb{}\u00bb]<\/p>\n<h1>FUNDACI\u00d3N PE\u00d1A LUNA<\/h1>\n<div id=\"gtx-trans\" style=\"position: absolute; left: 145px; top: 64.4375px;\">\n<div class=\"gtx-trans-icon\"><\/div>\n<\/div>\n<p>[\/et_pb_text][et_pb_image src=\u00bbhttp:\/\/aovepenaluna.com\/wp-content\/uploads\/2022\/06\/654FF9BE-EAE3-498C-A4CF-D21074AFC87F-1-scaled.jpeg\u00bb _builder_version=\u00bb4.23.4&#8243; _module_preset=\u00bbdefault\u00bb alt=\u00bbAOVE Pe\u00f1a Luna &#8211; Fundaci\u00f3n Pe\u00f1a Luna\u00bb title_text=\u00bb654FF9BE-EAE3-498C-A4CF-D21074AFC87F (1)\u00bb hover_enabled=\u00bb0&#8243; sticky_enabled=\u00bb0&#8243;][\/et_pb_image][et_pb_text _builder_version=\u00bb4.16&#8243; _module_preset=\u00bbdefault\u00bb text_orientation=\u00bbcenter\u00bb width_tablet=\u00bb100%\u00bb width_phone=\u00bb100%\u00bb width_last_edited=\u00bbon|tablet\u00bb text_orientation_tablet=\u00bbleft\u00bb text_orientation_phone=\u00bbleft\u00bb text_orientation_last_edited=\u00bbon|desktop\u00bb global_colors_info=\u00bb{}\u00bb]<\/p>\n<p>La Fundaci\u00f3n Pe\u00f1a Luna nace de las inquietudes y el compromiso de Manuel Ram\u00f3n Segura Mancha y de su familia por todos los temas relacionados con el mundo del aceite de oliva y el paisaje rural y humano en el que este se desarrolla. En particular por los problemas del mundo rural, muy especialmente por los que afectan a las mujeres, los j\u00f3venes y colectivos en riesgo de exclusi\u00f3n. Por este motivo en 2021 deciden poner en marcha esta Fundaci\u00f3n a la que han querido dotar de esta Misi\u00f3n, Valores, Fines y Objetivos.<\/p>\n<p>[\/et_pb_text][\/et_pb_column][\/et_pb_row][\/et_pb_section][et_pb_section fb_built=\u00bb1&#8243; disabled_on=\u00bbon|on|off\u00bb admin_label=\u00bbMISI\u00d3N &#8211; ESCRITORIO\u00bb module_class=\u00bbfranjas_ajustadas\u00bb _builder_version=\u00bb4.16&#8243; background_enable_image=\u00bboff\u00bb collapsed=\u00bbon\u00bb global_colors_info=\u00bb{}\u00bb][et_pb_row column_structure=\u00bb1_2,1_2&#8243; use_custom_gutter=\u00bbon\u00bb gutter_width=\u00bb1&#8243; make_equal=\u00bbon\u00bb admin_label=\u00bbrow\u00bb _builder_version=\u00bb4.16&#8243; background_enable_color=\u00bboff\u00bb background_size=\u00bbinitial\u00bb background_position=\u00bbtop_left\u00bb background_repeat=\u00bbrepeat\u00bb width=\u00bb100%\u00bb global_colors_info=\u00bb{}\u00bb][et_pb_column type=\u00bb1_2&#8243; module_class=\u00bbds-vertical-align\u00bb _builder_version=\u00bb4.16&#8243; background_color=\u00bb#9b2828&#8243; custom_padding=\u00bb|||\u00bb global_colors_info=\u00bb{}\u00bb custom_padding__hover=\u00bb|||\u00bb][et_pb_text _builder_version=\u00bb4.16&#8243; _module_preset=\u00bbdefault\u00bb text_font=\u00bb||||||||\u00bb background_color=\u00bbRGBA(255,255,255,0)\u00bb text_orientation=\u00bbcenter\u00bb background_layout=\u00bbdark\u00bb width=\u00bb60%\u00bb width_tablet=\u00bb\u00bb width_phone=\u00bb\u00bb width_last_edited=\u00bbon|phone\u00bb module_alignment=\u00bbcenter\u00bb custom_margin=\u00bb||||false|false\u00bb custom_margin_tablet=\u00bb20%||20%||false|false\u00bb custom_margin_phone=\u00bb25%||20%||false|false\u00bb custom_margin_last_edited=\u00bbon|phone\u00bb text_orientation_tablet=\u00bbleft\u00bb text_orientation_phone=\u00bbleft\u00bb text_orientation_last_edited=\u00bbon|desktop\u00bb global_colors_info=\u00bb{}\u00bb]<\/p>\n<h2>MISI\u00d3N<\/h2>\n<p style=\"text-align: center;\">El proyecto de fundaci\u00f3n Pe\u00f1a tiene como misi\u00f3n lograr, a partir de la producci\u00f3n y de la cultura del olivo, fortalecer la vida en el medio rural, fomentado acciones para: el emprendimiento, la formaci\u00f3n, el acceso a la digitalizaci\u00f3n, la protecci\u00f3n y defensa del patrimonio, la cultura, el arte y el medio ambiente, as\u00ed como ayudando a la mejora de las condiciones de vida y generando oportunidades, en especial en los colectivos de j\u00f3venes, mujeres y personas en riesgo de exclusi\u00f3n.<\/p>\n<p>[\/et_pb_text][\/et_pb_column][et_pb_column type=\u00bb1_2&#8243; module_class=\u00bbds-vertical-align\u00bb _builder_version=\u00bb4.16&#8243; custom_padding=\u00bb|||\u00bb global_colors_info=\u00bb{}\u00bb custom_padding__hover=\u00bb|||\u00bb][et_pb_gallery gallery_ids=\u00bb6580&#8243; fullwidth=\u00bbon\u00bb _builder_version=\u00bb4.16&#8243; _module_preset=\u00bbdefault\u00bb background_layout=\u00bbdark\u00bb global_colors_info=\u00bb{}\u00bb][\/et_pb_gallery][\/et_pb_column][\/et_pb_row][\/et_pb_section][et_pb_section fb_built=\u00bb1&#8243; disabled_on=\u00bboff|off|on\u00bb admin_label=\u00bbMISI\u00d3N &#8211; MOVIL\u00bb _builder_version=\u00bb4.16&#8243; background_color=\u00bb#9b2828&#8243; background_enable_image=\u00bboff\u00bb collapsed=\u00bbon\u00bb global_colors_info=\u00bb{}\u00bb][et_pb_row admin_label=\u00bbrow\u00bb _builder_version=\u00bb4.16&#8243; background_enable_color=\u00bboff\u00bb width=\u00bb100%\u00bb global_colors_info=\u00bb{}\u00bb][et_pb_column type=\u00bb4_4&#8243; _builder_version=\u00bb4.16&#8243; background_enable_color=\u00bboff\u00bb custom_padding=\u00bb|||\u00bb global_colors_info=\u00bb{}\u00bb custom_padding__hover=\u00bb|||\u00bb][et_pb_text _builder_version=\u00bb4.16&#8243; _module_preset=\u00bbdefault\u00bb background_layout=\u00bbdark\u00bb width_tablet=\u00bb80%\u00bb width_phone=\u00bb\u00bb width_last_edited=\u00bbon|phone\u00bb module_alignment=\u00bbcenter\u00bb text_orientation_tablet=\u00bbleft\u00bb text_orientation_phone=\u00bb\u00bb text_orientation_last_edited=\u00bbon|desktop\u00bb global_colors_info=\u00bb{}\u00bb width__hover_enabled=\u00bbon|desktop\u00bb]<\/p>\n<h2>MISI\u00d3N<\/h2>\n<p>El proyecto de fundaci\u00f3n Pe\u00f1a tiene como misi\u00f3n lograr, a partir de la producci\u00f3n y de la cultura del olivo, fortalecer la vida en el medio rural, fomentado acciones para: el emprendimiento, la formaci\u00f3n, el acceso a la digitalizaci\u00f3n, la protecci\u00f3n y defensa del patrimonio, la cultura, el arte y el medio ambiente, as\u00ed como ayudando a la mejora de las condiciones de vida y generando oportunidades, en especial en los colectivos de j\u00f3venes, mujeres y personas en riesgo de exclusi\u00f3n.<\/p>\n<p>[\/et_pb_text][et_pb_gallery gallery_ids=\u00bb6580&#8243; fullwidth=\u00bbon\u00bb _builder_version=\u00bb4.16&#8243; _module_preset=\u00bbdefault\u00bb background_layout=\u00bbdark\u00bb width=\u00bb80%\u00bb module_alignment=\u00bbcenter\u00bb global_colors_info=\u00bb{}\u00bb][\/et_pb_gallery][\/et_pb_column][\/et_pb_row][\/et_pb_section][et_pb_section fb_built=\u00bb1&#8243; disabled_on=\u00bbon|on|off\u00bb admin_label=\u00bbVALORES &#8211; ESCRITORIO\u00bb module_class=\u00bbfranjas_ajustadas\u00bb _builder_version=\u00bb4.16&#8243; background_enable_image=\u00bboff\u00bb collapsed=\u00bbon\u00bb global_colors_info=\u00bb{}\u00bb][et_pb_row column_structure=\u00bb1_2,1_2&#8243; use_custom_gutter=\u00bbon\u00bb gutter_width=\u00bb1&#8243; make_equal=\u00bbon\u00bb admin_label=\u00bbrow\u00bb module_class=\u00bbfranjas_ajustadas\u00bb _builder_version=\u00bb4.16&#8243; background_enable_color=\u00bboff\u00bb background_size=\u00bbinitial\u00bb background_position=\u00bbtop_left\u00bb background_repeat=\u00bbrepeat\u00bb width=\u00bb100%\u00bb global_colors_info=\u00bb{}\u00bb][et_pb_column type=\u00bb1_2&#8243; module_class=\u00bbds-vertical-align\u00bb _builder_version=\u00bb4.16&#8243; background_enable_color=\u00bboff\u00bb custom_padding=\u00bb|||\u00bb global_colors_info=\u00bb{}\u00bb custom_padding__hover=\u00bb|||\u00bb][et_pb_gallery gallery_ids=\u00bb6583&#8243; fullwidth=\u00bbon\u00bb _builder_version=\u00bb4.16&#8243; _module_preset=\u00bbdefault\u00bb background_layout=\u00bbdark\u00bb global_colors_info=\u00bb{}\u00bb][\/et_pb_gallery][\/et_pb_column][et_pb_column type=\u00bb1_2&#8243; module_class=\u00bbds-vertical-align\u00bb _builder_version=\u00bb4.16&#8243; background_color=\u00bb#2b3543&#8243; custom_padding=\u00bb|||\u00bb global_colors_info=\u00bb{}\u00bb custom_padding__hover=\u00bb|||\u00bb][et_pb_text _builder_version=\u00bb4.16&#8243; _module_preset=\u00bbdefault\u00bb text_orientation=\u00bbcenter\u00bb background_layout=\u00bbdark\u00bb width=\u00bb60%\u00bb width_tablet=\u00bb\u00bb width_phone=\u00bb\u00bb width_last_edited=\u00bbon|phone\u00bb module_alignment=\u00bbcenter\u00bb custom_margin_tablet=\u00bb20%||20%||false|false\u00bb custom_margin_phone=\u00bb20%||20%||false|false\u00bb custom_margin_last_edited=\u00bbon|tablet\u00bb text_orientation_tablet=\u00bbleft\u00bb text_orientation_phone=\u00bb\u00bb text_orientation_last_edited=\u00bbon|phone\u00bb global_colors_info=\u00bb{}\u00bb]<\/p>\n<h2>VALORES<\/h2>\n<p style=\"text-align: left;\">Como valores que definen el proyecto:<\/p>\n<ul>\n<li style=\"text-align: left;\">Ser personas honestas con nosotras mismas y con nuestros valores. Ser veraces.<\/li>\n<li style=\"text-align: left;\">Ser personas congruentes con nuestros valores. Dar a cada cosa el valor que realmente tiene.<\/li>\n<li style=\"text-align: left;\">El valor del trabajo bien hecho.<\/li>\n<li style=\"text-align: left;\">Educaci\u00f3n. Aprender, aprender, aprender. El motor de nuestra comunidad.<\/li>\n<li style=\"text-align: left;\">Igualdad. Cualquier persona tiene que ser respetada.<\/li>\n<\/ul>\n<p>[\/et_pb_text][\/et_pb_column][\/et_pb_row][\/et_pb_section][et_pb_section fb_built=\u00bb1&#8243; disabled_on=\u00bbon|on|off\u00bb admin_label=\u00bbsection\u00bb _builder_version=\u00bb4.22.2&#8243; background_color=\u00bbRGBA(255,255,255,0)\u00bb background_image=\u00bbhttp:\/\/aovepenaluna.com\/wp-content\/uploads\/2021\/01\/bg_img01.jpg\u00bb collapsed=\u00bbon\u00bb global_colors_info=\u00bb{}\u00bb][et_pb_row column_structure=\u00bb1_2,1_2&#8243; admin_label=\u00bbrow\u00bb _builder_version=\u00bb4.16&#8243; background_size=\u00bbinitial\u00bb background_position=\u00bbtop_left\u00bb background_repeat=\u00bbrepeat\u00bb width_tablet=\u00bb80%\u00bb width_phone=\u00bb\u00bb width_last_edited=\u00bbon|phone\u00bb module_alignment=\u00bbcenter\u00bb global_colors_info=\u00bb{}\u00bb][et_pb_column type=\u00bb1_2&#8243; _builder_version=\u00bb4.16&#8243; custom_padding=\u00bb|||\u00bb global_colors_info=\u00bb{}\u00bb custom_padding__hover=\u00bb|||\u00bb][et_pb_text _builder_version=\u00bb4.16&#8243; _module_preset=\u00bbdefault\u00bb text_orientation=\u00bbcenter\u00bb width_tablet=\u00bb\u00bb width_phone=\u00bb\u00bb width_last_edited=\u00bbon|phone\u00bb text_orientation_tablet=\u00bbleft\u00bb text_orientation_phone=\u00bbleft\u00bb text_orientation_last_edited=\u00bbon|phone\u00bb global_colors_info=\u00bb{}\u00bb]<\/p>\n<h1>FINES Y OBJETIVOS DE LA FUNDACI\u00d3N<\/h1>\n<div id=\"gtx-trans\" style=\"position: absolute; left: 253px; top: 64.4375px;\">\n<div class=\"gtx-trans-icon\"><\/div>\n<\/div>\n<p>[\/et_pb_text][et_pb_text _builder_version=\u00bb4.16&#8243; _module_preset=\u00bbdefault\u00bb text_orientation=\u00bbcenter\u00bb width_tablet=\u00bb100%\u00bb width_phone=\u00bb100%\u00bb width_last_edited=\u00bbon|tablet\u00bb custom_padding=\u00bb||1px|||\u00bb text_orientation_tablet=\u00bbleft\u00bb text_orientation_phone=\u00bbleft\u00bb text_orientation_last_edited=\u00bbon|desktop\u00bb global_colors_info=\u00bb{}\u00bb]<\/p>\n<p><span>Pe\u00f1a Luna tiene como objetivo apoyar el desarrollo rural del territorio de forma inclusiva, en un marco comunitario, con especial atenci\u00f3n al reto demogr\u00e1fico, al medioambiente y su sostenibilidad, al cuidado y difusi\u00f3n de la cultura y el patrimonio del entorno rural, el fomento de econom\u00eda social y la cooperaci\u00f3n local con dimensi\u00f3n nacional e internacional, mediante una entidad organizada bajo la forma de Fundaci\u00f3n<\/span>.<\/p>\n<p>[\/et_pb_text][et_pb_button button_url=\u00bbhttp:\/\/aovepenaluna.com\/fundacion-fines-y-objetivos\/\u00bb button_text=\u00bbCONOCER M\u00c1S\u00bb button_alignment=\u00bbcenter\u00bb _builder_version=\u00bb4.16&#8243; _module_preset=\u00bbdefault\u00bb custom_padding=\u00bb|60px||60px|false|false\u00bb global_colors_info=\u00bb{}\u00bb][\/et_pb_button][\/et_pb_column][et_pb_column type=\u00bb1_2&#8243; _builder_version=\u00bb4.16&#8243; custom_padding=\u00bb|||\u00bb global_colors_info=\u00bb{}\u00bb custom_padding__hover=\u00bb|||\u00bb][et_pb_video_slider _builder_version=\u00bb4.19.1&#8243; _module_preset=\u00bbdefault\u00bb global_colors_info=\u00bb{}\u00bb][et_pb_video_slider_item src=\u00bbhttps:\/\/www.youtube.com\/watch?v=B36kPT0OBcs\u00bb _builder_version=\u00bb4.19.1&#8243; _module_preset=\u00bbdefault\u00bb global_colors_info=\u00bb{}\u00bb show_image_overlay=\u00bboff\u00bb][\/et_pb_video_slider_item][\/et_pb_video_slider][\/et_pb_column][\/et_pb_row][\/et_pb_section][et_pb_section fb_built=\u00bb1&#8243; disabled_on=\u00bboff|off|on\u00bb admin_label=\u00bbVALORES &#8211; MOVIL\u00bb _builder_version=\u00bb4.16&#8243; background_color=\u00bb#2b3543&#8243; background_enable_image=\u00bboff\u00bb collapsed=\u00bbon\u00bb global_colors_info=\u00bb{}\u00bb][et_pb_row admin_label=\u00bbrow\u00bb _builder_version=\u00bb4.16&#8243; background_enable_color=\u00bboff\u00bb width=\u00bb100%\u00bb global_colors_info=\u00bb{}\u00bb][et_pb_column type=\u00bb4_4&#8243; _builder_version=\u00bb4.16&#8243; background_enable_color=\u00bboff\u00bb custom_padding=\u00bb|||\u00bb global_colors_info=\u00bb{}\u00bb custom_padding__hover=\u00bb|||\u00bb][et_pb_text _builder_version=\u00bb4.16&#8243; _module_preset=\u00bbdefault\u00bb background_layout=\u00bbdark\u00bb width_tablet=\u00bb80%\u00bb width_phone=\u00bb\u00bb width_last_edited=\u00bbon|phone\u00bb module_alignment=\u00bbcenter\u00bb text_orientation_tablet=\u00bbleft\u00bb text_orientation_phone=\u00bb\u00bb text_orientation_last_edited=\u00bbon|desktop\u00bb global_colors_info=\u00bb{}\u00bb width__hover_enabled=\u00bbon|desktop\u00bb]<\/p>\n<h2>VALORES<\/h2>\n<p>Como valores que definen el proyecto:<\/p>\n<ul>\n<li>Ser personas honestas con nosotras mismas y con nuestros valores. Ser veraces.<\/li>\n<li>Ser personas congruentes con nuestros valores. Dar a cada cosa el valor que realmente tiene.<\/li>\n<li>El valor del trabajo bien hecho.<\/li>\n<li>Educaci\u00f3n. Aprender, aprender, aprender. El motor de nuestra comunidad.<\/li>\n<li>Igualdad, Cualquier persona tiene que ser respetada.<\/li>\n<\/ul>\n<p>[\/et_pb_text][et_pb_gallery gallery_ids=\u00bb6583&#8243; fullwidth=\u00bbon\u00bb _builder_version=\u00bb4.16&#8243; _module_preset=\u00bbdefault\u00bb background_layout=\u00bbdark\u00bb width=\u00bb80%\u00bb module_alignment=\u00bbcenter\u00bb global_colors_info=\u00bb{}\u00bb][\/et_pb_gallery][\/et_pb_column][\/et_pb_row][\/et_pb_section][et_pb_section fb_built=\u00bb1&#8243; disabled_on=\u00bboff|off|on\u00bb admin_label=\u00bbVALORES &#8211; MOVIL\u00bb _builder_version=\u00bb4.16&#8243; background_color=\u00bbRGBA(255,255,255,0)\u00bb background_image=\u00bbhttp:\/\/aovepenaluna.com\/wp-content\/uploads\/2021\/01\/bg_img01.jpg\u00bb collapsed=\u00bbon\u00bb global_colors_info=\u00bb{}\u00bb][et_pb_row admin_label=\u00bbrow\u00bb _builder_version=\u00bb4.16&#8243; background_enable_color=\u00bboff\u00bb width=\u00bb100%\u00bb global_colors_info=\u00bb{}\u00bb][et_pb_column type=\u00bb4_4&#8243; _builder_version=\u00bb4.16&#8243; background_enable_color=\u00bboff\u00bb custom_padding=\u00bb|||\u00bb global_colors_info=\u00bb{}\u00bb custom_padding__hover=\u00bb|||\u00bb][et_pb_text _builder_version=\u00bb4.16&#8243; _module_preset=\u00bbdefault\u00bb background_layout=\u00bbdark\u00bb width_tablet=\u00bb80%\u00bb width_phone=\u00bb\u00bb width_last_edited=\u00bbon|phone\u00bb module_alignment=\u00bbcenter\u00bb text_orientation_tablet=\u00bbleft\u00bb text_orientation_phone=\u00bb\u00bb text_orientation_last_edited=\u00bbon|desktop\u00bb global_colors_info=\u00bb{}\u00bb width__hover_enabled=\u00bbon|desktop\u00bb]<\/p>\n<h1><span style=\"color: #85723c;\">FINES Y OBJETIVOS DE LA FUNDACI\u00d3N<\/span><\/h1>\n<p><span style=\"color: #303141;\"><span>Pe\u00f1a Luna tiene como objetivo apoyar el desarrollo rural del territorio de forma inclusiva, en un marco comunitario, con especial atenci\u00f3n al reto demogr\u00e1fico, al medioambiente y su sostenibilidad, al cuidado y difusi\u00f3n de la cultura y el patrimonio del entorno rural, el fomento de econom\u00eda social y la cooperaci\u00f3n local con dimensi\u00f3n nacional e internacional, mediante una entidad organizada bajo la forma de Fundaci\u00f3n<\/span>.<\/span><span style=\"color: #303141;\"><\/span><span style=\"color: #303141;\"><\/span><\/p>\n<p>[\/et_pb_text][et_pb_button button_url=\u00bbhttp:\/\/aovepenaluna.com\/fundacion-fines-y-objetivos\/\u00bb button_text=\u00bbCONOCER M\u00c1S\u00bb button_alignment=\u00bbcenter\u00bb _builder_version=\u00bb4.16&#8243; _module_preset=\u00bbdefault\u00bb custom_padding=\u00bb|60px||60px|false|false\u00bb global_colors_info=\u00bb{}\u00bb][\/et_pb_button][\/et_pb_column][\/et_pb_row][et_pb_row _builder_version=\u00bb4.22.2&#8243; _module_preset=\u00bbdefault\u00bb global_colors_info=\u00bb{}\u00bb][et_pb_column type=\u00bb4_4&#8243; _builder_version=\u00bb4.22.2&#8243; _module_preset=\u00bbdefault\u00bb global_colors_info=\u00bb{}\u00bb][et_pb_video src=\u00bbhttps:\/\/www.youtube.com\/watch?v=B36kPT0OBcs&#038;t=2s\u00bb _builder_version=\u00bb4.22.2&#8243; _module_preset=\u00bbdefault\u00bb global_colors_info=\u00bb{}\u00bb][\/et_pb_video][\/et_pb_column][\/et_pb_row][\/et_pb_section]<\/p>\n","protected":false},"excerpt":{"rendered":"<p>La Fundaci\u00f3n Pe\u00f1a Luna nace de las inquietudes y el compromiso de Manuel Ram\u00f3n Segura Mancha y de su familia por todos los temas relacionados con el mundo del aceite de oliva y el paisaje rural y humano en el que este se desarrolla. En particular por los problemas del mundo rural, muy especialmente por los que afectan a las mujeres, los j\u00f3venes y colectivos en riesgo de exclusi\u00f3n.<\/p>\n","protected":false},"author":2,"featured_media":0,"parent":0,"menu_order":0,"comment_status":"closed","ping_status":"closed","template":"","meta":{"_et_pb_use_builder":"on","_et_pb_old_content":"","_et_gb_content_width":"","footnotes":""},"class_list":["post-6557","page","type-page","status-publish","hentry"],"yoast_head":"<!-- This site is optimized with the Yoast SEO plugin v23.3 - https:\/\/yoast.com\/wordpress\/plugins\/seo\/ -->\n<title>Fundaci\u00f3n - Aceite de Oliva Virgen Extra Pe\u00f1a Luna<\/title>\n<meta name=\"description\" content=\"La Fundaci\u00f3n Pe\u00f1a Luna nace de las inquietudes y el compromiso de Manuel Ram\u00f3n Segura Mancha y de su familia por todos los temas relacionados con el mundo del aceite de oliva y el paisaje rural y humano en el que este se desarrolla.\" \/>\n<meta name=\"robots\" content=\"index, follow, max-snippet:-1, max-image-preview:large, max-video-preview:-1\" \/>\n<link rel=\"canonical\" href=\"https:\/\/aovepenaluna.com\/es\/fundacion\/\" \/>\n<meta property=\"og:locale\" content=\"es_ES\" \/>\n<meta property=\"og:type\" content=\"article\" \/>\n<meta property=\"og:title\" content=\"Fundaci\u00f3n - Aceite de Oliva Virgen Extra Pe\u00f1a Luna\" \/>\n<meta property=\"og:description\" content=\"La Fundaci\u00f3n Pe\u00f1a Luna nace de las inquietudes y el compromiso de Manuel Ram\u00f3n Segura Mancha y de su familia por todos los temas relacionados con el mundo del aceite de oliva y el paisaje rural y humano en el que este se desarrolla.\" \/>\n<meta property=\"og:url\" content=\"https:\/\/aovepenaluna.com\/es\/fundacion\/\" \/>\n<meta property=\"og:site_name\" content=\"Aceite de Oliva Virgen Extra Pe\u00f1a Luna\" \/>\n<meta property=\"article:publisher\" content=\"https:\/\/www.facebook.com\/aovepenaluna\" \/>\n<meta property=\"article:modified_time\" content=\"2024-01-11T12:19:54+00:00\" \/>\n<meta name=\"twitter:card\" content=\"summary_large_image\" \/>\n<meta name=\"twitter:label1\" content=\"Tiempo de lectura\" \/>\n\t<meta name=\"twitter:data1\" content=\"4 minutos\" \/>\n<script type=\"application\/ld+json\" class=\"yoast-schema-graph\">{\"@context\":\"https:\/\/schema.org\",\"@graph\":[{\"@type\":\"WebPage\",\"@id\":\"https:\/\/aovepenaluna.com\/fundacion\/\",\"url\":\"https:\/\/aovepenaluna.com\/fundacion\/\",\"name\":\"Fundaci\u00f3n - Aceite de Oliva Virgen Extra Pe\u00f1a Luna\",\"isPartOf\":{\"@id\":\"https:\/\/aovepenaluna.com\/#website\"},\"datePublished\":\"2022-05-14T14:50:38+00:00\",\"dateModified\":\"2024-01-11T12:19:54+00:00\",\"description\":\"La Fundaci\u00f3n Pe\u00f1a Luna nace de las inquietudes y el compromiso de Manuel Ram\u00f3n Segura Mancha y de su familia por todos los temas relacionados con el mundo del aceite de oliva y el paisaje rural y humano en el que este se desarrolla.\",\"breadcrumb\":{\"@id\":\"https:\/\/aovepenaluna.com\/fundacion\/#breadcrumb\"},\"inLanguage\":\"es\",\"potentialAction\":[{\"@type\":\"ReadAction\",\"target\":[\"https:\/\/aovepenaluna.com\/fundacion\/\"]}]},{\"@type\":\"BreadcrumbList\",\"@id\":\"https:\/\/aovepenaluna.com\/fundacion\/#breadcrumb\",\"itemListElement\":[{\"@type\":\"ListItem\",\"position\":1,\"name\":\"Portada\",\"item\":\"https:\/\/aovepenaluna.com\/es\/\"},{\"@type\":\"ListItem\",\"position\":2,\"name\":\"Fundaci\u00f3n\"}]},{\"@type\":\"WebSite\",\"@id\":\"https:\/\/aovepenaluna.com\/#website\",\"url\":\"https:\/\/aovepenaluna.com\/\",\"name\":\"Aceite de Oliva Virgen Extra Pe\u00f1a Luna\",\"description\":\"Aceite de Oliva Virgen Extra Ecol\u00f3gico de m\u00e1xima calidad\",\"potentialAction\":[{\"@type\":\"SearchAction\",\"target\":{\"@type\":\"EntryPoint\",\"urlTemplate\":\"https:\/\/aovepenaluna.com\/?s={search_term_string}\"},\"query-input\":\"required name=search_term_string\"}],\"inLanguage\":\"es\"}]}<\/script>\n<!-- \/ Yoast SEO plugin. -->","yoast_head_json":{"title":"Fundaci\u00f3n - Aceite de Oliva Virgen Extra Pe\u00f1a Luna","description":"La Fundaci\u00f3n Pe\u00f1a Luna nace de las inquietudes y el compromiso de Manuel Ram\u00f3n Segura Mancha y de su familia por todos los temas relacionados con el mundo del aceite de oliva y el paisaje rural y humano en el que este se desarrolla.","robots":{"index":"index","follow":"follow","max-snippet":"max-snippet:-1","max-image-preview":"max-image-preview:large","max-video-preview":"max-video-preview:-1"},"canonical":"https:\/\/aovepenaluna.com\/es\/fundacion\/","og_locale":"es_ES","og_type":"article","og_title":"Fundaci\u00f3n - Aceite de Oliva Virgen Extra Pe\u00f1a Luna","og_description":"La Fundaci\u00f3n Pe\u00f1a Luna nace de las inquietudes y el compromiso de Manuel Ram\u00f3n Segura Mancha y de su familia por todos los temas relacionados con el mundo del aceite de oliva y el paisaje rural y humano en el que este se desarrolla.","og_url":"https:\/\/aovepenaluna.com\/es\/fundacion\/","og_site_name":"Aceite de Oliva Virgen Extra Pe\u00f1a Luna","article_publisher":"https:\/\/www.facebook.com\/aovepenaluna","article_modified_time":"2024-01-11T12:19:54+00:00","twitter_card":"summary_large_image","twitter_misc":{"Tiempo de lectura":"4 minutos"},"schema":{"@context":"https:\/\/schema.org","@graph":[{"@type":"WebPage","@id":"https:\/\/aovepenaluna.com\/fundacion\/","url":"https:\/\/aovepenaluna.com\/fundacion\/","name":"Fundaci\u00f3n - Aceite de Oliva Virgen Extra Pe\u00f1a Luna","isPartOf":{"@id":"https:\/\/aovepenaluna.com\/#website"},"datePublished":"2022-05-14T14:50:38+00:00","dateModified":"2024-01-11T12:19:54+00:00","description":"La Fundaci\u00f3n Pe\u00f1a Luna nace de las inquietudes y el compromiso de Manuel Ram\u00f3n Segura Mancha y de su familia por todos los temas relacionados con el mundo del aceite de oliva y el paisaje rural y humano en el que este se desarrolla.","breadcrumb":{"@id":"https:\/\/aovepenaluna.com\/fundacion\/#breadcrumb"},"inLanguage":"es","potentialAction":[{"@type":"ReadAction","target":["https:\/\/aovepenaluna.com\/fundacion\/"]}]},{"@type":"BreadcrumbList","@id":"https:\/\/aovepenaluna.com\/fundacion\/#breadcrumb","itemListElement":[{"@type":"ListItem","position":1,"name":"Portada","item":"https:\/\/aovepenaluna.com\/es\/"},{"@type":"ListItem","position":2,"name":"Fundaci\u00f3n"}]},{"@type":"WebSite","@id":"https:\/\/aovepenaluna.com\/#website","url":"https:\/\/aovepenaluna.com\/","name":"Aceite de Oliva Virgen Extra Pe\u00f1a Luna","description":"Aceite de Oliva Virgen Extra Ecol\u00f3gico de m\u00e1xima calidad","potentialAction":[{"@type":"SearchAction","target":{"@type":"EntryPoint","urlTemplate":"https:\/\/aovepenaluna.com\/?s={search_term_string}"},"query-input":"required name=search_term_string"}],"inLanguage":"es"}]}},"_links":{"self":[{"href":"https:\/\/aovepenaluna.com\/es\/wp-json\/wp\/v2\/pages\/6557","targetHints":{"allow":["GET"]}}],"collection":[{"href":"https:\/\/aovepenaluna.com\/es\/wp-json\/wp\/v2\/pages"}],"about":[{"href":"https:\/\/aovepenaluna.com\/es\/wp-json\/wp\/v2\/types\/page"}],"author":[{"embeddable":true,"href":"https:\/\/aovepenaluna.com\/es\/wp-json\/wp\/v2\/users\/2"}],"replies":[{"embeddable":true,"href":"https:\/\/aovepenaluna.com\/es\/wp-json\/wp\/v2\/comments?post=6557"}],"version-history":[{"count":4,"href":"https:\/\/aovepenaluna.com\/es\/wp-json\/wp\/v2\/pages\/6557\/revisions"}],"predecessor-version":[{"id":8101,"href":"https:\/\/aovepenaluna.com\/es\/wp-json\/wp\/v2\/pages\/6557\/revisions\/8101"}],"wp:attachment":[{"href":"https:\/\/aovepenaluna.com\/es\/wp-json\/wp\/v2\/media?parent=6557"}],"curies":[{"name":"wp","href":"https:\/\/api.w.org\/{rel}","templated":true}]}}