{"id":5081,"date":"2021-01-14T12:53:29","date_gmt":"2021-01-14T12:53:29","guid":{"rendered":"http:\/\/aovepenaluna.com\/?page_id=5081"},"modified":"2025-02-10T12:17:22","modified_gmt":"2025-02-10T11:17:22","slug":"monovarietales","status":"publish","type":"page","link":"https:\/\/aovepenaluna.com\/es\/monovarietales\/","title":{"rendered":"MONOVARIETALES"},"content":{"rendered":"<p>[et_pb_section fb_built=\u00bb1&#8243; disabled_on=\u00bboff|off|off\u00bb admin_label=\u00bbSECCION 01 &#8211; ESCRITORIO\u00bb _builder_version=\u00bb4.22.2&#8243; _module_preset=\u00bbdefault\u00bb background_color=\u00bb#f3f2ec\u00bb background_image=\u00bbhttp:\/\/aovepenaluna.com\/wp-content\/uploads\/2021\/01\/monovarietales_10.jpg\u00bb background_size=\u00bbcontain\u00bb background_position=\u00bbtop_center\u00bb min_height=\u00bb717px\u00bb custom_padding=\u00bb||3px|||\u00bb collapsed=\u00bbon\u00bb global_colors_info=\u00bb{}\u00bb][et_pb_row _builder_version=\u00bb4.22.2&#8243; _module_preset=\u00bbdefault\u00bb global_colors_info=\u00bb{}\u00bb][et_pb_column type=\u00bb4_4&#8243; _builder_version=\u00bb4.22.2&#8243; _module_preset=\u00bbdefault\u00bb global_colors_info=\u00bb{}\u00bb][et_pb_text _builder_version=\u00bb4.22.2&#8243; _module_preset=\u00bbdefault\u00bb global_colors_info=\u00bb{}\u00bb]<\/p>\n<h1 style=\"text-align: center;\"><strong>Aceite de Oliva Virgen Extra Monovarietal<\/strong><\/h1>\n<p>[\/et_pb_text][\/et_pb_column][\/et_pb_row][et_pb_row column_structure=\u00bb1_4,1_4,1_4,1_4&#8243; use_custom_gutter=\u00bbon\u00bb gutter_width=\u00bb2&#8243; make_equal=\u00bbon\u00bb _builder_version=\u00bb4.16&#8243; _module_preset=\u00bbdefault\u00bb width=\u00bb90%\u00bb global_colors_info=\u00bb{}\u00bb][et_pb_column type=\u00bb1_4&#8243; _builder_version=\u00bb4.16&#8243; _module_preset=\u00bbdefault\u00bb global_colors_info=\u00bb{}\u00bb][\/et_pb_column][et_pb_column type=\u00bb1_4&#8243; module_class=\u00bbds-vertical-align\u00bb _builder_version=\u00bb4.16&#8243; _module_preset=\u00bbdefault\u00bb global_colors_info=\u00bb{}\u00bb][et_pb_text _builder_version=\u00bb4.22.2&#8243; _module_preset=\u00bbdefault\u00bb text_font=\u00bbTimes New Roman||on||||||\u00bb text_font_size=\u00bb20px\u00bb header_2_font=\u00bbOpen Sans||||||||\u00bb text_orientation=\u00bbright\u00bb global_colors_info=\u00bb{}\u00bb]<\/p>\n<h3><span style=\"font-size: x-large;\">LA LEYENDA DE PE\u00d1A LUNA<\/span><\/h3>\n<p>\u00c9rase una vez una bell\u00edsima princesa que viv\u00eda en un castillo llamado Castillo de la Luna. Cuando anochec\u00eda, se alzaba altanero sobre su loma, y sus paredes de caliza blanca, brillaban y luc\u00edan como la mism\u00edsima luna. Al amanecer, una alfombra de amapolas y campos de cebada cubr\u00edan las tierras que lo rodeaban. Sin embargo, a pesar de tan bello paraje y de las riquezas de las que disfrutaba, aquella princesa era muy desdichada.<\/p>\n<p>[\/et_pb_text][\/et_pb_column][et_pb_column type=\u00bb1_4&#8243; _builder_version=\u00bb4.16&#8243; _module_preset=\u00bbdefault\u00bb global_colors_info=\u00bb{}\u00bb][et_pb_image src=\u00bbhttps:\/\/aovepenaluna.com\/wp-content\/uploads\/2025\/02\/Monovarietal-Hojiblanca-1.jpg\u00bb title_text=\u00bbMonovarietal-Hojiblanca\u00bb _builder_version=\u00bb4.27.0&#8243; _module_preset=\u00bbdefault\u00bb global_colors_info=\u00bb{}\u00bb][\/et_pb_image][\/et_pb_column][et_pb_column type=\u00bb1_4&#8243; module_class=\u00bbalinear-abajo\u00bb _builder_version=\u00bb4.16&#8243; _module_preset=\u00bbdefault\u00bb global_colors_info=\u00bb{}\u00bb][et_pb_text _builder_version=\u00bb4.22.2&#8243; _module_preset=\u00bbdefault\u00bb text_font_size=\u00bb20px\u00bb global_colors_info=\u00bb{}\u00bb]<\/p>\n<h2><span style=\"font-size: xx-large;\"><strong>Variedad Hojiblanca<\/strong><\/span><\/h2>\n<p><span style=\"font-size: medium;\"><strong>Nota de Cata<br \/><\/strong><span style=\"font-size: large;\">Un aove muy equilibrado. En nariz nos recuerda a hoja, frutos tropicales, tomatera y alcachofa. En boca destaca la hoja y la alcachofa con un picor y amargor muy equilibrado.<\/span><\/span><\/p>\n<p><span style=\"font-size: large;\">Maridaje: <span style=\"color: #303141;\">Combina genial con ensaladas, pastas y risottos.<\/span><\/span><\/p>\n<p><span style=\"font-size: medium;\">\u00a0<\/span><\/p>\n<p>[\/et_pb_text][et_pb_button button_url=\u00bbhttp:\/\/aovepenaluna.com\/producto\/hojiblanca\/\u00bb button_text=\u00bbComprar Ahora\u00bb _builder_version=\u00bb4.16&#8243; _module_preset=\u00bbdefault\u00bb custom_padding=\u00bb|50px||50px|false|false\u00bb global_colors_info=\u00bb{}\u00bb][\/et_pb_button][\/et_pb_column][\/et_pb_row][\/et_pb_section][et_pb_section fb_built=\u00bb1&#8243; disabled_on=\u00bboff|off|off\u00bb admin_label=\u00bbSECCION 02 &#8211; ESCRITORIO\u00bb _builder_version=\u00bb4.22.2&#8243; _module_preset=\u00bbdefault\u00bb background_color=\u00bb#f3f2ec\u00bb background_enable_image=\u00bboff\u00bb background_size=\u00bbcontain\u00bb background_position=\u00bbbottom_right\u00bb min_height=\u00bb656px\u00bb collapsed=\u00bbon\u00bb global_colors_info=\u00bb{}\u00bb][et_pb_row column_structure=\u00bb1_3,1_3,1_3,1_4&#8243; make_equal=\u00bbon\u00bb _builder_version=\u00bb4.22.2&#8243; _module_preset=\u00bbdefault\u00bb width=\u00bb88.9%\u00bb global_colors_info=\u00bb{}\u00bb][et_pb_column type=\u00bb1_3&#8243; module_class=\u00bbds-vertical-align\u00bb _builder_version=\u00bb4.16&#8243; _module_preset=\u00bbdefault\u00bb global_colors_info=\u00bb{}\u00bb][et_pb_text _builder_version=\u00bb4.22.2&#8243; _module_preset=\u00bbdefault\u00bb text_font_size=\u00bb20px\u00bb global_colors_info=\u00bb{}\u00bb]<\/p>\n<h2><span style=\"font-size: xx-large;\"><strong>Variedad Arbequina<\/strong><\/span><\/h2>\n<p><strong>Nota de Cata<\/strong><br \/><span style=\"font-size: large;\">Aceite complejo al paladar y que combina en armon\u00eda aroma de frutos frescos y secos. Tiene un sutil sabor a manzana, tomate, banana verde e higuera.<\/span><\/p>\n<p><span style=\"font-size: large;\">Maridaje: Pescado blanco, escabeches, ensaladas y reposter\u00eda.<\/span><\/p>\n<p>[\/et_pb_text][et_pb_button button_url=\u00bbhttp:\/\/aovepenaluna.com\/producto\/arbequina\/\u00bb button_text=\u00bbComprar Ahora\u00bb _builder_version=\u00bb4.16&#8243; _module_preset=\u00bbdefault\u00bb custom_padding=\u00bb|50px||50px|false|false\u00bb global_colors_info=\u00bb{}\u00bb][\/et_pb_button][\/et_pb_column][et_pb_column type=\u00bb1_3&#8243; _builder_version=\u00bb4.16&#8243; _module_preset=\u00bbdefault\u00bb global_colors_info=\u00bb{}\u00bb][et_pb_image src=\u00bbhttps:\/\/aovepenaluna.com\/wp-content\/uploads\/2025\/02\/Monovarietal-Arbequina-1.jpg\u00bb title_text=\u00bbMonovarietal-Arbequina\u00bb _builder_version=\u00bb4.27.0&#8243; _module_preset=\u00bbdefault\u00bb global_colors_info=\u00bb{}\u00bb][\/et_pb_image][\/et_pb_column][et_pb_column type=\u00bb1_3&#8243; module_class=\u00bbalinear-abajo\u00bb _builder_version=\u00bb4.16&#8243; _module_preset=\u00bbdefault\u00bb global_colors_info=\u00bb{}\u00bb][et_pb_text _builder_version=\u00bb4.22.2&#8243; _module_preset=\u00bbdefault\u00bb text_font=\u00bbTimes New Roman||on||||||\u00bb text_font_size=\u00bb20px\u00bb header_2_font=\u00bbOpen Sans|||on|||||\u00bb text_orientation=\u00bbright\u00bb global_colors_info=\u00bb{}\u00bb]<\/p>\n<p>Una noche, los padres, para intentar animar a su \u00fanica hija, organizaron una magn\u00edfica fiesta en el castillo a la que asistieron gentes vecinas y hasta del lejano oriente. La princesa bail\u00f3, convers\u00f3 y ri\u00f3 durante toda la noche, pero algo en su interior le oprim\u00eda el coraz\u00f3n tan fuerte que no la dejaba disfrutar plenamente.<\/p>\n<p>[\/et_pb_text][\/et_pb_column][et_pb_column type=\u00bb1_4&#8243; _builder_version=\u00bb4.16&#8243; _module_preset=\u00bbdefault\u00bb global_colors_info=\u00bb{}\u00bb][\/et_pb_column][\/et_pb_row][\/et_pb_section][et_pb_section fb_built=\u00bb1&#8243; disabled_on=\u00bboff|off|off\u00bb admin_label=\u00bbSECCION 03 &#8211; ESCRITORIO\u00bb module_class=\u00bbfranjas_ajustadas\u00bb _builder_version=\u00bb4.22.2&#8243; _module_preset=\u00bbdefault\u00bb background_color=\u00bb#f3f3eb\u00bb collapsed=\u00bbon\u00bb global_colors_info=\u00bb{}\u00bb][et_pb_row column_structure=\u00bb1_2,1_2&#8243; use_custom_gutter=\u00bbon\u00bb gutter_width=\u00bb2&#8243; _builder_version=\u00bb4.16&#8243; _module_preset=\u00bbdefault\u00bb custom_margin=\u00bb||100px||false|false\u00bb global_colors_info=\u00bb{}\u00bb][et_pb_column type=\u00bb1_2&#8243; _builder_version=\u00bb4.16&#8243; _module_preset=\u00bbdefault\u00bb global_colors_info=\u00bb{}\u00bb][et_pb_image src=\u00bbhttp:\/\/aovepenaluna.com\/wp-content\/uploads\/2024\/01\/monovarietales_05.jpg.webp\u00bb alt=\u00bbAOVE Pe\u00f1a Luna &#8211; Aceite de Oliva Virgen Extra de Extracci\u00f3n temprana Hojiblanca Ecol\u00f3gico\u00bb title_text=\u00bbmonovarietales_05.jpg\u00bb _builder_version=\u00bb4.27.0&#8243; _module_preset=\u00bbdefault\u00bb global_colors_info=\u00bb{}\u00bb][\/et_pb_image][\/et_pb_column][et_pb_column type=\u00bb1_2&#8243; _builder_version=\u00bb4.16&#8243; _module_preset=\u00bbdefault\u00bb custom_padding=\u00bb100px||||false|false\u00bb global_colors_info=\u00bb{}\u00bb][et_pb_text _builder_version=\u00bb4.22.2&#8243; _module_preset=\u00bbdefault\u00bb text_font_size=\u00bb20px\u00bb width=\u00bb80%\u00bb module_alignment=\u00bbleft\u00bb global_colors_info=\u00bb{}\u00bb]<\/p>\n<h2><span style=\"font-size: xx-large;\"><strong>Ecol\u00f3gico \u2013 Variedad Hojiblanca<\/strong><\/span><\/h2>\n<p style=\"text-align: justify;\"><strong>Nota de Cata<br \/><\/strong><span style=\"font-size: large;\">Frutado de aceitunas verdes de intensidad media alta, y notas arom\u00e1ticas de hierba reci\u00e9n cortada, plantas silvestres y hortalizas. Aparecen la tomatera, hierba verde y la alcachofa. Amargor y picor en progresi\u00f3n. Presenta una persistencia agradable, es un aceite muy arom\u00e1tico y equilibrado.<\/span><\/p>\n<p style=\"text-align: justify;\"><span style=\"font-size: large;\">Maridaje: Es un aceite delicioso para consumir en crudo en nuestros desayunos y meriendas con panes tradicionales.<\/span><\/p>\n<p style=\"text-align: justify;\"><span style=\"font-size: large;\">Formato disponible: Botella Cristal 500ML<\/span><\/p>\n<p>[\/et_pb_text][et_pb_button button_url=\u00bbhttp:\/\/aovepenaluna.com\/producto\/aove-ecologico-hojiblanca\/\u00bb button_text=\u00bbComprar Ahora\u00bb _builder_version=\u00bb4.16&#8243; _module_preset=\u00bbdefault\u00bb custom_padding=\u00bb|50px||50px|false|false\u00bb global_colors_info=\u00bb{}\u00bb][\/et_pb_button][\/et_pb_column][\/et_pb_row][\/et_pb_section][et_pb_section fb_built=\u00bb1&#8243; disabled_on=\u00bboff|off|off\u00bb admin_label=\u00bbSECCION 03 &#8211; ESCRITORIO\u00bb module_class=\u00bbfranjas_ajustadas\u00bb _builder_version=\u00bb4.22.2&#8243; _module_preset=\u00bbdefault\u00bb background_color=\u00bb#f3f3eb\u00bb background_image=\u00bbhttp:\/\/aovepenaluna.com\/wp-content\/uploads\/2021\/01\/monovarietales_11.jpg\u00bb collapsed=\u00bbon\u00bb global_colors_info=\u00bb{}\u00bb][et_pb_row column_structure=\u00bb1_4,1_4,1_4,1_4&#8243; use_custom_gutter=\u00bbon\u00bb gutter_width=\u00bb1&#8243; _builder_version=\u00bb4.22.2&#8243; _module_preset=\u00bbdefault\u00bb module_alignment=\u00bbcenter\u00bb custom_padding=\u00bb||85px|||\u00bb global_colors_info=\u00bb{}\u00bb][et_pb_column type=\u00bb1_4&#8243; _builder_version=\u00bb4.16&#8243; _module_preset=\u00bbdefault\u00bb global_colors_info=\u00bb{}\u00bb][et_pb_text _builder_version=\u00bb4.22.2&#8243; _module_preset=\u00bbdefault\u00bb width=\u00bb80%\u00bb module_alignment=\u00bbleft\u00bb min_height=\u00bb185.6px\u00bb custom_margin=\u00bb|-76px|||false|false\u00bb custom_padding=\u00bb188px||||false|false\u00bb global_colors_info=\u00bb{}\u00bb]<\/p>\n<h2 style=\"text-align: justify;\"><span style=\"font-size: xx-large;\"><strong>Variedad Koroneiki<\/strong><\/span><\/h2>\n<p style=\"text-align: justify;\"><strong>Nota de Cata<br \/><\/strong><span style=\"font-size: large;\">En nariz se detonan flores silvestres, frutos secos, pimienta y ci\u0301trico japone\u0301s yuzu. En boca es ma\u0301s picante que amargo, con un toque a avellana e hinojo.<\/span><\/p>\n<p style=\"text-align: justify;\"><span style=\"font-size: large;\">Maridaje: Es ideal para ensaladas, marinados de salmo\u0301n, atu\u0301n o anchoas. Tambie\u0301n con tartar de salmo\u0301n, atu\u0301n, lubina y ceviches.<\/span><\/p>\n<p><span style=\"font-size: medium;\"><\/span><\/p>\n<p>[\/et_pb_text][et_pb_button button_url=\u00bbhttp:\/\/aovepenaluna.com\/producto\/aove-variedad-koroneiki\/\u00bb button_text=\u00bbComprar Ahora\u00bb _builder_version=\u00bb4.16&#8243; _module_preset=\u00bbdefault\u00bb custom_padding=\u00bb|50px||50px|false|false\u00bb global_colors_info=\u00bb{}\u00bb][\/et_pb_button][\/et_pb_column][et_pb_column type=\u00bb1_4&#8243; _builder_version=\u00bb4.16&#8243; _module_preset=\u00bbdefault\u00bb custom_padding=\u00bb100px||||false|false\u00bb global_colors_info=\u00bb{}\u00bb][et_pb_image src=\u00bbhttps:\/\/aovepenaluna.com\/wp-content\/uploads\/2025\/02\/Monovarietal-Koroneikii.jpg\u00bb alt=\u00bbaove koroneiki\u00bb title_text=\u00bbMonovarietal-Koroneikii\u00bb _builder_version=\u00bb4.27.0&#8243; _module_preset=\u00bbdefault\u00bb custom_margin=\u00bb|-71px||||\u00bb global_colors_info=\u00bb{}\u00bb][\/et_pb_image][\/et_pb_column][et_pb_column type=\u00bb1_4&#8243; _builder_version=\u00bb4.16&#8243; _module_preset=\u00bbdefault\u00bb custom_padding=\u00bb100px||||false|false\u00bb global_colors_info=\u00bb{}\u00bb][et_pb_text _builder_version=\u00bb4.22.2&#8243; _module_preset=\u00bbdefault\u00bb text_font=\u00bbTimes New Roman||on||||||\u00bb text_font_size=\u00bb20px\u00bb header_2_font=\u00bbOpen Sans|||on|||||\u00bb text_orientation=\u00bbright\u00bb width=\u00bb113.9%\u00bb custom_margin=\u00bb28px||||false|false\u00bb custom_padding=\u00bb||||false|false\u00bb global_colors_info=\u00bb{}\u00bb]<\/p>\n<p>Al final de la noche, cuando la princesa se desped\u00eda de todos los invitados, un hombre apuesto, moreno y de grandes ojos verdes cogi\u00f3 su mano y, mir\u00e1ndola fijamente le dijo: te necesitamos, ay\u00fadanos&#8230; para desaparecer despu\u00e9s entre la multitud. Aquella princesa triste se qued\u00f3 confundida y sinti\u00f3 la necesidad de encontrar aquel hombre para descubrir lo que tanto le atormentaba. Pasaron horas, d\u00edas y meses, pero por mucho que buscaban, nadie conoc\u00eda el paradero de aquel misterioso personaje.<\/p>\n<p>[\/et_pb_text][\/et_pb_column][et_pb_column type=\u00bb1_4&#8243; _builder_version=\u00bb4.16&#8243; _module_preset=\u00bbdefault\u00bb custom_padding=\u00bb100px||||false|false\u00bb global_colors_info=\u00bb{}\u00bb][\/et_pb_column][\/et_pb_row][\/et_pb_section][et_pb_section fb_built=\u00bb1&#8243; fullwidth=\u00bbon\u00bb disabled_on=\u00bboff|off|off\u00bb admin_label=\u00bbSECCION 04.2 &#8211; ESCRITORIO\u00bb _builder_version=\u00bb4.22.2&#8243; _module_preset=\u00bbdefault\u00bb collapsed=\u00bbon\u00bb global_colors_info=\u00bb{}\u00bb][et_pb_fullwidth_image src=\u00bbhttp:\/\/aovepenaluna.com\/wp-content\/uploads\/2022\/03\/monovarietales_07-2.jpg\u00bb _builder_version=\u00bb4.27.0&#8243; _module_preset=\u00bbdefault\u00bb custom_margin=\u00bb-4px|||||\u00bb custom_padding=\u00bb0px|||||\u00bb animation_direction=\u00bbleft\u00bb global_colors_info=\u00bb{}\u00bb][\/et_pb_fullwidth_image][\/et_pb_section][et_pb_section fb_built=\u00bb1&#8243; disabled_on=\u00bboff|off|off\u00bb admin_label=\u00bbSECCION 05 &#8211; ESCRITORIO\u00bb module_class=\u00bbfranjas_ajustadas\u00bb _builder_version=\u00bb4.22.2&#8243; _module_preset=\u00bbdefault\u00bb collapsed=\u00bbon\u00bb global_colors_info=\u00bb{}\u00bb][\/et_pb_section]<\/p>\n","protected":false},"excerpt":{"rendered":"<p>Aceite de Oliva Virgen Extra MonovarietalLA LEYENDA DE PE\u00d1A LUNA \u00c9rase una vez una bell\u00edsima princesa que viv\u00eda en un castillo llamado Castillo de la Luna. Cuando anochec\u00eda, se alzaba altanero sobre su loma, y sus paredes de caliza blanca, brillaban y luc\u00edan como la mism\u00edsima luna. Al amanecer, una alfombra de amapolas y campos [&hellip;]<\/p>\n","protected":false},"author":17,"featured_media":0,"parent":0,"menu_order":0,"comment_status":"closed","ping_status":"closed","template":"","meta":{"_et_pb_use_builder":"on","_et_pb_old_content":"","_et_gb_content_width":"","footnotes":""},"class_list":["post-5081","page","type-page","status-publish","hentry"],"yoast_head":"<!-- This site is optimized with the Yoast SEO plugin v23.3 - https:\/\/yoast.com\/wordpress\/plugins\/seo\/ -->\n<title>MONOVARIETALES - Aceite de Oliva Virgen Extra Pe\u00f1a Luna<\/title>\n<meta name=\"description\" content=\"Nuestros Aceites de Oliva Virgen Extra monovarietales de extracci\u00f3n temprana se recogen durante los mese de octubre y noviembre cuando...\" \/>\n<meta name=\"robots\" content=\"index, follow, max-snippet:-1, max-image-preview:large, max-video-preview:-1\" \/>\n<link rel=\"canonical\" href=\"https:\/\/aovepenaluna.com\/es\/monovarietales\/\" \/>\n<meta property=\"og:locale\" content=\"es_ES\" \/>\n<meta property=\"og:type\" content=\"article\" \/>\n<meta property=\"og:title\" content=\"MONOVARIETALES - Aceite de Oliva Virgen Extra Pe\u00f1a Luna\" \/>\n<meta property=\"og:description\" content=\"Nuestros Aceites de Oliva Virgen Extra monovarietales de extracci\u00f3n temprana se recogen durante los mese de octubre y noviembre cuando...\" \/>\n<meta property=\"og:url\" content=\"https:\/\/aovepenaluna.com\/es\/monovarietales\/\" \/>\n<meta property=\"og:site_name\" content=\"Aceite de Oliva Virgen Extra Pe\u00f1a Luna\" \/>\n<meta property=\"article:publisher\" content=\"https:\/\/www.facebook.com\/aovepenaluna\" \/>\n<meta property=\"article:modified_time\" content=\"2025-02-10T11:17:22+00:00\" \/>\n<meta name=\"twitter:card\" content=\"summary_large_image\" \/>\n<meta name=\"twitter:label1\" content=\"Tiempo de lectura\" \/>\n\t<meta name=\"twitter:data1\" content=\"4 minutos\" \/>\n<script type=\"application\/ld+json\" class=\"yoast-schema-graph\">{\"@context\":\"https:\/\/schema.org\",\"@graph\":[{\"@type\":\"WebPage\",\"@id\":\"https:\/\/aovepenaluna.com\/es\/monovarietales\/\",\"url\":\"https:\/\/aovepenaluna.com\/es\/monovarietales\/\",\"name\":\"MONOVARIETALES - Aceite de Oliva Virgen Extra Pe\u00f1a Luna\",\"isPartOf\":{\"@id\":\"https:\/\/aovepenaluna.com\/#website\"},\"datePublished\":\"2021-01-14T12:53:29+00:00\",\"dateModified\":\"2025-02-10T11:17:22+00:00\",\"description\":\"Nuestros Aceites de Oliva Virgen Extra monovarietales de extracci\u00f3n temprana se recogen durante los mese de octubre y noviembre cuando...\",\"breadcrumb\":{\"@id\":\"https:\/\/aovepenaluna.com\/es\/monovarietales\/#breadcrumb\"},\"inLanguage\":\"es\",\"potentialAction\":[{\"@type\":\"ReadAction\",\"target\":[\"https:\/\/aovepenaluna.com\/es\/monovarietales\/\"]}]},{\"@type\":\"BreadcrumbList\",\"@id\":\"https:\/\/aovepenaluna.com\/es\/monovarietales\/#breadcrumb\",\"itemListElement\":[{\"@type\":\"ListItem\",\"position\":1,\"name\":\"Portada\",\"item\":\"https:\/\/aovepenaluna.com\/es\/\"},{\"@type\":\"ListItem\",\"position\":2,\"name\":\"MONOVARIETALES\"}]},{\"@type\":\"WebSite\",\"@id\":\"https:\/\/aovepenaluna.com\/#website\",\"url\":\"https:\/\/aovepenaluna.com\/\",\"name\":\"Aceite de Oliva Virgen Extra Pe\u00f1a Luna\",\"description\":\"Aceite de Oliva Virgen Extra Ecol\u00f3gico de m\u00e1xima calidad\",\"potentialAction\":[{\"@type\":\"SearchAction\",\"target\":{\"@type\":\"EntryPoint\",\"urlTemplate\":\"https:\/\/aovepenaluna.com\/?s={search_term_string}\"},\"query-input\":\"required name=search_term_string\"}],\"inLanguage\":\"es\"}]}<\/script>\n<!-- \/ Yoast SEO plugin. -->","yoast_head_json":{"title":"MONOVARIETALES - Aceite de Oliva Virgen Extra Pe\u00f1a Luna","description":"Nuestros Aceites de Oliva Virgen Extra monovarietales de extracci\u00f3n temprana se recogen durante los mese de octubre y noviembre cuando...","robots":{"index":"index","follow":"follow","max-snippet":"max-snippet:-1","max-image-preview":"max-image-preview:large","max-video-preview":"max-video-preview:-1"},"canonical":"https:\/\/aovepenaluna.com\/es\/monovarietales\/","og_locale":"es_ES","og_type":"article","og_title":"MONOVARIETALES - Aceite de Oliva Virgen Extra Pe\u00f1a Luna","og_description":"Nuestros Aceites de Oliva Virgen Extra monovarietales de extracci\u00f3n temprana se recogen durante los mese de octubre y noviembre cuando...","og_url":"https:\/\/aovepenaluna.com\/es\/monovarietales\/","og_site_name":"Aceite de Oliva Virgen Extra Pe\u00f1a Luna","article_publisher":"https:\/\/www.facebook.com\/aovepenaluna","article_modified_time":"2025-02-10T11:17:22+00:00","twitter_card":"summary_large_image","twitter_misc":{"Tiempo de lectura":"4 minutos"},"schema":{"@context":"https:\/\/schema.org","@graph":[{"@type":"WebPage","@id":"https:\/\/aovepenaluna.com\/es\/monovarietales\/","url":"https:\/\/aovepenaluna.com\/es\/monovarietales\/","name":"MONOVARIETALES - Aceite de Oliva Virgen Extra Pe\u00f1a Luna","isPartOf":{"@id":"https:\/\/aovepenaluna.com\/#website"},"datePublished":"2021-01-14T12:53:29+00:00","dateModified":"2025-02-10T11:17:22+00:00","description":"Nuestros Aceites de Oliva Virgen Extra monovarietales de extracci\u00f3n temprana se recogen durante los mese de octubre y noviembre cuando...","breadcrumb":{"@id":"https:\/\/aovepenaluna.com\/es\/monovarietales\/#breadcrumb"},"inLanguage":"es","potentialAction":[{"@type":"ReadAction","target":["https:\/\/aovepenaluna.com\/es\/monovarietales\/"]}]},{"@type":"BreadcrumbList","@id":"https:\/\/aovepenaluna.com\/es\/monovarietales\/#breadcrumb","itemListElement":[{"@type":"ListItem","position":1,"name":"Portada","item":"https:\/\/aovepenaluna.com\/es\/"},{"@type":"ListItem","position":2,"name":"MONOVARIETALES"}]},{"@type":"WebSite","@id":"https:\/\/aovepenaluna.com\/#website","url":"https:\/\/aovepenaluna.com\/","name":"Aceite de Oliva Virgen Extra Pe\u00f1a Luna","description":"Aceite de Oliva Virgen Extra Ecol\u00f3gico de m\u00e1xima calidad","potentialAction":[{"@type":"SearchAction","target":{"@type":"EntryPoint","urlTemplate":"https:\/\/aovepenaluna.com\/?s={search_term_string}"},"query-input":"required name=search_term_string"}],"inLanguage":"es"}]}},"_links":{"self":[{"href":"https:\/\/aovepenaluna.com\/es\/wp-json\/wp\/v2\/pages\/5081","targetHints":{"allow":["GET"]}}],"collection":[{"href":"https:\/\/aovepenaluna.com\/es\/wp-json\/wp\/v2\/pages"}],"about":[{"href":"https:\/\/aovepenaluna.com\/es\/wp-json\/wp\/v2\/types\/page"}],"author":[{"embeddable":true,"href":"https:\/\/aovepenaluna.com\/es\/wp-json\/wp\/v2\/users\/17"}],"replies":[{"embeddable":true,"href":"https:\/\/aovepenaluna.com\/es\/wp-json\/wp\/v2\/comments?post=5081"}],"version-history":[{"count":12,"href":"https:\/\/aovepenaluna.com\/es\/wp-json\/wp\/v2\/pages\/5081\/revisions"}],"predecessor-version":[{"id":9268,"href":"https:\/\/aovepenaluna.com\/es\/wp-json\/wp\/v2\/pages\/5081\/revisions\/9268"}],"wp:attachment":[{"href":"https:\/\/aovepenaluna.com\/es\/wp-json\/wp\/v2\/media?parent=5081"}],"curies":[{"name":"wp","href":"https:\/\/api.w.org\/{rel}","templated":true}]}}