{"id":6350,"date":"2022-04-17T13:11:38","date_gmt":"2022-04-17T12:11:38","guid":{"rendered":"http:\/\/aovepenaluna.com\/?post_type=product&#038;p=6350"},"modified":"2026-04-13T12:40:11","modified_gmt":"2026-04-13T11:40:11","slug":"aove-variedad-koroneiki","status":"publish","type":"product","link":"https:\/\/aovepenaluna.com\/en\/product\/aove-variedad-koroneiki\/","title":{"rendered":"Extra Virgin Olive Oil (EVOO) KORONEIKI Variety 25-26 Harvest"},"content":{"rendered":"<p>[et_pb_section fb_built=\u00bb1&#8243; _builder_version=\u00bb4.23.1&#8243; background_color=\u00bbRGBA(255,255,255,0)\u00bb custom_padding=\u00bb0px||||false|false\u00bb global_colors_info=\u00bb{}\u00bb][et_pb_row _builder_version=\u00bb4.16&#8243; background_size=\u00bbinitial\u00bb background_position=\u00bbtop_left\u00bb background_repeat=\u00bbrepeat\u00bb width=\u00bb100%\u00bb custom_padding=\u00bb0px||0px||false|false\u00bb global_colors_info=\u00bb{}\u00bb][et_pb_column type=\u00bb4_4&#8243; _builder_version=\u00bb4.16&#8243; custom_padding=\u00bb|||\u00bb global_colors_info=\u00bb{}\u00bb custom_padding__hover=\u00bb|||\u00bb][et_pb_wc_breadcrumb _builder_version=\u00bb4.16&#8243; global_colors_info=\u00bb{}\u00bb][\/et_pb_wc_breadcrumb][et_pb_wc_cart_notice _builder_version=\u00bb4.16&#8243; global_colors_info=\u00bb{}\u00bb][\/et_pb_wc_cart_notice][\/et_pb_column][\/et_pb_row][et_pb_row column_structure=\u00bb1_2,1_2&#8243; _builder_version=\u00bb4.27.0&#8243; background_color=\u00bb#FFFFFF\u00bb background_size=\u00bbinitial\u00bb background_position=\u00bbtop_left\u00bb background_repeat=\u00bbrepeat\u00bb width=\u00bb100%\u00bb custom_padding=\u00bb0px||||false|false\u00bb global_colors_info=\u00bb{}\u00bb][et_pb_column type=\u00bb1_2&#8243; _builder_version=\u00bb4.16&#8243; custom_padding=\u00bb|||\u00bb global_colors_info=\u00bb{}\u00bb custom_padding__hover=\u00bb|||\u00bb][et_pb_wc_images _builder_version=\u00bb4.27.0&#8243; global_colors_info=\u00bb{}\u00bb][\/et_pb_wc_images][\/et_pb_column][et_pb_column type=\u00bb1_2&#8243; _builder_version=\u00bb4.16&#8243; custom_padding=\u00bb|||\u00bb global_colors_info=\u00bb{}\u00bb custom_padding__hover=\u00bb|||\u00bb][et_pb_wc_title _builder_version=\u00bb4.27.0&#8243; header_font=\u00bbTrebuchet||||||||\u00bb header_text_color=\u00bb#808000&#8243; header_font_size=\u00bb24px\u00bb custom_margin=\u00bb10px||||false|false\u00bb global_colors_info=\u00bb{}\u00bb][\/et_pb_wc_title][et_pb_wc_price admin_label=\u00bbPrecio del producto Woo\u00bb _builder_version=\u00bb4.27.0&#8243; body_font_size=\u00bb22px\u00bb global_colors_info=\u00bb{}\u00bb][\/et_pb_wc_price][et_pb_wc_rating _builder_version=\u00bb4.16&#8243; global_colors_info=\u00bb{}\u00bb][\/et_pb_wc_rating][et_pb_wc_description admin_label=\u00bbWoo Descripci\u00f3n del producto\u00bb _builder_version=\u00bb4.27.0&#8243; body_font=\u00bbTrebuchet||||||||\u00bb body_font_size=\u00bb14px\u00bb global_colors_info=\u00bb{}\u00bb][\/et_pb_wc_description][et_pb_wc_add_to_cart _builder_version=\u00bb4.16&#8243; global_colors_info=\u00bb{}\u00bb][\/et_pb_wc_add_to_cart][et_pb_wc_meta show_sku=\u00bboff\u00bb show_tags=\u00bboff\u00bb _builder_version=\u00bb4.27.0&#8243; global_colors_info=\u00bb{}\u00bb][\/et_pb_wc_meta][\/et_pb_column][\/et_pb_row][et_pb_row _builder_version=\u00bb4.16&#8243; background_size=\u00bbinitial\u00bb background_position=\u00bbtop_left\u00bb background_repeat=\u00bbrepeat\u00bb width=\u00bb100%\u00bb global_colors_info=\u00bb{}\u00bb][et_pb_column type=\u00bb4_4&#8243; _builder_version=\u00bb4.16&#8243; custom_padding=\u00bb|||\u00bb global_colors_info=\u00bb{}\u00bb custom_padding__hover=\u00bb|||\u00bb][et_pb_wc_related_products _builder_version=\u00bb4.16&#8243; global_colors_info=\u00bb{}\u00bb][\/et_pb_wc_related_products][\/et_pb_column][\/et_pb_row][\/et_pb_section][et_pb_section fb_built=\u00bb1&#8243; module_class=\u00bbds-vertical-align\u00bb _builder_version=\u00bb4.17.6&#8243; _module_preset=\u00bbdefault\u00bb background_color=\u00bb#f3f2ec\u00bb background_image=\u00bbhttp:\/\/aovepenaluna.com\/wp-content\/uploads\/2022\/07\/ft_02.webp\u00bb background_size=\u00bbcontain\u00bb background_position=\u00bbtop_center\u00bb min_height=\u00bb545px\u00bb custom_padding=\u00bb||76px|||\u00bb global_colors_info=\u00bb{}\u00bb][et_pb_row column_structure=\u00bb1_5,1_5,1_5,1_5,1_5&#8243; _builder_version=\u00bb4.16&#8243; _module_preset=\u00bbdefault\u00bb module_alignment=\u00bbcenter\u00bb global_colors_info=\u00bb{}\u00bb][et_pb_column type=\u00bb1_5&#8243; module_class=\u00bbds-vertical-align\u00bb _builder_version=\u00bb4.16&#8243; _module_preset=\u00bbdefault\u00bb global_colors_info=\u00bb{}\u00bb][et_pb_text _builder_version=\u00bb4.16&#8243; _module_preset=\u00bbdefault\u00bb global_colors_info=\u00bb{}\u00bb]<\/p>\n<p>SEGURA Y G\u00d3MEZ ANCESTRAL, S.L.<\/p>\n<p>QUALITY ASSURANCE<\/p>\n<p>Calle Gitanilla n\u00ba 64<br \/>41566 Pedrera ( Sevilla )<br \/>WhatsApp: <a href=\"tel:+665 537 394\">665 537 394<\/a><br \/>Phone: <a href=\"tel:+670 667 685\">670 667 685<\/a><br \/><a href=\"mailto:info@aovepenaluna.com\">info@aovepenaluna.com<\/a><\/p>\n<p>[\/et_pb_text][\/et_pb_column][et_pb_column type=\u00bb1_5&#8243; module_class=\u00bbds-vertical-align\u00bb _builder_version=\u00bb4.16&#8243; _module_preset=\u00bbdefault\u00bb global_colors_info=\u00bb{}\u00bb][et_pb_text _builder_version=\u00bb4.25.0&#8243; _module_preset=\u00bbdefault\u00bb global_colors_info=\u00bb{}\u00bb]<\/p>\n<p>INFORMATION<\/p>\n<p>\u00b7 <a href=\"http:\/\/aovepenaluna.com\/en\/\">Home<\/a><br \/>\u00b7 <a href=\"http:\/\/aovepenaluna.com\/en\/quieres-conocernos\/\">Get to know us<\/a><br \/>\u00b7 <a href=\"https:\/\/aovepenaluna.com\/en\/del-olivo-a-tu-mesa\/\">From the olive tree to your table<\/a><br \/>\u00b7 <a href=\"http:\/\/aovepenaluna.com\/en\/ancestral\/\">Ancestral<\/a><br \/>\u00b7 <a href=\"http:\/\/aovepenaluna.com\/en\/monovarietales\/\">Monovarietals<\/a><br \/>\u00b7 <a href=\"http:\/\/aovepenaluna.com\/en\/aromatizados\/\">Flavoured<\/a><br \/>\u00b7 <a href=\"http:\/\/aovepenaluna.com\/en\/contacto\/\">Contact<\/a><\/p>\n<p>[\/et_pb_text][\/et_pb_column][et_pb_column type=\u00bb1_5&#8243; module_class=\u00bbds-vertical-align\u00bb _builder_version=\u00bb4.16&#8243; _module_preset=\u00bbdefault\u00bb global_colors_info=\u00bb{}\u00bb][et_pb_image src=\u00bbhttp:\/\/aovepenaluna.com\/wp-content\/uploads\/2022\/07\/logo-ft.webp\u00bb title_text=\u00bblogo-ft\u00bb align=\u00bbcenter\u00bb _builder_version=\u00bb4.17.6&#8243; _module_preset=\u00bbdefault\u00bb custom_margin=\u00bb||23px|||\u00bb global_colors_info=\u00bb{}\u00bb][\/et_pb_image][et_pb_text _builder_version=\u00bb4.25.2&#8243; _module_preset=\u00bbdefault\u00bb text_orientation=\u00bbcenter\u00bb width=\u00bb80%\u00bb width_tablet=\u00bb\u00bb width_phone=\u00bb\u00bb width_last_edited=\u00bbon|desktop\u00bb module_alignment=\u00bbcenter\u00bb custom_margin=\u00bb||11px|||\u00bb global_colors_info=\u00bb{}\u00bb]<\/p>\n<p><a href=\"http:\/\/aovepenaluna.com\/en\/avisos-legales\/\" name=\"avisos legales\">LEGAL NOTICES<\/a>\u00a0<\/p>\n<p><a name=\"politica de cookies\" href=\"http:\/\/aovepenaluna.com\/en\/politica-de-cookies-ue\/\">COOKIE POLICY<\/a><\/p>\n<p>\u00a0<a href=\"http:\/\/aovepenaluna.com\/en\/avisos-legales\/\" name=\"pol\u00edtica de privacidad\">PRIVACY POLICY<\/a><\/p>\n<p>\u00a0<a href=\"http:\/\/aovepenaluna.com\/en\/reembolso_devoluciones\/\" name=\"pol\u00edtica de devoluciones\">RETURN POLICY<\/a><\/p>\n<p>[\/et_pb_text][et_pb_social_media_follow use_icon_font_size=\u00bbon\u00bb icon_font_size=\u00bb45px\u00bb _builder_version=\u00bb4.25.2&#8243; _module_preset=\u00bbdefault\u00bb text_orientation=\u00bbcenter\u00bb global_colors_info=\u00bb{}\u00bb][et_pb_social_media_follow_network social_network=\u00bbfacebook\u00bb url=\u00bbhttps:\/\/www.facebook.com\/aovepenaluna\u00bb icon_color=\u00bb#877147&#8243; _builder_version=\u00bb4.16&#8243; _module_preset=\u00bbdefault\u00bb background_enable_color=\u00bboff\u00bb global_colors_info=\u00bb{}\u00bb follow_button=\u00bboff\u00bb url_new_window=\u00bbon\u00bb]facebook[\/et_pb_social_media_follow_network][et_pb_social_media_follow_network social_network=\u00bbinstagram\u00bb url=\u00bbhttps:\/\/www.instagram.com\/aove_penaluna\/\u00bb icon_color=\u00bb#877147&#8243; _builder_version=\u00bb4.16&#8243; _module_preset=\u00bbdefault\u00bb background_enable_color=\u00bboff\u00bb global_colors_info=\u00bb{}\u00bb follow_button=\u00bboff\u00bb url_new_window=\u00bbon\u00bb]instagram[\/et_pb_social_media_follow_network][\/et_pb_social_media_follow][\/et_pb_column][et_pb_column type=\u00bb1_5&#8243; module_class=\u00bbds-vertical-align\u00bb _builder_version=\u00bb4.16&#8243; _module_preset=\u00bbdefault\u00bb global_colors_info=\u00bb{}\u00bb][\/et_pb_column][et_pb_column type=\u00bb1_5&#8243; module_class=\u00bbds-vertical-align\u00bb _builder_version=\u00bb4.16&#8243; _module_preset=\u00bbdefault\u00bb global_colors_info=\u00bb{}\u00bb][\/et_pb_column][\/et_pb_row][\/et_pb_section]<\/p>","protected":false},"excerpt":{"rendered":"<p><span style=\"color: #808000;\"><strong>Our Production Process<\/strong><\/span><\/p>\n<p><span style=\"color: #808080;\">The Koroneiki olive variety originates from Greece and is known for its ability to adapt to arid climates. This adaptability makes it an exceptional choice for olive oil producers, both in terms of quality and yield.<\/span><\/p>\n<p><span style=\"color: #808080;\">Our early harvest Koroneiki Extra Virgin Olive Oil (EVOO) stands out for its pronounced pungency and intense flavor. This unique flavor profile is a direct result of the early harvest, ensuring every drop captures the pure essence of the olive.<\/span><\/p>\n<p><span style=\"color: #808080;\">It's also packed with antioxidants and healthy fats. Regular consumption of this oil contributes to a balanced diet and promotes cardiovascular health.<\/span><\/p>\n<p><span style=\"color: #808000;\"><strong>Tasting Notes<\/strong><\/span><\/p>\n<p><span style=\"color: #808080;\"><strong>On the nose:<\/strong> Nuts, Pepper, Artichoke<\/span><\/p>\n<p><span style=\"color: #808080;\"><strong>On the palate:<\/strong> More bitter than pungent, with a hint of hazelnut and olive leaf.<\/span><\/p>\n<p><span style=\"color: #808000;\"><strong>Pairing Suggestions<\/strong><\/span><\/p>\n<p><span style=\"color: #808080;\">It's ideal for salads, and marinades for salmon, tuna, or anchovies.<\/span><\/p>\n<p><span style=\"color: #808080;\">Also great with salmon tartare, tuna tartare, sea bass, and ceviches.<\/span><\/p>\n<p><span style=\"color: #808000;\"><strong>Format &amp; Packaging<\/strong><\/span><\/p>\n<p><span style=\"color: #808080;\"><strong>Glass Bottle<\/strong><\/span><\/p>\n<p><span style=\"color: #808080;\">500 ml<\/span><\/p>\n<p><a href=\"https:\/\/aovepenaluna.com\/wp-content\/uploads\/2026\/03\/4.-Ficha-tecnica_Koroneki.docx-1.docx\"><strong><span style=\"color: #808000;\">Descargar Ficha T\u00e9cnica<\/span><\/strong><\/a><\/p>","protected":false},"featured_media":9518,"comment_status":"open","ping_status":"closed","template":"","meta":{"_et_pb_use_builder":"on","_et_pb_old_content":"<div class=\"page\" title=\"Page 6\">\r\n<div class=\"section\">\r\n<div class=\"layoutArea\">\r\n<div class=\"column\">\r\n<h2>Notas de Cata Irresistibles<\/h2>\r\nNariz: lavanda, hoja, c\u00e1scara de almendra, t\u00e9 verde, floral y\r\n\r\ntomillo.\r\n<h2>Delicia en Boca<\/h2>\r\nBoca: m\u00e1s picante que amargo, piel de nuez, tomatera , frutos\r\n\r\nsecos y aguacate.\r\n<h2>Maridajes Perfectos<\/h2>\r\nEs ideal para ensaladas, marinados de salm\u00f3n, at\u00fan o anchoas.\r\n\r\nTambi\u00e9n con tartar de salm\u00f3n, at\u00fan, lubina y ceviches.\r\n\r\n<\/div>\r\n<\/div>\r\n<\/div>\r\n<\/div>\r\n<div id=\"gtx-trans\" style=\"position: absolute;left: -12px;top: 132.188px\">\r\n<div class=\"gtx-trans-icon\"><\/div>\r\n<\/div>","_et_gb_content_width":""},"product_cat":[160,26,158],"product_tag":[115,124,114,122,123],"class_list":{"0":"post-6350","1":"product","2":"type-product","3":"status-publish","4":"has-post-thumbnail","6":"product_cat-aceite_monovarietal","7":"product_cat-aove","8":"product_cat-aove_koroneiki","9":"product_tag-aceite-de-oliva","10":"product_tag-aceite-de-oliva-virgen-extra","11":"product_tag-aove","12":"product_tag-extraccion-temprana","13":"product_tag-koroneiki","15":"first","16":"instock","17":"taxable","18":"shipping-taxable","19":"purchasable","20":"product-type-simple"},"yoast_head":"<!-- This site is optimized with the Yoast SEO plugin v23.3 - https:\/\/yoast.com\/wordpress\/plugins\/seo\/ -->\n<title>Aceite de Oliva Virgen Extra (AOVE) Variedad KORONEIKI Cosecha 25-26 - AOVE Pe\u00f1a Luna<\/title>\n<meta name=\"description\" content=\"Nuestro AOVE de extracci\u00f3n temprana Koroneiki es ideal para ensaladas, marinados de salmo\u0301n, atu\u0301n o anchoas por sus matices picantes...\" \/>\n<meta name=\"robots\" content=\"index, follow, max-snippet:-1, max-image-preview:large, max-video-preview:-1\" \/>\n<link rel=\"canonical\" href=\"https:\/\/aovepenaluna.com\/en\/product\/aove-variedad-koroneiki\/\" \/>\n<meta property=\"og:locale\" content=\"en_GB\" \/>\n<meta property=\"og:type\" content=\"article\" \/>\n<meta property=\"og:title\" content=\"Aceite de Oliva Virgen Extra (AOVE) Variedad KORONEIKI Cosecha 25-26 - AOVE Pe\u00f1a Luna\" \/>\n<meta property=\"og:description\" content=\"Nuestro AOVE de extracci\u00f3n temprana Koroneiki es ideal para ensaladas, marinados de salmo\u0301n, atu\u0301n o anchoas por sus matices picantes...\" \/>\n<meta property=\"og:url\" content=\"https:\/\/aovepenaluna.com\/en\/product\/aove-variedad-koroneiki\/\" \/>\n<meta property=\"og:site_name\" content=\"Aceite de Oliva Virgen Extra Pe\u00f1a Luna\" \/>\n<meta property=\"article:publisher\" content=\"https:\/\/www.facebook.com\/aovepenaluna\" \/>\n<meta property=\"article:modified_time\" content=\"2026-04-13T11:40:11+00:00\" \/>\n<meta property=\"og:image\" content=\"https:\/\/aovepenaluna.com\/wp-content\/uploads\/2022\/04\/ACEITE-DE-OLIVA-VIRGEN-EXTRA-PENALUNA-VARIEDAD-KORONEIKI-1.jpg\" \/>\n\t<meta property=\"og:image:width\" content=\"600\" \/>\n\t<meta property=\"og:image:height\" content=\"600\" \/>\n\t<meta property=\"og:image:type\" content=\"image\/jpeg\" \/>\n<meta name=\"twitter:card\" content=\"summary_large_image\" \/>\n<meta name=\"twitter:label1\" content=\"Estimated reading time\" \/>\n\t<meta name=\"twitter:data1\" content=\"2 minutes\" \/>\n<script type=\"application\/ld+json\" class=\"yoast-schema-graph\">{\"@context\":\"https:\/\/schema.org\",\"@graph\":[{\"@type\":\"WebPage\",\"@id\":\"https:\/\/aovepenaluna.com\/producto\/aove-variedad-koroneiki\/\",\"url\":\"https:\/\/aovepenaluna.com\/producto\/aove-variedad-koroneiki\/\",\"name\":\"Aceite de Oliva Virgen Extra (AOVE) Variedad KORONEIKI Cosecha 25-26 - AOVE Pe\u00f1a Luna\",\"isPartOf\":{\"@id\":\"https:\/\/aovepenaluna.com\/#website\"},\"primaryImageOfPage\":{\"@id\":\"https:\/\/aovepenaluna.com\/producto\/aove-variedad-koroneiki\/#primaryimage\"},\"image\":{\"@id\":\"https:\/\/aovepenaluna.com\/producto\/aove-variedad-koroneiki\/#primaryimage\"},\"thumbnailUrl\":\"https:\/\/aovepenaluna.com\/wp-content\/uploads\/2022\/04\/ACEITE-DE-OLIVA-VIRGEN-EXTRA-PENALUNA-VARIEDAD-KORONEIKI-1.jpg\",\"datePublished\":\"2022-04-17T12:11:38+00:00\",\"dateModified\":\"2026-04-13T11:40:11+00:00\",\"description\":\"Nuestro AOVE de extracci\u00f3n temprana Koroneiki es ideal para ensaladas, marinados de salmo\u0301n, atu\u0301n o anchoas por sus matices picantes...\",\"breadcrumb\":{\"@id\":\"https:\/\/aovepenaluna.com\/producto\/aove-variedad-koroneiki\/#breadcrumb\"},\"inLanguage\":\"en-GB\",\"potentialAction\":[{\"@type\":\"ReadAction\",\"target\":[\"https:\/\/aovepenaluna.com\/producto\/aove-variedad-koroneiki\/\"]}]},{\"@type\":\"ImageObject\",\"inLanguage\":\"en-GB\",\"@id\":\"https:\/\/aovepenaluna.com\/producto\/aove-variedad-koroneiki\/#primaryimage\",\"url\":\"https:\/\/aovepenaluna.com\/wp-content\/uploads\/2022\/04\/ACEITE-DE-OLIVA-VIRGEN-EXTRA-PENALUNA-VARIEDAD-KORONEIKI-1.jpg\",\"contentUrl\":\"https:\/\/aovepenaluna.com\/wp-content\/uploads\/2022\/04\/ACEITE-DE-OLIVA-VIRGEN-EXTRA-PENALUNA-VARIEDAD-KORONEIKI-1.jpg\",\"width\":600,\"height\":600},{\"@type\":\"BreadcrumbList\",\"@id\":\"https:\/\/aovepenaluna.com\/producto\/aove-variedad-koroneiki\/#breadcrumb\",\"itemListElement\":[{\"@type\":\"ListItem\",\"position\":1,\"name\":\"Portada\",\"item\":\"https:\/\/aovepenaluna.com\/es\/\"},{\"@type\":\"ListItem\",\"position\":2,\"name\":\"TIENDA DE ACEITE DE OLIVA\",\"item\":\"https:\/\/aovepenaluna.com\/tienda\/\"},{\"@type\":\"ListItem\",\"position\":3,\"name\":\"Aceite de Oliva Virgen Extra (AOVE) Variedad KORONEIKI Cosecha 25-26\"}]},{\"@type\":\"WebSite\",\"@id\":\"https:\/\/aovepenaluna.com\/#website\",\"url\":\"https:\/\/aovepenaluna.com\/\",\"name\":\"Aceite de Oliva Virgen Extra Pe\u00f1a Luna\",\"description\":\"Aceite de Oliva Virgen Extra Ecol\u00f3gico de m\u00e1xima calidad\",\"potentialAction\":[{\"@type\":\"SearchAction\",\"target\":{\"@type\":\"EntryPoint\",\"urlTemplate\":\"https:\/\/aovepenaluna.com\/?s={search_term_string}\"},\"query-input\":\"required name=search_term_string\"}],\"inLanguage\":\"en-GB\"}]}<\/script>\n<!-- \/ Yoast SEO plugin. -->","yoast_head_json":{"title":"Aceite de Oliva Virgen Extra (AOVE) Variedad KORONEIKI Cosecha 25-26 - AOVE Pe\u00f1a Luna","description":"Nuestro AOVE de extracci\u00f3n temprana Koroneiki es ideal para ensaladas, marinados de salmo\u0301n, atu\u0301n o anchoas por sus matices picantes...","robots":{"index":"index","follow":"follow","max-snippet":"max-snippet:-1","max-image-preview":"max-image-preview:large","max-video-preview":"max-video-preview:-1"},"canonical":"https:\/\/aovepenaluna.com\/en\/product\/aove-variedad-koroneiki\/","og_locale":"en_GB","og_type":"article","og_title":"Aceite de Oliva Virgen Extra (AOVE) Variedad KORONEIKI Cosecha 25-26 - AOVE Pe\u00f1a Luna","og_description":"Nuestro AOVE de extracci\u00f3n temprana Koroneiki es ideal para ensaladas, marinados de salmo\u0301n, atu\u0301n o anchoas por sus matices picantes...","og_url":"https:\/\/aovepenaluna.com\/en\/product\/aove-variedad-koroneiki\/","og_site_name":"Aceite de Oliva Virgen Extra Pe\u00f1a Luna","article_publisher":"https:\/\/www.facebook.com\/aovepenaluna","article_modified_time":"2026-04-13T11:40:11+00:00","og_image":[{"width":600,"height":600,"url":"https:\/\/aovepenaluna.com\/wp-content\/uploads\/2022\/04\/ACEITE-DE-OLIVA-VIRGEN-EXTRA-PENALUNA-VARIEDAD-KORONEIKI-1.jpg","type":"image\/jpeg"}],"twitter_card":"summary_large_image","twitter_misc":{"Estimated reading time":"2 minutes"},"schema":{"@context":"https:\/\/schema.org","@graph":[{"@type":"WebPage","@id":"https:\/\/aovepenaluna.com\/producto\/aove-variedad-koroneiki\/","url":"https:\/\/aovepenaluna.com\/producto\/aove-variedad-koroneiki\/","name":"Aceite de Oliva Virgen Extra (AOVE) Variedad KORONEIKI Cosecha 25-26 - AOVE Pe\u00f1a Luna","isPartOf":{"@id":"https:\/\/aovepenaluna.com\/#website"},"primaryImageOfPage":{"@id":"https:\/\/aovepenaluna.com\/producto\/aove-variedad-koroneiki\/#primaryimage"},"image":{"@id":"https:\/\/aovepenaluna.com\/producto\/aove-variedad-koroneiki\/#primaryimage"},"thumbnailUrl":"https:\/\/aovepenaluna.com\/wp-content\/uploads\/2022\/04\/ACEITE-DE-OLIVA-VIRGEN-EXTRA-PENALUNA-VARIEDAD-KORONEIKI-1.jpg","datePublished":"2022-04-17T12:11:38+00:00","dateModified":"2026-04-13T11:40:11+00:00","description":"Nuestro AOVE de extracci\u00f3n temprana Koroneiki es ideal para ensaladas, marinados de salmo\u0301n, atu\u0301n o anchoas por sus matices picantes...","breadcrumb":{"@id":"https:\/\/aovepenaluna.com\/producto\/aove-variedad-koroneiki\/#breadcrumb"},"inLanguage":"en-GB","potentialAction":[{"@type":"ReadAction","target":["https:\/\/aovepenaluna.com\/producto\/aove-variedad-koroneiki\/"]}]},{"@type":"ImageObject","inLanguage":"en-GB","@id":"https:\/\/aovepenaluna.com\/producto\/aove-variedad-koroneiki\/#primaryimage","url":"https:\/\/aovepenaluna.com\/wp-content\/uploads\/2022\/04\/ACEITE-DE-OLIVA-VIRGEN-EXTRA-PENALUNA-VARIEDAD-KORONEIKI-1.jpg","contentUrl":"https:\/\/aovepenaluna.com\/wp-content\/uploads\/2022\/04\/ACEITE-DE-OLIVA-VIRGEN-EXTRA-PENALUNA-VARIEDAD-KORONEIKI-1.jpg","width":600,"height":600},{"@type":"BreadcrumbList","@id":"https:\/\/aovepenaluna.com\/producto\/aove-variedad-koroneiki\/#breadcrumb","itemListElement":[{"@type":"ListItem","position":1,"name":"Portada","item":"https:\/\/aovepenaluna.com\/es\/"},{"@type":"ListItem","position":2,"name":"TIENDA DE ACEITE DE OLIVA","item":"https:\/\/aovepenaluna.com\/tienda\/"},{"@type":"ListItem","position":3,"name":"Aceite de Oliva Virgen Extra (AOVE) Variedad KORONEIKI Cosecha 25-26"}]},{"@type":"WebSite","@id":"https:\/\/aovepenaluna.com\/#website","url":"https:\/\/aovepenaluna.com\/","name":"Aceite de Oliva Virgen Extra Pe\u00f1a Luna","description":"Aceite de Oliva Virgen Extra Ecol\u00f3gico de m\u00e1xima calidad","potentialAction":[{"@type":"SearchAction","target":{"@type":"EntryPoint","urlTemplate":"https:\/\/aovepenaluna.com\/?s={search_term_string}"},"query-input":"required name=search_term_string"}],"inLanguage":"en-GB"}]}},"_links":{"self":[{"href":"https:\/\/aovepenaluna.com\/en\/wp-json\/wp\/v2\/product\/6350","targetHints":{"allow":["GET"]}}],"collection":[{"href":"https:\/\/aovepenaluna.com\/en\/wp-json\/wp\/v2\/product"}],"about":[{"href":"https:\/\/aovepenaluna.com\/en\/wp-json\/wp\/v2\/types\/product"}],"replies":[{"embeddable":true,"href":"https:\/\/aovepenaluna.com\/en\/wp-json\/wp\/v2\/comments?post=6350"}],"wp:featuredmedia":[{"embeddable":true,"href":"https:\/\/aovepenaluna.com\/en\/wp-json\/wp\/v2\/media\/9518"}],"wp:attachment":[{"href":"https:\/\/aovepenaluna.com\/en\/wp-json\/wp\/v2\/media?parent=6350"}],"wp:term":[{"taxonomy":"product_cat","embeddable":true,"href":"https:\/\/aovepenaluna.com\/en\/wp-json\/wp\/v2\/product_cat?post=6350"},{"taxonomy":"product_tag","embeddable":true,"href":"https:\/\/aovepenaluna.com\/en\/wp-json\/wp\/v2\/product_tag?post=6350"}],"curies":[{"name":"wp","href":"https:\/\/api.w.org\/{rel}","templated":true}]}}