{"id":6039,"date":"2022-03-11T15:01:23","date_gmt":"2022-03-11T14:01:23","guid":{"rendered":"http:\/\/aovepenaluna.com\/?post_type=product&#038;p=6039"},"modified":"2026-04-13T13:56:12","modified_gmt":"2026-04-13T12:56:12","slug":"aceite-albahaca","status":"publish","type":"product","link":"https:\/\/aovepenaluna.com\/en\/product\/aceite-albahaca\/","title":{"rendered":"Condimento Preparado De Aceite de Oliva y Albahaca Cosecha 25-26"},"content":{"rendered":"<p>[et_pb_section fb_built=\u00bb1&#8243; _builder_version=\u00bb4.23.1&#8243; background_color=\u00bbRGBA(255,255,255,0)\u00bb custom_padding=\u00bb0px||||false|false\u00bb global_colors_info=\u00bb{}\u00bb][et_pb_row _builder_version=\u00bb4.16&#8243; background_size=\u00bbinitial\u00bb background_position=\u00bbtop_left\u00bb background_repeat=\u00bbrepeat\u00bb width=\u00bb100%\u00bb custom_padding=\u00bb0px||0px||false|false\u00bb global_colors_info=\u00bb{}\u00bb][et_pb_column type=\u00bb4_4&#8243; _builder_version=\u00bb4.16&#8243; custom_padding=\u00bb|||\u00bb global_colors_info=\u00bb{}\u00bb custom_padding__hover=\u00bb|||\u00bb][et_pb_wc_breadcrumb _builder_version=\u00bb4.16&#8243; global_colors_info=\u00bb{}\u00bb][\/et_pb_wc_breadcrumb][et_pb_wc_cart_notice _builder_version=\u00bb4.16&#8243; global_colors_info=\u00bb{}\u00bb][\/et_pb_wc_cart_notice][\/et_pb_column][\/et_pb_row][et_pb_row column_structure=\u00bb1_2,1_2&#8243; _builder_version=\u00bb4.27.0&#8243; background_color=\u00bb#FFFFFF\u00bb background_size=\u00bbinitial\u00bb background_position=\u00bbtop_left\u00bb background_repeat=\u00bbrepeat\u00bb width=\u00bb100%\u00bb custom_padding=\u00bb0px||||false|false\u00bb global_colors_info=\u00bb{}\u00bb][et_pb_column type=\u00bb1_2&#8243; _builder_version=\u00bb4.16&#8243; custom_padding=\u00bb|||\u00bb global_colors_info=\u00bb{}\u00bb custom_padding__hover=\u00bb|||\u00bb][et_pb_wc_images _builder_version=\u00bb4.16&#8243; global_colors_info=\u00bb{}\u00bb][\/et_pb_wc_images][\/et_pb_column][et_pb_column type=\u00bb1_2&#8243; _builder_version=\u00bb4.16&#8243; custom_padding=\u00bb|||\u00bb global_colors_info=\u00bb{}\u00bb custom_padding__hover=\u00bb|||\u00bb][et_pb_wc_title _builder_version=\u00bb4.27.0&#8243; header_font=\u00bbTrebuchet||||||||\u00bb header_text_color=\u00bb#808000&#8243; custom_margin=\u00bb10px||||false|false\u00bb global_colors_info=\u00bb{}\u00bb][\/et_pb_wc_title][et_pb_wc_rating _builder_version=\u00bb4.16&#8243; global_colors_info=\u00bb{}\u00bb][\/et_pb_wc_rating][et_pb_wc_price _builder_version=\u00bb4.27.0&#8243; body_font_size=\u00bb22px\u00bb global_colors_info=\u00bb{}\u00bb][\/et_pb_wc_price][et_pb_wc_description _builder_version=\u00bb4.27.0&#8243; body_font=\u00bbTrebuchet||||||||\u00bb body_font_size=\u00bb14px\u00bb global_colors_info=\u00bb{}\u00bb][\/et_pb_wc_description][et_pb_wc_add_to_cart _builder_version=\u00bb4.16&#8243; global_colors_info=\u00bb{}\u00bb][\/et_pb_wc_add_to_cart][et_pb_wc_meta show_sku=\u00bboff\u00bb show_tags=\u00bboff\u00bb _builder_version=\u00bb4.27.0&#8243; global_colors_info=\u00bb{}\u00bb][\/et_pb_wc_meta][\/et_pb_column][\/et_pb_row][et_pb_row _builder_version=\u00bb4.16&#8243; background_size=\u00bbinitial\u00bb background_position=\u00bbtop_left\u00bb background_repeat=\u00bbrepeat\u00bb width=\u00bb100%\u00bb global_colors_info=\u00bb{}\u00bb][et_pb_column type=\u00bb4_4&#8243; _builder_version=\u00bb4.16&#8243; custom_padding=\u00bb|||\u00bb global_colors_info=\u00bb{}\u00bb custom_padding__hover=\u00bb|||\u00bb][et_pb_wc_related_products _builder_version=\u00bb4.16&#8243; global_colors_info=\u00bb{}\u00bb][\/et_pb_wc_related_products][\/et_pb_column][\/et_pb_row][\/et_pb_section]<\/p>","protected":false},"excerpt":{"rendered":"<p><span style=\"color: #808080;\"><strong>ATHENA Gold Medal 2025<\/strong><\/span><\/p>\n<p><span style=\"color: #808000;\"><strong>Our Production Process<\/strong><\/span><\/p>\n<p><span style=\"color: #808080;\">Nuestro condimento de aceite de albahaca se obtiene de manera artesanal al moler nuestras aceitunas directamente con albahaca fresca. Este proceso aporta un sabor inconfundible que transforma cualquier plato en una experiencia gourmet. No utilizamos esencias, asegurando que solo lo natural llegue a tu mesa.<\/span><\/p>\n<p><span style=\"color: #808000;\"><strong>Pairing Suggestions<\/strong><\/span><\/p>\n<p><span style=\"color: #808080;\">Basil oil is an exceptional companion for pasta, highlights the ingredients (especially the tomato) on your pizzas, and is also the perfect finishing touch to enhance sauces.<\/span><\/p>\n<p><span style=\"color: #808000;\"><strong>Format &amp; Packaging<\/strong><\/span><\/p>\n<p><span style=\"color: #808080;\">Glass Bottle<\/span><\/p>\n<p><span style=\"color: #808080;\">250 ml\u00a0<\/span><\/p>\n<p><a href=\"https:\/\/aovepenaluna.com\/wp-content\/uploads\/2026\/03\/9.-Ficha-tecnica_Hojiblanca-Albahaca.docx\"><strong><span style=\"color: #808000;\">Descargar Ficha T\u00e9cnica<\/span><\/strong><\/a><\/p>","protected":false},"featured_media":9306,"comment_status":"closed","ping_status":"closed","template":"","meta":{"_et_pb_use_builder":"on","_et_pb_old_content":"<h2>Maridaje Ideal con Pasta<\/h2>\r\nEl aceite de albahaca es un acompa\u00f1ante excepcional para la pasta. Su aroma fresco y sabor vibrante elevan cualquier plato, haci\u00e9ndolo delicioso. Agrega un chorrito de este aceite a tu pasta preferida y experimentar\u00e1s un mundo de sabores.\r\n<h2>Sinsabor para Pizzas<\/h2>\r\nTransforma tu pizza en una experiencia culinaria \u00fanica. Al rociar un poco de aceite de albahaca sobre la masa crujiente o sobre la porci\u00f3n lista para comer, lograr\u00e1s un maridaje perfecto que resalta los ingredientes, especialmente los tomates frescos y las salsas.\r\n<h2>El Toque Final en Salsas<\/h2>\r\nEl aceite de albahaca no solo va bien con la pasta y pizzas, tambi\u00e9n es el toque final en salsas. A\u00f1adir unas gotas a tu salsa de tomate la har\u00e1 m\u00e1s sabrosa y arom\u00e1tica, ideal para realzar cada bocado de tus platillos favoritos.","_et_gb_content_width":""},"product_cat":[162,161,26],"product_tag":[135,115,134,114,121,118,119],"class_list":{"0":"post-6039","1":"product","2":"type-product","3":"status-publish","4":"has-post-thumbnail","6":"product_cat-aceite_oliva_albahaca","7":"product_cat-aceite_sabores","8":"product_cat-aove","9":"product_tag-aceite-de-albahaca","10":"product_tag-aceite-de-oliva","11":"product_tag-albahaca","12":"product_tag-aove","13":"product_tag-aromatizado","14":"product_tag-natural","15":"product_tag-sostenible","17":"first","18":"instock","19":"taxable","20":"shipping-taxable","21":"purchasable","22":"product-type-simple"},"yoast_head":"<!-- This site is optimized with the Yoast SEO plugin v23.3 - https:\/\/yoast.com\/wordpress\/plugins\/seo\/ -->\n<title>Condimento Preparado De Aceite de Oliva y Albahaca Cosecha 25-26 - AOVE Pe\u00f1a Luna<\/title>\n<meta name=\"description\" content=\"Nuestro aceite de albahaca se obtiene moliendo nuestras aceitunas directamente con la albahaca lo que le confiere un sabor \u00fanico. En ning\u00fan momento se utilizan esencias.\" \/>\n<meta name=\"robots\" content=\"index, follow, max-snippet:-1, max-image-preview:large, max-video-preview:-1\" \/>\n<link rel=\"canonical\" href=\"https:\/\/aovepenaluna.com\/en\/product\/aceite-albahaca\/\" \/>\n<meta property=\"og:locale\" content=\"en_GB\" \/>\n<meta property=\"og:type\" content=\"article\" \/>\n<meta property=\"og:title\" content=\"Condimento Preparado De Aceite de Oliva y Albahaca Cosecha 25-26 - AOVE Pe\u00f1a Luna\" \/>\n<meta property=\"og:description\" content=\"Nuestro aceite de albahaca se obtiene moliendo nuestras aceitunas directamente con la albahaca lo que le confiere un sabor \u00fanico. En ning\u00fan momento se utilizan esencias.\" \/>\n<meta property=\"og:url\" content=\"https:\/\/aovepenaluna.com\/en\/product\/aceite-albahaca\/\" \/>\n<meta property=\"og:site_name\" content=\"Aceite de Oliva Virgen Extra Pe\u00f1a Luna\" \/>\n<meta property=\"article:publisher\" content=\"https:\/\/www.facebook.com\/aovepenaluna\" \/>\n<meta property=\"article:modified_time\" content=\"2026-04-13T12:56:12+00:00\" \/>\n<meta property=\"og:image\" content=\"https:\/\/aovepenaluna.com\/wp-content\/uploads\/2022\/03\/Aceite-Aromatizado-de-Oliva-y-Albahaca-Cosecha-24-25-athena-gold.jpg\" \/>\n\t<meta property=\"og:image:width\" content=\"600\" \/>\n\t<meta property=\"og:image:height\" content=\"600\" \/>\n\t<meta property=\"og:image:type\" content=\"image\/jpeg\" \/>\n<meta name=\"twitter:card\" content=\"summary_large_image\" \/>\n<meta name=\"twitter:label1\" content=\"Estimated reading time\" \/>\n\t<meta name=\"twitter:data1\" content=\"2 minutes\" \/>\n<script type=\"application\/ld+json\" class=\"yoast-schema-graph\">{\"@context\":\"https:\/\/schema.org\",\"@graph\":[{\"@type\":\"WebPage\",\"@id\":\"https:\/\/aovepenaluna.com\/producto\/aceite-albahaca\/\",\"url\":\"https:\/\/aovepenaluna.com\/producto\/aceite-albahaca\/\",\"name\":\"Condimento Preparado De Aceite de Oliva y Albahaca Cosecha 25-26 - AOVE Pe\u00f1a Luna\",\"isPartOf\":{\"@id\":\"https:\/\/aovepenaluna.com\/#website\"},\"primaryImageOfPage\":{\"@id\":\"https:\/\/aovepenaluna.com\/producto\/aceite-albahaca\/#primaryimage\"},\"image\":{\"@id\":\"https:\/\/aovepenaluna.com\/producto\/aceite-albahaca\/#primaryimage\"},\"thumbnailUrl\":\"https:\/\/aovepenaluna.com\/wp-content\/uploads\/2022\/03\/Aceite-Aromatizado-de-Oliva-y-Albahaca-Cosecha-24-25-athena-gold.jpg\",\"datePublished\":\"2022-03-11T14:01:23+00:00\",\"dateModified\":\"2026-04-13T12:56:12+00:00\",\"description\":\"Nuestro aceite de albahaca se obtiene moliendo nuestras aceitunas directamente con la albahaca lo que le confiere un sabor \u00fanico. En ning\u00fan momento se utilizan esencias.\",\"breadcrumb\":{\"@id\":\"https:\/\/aovepenaluna.com\/producto\/aceite-albahaca\/#breadcrumb\"},\"inLanguage\":\"en-GB\",\"potentialAction\":[{\"@type\":\"ReadAction\",\"target\":[\"https:\/\/aovepenaluna.com\/producto\/aceite-albahaca\/\"]}]},{\"@type\":\"ImageObject\",\"inLanguage\":\"en-GB\",\"@id\":\"https:\/\/aovepenaluna.com\/producto\/aceite-albahaca\/#primaryimage\",\"url\":\"https:\/\/aovepenaluna.com\/wp-content\/uploads\/2022\/03\/Aceite-Aromatizado-de-Oliva-y-Albahaca-Cosecha-24-25-athena-gold.jpg\",\"contentUrl\":\"https:\/\/aovepenaluna.com\/wp-content\/uploads\/2022\/03\/Aceite-Aromatizado-de-Oliva-y-Albahaca-Cosecha-24-25-athena-gold.jpg\",\"width\":600,\"height\":600},{\"@type\":\"BreadcrumbList\",\"@id\":\"https:\/\/aovepenaluna.com\/producto\/aceite-albahaca\/#breadcrumb\",\"itemListElement\":[{\"@type\":\"ListItem\",\"position\":1,\"name\":\"Portada\",\"item\":\"https:\/\/aovepenaluna.com\/es\/\"},{\"@type\":\"ListItem\",\"position\":2,\"name\":\"TIENDA DE ACEITE DE OLIVA\",\"item\":\"https:\/\/aovepenaluna.com\/tienda\/\"},{\"@type\":\"ListItem\",\"position\":3,\"name\":\"Condimento Preparado De Aceite de Oliva y Albahaca Cosecha 25-26\"}]},{\"@type\":\"WebSite\",\"@id\":\"https:\/\/aovepenaluna.com\/#website\",\"url\":\"https:\/\/aovepenaluna.com\/\",\"name\":\"Aceite de Oliva Virgen Extra Pe\u00f1a Luna\",\"description\":\"Aceite de Oliva Virgen Extra Ecol\u00f3gico de m\u00e1xima calidad\",\"potentialAction\":[{\"@type\":\"SearchAction\",\"target\":{\"@type\":\"EntryPoint\",\"urlTemplate\":\"https:\/\/aovepenaluna.com\/?s={search_term_string}\"},\"query-input\":\"required name=search_term_string\"}],\"inLanguage\":\"en-GB\"}]}<\/script>\n<!-- \/ Yoast SEO plugin. -->","yoast_head_json":{"title":"Condimento Preparado De Aceite de Oliva y Albahaca Cosecha 25-26 - AOVE Pe\u00f1a Luna","description":"Our basil oil is obtained by grinding the olives directly with the basil, which gives it a unique flavour. No essences are used at any time.","robots":{"index":"index","follow":"follow","max-snippet":"max-snippet:-1","max-image-preview":"max-image-preview:large","max-video-preview":"max-video-preview:-1"},"canonical":"https:\/\/aovepenaluna.com\/en\/product\/aceite-albahaca\/","og_locale":"en_GB","og_type":"article","og_title":"Condimento Preparado De Aceite de Oliva y Albahaca Cosecha 25-26 - AOVE Pe\u00f1a Luna","og_description":"Nuestro aceite de albahaca se obtiene moliendo nuestras aceitunas directamente con la albahaca lo que le confiere un sabor \u00fanico. En ning\u00fan momento se utilizan esencias.","og_url":"https:\/\/aovepenaluna.com\/en\/product\/aceite-albahaca\/","og_site_name":"Aceite de Oliva Virgen Extra Pe\u00f1a Luna","article_publisher":"https:\/\/www.facebook.com\/aovepenaluna","article_modified_time":"2026-04-13T12:56:12+00:00","og_image":[{"width":600,"height":600,"url":"https:\/\/aovepenaluna.com\/wp-content\/uploads\/2022\/03\/Aceite-Aromatizado-de-Oliva-y-Albahaca-Cosecha-24-25-athena-gold.jpg","type":"image\/jpeg"}],"twitter_card":"summary_large_image","twitter_misc":{"Estimated reading time":"2 minutes"},"schema":{"@context":"https:\/\/schema.org","@graph":[{"@type":"WebPage","@id":"https:\/\/aovepenaluna.com\/producto\/aceite-albahaca\/","url":"https:\/\/aovepenaluna.com\/producto\/aceite-albahaca\/","name":"Condimento Preparado De Aceite de Oliva y Albahaca Cosecha 25-26 - AOVE Pe\u00f1a Luna","isPartOf":{"@id":"https:\/\/aovepenaluna.com\/#website"},"primaryImageOfPage":{"@id":"https:\/\/aovepenaluna.com\/producto\/aceite-albahaca\/#primaryimage"},"image":{"@id":"https:\/\/aovepenaluna.com\/producto\/aceite-albahaca\/#primaryimage"},"thumbnailUrl":"https:\/\/aovepenaluna.com\/wp-content\/uploads\/2022\/03\/Aceite-Aromatizado-de-Oliva-y-Albahaca-Cosecha-24-25-athena-gold.jpg","datePublished":"2022-03-11T14:01:23+00:00","dateModified":"2026-04-13T12:56:12+00:00","description":"Our basil oil is obtained by grinding the olives directly with the basil, which gives it a unique flavour. No essences are used at any time.","breadcrumb":{"@id":"https:\/\/aovepenaluna.com\/producto\/aceite-albahaca\/#breadcrumb"},"inLanguage":"en-GB","potentialAction":[{"@type":"ReadAction","target":["https:\/\/aovepenaluna.com\/producto\/aceite-albahaca\/"]}]},{"@type":"ImageObject","inLanguage":"en-GB","@id":"https:\/\/aovepenaluna.com\/producto\/aceite-albahaca\/#primaryimage","url":"https:\/\/aovepenaluna.com\/wp-content\/uploads\/2022\/03\/Aceite-Aromatizado-de-Oliva-y-Albahaca-Cosecha-24-25-athena-gold.jpg","contentUrl":"https:\/\/aovepenaluna.com\/wp-content\/uploads\/2022\/03\/Aceite-Aromatizado-de-Oliva-y-Albahaca-Cosecha-24-25-athena-gold.jpg","width":600,"height":600},{"@type":"BreadcrumbList","@id":"https:\/\/aovepenaluna.com\/producto\/aceite-albahaca\/#breadcrumb","itemListElement":[{"@type":"ListItem","position":1,"name":"Portada","item":"https:\/\/aovepenaluna.com\/es\/"},{"@type":"ListItem","position":2,"name":"TIENDA DE ACEITE DE OLIVA","item":"https:\/\/aovepenaluna.com\/tienda\/"},{"@type":"ListItem","position":3,"name":"Condimento Preparado De Aceite de Oliva y Albahaca Cosecha 25-26"}]},{"@type":"WebSite","@id":"https:\/\/aovepenaluna.com\/#website","url":"https:\/\/aovepenaluna.com\/","name":"Aceite de Oliva Virgen Extra Pe\u00f1a Luna","description":"Aceite de Oliva Virgen Extra Ecol\u00f3gico de m\u00e1xima calidad","potentialAction":[{"@type":"SearchAction","target":{"@type":"EntryPoint","urlTemplate":"https:\/\/aovepenaluna.com\/?s={search_term_string}"},"query-input":"required name=search_term_string"}],"inLanguage":"en-GB"}]}},"_links":{"self":[{"href":"https:\/\/aovepenaluna.com\/en\/wp-json\/wp\/v2\/product\/6039","targetHints":{"allow":["GET"]}}],"collection":[{"href":"https:\/\/aovepenaluna.com\/en\/wp-json\/wp\/v2\/product"}],"about":[{"href":"https:\/\/aovepenaluna.com\/en\/wp-json\/wp\/v2\/types\/product"}],"replies":[{"embeddable":true,"href":"https:\/\/aovepenaluna.com\/en\/wp-json\/wp\/v2\/comments?post=6039"}],"wp:featuredmedia":[{"embeddable":true,"href":"https:\/\/aovepenaluna.com\/en\/wp-json\/wp\/v2\/media\/9306"}],"wp:attachment":[{"href":"https:\/\/aovepenaluna.com\/en\/wp-json\/wp\/v2\/media?parent=6039"}],"wp:term":[{"taxonomy":"product_cat","embeddable":true,"href":"https:\/\/aovepenaluna.com\/en\/wp-json\/wp\/v2\/product_cat?post=6039"},{"taxonomy":"product_tag","embeddable":true,"href":"https:\/\/aovepenaluna.com\/en\/wp-json\/wp\/v2\/product_tag?post=6039"}],"curies":[{"name":"wp","href":"https:\/\/api.w.org\/{rel}","templated":true}]}}