{"id":6033,"date":"2022-03-11T15:02:52","date_gmt":"2022-03-11T14:02:52","guid":{"rendered":"http:\/\/aovepenaluna.com\/?post_type=product&#038;p=6033"},"modified":"2026-04-13T12:42:31","modified_gmt":"2026-04-13T11:42:31","slug":"aceite-lima","status":"publish","type":"product","link":"https:\/\/aovepenaluna.com\/en\/product\/aceite-lima\/","title":{"rendered":"Condimento Preparado De Aceite de Oliva y Lima Cosecha 25-26"},"content":{"rendered":"<p>[et_pb_section fb_built=\u00bb1&#8243; _builder_version=\u00bb4.23.1&#8243; background_color=\u00bbRGBA(255,255,255,0)\u00bb custom_padding=\u00bb0px||||false|false\u00bb global_colors_info=\u00bb{}\u00bb][et_pb_row _builder_version=\u00bb4.16&#8243; background_size=\u00bbinitial\u00bb background_position=\u00bbtop_left\u00bb background_repeat=\u00bbrepeat\u00bb width=\u00bb100%\u00bb custom_padding=\u00bb0px||0px||false|false\u00bb global_colors_info=\u00bb{}\u00bb][et_pb_column type=\u00bb4_4&#8243; _builder_version=\u00bb4.16&#8243; custom_padding=\u00bb|||\u00bb global_colors_info=\u00bb{}\u00bb custom_padding__hover=\u00bb|||\u00bb][et_pb_wc_breadcrumb _builder_version=\u00bb4.16&#8243; global_colors_info=\u00bb{}\u00bb][\/et_pb_wc_breadcrumb][et_pb_wc_cart_notice _builder_version=\u00bb4.16&#8243; global_colors_info=\u00bb{}\u00bb][\/et_pb_wc_cart_notice][\/et_pb_column][\/et_pb_row][et_pb_row column_structure=\u00bb1_2,1_2&#8243; _builder_version=\u00bb4.27.0&#8243; background_color=\u00bb#FFFFFF\u00bb background_size=\u00bbinitial\u00bb background_position=\u00bbtop_left\u00bb background_repeat=\u00bbrepeat\u00bb width=\u00bb100%\u00bb custom_padding=\u00bb0px||||false|false\u00bb global_colors_info=\u00bb{}\u00bb][et_pb_column type=\u00bb1_2&#8243; _builder_version=\u00bb4.16&#8243; custom_padding=\u00bb|||\u00bb global_colors_info=\u00bb{}\u00bb custom_padding__hover=\u00bb|||\u00bb][et_pb_wc_images _builder_version=\u00bb4.16&#8243; global_colors_info=\u00bb{}\u00bb][\/et_pb_wc_images][\/et_pb_column][et_pb_column type=\u00bb1_2&#8243; _builder_version=\u00bb4.16&#8243; custom_padding=\u00bb|||\u00bb global_colors_info=\u00bb{}\u00bb custom_padding__hover=\u00bb|||\u00bb][et_pb_wc_title _builder_version=\u00bb4.27.0&#8243; header_font=\u00bbTrebuchet||||||||\u00bb header_font_size=\u00bb24px\u00bb custom_margin=\u00bb10px||||false|false\u00bb global_colors_info=\u00bb{}\u00bb][\/et_pb_wc_title][et_pb_wc_rating _builder_version=\u00bb4.16&#8243; global_colors_info=\u00bb{}\u00bb][\/et_pb_wc_rating][et_pb_wc_price _builder_version=\u00bb4.27.0&#8243; body_font_size=\u00bb22px\u00bb global_colors_info=\u00bb{}\u00bb][\/et_pb_wc_price][et_pb_wc_description _builder_version=\u00bb4.27.0&#8243; body_font=\u00bbTrebuchet||||||||\u00bb body_font_size=\u00bb14px\u00bb global_colors_info=\u00bb{}\u00bb][\/et_pb_wc_description][et_pb_wc_add_to_cart _builder_version=\u00bb4.16&#8243; global_colors_info=\u00bb{}\u00bb][\/et_pb_wc_add_to_cart][et_pb_wc_meta _builder_version=\u00bb4.16&#8243; global_colors_info=\u00bb{}\u00bb][\/et_pb_wc_meta][\/et_pb_column][\/et_pb_row][et_pb_row _builder_version=\u00bb4.16&#8243; background_size=\u00bbinitial\u00bb background_position=\u00bbtop_left\u00bb background_repeat=\u00bbrepeat\u00bb width=\u00bb100%\u00bb global_colors_info=\u00bb{}\u00bb][et_pb_column type=\u00bb4_4&#8243; _builder_version=\u00bb4.16&#8243; custom_padding=\u00bb|||\u00bb global_colors_info=\u00bb{}\u00bb custom_padding__hover=\u00bb|||\u00bb][et_pb_wc_related_products _builder_version=\u00bb4.16&#8243; global_colors_info=\u00bb{}\u00bb][\/et_pb_wc_related_products][\/et_pb_column][\/et_pb_row][\/et_pb_section]<\/p>","protected":false},"excerpt":{"rendered":"<p><span style=\"color: #808000;\"><strong>Our Production Process<\/strong><\/span><\/p>\n<p><span style=\"color: #808080;\">Nuestro exclusivo condimento aceite c\u00edtrico se elabora mediante un cuidadoso proceso que consiste en moler nuestras aceitunas directamente con limas frescas. Este m\u00e9todo natural asegura que cada gota de aceite capture la esencia aut\u00e9ntica de las aceitunas y la frescura de las limas, resultando en un sabor \u00fanico y vibrante<\/span><\/p>\n<p><span style=\"color: #808080;\">We never use essences or artificial flavors. We firmly believe in offering a pure, high-quality product that stands out for its authenticity, ensuring the best possible taste for our customers.<\/span><\/p>\n<p><span style=\"color: #808000;\"><strong>Pairing Suggestions<\/strong><\/span><\/p>\n<p><span style=\"color: #808080;\">The citrusy touch of our lime oil pairs perfectly with tropical salads, avocado, and white fish.<\/span><\/p>\n<p><span style=\"color: #808000;\"><strong>Format &amp; Packaging<\/strong><\/span><\/p>\n<p><span style=\"color: #808080;\">Glass Bottle<\/span><\/p>\n<p><span style=\"color: #808080;\">250 ml<\/span><\/p>\n<p><a href=\"https:\/\/aovepenaluna.com\/wp-content\/uploads\/2026\/03\/7.-Ficha-tecnica_Hojiblanca-Lima.docx\"><strong><span style=\"color: #808000;\">Descargar Ficha T\u00e9cnica<\/span><\/strong><\/a><\/p>","protected":false},"featured_media":9133,"comment_status":"closed","ping_status":"closed","template":"","meta":{"_et_pb_use_builder":"on","_et_pb_old_content":"<h2>Proceso de Obtenci\u00f3n<\/h2>\r\nNuestro exclusivo aceite c\u00edtrico se elabora mediante un cuidadoso proceso que consiste en moler nuestras aceitunas directamente con limas frescas. Este m\u00e9todo natural asegura que cada gota de aceite capture la esencia aut\u00e9ntica de las aceitunas y la frescura de las limas, resultando en un sabor \u00fanico y vibrante.\r\n<h2>Sin Esencias Aditivas<\/h2>\r\nA diferencia de otras opciones en el mercado, en ning\u00fan momento se utilizan esencias en la producci\u00f3n de nuestro aceite. Creemos firmemente en ofrecer un producto puro y de alta calidad que destaque por su autenticidad, asegurando el mejor sabor posible para nuestros clientes.\r\n<h2>Maridaje Perfecto<\/h2>\r\nEl toque c\u00edtrico de nuestro aceite de lima combina a la perfecci\u00f3n con ensaladas tropicales, aguacate y pescados blancos. Su versatilidad en la cocina realza cualquier platillo, llevando tus comidas a un nivel de sabor inigualable.","_et_gb_content_width":""},"product_cat":[163,161,26],"product_tag":[128,115,114,121,129,118],"class_list":{"0":"post-6033","1":"product","2":"type-product","3":"status-publish","4":"has-post-thumbnail","6":"product_cat-aceite_oliva_lima","7":"product_cat-aceite_sabores","8":"product_cat-aove","9":"product_tag-aceite-de-lima","10":"product_tag-aceite-de-oliva","11":"product_tag-aove","12":"product_tag-aromatizado","13":"product_tag-lima","14":"product_tag-natural","16":"first","17":"instock","18":"taxable","19":"shipping-taxable","20":"purchasable","21":"product-type-simple"},"yoast_head":"<!-- This site is optimized with the Yoast SEO plugin v23.3 - https:\/\/yoast.com\/wordpress\/plugins\/seo\/ -->\n<title>Condimento Preparado De Aceite de Oliva y Lima Cosecha 25-26 - AOVE Pe\u00f1a Luna<\/title>\n<meta name=\"description\" content=\"Nuestro aceite c\u00edtrico se obtiene moliendo nuestras aceitunas directamente con las limas lo que le confiere un sabor \u00fanico. En ning\u00fan momento se utilizan esencias.\" \/>\n<meta name=\"robots\" content=\"index, follow, max-snippet:-1, max-image-preview:large, max-video-preview:-1\" \/>\n<link rel=\"canonical\" href=\"https:\/\/aovepenaluna.com\/en\/product\/aceite-lima\/\" \/>\n<meta property=\"og:locale\" content=\"en_GB\" \/>\n<meta property=\"og:type\" content=\"article\" \/>\n<meta property=\"og:title\" content=\"Condimento Preparado De Aceite de Oliva y Lima Cosecha 25-26 - AOVE Pe\u00f1a Luna\" \/>\n<meta property=\"og:description\" content=\"Nuestro aceite c\u00edtrico se obtiene moliendo nuestras aceitunas directamente con las limas lo que le confiere un sabor \u00fanico. En ning\u00fan momento se utilizan esencias.\" \/>\n<meta property=\"og:url\" content=\"https:\/\/aovepenaluna.com\/en\/product\/aceite-lima\/\" \/>\n<meta property=\"og:site_name\" content=\"Aceite de Oliva Virgen Extra Pe\u00f1a Luna\" \/>\n<meta property=\"article:publisher\" content=\"https:\/\/www.facebook.com\/aovepenaluna\" \/>\n<meta property=\"article:modified_time\" content=\"2026-04-13T11:42:31+00:00\" \/>\n<meta property=\"og:image\" content=\"https:\/\/aovepenaluna.com\/wp-content\/uploads\/2022\/03\/Aceite-Citrico-de-Oliva-y-Lima-Cosecha-24-25.jpg\" \/>\n\t<meta property=\"og:image:width\" content=\"600\" \/>\n\t<meta property=\"og:image:height\" content=\"600\" \/>\n\t<meta property=\"og:image:type\" content=\"image\/jpeg\" \/>\n<meta name=\"twitter:card\" content=\"summary_large_image\" \/>\n<meta name=\"twitter:label1\" content=\"Estimated reading time\" \/>\n\t<meta name=\"twitter:data1\" content=\"2 minutes\" \/>\n<script type=\"application\/ld+json\" class=\"yoast-schema-graph\">{\"@context\":\"https:\/\/schema.org\",\"@graph\":[{\"@type\":\"WebPage\",\"@id\":\"https:\/\/aovepenaluna.com\/producto\/aceite-lima\/\",\"url\":\"https:\/\/aovepenaluna.com\/producto\/aceite-lima\/\",\"name\":\"Condimento Preparado De Aceite de Oliva y Lima Cosecha 25-26 - AOVE Pe\u00f1a Luna\",\"isPartOf\":{\"@id\":\"https:\/\/aovepenaluna.com\/#website\"},\"primaryImageOfPage\":{\"@id\":\"https:\/\/aovepenaluna.com\/producto\/aceite-lima\/#primaryimage\"},\"image\":{\"@id\":\"https:\/\/aovepenaluna.com\/producto\/aceite-lima\/#primaryimage\"},\"thumbnailUrl\":\"https:\/\/aovepenaluna.com\/wp-content\/uploads\/2022\/03\/Aceite-Citrico-de-Oliva-y-Lima-Cosecha-24-25.jpg\",\"datePublished\":\"2022-03-11T14:02:52+00:00\",\"dateModified\":\"2026-04-13T11:42:31+00:00\",\"description\":\"Nuestro aceite c\u00edtrico se obtiene moliendo nuestras aceitunas directamente con las limas lo que le confiere un sabor \u00fanico. En ning\u00fan momento se utilizan esencias.\",\"breadcrumb\":{\"@id\":\"https:\/\/aovepenaluna.com\/producto\/aceite-lima\/#breadcrumb\"},\"inLanguage\":\"en-GB\",\"potentialAction\":[{\"@type\":\"ReadAction\",\"target\":[\"https:\/\/aovepenaluna.com\/producto\/aceite-lima\/\"]}]},{\"@type\":\"ImageObject\",\"inLanguage\":\"en-GB\",\"@id\":\"https:\/\/aovepenaluna.com\/producto\/aceite-lima\/#primaryimage\",\"url\":\"https:\/\/aovepenaluna.com\/wp-content\/uploads\/2022\/03\/Aceite-Citrico-de-Oliva-y-Lima-Cosecha-24-25.jpg\",\"contentUrl\":\"https:\/\/aovepenaluna.com\/wp-content\/uploads\/2022\/03\/Aceite-Citrico-de-Oliva-y-Lima-Cosecha-24-25.jpg\",\"width\":600,\"height\":600},{\"@type\":\"BreadcrumbList\",\"@id\":\"https:\/\/aovepenaluna.com\/producto\/aceite-lima\/#breadcrumb\",\"itemListElement\":[{\"@type\":\"ListItem\",\"position\":1,\"name\":\"Portada\",\"item\":\"https:\/\/aovepenaluna.com\/es\/\"},{\"@type\":\"ListItem\",\"position\":2,\"name\":\"TIENDA DE ACEITE DE OLIVA\",\"item\":\"https:\/\/aovepenaluna.com\/tienda\/\"},{\"@type\":\"ListItem\",\"position\":3,\"name\":\"Condimento Preparado De Aceite de Oliva y Lima Cosecha 25-26\"}]},{\"@type\":\"WebSite\",\"@id\":\"https:\/\/aovepenaluna.com\/#website\",\"url\":\"https:\/\/aovepenaluna.com\/\",\"name\":\"Aceite de Oliva Virgen Extra Pe\u00f1a Luna\",\"description\":\"Aceite de Oliva Virgen Extra Ecol\u00f3gico de m\u00e1xima calidad\",\"potentialAction\":[{\"@type\":\"SearchAction\",\"target\":{\"@type\":\"EntryPoint\",\"urlTemplate\":\"https:\/\/aovepenaluna.com\/?s={search_term_string}\"},\"query-input\":\"required name=search_term_string\"}],\"inLanguage\":\"en-GB\"}]}<\/script>\n<!-- \/ Yoast SEO plugin. -->","yoast_head_json":{"title":"Condimento Preparado De Aceite de Oliva y Lima Cosecha 25-26 - AOVE Pe\u00f1a Luna","description":"Our citrus oil is obtained by grinding the olives directly with the limes, which gives it a unique flavour. At no time are essences used.","robots":{"index":"index","follow":"follow","max-snippet":"max-snippet:-1","max-image-preview":"max-image-preview:large","max-video-preview":"max-video-preview:-1"},"canonical":"https:\/\/aovepenaluna.com\/en\/product\/aceite-lima\/","og_locale":"en_GB","og_type":"article","og_title":"Condimento Preparado De Aceite de Oliva y Lima Cosecha 25-26 - AOVE Pe\u00f1a Luna","og_description":"Nuestro aceite c\u00edtrico se obtiene moliendo nuestras aceitunas directamente con las limas lo que le confiere un sabor \u00fanico. En ning\u00fan momento se utilizan esencias.","og_url":"https:\/\/aovepenaluna.com\/en\/product\/aceite-lima\/","og_site_name":"Aceite de Oliva Virgen Extra Pe\u00f1a Luna","article_publisher":"https:\/\/www.facebook.com\/aovepenaluna","article_modified_time":"2026-04-13T11:42:31+00:00","og_image":[{"width":600,"height":600,"url":"https:\/\/aovepenaluna.com\/wp-content\/uploads\/2022\/03\/Aceite-Citrico-de-Oliva-y-Lima-Cosecha-24-25.jpg","type":"image\/jpeg"}],"twitter_card":"summary_large_image","twitter_misc":{"Estimated reading time":"2 minutes"},"schema":{"@context":"https:\/\/schema.org","@graph":[{"@type":"WebPage","@id":"https:\/\/aovepenaluna.com\/producto\/aceite-lima\/","url":"https:\/\/aovepenaluna.com\/producto\/aceite-lima\/","name":"Condimento Preparado De Aceite de Oliva y Lima Cosecha 25-26 - AOVE Pe\u00f1a Luna","isPartOf":{"@id":"https:\/\/aovepenaluna.com\/#website"},"primaryImageOfPage":{"@id":"https:\/\/aovepenaluna.com\/producto\/aceite-lima\/#primaryimage"},"image":{"@id":"https:\/\/aovepenaluna.com\/producto\/aceite-lima\/#primaryimage"},"thumbnailUrl":"https:\/\/aovepenaluna.com\/wp-content\/uploads\/2022\/03\/Aceite-Citrico-de-Oliva-y-Lima-Cosecha-24-25.jpg","datePublished":"2022-03-11T14:02:52+00:00","dateModified":"2026-04-13T11:42:31+00:00","description":"Our citrus oil is obtained by grinding the olives directly with the limes, which gives it a unique flavour. At no time are essences used.","breadcrumb":{"@id":"https:\/\/aovepenaluna.com\/producto\/aceite-lima\/#breadcrumb"},"inLanguage":"en-GB","potentialAction":[{"@type":"ReadAction","target":["https:\/\/aovepenaluna.com\/producto\/aceite-lima\/"]}]},{"@type":"ImageObject","inLanguage":"en-GB","@id":"https:\/\/aovepenaluna.com\/producto\/aceite-lima\/#primaryimage","url":"https:\/\/aovepenaluna.com\/wp-content\/uploads\/2022\/03\/Aceite-Citrico-de-Oliva-y-Lima-Cosecha-24-25.jpg","contentUrl":"https:\/\/aovepenaluna.com\/wp-content\/uploads\/2022\/03\/Aceite-Citrico-de-Oliva-y-Lima-Cosecha-24-25.jpg","width":600,"height":600},{"@type":"BreadcrumbList","@id":"https:\/\/aovepenaluna.com\/producto\/aceite-lima\/#breadcrumb","itemListElement":[{"@type":"ListItem","position":1,"name":"Portada","item":"https:\/\/aovepenaluna.com\/es\/"},{"@type":"ListItem","position":2,"name":"TIENDA DE ACEITE DE OLIVA","item":"https:\/\/aovepenaluna.com\/tienda\/"},{"@type":"ListItem","position":3,"name":"Condimento Preparado De Aceite de Oliva y Lima Cosecha 25-26"}]},{"@type":"WebSite","@id":"https:\/\/aovepenaluna.com\/#website","url":"https:\/\/aovepenaluna.com\/","name":"Aceite de Oliva Virgen Extra Pe\u00f1a Luna","description":"Aceite de Oliva Virgen Extra Ecol\u00f3gico de m\u00e1xima calidad","potentialAction":[{"@type":"SearchAction","target":{"@type":"EntryPoint","urlTemplate":"https:\/\/aovepenaluna.com\/?s={search_term_string}"},"query-input":"required name=search_term_string"}],"inLanguage":"en-GB"}]}},"_links":{"self":[{"href":"https:\/\/aovepenaluna.com\/en\/wp-json\/wp\/v2\/product\/6033","targetHints":{"allow":["GET"]}}],"collection":[{"href":"https:\/\/aovepenaluna.com\/en\/wp-json\/wp\/v2\/product"}],"about":[{"href":"https:\/\/aovepenaluna.com\/en\/wp-json\/wp\/v2\/types\/product"}],"replies":[{"embeddable":true,"href":"https:\/\/aovepenaluna.com\/en\/wp-json\/wp\/v2\/comments?post=6033"}],"wp:featuredmedia":[{"embeddable":true,"href":"https:\/\/aovepenaluna.com\/en\/wp-json\/wp\/v2\/media\/9133"}],"wp:attachment":[{"href":"https:\/\/aovepenaluna.com\/en\/wp-json\/wp\/v2\/media?parent=6033"}],"wp:term":[{"taxonomy":"product_cat","embeddable":true,"href":"https:\/\/aovepenaluna.com\/en\/wp-json\/wp\/v2\/product_cat?post=6033"},{"taxonomy":"product_tag","embeddable":true,"href":"https:\/\/aovepenaluna.com\/en\/wp-json\/wp\/v2\/product_tag?post=6033"}],"curies":[{"name":"wp","href":"https:\/\/api.w.org\/{rel}","templated":true}]}}