{"id":6024,"date":"2022-03-11T15:02:19","date_gmt":"2022-03-11T14:02:19","guid":{"rendered":"http:\/\/aovepenaluna.com\/?post_type=product&#038;p=6024"},"modified":"2026-04-13T12:43:05","modified_gmt":"2026-04-13T11:43:05","slug":"hojiblanca","status":"publish","type":"product","link":"https:\/\/aovepenaluna.com\/en\/product\/hojiblanca\/","title":{"rendered":"Extra Virgin Olive Oil (EVOO) Hojiblanca Variety 25-26 Harvest"},"content":{"rendered":"<p>[et_pb_section fb_built=\u00bb1&#8243; _builder_version=\u00bb4.23.1&#8243; background_color=\u00bbRGBA(255,255,255,0)\u00bb custom_padding=\u00bb0px||||false|false\u00bb global_colors_info=\u00bb{}\u00bb][et_pb_row _builder_version=\u00bb4.16&#8243; background_size=\u00bbinitial\u00bb background_position=\u00bbtop_left\u00bb background_repeat=\u00bbrepeat\u00bb width=\u00bb100%\u00bb custom_padding=\u00bb0px||0px||false|false\u00bb global_colors_info=\u00bb{}\u00bb][et_pb_column type=\u00bb4_4&#8243; _builder_version=\u00bb4.16&#8243; custom_padding=\u00bb|||\u00bb global_colors_info=\u00bb{}\u00bb custom_padding__hover=\u00bb|||\u00bb][et_pb_wc_breadcrumb _builder_version=\u00bb4.16&#8243; global_colors_info=\u00bb{}\u00bb][\/et_pb_wc_breadcrumb][et_pb_wc_cart_notice _builder_version=\u00bb4.16&#8243; global_colors_info=\u00bb{}\u00bb][\/et_pb_wc_cart_notice][\/et_pb_column][\/et_pb_row][et_pb_row column_structure=\u00bb1_2,1_2&#8243; _builder_version=\u00bb4.27.0&#8243; background_color=\u00bb#FFFFFF\u00bb background_size=\u00bbinitial\u00bb background_position=\u00bbtop_left\u00bb background_repeat=\u00bbrepeat\u00bb width=\u00bb100%\u00bb custom_padding=\u00bb0px||||false|false\u00bb global_colors_info=\u00bb{}\u00bb][et_pb_column type=\u00bb1_2&#8243; _builder_version=\u00bb4.16&#8243; custom_padding=\u00bb|||\u00bb global_colors_info=\u00bb{}\u00bb custom_padding__hover=\u00bb|||\u00bb][et_pb_wc_images _builder_version=\u00bb4.16&#8243; global_colors_info=\u00bb{}\u00bb][\/et_pb_wc_images][\/et_pb_column][et_pb_column type=\u00bb1_2&#8243; _builder_version=\u00bb4.16&#8243; custom_padding=\u00bb|||\u00bb global_colors_info=\u00bb{}\u00bb custom_padding__hover=\u00bb|||\u00bb][et_pb_wc_title _builder_version=\u00bb4.27.0&#8243; header_font=\u00bbTrebuchet||||||||\u00bb header_text_color=\u00bb#808000&#8243; header_font_size=\u00bb24px\u00bb custom_margin=\u00bb10px||||false|false\u00bb global_colors_info=\u00bb{}\u00bb][\/et_pb_wc_title][et_pb_wc_rating _builder_version=\u00bb4.16&#8243; global_colors_info=\u00bb{}\u00bb][\/et_pb_wc_rating][et_pb_wc_price _builder_version=\u00bb4.27.0&#8243; body_font_size=\u00bb22px\u00bb global_colors_info=\u00bb{}\u00bb][\/et_pb_wc_price][et_pb_wc_description _builder_version=\u00bb4.27.0&#8243; body_font=\u00bbTrebuchet||||||||\u00bb body_font_size=\u00bb14px\u00bb global_colors_info=\u00bb{}\u00bb][\/et_pb_wc_description][et_pb_wc_add_to_cart _builder_version=\u00bb4.16&#8243; global_colors_info=\u00bb{}\u00bb][\/et_pb_wc_add_to_cart][et_pb_wc_meta show_sku=\u00bboff\u00bb show_tags=\u00bboff\u00bb _builder_version=\u00bb4.27.0&#8243; global_colors_info=\u00bb{}\u00bb][\/et_pb_wc_meta][\/et_pb_column][\/et_pb_row][et_pb_row _builder_version=\u00bb4.16&#8243; background_size=\u00bbinitial\u00bb background_position=\u00bbtop_left\u00bb background_repeat=\u00bbrepeat\u00bb width=\u00bb100%\u00bb global_colors_info=\u00bb{}\u00bb][et_pb_column type=\u00bb4_4&#8243; _builder_version=\u00bb4.16&#8243; custom_padding=\u00bb|||\u00bb global_colors_info=\u00bb{}\u00bb custom_padding__hover=\u00bb|||\u00bb][et_pb_wc_related_products _builder_version=\u00bb4.16&#8243; global_colors_info=\u00bb{}\u00bb][\/et_pb_wc_related_products][\/et_pb_column][\/et_pb_row][\/et_pb_section]<\/p>","protected":false},"excerpt":{"rendered":"<p><span style=\"color: #808000;\">A Premium Extra Virgin Olive Oil<\/span><\/p>\n<p>Our early harvest Hojiblanca EVOO stands out for its balanced and exceptional flavor. This Extra Virgin Olive Oil is not only a delight for the palate but has also been recognized with various awards:<\/p>\n<p><strong>ATHENA Gold Medal 2025<\/strong><\/p>\n<p><strong>ATHENA Gold Medal 2023<\/strong><\/p>\n<p><strong>Gold Medal, MEZQUITA 2023<\/strong><\/p>\n<p><strong>ATHENA Double Gold Medal 2022<\/strong><\/p>\n<p><span style=\"color: #808000;\"><strong>Tasting Notes<\/strong><\/span><\/p>\n<p><strong>On the nose:<\/strong> Banana peel, Aromatic herbs and Horseradish.<\/p>\n<p><strong>On the palate:<\/strong> Very persistent and complex.<\/p>\n<p><span style=\"color: #808000;\"><strong>Pairing Suggestions<\/strong><\/span><\/p>\n<p>It goes great with salads, pasta and risottos.<\/p>\n<p><span style=\"color: #808000;\"><strong>Format &amp; Packaging<\/strong><\/span><\/p>\n<p><strong>Glass Bottle<\/strong><\/p>\n<p>500 ml<\/p>\n<p><a href=\"https:\/\/aovepenaluna.com\/wp-content\/uploads\/2026\/03\/2.-Ficha-tecnica_Hojiblanca.docx-1.docx\"><strong><span style=\"color: #808000;\">Descargar Ficha T\u00e9cnica<\/span><\/strong><\/a><\/p>","protected":false},"featured_media":9307,"comment_status":"closed","ping_status":"closed","template":"","meta":{"_et_pb_use_builder":"on","_et_pb_old_content":"<h2>Caracter\u00edsticas del Aceite de Oliva Virgen Extra<\/h2>\r\nEste aceite de oliva virgen extra se presenta como una opci\u00f3n muy equilibrada, ideal para los paladares m\u00e1s exigentes. Su aroma evoca notas de hojas frescas, frutas tropicales, as\u00ed como toques de tomatera y alcachofa, creando una experiencia sensorial \u00fanica.\r\n<h2>Un Sabor Inigualable<\/h2>\r\nEn boca, se destacan la hoja y la alcachofa, acompa\u00f1adas de un picor y amargor perfectamente balanceados. Cada gota de este aceite ofrece un viaje de sabor que realza cualquier plato.\r\n<h2>Perfecto para Maridar<\/h2>\r\n\u00a1No hay mejor compa\u00f1ero en la cocina! Este aceite combina genial con ensaladas, pastas y risottos, elevando el sabor de tus recetas favoritas. Prueba este delicioso aceite y transforma tus comidas en experiencias gourmet.","_et_gb_content_width":""},"product_cat":[160,26,159,157],"product_tag":[115,124,114,122,130,119],"class_list":{"0":"post-6024","1":"product","2":"type-product","3":"status-publish","4":"has-post-thumbnail","6":"product_cat-aceite_monovarietal","7":"product_cat-aove","8":"product_cat-aove_ecologico","9":"product_cat-aove_hojiblanca","10":"product_tag-aceite-de-oliva","11":"product_tag-aceite-de-oliva-virgen-extra","12":"product_tag-aove","13":"product_tag-extraccion-temprana","14":"product_tag-monovarietal","15":"product_tag-sostenible","17":"first","18":"instock","19":"taxable","20":"shipping-taxable","21":"purchasable","22":"product-type-simple"},"yoast_head":"<!-- This site is optimized with the Yoast SEO plugin v23.3 - https:\/\/yoast.com\/wordpress\/plugins\/seo\/ -->\n<title>Aceite De Oliva Virgen Extra (AOVE) Variedad HOJIBLANCA Cosecha 25-26 - AOVE Pe\u00f1a Luna<\/title>\n<meta name=\"description\" content=\"Un AOVE muy equilibrado. En nariz nos recuerda a hoja, frutos tropicales, tomatera y alcachofa. En boca destaca la hoja y la alcachofa con un picor y...\" \/>\n<meta name=\"robots\" content=\"index, follow, max-snippet:-1, max-image-preview:large, max-video-preview:-1\" \/>\n<link rel=\"canonical\" href=\"https:\/\/aovepenaluna.com\/en\/product\/hojiblanca\/\" \/>\n<meta property=\"og:locale\" content=\"en_GB\" \/>\n<meta property=\"og:type\" content=\"article\" \/>\n<meta property=\"og:title\" content=\"Aceite De Oliva Virgen Extra (AOVE) Variedad HOJIBLANCA Cosecha 25-26 - AOVE Pe\u00f1a Luna\" \/>\n<meta property=\"og:description\" content=\"Un AOVE muy equilibrado. En nariz nos recuerda a hoja, frutos tropicales, tomatera y alcachofa. En boca destaca la hoja y la alcachofa con un picor y...\" \/>\n<meta property=\"og:url\" content=\"https:\/\/aovepenaluna.com\/en\/product\/hojiblanca\/\" \/>\n<meta property=\"og:site_name\" content=\"Aceite de Oliva Virgen Extra Pe\u00f1a Luna\" \/>\n<meta property=\"article:publisher\" content=\"https:\/\/www.facebook.com\/aovepenaluna\" \/>\n<meta property=\"article:modified_time\" content=\"2026-04-13T11:43:05+00:00\" \/>\n<meta property=\"og:image\" content=\"https:\/\/aovepenaluna.com\/wp-content\/uploads\/2022\/03\/ACEITE-DE-OLIVA-VIRGEN-EXTRA-VARIEDAD-HOJIBLANCA-athena-2025.jpg\" \/>\n\t<meta property=\"og:image:width\" content=\"600\" \/>\n\t<meta property=\"og:image:height\" content=\"600\" \/>\n\t<meta property=\"og:image:type\" content=\"image\/jpeg\" \/>\n<meta name=\"twitter:card\" content=\"summary_large_image\" \/>\n<meta name=\"twitter:label1\" content=\"Estimated reading time\" \/>\n\t<meta name=\"twitter:data1\" content=\"2 minutes\" \/>\n<script type=\"application\/ld+json\" class=\"yoast-schema-graph\">{\"@context\":\"https:\/\/schema.org\",\"@graph\":[{\"@type\":\"WebPage\",\"@id\":\"https:\/\/aovepenaluna.com\/producto\/hojiblanca\/\",\"url\":\"https:\/\/aovepenaluna.com\/producto\/hojiblanca\/\",\"name\":\"Aceite De Oliva Virgen Extra (AOVE) Variedad HOJIBLANCA Cosecha 25-26 - AOVE Pe\u00f1a Luna\",\"isPartOf\":{\"@id\":\"https:\/\/aovepenaluna.com\/#website\"},\"primaryImageOfPage\":{\"@id\":\"https:\/\/aovepenaluna.com\/producto\/hojiblanca\/#primaryimage\"},\"image\":{\"@id\":\"https:\/\/aovepenaluna.com\/producto\/hojiblanca\/#primaryimage\"},\"thumbnailUrl\":\"https:\/\/aovepenaluna.com\/wp-content\/uploads\/2022\/03\/ACEITE-DE-OLIVA-VIRGEN-EXTRA-VARIEDAD-HOJIBLANCA-athena-2025.jpg\",\"datePublished\":\"2022-03-11T14:02:19+00:00\",\"dateModified\":\"2026-04-13T11:43:05+00:00\",\"description\":\"Un AOVE muy equilibrado. En nariz nos recuerda a hoja, frutos tropicales, tomatera y alcachofa. En boca destaca la hoja y la alcachofa con un picor y...\",\"breadcrumb\":{\"@id\":\"https:\/\/aovepenaluna.com\/producto\/hojiblanca\/#breadcrumb\"},\"inLanguage\":\"en-GB\",\"potentialAction\":[{\"@type\":\"ReadAction\",\"target\":[\"https:\/\/aovepenaluna.com\/producto\/hojiblanca\/\"]}]},{\"@type\":\"ImageObject\",\"inLanguage\":\"en-GB\",\"@id\":\"https:\/\/aovepenaluna.com\/producto\/hojiblanca\/#primaryimage\",\"url\":\"https:\/\/aovepenaluna.com\/wp-content\/uploads\/2022\/03\/ACEITE-DE-OLIVA-VIRGEN-EXTRA-VARIEDAD-HOJIBLANCA-athena-2025.jpg\",\"contentUrl\":\"https:\/\/aovepenaluna.com\/wp-content\/uploads\/2022\/03\/ACEITE-DE-OLIVA-VIRGEN-EXTRA-VARIEDAD-HOJIBLANCA-athena-2025.jpg\",\"width\":600,\"height\":600},{\"@type\":\"BreadcrumbList\",\"@id\":\"https:\/\/aovepenaluna.com\/producto\/hojiblanca\/#breadcrumb\",\"itemListElement\":[{\"@type\":\"ListItem\",\"position\":1,\"name\":\"Portada\",\"item\":\"https:\/\/aovepenaluna.com\/es\/\"},{\"@type\":\"ListItem\",\"position\":2,\"name\":\"TIENDA DE ACEITE DE OLIVA\",\"item\":\"https:\/\/aovepenaluna.com\/tienda\/\"},{\"@type\":\"ListItem\",\"position\":3,\"name\":\"Aceite De Oliva Virgen Extra (AOVE) Variedad HOJIBLANCA Cosecha 25-26\"}]},{\"@type\":\"WebSite\",\"@id\":\"https:\/\/aovepenaluna.com\/#website\",\"url\":\"https:\/\/aovepenaluna.com\/\",\"name\":\"Aceite de Oliva Virgen Extra Pe\u00f1a Luna\",\"description\":\"Aceite de Oliva Virgen Extra Ecol\u00f3gico de m\u00e1xima calidad\",\"potentialAction\":[{\"@type\":\"SearchAction\",\"target\":{\"@type\":\"EntryPoint\",\"urlTemplate\":\"https:\/\/aovepenaluna.com\/?s={search_term_string}\"},\"query-input\":\"required name=search_term_string\"}],\"inLanguage\":\"en-GB\"}]}<\/script>\n<!-- \/ Yoast SEO plugin. -->","yoast_head_json":{"title":"Aceite De Oliva Virgen Extra (AOVE) Variedad HOJIBLANCA Cosecha 25-26 - AOVE Pe\u00f1a Luna","description":"Un AOVE muy equilibrado. En nariz nos recuerda a hoja, frutos tropicales, tomatera y alcachofa. En boca destaca la hoja y la alcachofa con un picor y...","robots":{"index":"index","follow":"follow","max-snippet":"max-snippet:-1","max-image-preview":"max-image-preview:large","max-video-preview":"max-video-preview:-1"},"canonical":"https:\/\/aovepenaluna.com\/en\/product\/hojiblanca\/","og_locale":"en_GB","og_type":"article","og_title":"Aceite De Oliva Virgen Extra (AOVE) Variedad HOJIBLANCA Cosecha 25-26 - AOVE Pe\u00f1a Luna","og_description":"Un AOVE muy equilibrado. En nariz nos recuerda a hoja, frutos tropicales, tomatera y alcachofa. En boca destaca la hoja y la alcachofa con un picor y...","og_url":"https:\/\/aovepenaluna.com\/en\/product\/hojiblanca\/","og_site_name":"Aceite de Oliva Virgen Extra Pe\u00f1a Luna","article_publisher":"https:\/\/www.facebook.com\/aovepenaluna","article_modified_time":"2026-04-13T11:43:05+00:00","og_image":[{"width":600,"height":600,"url":"https:\/\/aovepenaluna.com\/wp-content\/uploads\/2022\/03\/ACEITE-DE-OLIVA-VIRGEN-EXTRA-VARIEDAD-HOJIBLANCA-athena-2025.jpg","type":"image\/jpeg"}],"twitter_card":"summary_large_image","twitter_misc":{"Estimated reading time":"2 minutes"},"schema":{"@context":"https:\/\/schema.org","@graph":[{"@type":"WebPage","@id":"https:\/\/aovepenaluna.com\/producto\/hojiblanca\/","url":"https:\/\/aovepenaluna.com\/producto\/hojiblanca\/","name":"Aceite De Oliva Virgen Extra (AOVE) Variedad HOJIBLANCA Cosecha 25-26 - AOVE Pe\u00f1a Luna","isPartOf":{"@id":"https:\/\/aovepenaluna.com\/#website"},"primaryImageOfPage":{"@id":"https:\/\/aovepenaluna.com\/producto\/hojiblanca\/#primaryimage"},"image":{"@id":"https:\/\/aovepenaluna.com\/producto\/hojiblanca\/#primaryimage"},"thumbnailUrl":"https:\/\/aovepenaluna.com\/wp-content\/uploads\/2022\/03\/ACEITE-DE-OLIVA-VIRGEN-EXTRA-VARIEDAD-HOJIBLANCA-athena-2025.jpg","datePublished":"2022-03-11T14:02:19+00:00","dateModified":"2026-04-13T11:43:05+00:00","description":"Un AOVE muy equilibrado. En nariz nos recuerda a hoja, frutos tropicales, tomatera y alcachofa. En boca destaca la hoja y la alcachofa con un picor y...","breadcrumb":{"@id":"https:\/\/aovepenaluna.com\/producto\/hojiblanca\/#breadcrumb"},"inLanguage":"en-GB","potentialAction":[{"@type":"ReadAction","target":["https:\/\/aovepenaluna.com\/producto\/hojiblanca\/"]}]},{"@type":"ImageObject","inLanguage":"en-GB","@id":"https:\/\/aovepenaluna.com\/producto\/hojiblanca\/#primaryimage","url":"https:\/\/aovepenaluna.com\/wp-content\/uploads\/2022\/03\/ACEITE-DE-OLIVA-VIRGEN-EXTRA-VARIEDAD-HOJIBLANCA-athena-2025.jpg","contentUrl":"https:\/\/aovepenaluna.com\/wp-content\/uploads\/2022\/03\/ACEITE-DE-OLIVA-VIRGEN-EXTRA-VARIEDAD-HOJIBLANCA-athena-2025.jpg","width":600,"height":600},{"@type":"BreadcrumbList","@id":"https:\/\/aovepenaluna.com\/producto\/hojiblanca\/#breadcrumb","itemListElement":[{"@type":"ListItem","position":1,"name":"Portada","item":"https:\/\/aovepenaluna.com\/es\/"},{"@type":"ListItem","position":2,"name":"TIENDA DE ACEITE DE OLIVA","item":"https:\/\/aovepenaluna.com\/tienda\/"},{"@type":"ListItem","position":3,"name":"Aceite De Oliva Virgen Extra (AOVE) Variedad HOJIBLANCA Cosecha 25-26"}]},{"@type":"WebSite","@id":"https:\/\/aovepenaluna.com\/#website","url":"https:\/\/aovepenaluna.com\/","name":"Aceite de Oliva Virgen Extra Pe\u00f1a Luna","description":"Aceite de Oliva Virgen Extra Ecol\u00f3gico de m\u00e1xima calidad","potentialAction":[{"@type":"SearchAction","target":{"@type":"EntryPoint","urlTemplate":"https:\/\/aovepenaluna.com\/?s={search_term_string}"},"query-input":"required name=search_term_string"}],"inLanguage":"en-GB"}]}},"_links":{"self":[{"href":"https:\/\/aovepenaluna.com\/en\/wp-json\/wp\/v2\/product\/6024","targetHints":{"allow":["GET"]}}],"collection":[{"href":"https:\/\/aovepenaluna.com\/en\/wp-json\/wp\/v2\/product"}],"about":[{"href":"https:\/\/aovepenaluna.com\/en\/wp-json\/wp\/v2\/types\/product"}],"replies":[{"embeddable":true,"href":"https:\/\/aovepenaluna.com\/en\/wp-json\/wp\/v2\/comments?post=6024"}],"wp:featuredmedia":[{"embeddable":true,"href":"https:\/\/aovepenaluna.com\/en\/wp-json\/wp\/v2\/media\/9307"}],"wp:attachment":[{"href":"https:\/\/aovepenaluna.com\/en\/wp-json\/wp\/v2\/media?parent=6024"}],"wp:term":[{"taxonomy":"product_cat","embeddable":true,"href":"https:\/\/aovepenaluna.com\/en\/wp-json\/wp\/v2\/product_cat?post=6024"},{"taxonomy":"product_tag","embeddable":true,"href":"https:\/\/aovepenaluna.com\/en\/wp-json\/wp\/v2\/product_tag?post=6024"}],"curies":[{"name":"wp","href":"https:\/\/api.w.org\/{rel}","templated":true}]}}