{"id":6018,"date":"2022-03-11T15:03:40","date_gmt":"2022-03-11T14:03:40","guid":{"rendered":"http:\/\/aovepenaluna.com\/?post_type=product&#038;p=6018"},"modified":"2026-04-13T12:41:20","modified_gmt":"2026-04-13T11:41:20","slug":"arbequina","status":"publish","type":"product","link":"https:\/\/aovepenaluna.com\/en\/product\/arbequina\/","title":{"rendered":"Extra Virgin Olive Oil (EVOO) Arbequina Variety 25-26 Harvest"},"content":{"rendered":"<p>[et_pb_section fb_built=\u00bb1&#8243; _builder_version=\u00bb4.23.1&#8243; background_color=\u00bbRGBA(255,255,255,0)\u00bb custom_padding=\u00bb0px||||false|false\u00bb global_colors_info=\u00bb{}\u00bb][et_pb_row _builder_version=\u00bb4.16&#8243; background_size=\u00bbinitial\u00bb background_position=\u00bbtop_left\u00bb background_repeat=\u00bbrepeat\u00bb width=\u00bb100%\u00bb custom_padding=\u00bb0px||0px||false|false\u00bb global_colors_info=\u00bb{}\u00bb][et_pb_column type=\u00bb4_4&#8243; _builder_version=\u00bb4.16&#8243; custom_padding=\u00bb|||\u00bb global_colors_info=\u00bb{}\u00bb custom_padding__hover=\u00bb|||\u00bb][et_pb_wc_breadcrumb _builder_version=\u00bb4.16&#8243; global_colors_info=\u00bb{}\u00bb][\/et_pb_wc_breadcrumb][et_pb_wc_cart_notice _builder_version=\u00bb4.16&#8243; global_colors_info=\u00bb{}\u00bb][\/et_pb_wc_cart_notice][\/et_pb_column][\/et_pb_row][et_pb_row column_structure=\u00bb1_2,1_2&#8243; _builder_version=\u00bb4.27.0&#8243; background_color=\u00bb#FFFFFF\u00bb background_size=\u00bbinitial\u00bb background_position=\u00bbtop_left\u00bb background_repeat=\u00bbrepeat\u00bb width=\u00bb100%\u00bb custom_padding=\u00bb0px||||false|false\u00bb global_colors_info=\u00bb{}\u00bb][et_pb_column type=\u00bb1_2&#8243; _builder_version=\u00bb4.16&#8243; custom_padding=\u00bb|||\u00bb global_colors_info=\u00bb{}\u00bb custom_padding__hover=\u00bb|||\u00bb][et_pb_wc_images _builder_version=\u00bb4.16&#8243; global_colors_info=\u00bb{}\u00bb][\/et_pb_wc_images][\/et_pb_column][et_pb_column type=\u00bb1_2&#8243; _builder_version=\u00bb4.16&#8243; custom_padding=\u00bb|||\u00bb global_colors_info=\u00bb{}\u00bb custom_padding__hover=\u00bb|||\u00bb][et_pb_wc_title _builder_version=\u00bb4.27.0&#8243; header_text_color=\u00bb#808000&#8243; header_font_size=\u00bb24px\u00bb custom_margin=\u00bb10px||||false|false\u00bb global_colors_info=\u00bb{}\u00bb][\/et_pb_wc_title][et_pb_wc_rating _builder_version=\u00bb4.16&#8243; global_colors_info=\u00bb{}\u00bb][\/et_pb_wc_rating][et_pb_wc_price _builder_version=\u00bb4.27.0&#8243; body_font_size=\u00bb22px\u00bb global_colors_info=\u00bb{}\u00bb][\/et_pb_wc_price][et_pb_wc_description _builder_version=\u00bb4.27.0&#8243; body_font_size=\u00bb14px\u00bb global_colors_info=\u00bb{}\u00bb][\/et_pb_wc_description][et_pb_wc_add_to_cart _builder_version=\u00bb4.16&#8243; global_colors_info=\u00bb{}\u00bb][\/et_pb_wc_add_to_cart][et_pb_wc_meta _builder_version=\u00bb4.16&#8243; global_colors_info=\u00bb{}\u00bb][\/et_pb_wc_meta][\/et_pb_column][\/et_pb_row][et_pb_row _builder_version=\u00bb4.16&#8243; background_size=\u00bbinitial\u00bb background_position=\u00bbtop_left\u00bb background_repeat=\u00bbrepeat\u00bb width=\u00bb100%\u00bb global_colors_info=\u00bb{}\u00bb][et_pb_column type=\u00bb4_4&#8243; _builder_version=\u00bb4.16&#8243; custom_padding=\u00bb|||\u00bb global_colors_info=\u00bb{}\u00bb custom_padding__hover=\u00bb|||\u00bb][et_pb_wc_tabs _builder_version=\u00bb4.16&#8243; global_colors_info=\u00bb{}\u00bb]\t\t\t\t\t[\/et_pb_wc_tabs][\/et_pb_column][\/et_pb_row][\/et_pb_section]<\/p>","protected":false},"excerpt":{"rendered":"<p><strong>Gold Medal, Mezquita 2023<\/strong><\/p>\n<p><strong>Bronze Medal, Mezquita 2024 <\/strong><\/p>\n<p><span style=\"color: #808000;\"><strong>Tasting Notes<\/strong><\/span><br \/>\n<strong>On the nose:<\/strong> Grass, Green apple and Tomato leaf<br \/>\n<strong>On the palate:<\/strong> More pungency than bitterness, Banana, Tomato and Raw almond.<br \/>\nA very pleasant oil, perfect for vegetables and desserts.<br \/>\nExcellent with salads featuring mild ingredients and delicate fish.<\/p>\n<p><span style=\"color: #808000;\"><strong>Pairing Suggestions<\/strong><\/span><br \/>\nWhite fish, marinades, salads and pastries.<\/p>\n<p><span style=\"color: #808000;\"><strong>Format &amp; Packaging<\/strong><\/span><br \/>\n<strong>Glass Bottle<\/strong><br \/>\n500 ml<\/p>\n<p><a href=\"https:\/\/aovepenaluna.com\/wp-content\/uploads\/2026\/03\/13.-Ficha-tecnica_Hojiblanca-Piment-d-Espelette-AOP.docx\"><strong><span style=\"color: #808000;\">Descargar Ficha T\u00e9cnica<\/span><\/strong><\/a><\/p>","protected":false},"featured_media":9135,"comment_status":"closed","ping_status":"closed","template":"","meta":{"_et_pb_use_builder":"on","_et_pb_old_content":"<strong>Maridaje<\/strong>\r\n<a href=\"https:\/\/aovepenaluna.com\/es\/salsa-al-pesto-con-aceite-de-oliva-virgen-extra-arbequina\/\">Pasta al pesto<\/a>, pescado blanco, escabeches, ensaladas y reposter\u00eda.","_et_gb_content_width":""},"product_cat":[160,26,156],"product_tag":[115,124,114,125,154,122,119],"class_list":{"0":"post-6018","1":"product","2":"type-product","3":"status-publish","4":"has-post-thumbnail","6":"product_cat-aceite_monovarietal","7":"product_cat-aove","8":"product_cat-aove_arbequina","9":"product_tag-aceite-de-oliva","10":"product_tag-aceite-de-oliva-virgen-extra","11":"product_tag-aove","12":"product_tag-arbequina","13":"product_tag-comprar-aceite-de-oliva","14":"product_tag-extraccion-temprana","15":"product_tag-sostenible","17":"first","18":"instock","19":"taxable","20":"shipping-taxable","21":"purchasable","22":"product-type-simple"},"yoast_head":"<!-- This site is optimized with the Yoast SEO plugin v23.3 - https:\/\/yoast.com\/wordpress\/plugins\/seo\/ -->\n<title>Aceite De Oliva Virgen Extra (AOVE) Variedad ARBEQUINA Cosecha 25-26 - Aceite de Oliva Virgen Extra Pe\u00f1a Luna<\/title>\n<meta name=\"description\" content=\"El AOVE Arbequina posee intensidad media. En nariz nos recuerda mucho a papilla de frutas, tomate y almendra. Su sabor a banana y almendra verde con m\u00e1s...\" \/>\n<meta name=\"robots\" content=\"index, follow, max-snippet:-1, max-image-preview:large, max-video-preview:-1\" \/>\n<link rel=\"canonical\" href=\"https:\/\/aovepenaluna.com\/en\/product\/arbequina\/\" \/>\n<meta property=\"og:locale\" content=\"en_GB\" \/>\n<meta property=\"og:type\" content=\"article\" \/>\n<meta property=\"og:title\" content=\"Aceite De Oliva Virgen Extra (AOVE) Variedad ARBEQUINA Cosecha 25-26 - Aceite de Oliva Virgen Extra Pe\u00f1a Luna\" \/>\n<meta property=\"og:description\" content=\"El AOVE Arbequina posee intensidad media. En nariz nos recuerda mucho a papilla de frutas, tomate y almendra. Su sabor a banana y almendra verde con m\u00e1s...\" \/>\n<meta property=\"og:url\" content=\"https:\/\/aovepenaluna.com\/en\/product\/arbequina\/\" \/>\n<meta property=\"og:site_name\" content=\"Aceite de Oliva Virgen Extra Pe\u00f1a Luna\" \/>\n<meta property=\"article:publisher\" content=\"https:\/\/www.facebook.com\/aovepenaluna\" \/>\n<meta property=\"article:modified_time\" content=\"2026-04-13T11:41:20+00:00\" \/>\n<meta property=\"og:image\" content=\"https:\/\/aovepenaluna.com\/wp-content\/uploads\/2022\/03\/ACEITE-DE-OLIVA.jpg\" \/>\n\t<meta property=\"og:image:width\" content=\"600\" \/>\n\t<meta property=\"og:image:height\" content=\"600\" \/>\n\t<meta property=\"og:image:type\" content=\"image\/jpeg\" \/>\n<meta name=\"twitter:card\" content=\"summary_large_image\" \/>\n<meta name=\"twitter:label1\" content=\"Estimated reading time\" \/>\n\t<meta name=\"twitter:data1\" content=\"2 minutes\" \/>\n<script type=\"application\/ld+json\" class=\"yoast-schema-graph\">{\"@context\":\"https:\/\/schema.org\",\"@graph\":[{\"@type\":\"WebPage\",\"@id\":\"https:\/\/aovepenaluna.com\/producto\/arbequina\/\",\"url\":\"https:\/\/aovepenaluna.com\/producto\/arbequina\/\",\"name\":\"Aceite De Oliva Virgen Extra (AOVE) Variedad ARBEQUINA Cosecha 25-26 - Aceite de Oliva Virgen Extra Pe\u00f1a Luna\",\"isPartOf\":{\"@id\":\"https:\/\/aovepenaluna.com\/#website\"},\"primaryImageOfPage\":{\"@id\":\"https:\/\/aovepenaluna.com\/producto\/arbequina\/#primaryimage\"},\"image\":{\"@id\":\"https:\/\/aovepenaluna.com\/producto\/arbequina\/#primaryimage\"},\"thumbnailUrl\":\"https:\/\/aovepenaluna.com\/wp-content\/uploads\/2022\/03\/ACEITE-DE-OLIVA.jpg\",\"datePublished\":\"2022-03-11T14:03:40+00:00\",\"dateModified\":\"2026-04-13T11:41:20+00:00\",\"description\":\"El AOVE Arbequina posee intensidad media. En nariz nos recuerda mucho a papilla de frutas, tomate y almendra. Su sabor a banana y almendra verde con m\u00e1s...\",\"breadcrumb\":{\"@id\":\"https:\/\/aovepenaluna.com\/producto\/arbequina\/#breadcrumb\"},\"inLanguage\":\"en-GB\",\"potentialAction\":[{\"@type\":\"ReadAction\",\"target\":[\"https:\/\/aovepenaluna.com\/producto\/arbequina\/\"]}]},{\"@type\":\"ImageObject\",\"inLanguage\":\"en-GB\",\"@id\":\"https:\/\/aovepenaluna.com\/producto\/arbequina\/#primaryimage\",\"url\":\"https:\/\/aovepenaluna.com\/wp-content\/uploads\/2022\/03\/ACEITE-DE-OLIVA.jpg\",\"contentUrl\":\"https:\/\/aovepenaluna.com\/wp-content\/uploads\/2022\/03\/ACEITE-DE-OLIVA.jpg\",\"width\":600,\"height\":600},{\"@type\":\"BreadcrumbList\",\"@id\":\"https:\/\/aovepenaluna.com\/producto\/arbequina\/#breadcrumb\",\"itemListElement\":[{\"@type\":\"ListItem\",\"position\":1,\"name\":\"Portada\",\"item\":\"https:\/\/aovepenaluna.com\/es\/\"},{\"@type\":\"ListItem\",\"position\":2,\"name\":\"TIENDA DE ACEITE DE OLIVA\",\"item\":\"https:\/\/aovepenaluna.com\/tienda\/\"},{\"@type\":\"ListItem\",\"position\":3,\"name\":\"Aceite De Oliva Virgen Extra (AOVE) Variedad ARBEQUINA Cosecha 25-26\"}]},{\"@type\":\"WebSite\",\"@id\":\"https:\/\/aovepenaluna.com\/#website\",\"url\":\"https:\/\/aovepenaluna.com\/\",\"name\":\"Aceite de Oliva Virgen Extra Pe\u00f1a Luna\",\"description\":\"Aceite de Oliva Virgen Extra Ecol\u00f3gico de m\u00e1xima calidad\",\"potentialAction\":[{\"@type\":\"SearchAction\",\"target\":{\"@type\":\"EntryPoint\",\"urlTemplate\":\"https:\/\/aovepenaluna.com\/?s={search_term_string}\"},\"query-input\":\"required name=search_term_string\"}],\"inLanguage\":\"en-GB\"}]}<\/script>\n<!-- \/ Yoast SEO plugin. -->","yoast_head_json":{"title":"Aceite De Oliva Virgen Extra (AOVE) Variedad ARBEQUINA Cosecha 25-26 - Aceite de Oliva Virgen Extra Pe\u00f1a Luna","description":"El AOVE Arbequina posee intensidad media. En nariz nos recuerda mucho a papilla de frutas, tomate y almendra. Su sabor a banana y almendra verde con m\u00e1s...","robots":{"index":"index","follow":"follow","max-snippet":"max-snippet:-1","max-image-preview":"max-image-preview:large","max-video-preview":"max-video-preview:-1"},"canonical":"https:\/\/aovepenaluna.com\/en\/product\/arbequina\/","og_locale":"en_GB","og_type":"article","og_title":"Aceite De Oliva Virgen Extra (AOVE) Variedad ARBEQUINA Cosecha 25-26 - Aceite de Oliva Virgen Extra Pe\u00f1a Luna","og_description":"El AOVE Arbequina posee intensidad media. En nariz nos recuerda mucho a papilla de frutas, tomate y almendra. Su sabor a banana y almendra verde con m\u00e1s...","og_url":"https:\/\/aovepenaluna.com\/en\/product\/arbequina\/","og_site_name":"Aceite de Oliva Virgen Extra Pe\u00f1a Luna","article_publisher":"https:\/\/www.facebook.com\/aovepenaluna","article_modified_time":"2026-04-13T11:41:20+00:00","og_image":[{"width":600,"height":600,"url":"https:\/\/aovepenaluna.com\/wp-content\/uploads\/2022\/03\/ACEITE-DE-OLIVA.jpg","type":"image\/jpeg"}],"twitter_card":"summary_large_image","twitter_misc":{"Estimated reading time":"2 minutes"},"schema":{"@context":"https:\/\/schema.org","@graph":[{"@type":"WebPage","@id":"https:\/\/aovepenaluna.com\/producto\/arbequina\/","url":"https:\/\/aovepenaluna.com\/producto\/arbequina\/","name":"Aceite De Oliva Virgen Extra (AOVE) Variedad ARBEQUINA Cosecha 25-26 - Aceite de Oliva Virgen Extra Pe\u00f1a Luna","isPartOf":{"@id":"https:\/\/aovepenaluna.com\/#website"},"primaryImageOfPage":{"@id":"https:\/\/aovepenaluna.com\/producto\/arbequina\/#primaryimage"},"image":{"@id":"https:\/\/aovepenaluna.com\/producto\/arbequina\/#primaryimage"},"thumbnailUrl":"https:\/\/aovepenaluna.com\/wp-content\/uploads\/2022\/03\/ACEITE-DE-OLIVA.jpg","datePublished":"2022-03-11T14:03:40+00:00","dateModified":"2026-04-13T11:41:20+00:00","description":"El AOVE Arbequina posee intensidad media. En nariz nos recuerda mucho a papilla de frutas, tomate y almendra. Su sabor a banana y almendra verde con m\u00e1s...","breadcrumb":{"@id":"https:\/\/aovepenaluna.com\/producto\/arbequina\/#breadcrumb"},"inLanguage":"en-GB","potentialAction":[{"@type":"ReadAction","target":["https:\/\/aovepenaluna.com\/producto\/arbequina\/"]}]},{"@type":"ImageObject","inLanguage":"en-GB","@id":"https:\/\/aovepenaluna.com\/producto\/arbequina\/#primaryimage","url":"https:\/\/aovepenaluna.com\/wp-content\/uploads\/2022\/03\/ACEITE-DE-OLIVA.jpg","contentUrl":"https:\/\/aovepenaluna.com\/wp-content\/uploads\/2022\/03\/ACEITE-DE-OLIVA.jpg","width":600,"height":600},{"@type":"BreadcrumbList","@id":"https:\/\/aovepenaluna.com\/producto\/arbequina\/#breadcrumb","itemListElement":[{"@type":"ListItem","position":1,"name":"Portada","item":"https:\/\/aovepenaluna.com\/es\/"},{"@type":"ListItem","position":2,"name":"TIENDA DE ACEITE DE OLIVA","item":"https:\/\/aovepenaluna.com\/tienda\/"},{"@type":"ListItem","position":3,"name":"Aceite De Oliva Virgen Extra (AOVE) Variedad ARBEQUINA Cosecha 25-26"}]},{"@type":"WebSite","@id":"https:\/\/aovepenaluna.com\/#website","url":"https:\/\/aovepenaluna.com\/","name":"Aceite de Oliva Virgen Extra Pe\u00f1a Luna","description":"Aceite de Oliva Virgen Extra Ecol\u00f3gico de m\u00e1xima calidad","potentialAction":[{"@type":"SearchAction","target":{"@type":"EntryPoint","urlTemplate":"https:\/\/aovepenaluna.com\/?s={search_term_string}"},"query-input":"required name=search_term_string"}],"inLanguage":"en-GB"}]}},"_links":{"self":[{"href":"https:\/\/aovepenaluna.com\/en\/wp-json\/wp\/v2\/product\/6018","targetHints":{"allow":["GET"]}}],"collection":[{"href":"https:\/\/aovepenaluna.com\/en\/wp-json\/wp\/v2\/product"}],"about":[{"href":"https:\/\/aovepenaluna.com\/en\/wp-json\/wp\/v2\/types\/product"}],"replies":[{"embeddable":true,"href":"https:\/\/aovepenaluna.com\/en\/wp-json\/wp\/v2\/comments?post=6018"}],"wp:featuredmedia":[{"embeddable":true,"href":"https:\/\/aovepenaluna.com\/en\/wp-json\/wp\/v2\/media\/9135"}],"wp:attachment":[{"href":"https:\/\/aovepenaluna.com\/en\/wp-json\/wp\/v2\/media?parent=6018"}],"wp:term":[{"taxonomy":"product_cat","embeddable":true,"href":"https:\/\/aovepenaluna.com\/en\/wp-json\/wp\/v2\/product_cat?post=6018"},{"taxonomy":"product_tag","embeddable":true,"href":"https:\/\/aovepenaluna.com\/en\/wp-json\/wp\/v2\/product_tag?post=6018"}],"curies":[{"name":"wp","href":"https:\/\/api.w.org\/{rel}","templated":true}]}}