{"id":6016,"date":"2022-03-11T15:01:41","date_gmt":"2022-03-11T14:01:41","guid":{"rendered":"http:\/\/aovepenaluna.com\/?post_type=product&#038;p=6016"},"modified":"2026-04-13T13:55:40","modified_gmt":"2026-04-13T12:55:40","slug":"aove-ancestral-coupage-hojiblanca-koroneiki","status":"publish","type":"product","link":"https:\/\/aovepenaluna.com\/en\/product\/aove-ancestral-coupage-hojiblanca-koroneiki\/","title":{"rendered":"Extra Virgin Olive Oil (EVOO) ANCESTRAL 25-26 Harvest"},"content":{"rendered":"<p>[et_pb_section fb_built=\u00bb1&#8243; _builder_version=\u00bb4.23.1&#8243; background_color=\u00bbRGBA(255,255,255,0)\u00bb custom_padding=\u00bb0px||||false|false\u00bb global_colors_info=\u00bb{}\u00bb][et_pb_row _builder_version=\u00bb4.16&#8243; background_size=\u00bbinitial\u00bb background_position=\u00bbtop_left\u00bb background_repeat=\u00bbrepeat\u00bb width=\u00bb100%\u00bb custom_padding=\u00bb0px||0px||false|false\u00bb global_colors_info=\u00bb{}\u00bb][et_pb_column type=\u00bb4_4&#8243; _builder_version=\u00bb4.16&#8243; custom_padding=\u00bb|||\u00bb global_colors_info=\u00bb{}\u00bb custom_padding__hover=\u00bb|||\u00bb][et_pb_wc_breadcrumb _builder_version=\u00bb4.16&#8243; global_colors_info=\u00bb{}\u00bb][\/et_pb_wc_breadcrumb][et_pb_wc_cart_notice _builder_version=\u00bb4.16&#8243; global_colors_info=\u00bb{}\u00bb][\/et_pb_wc_cart_notice][\/et_pb_column][\/et_pb_row][et_pb_row column_structure=\u00bb1_2,1_2&#8243; _builder_version=\u00bb4.27.0&#8243; background_color=\u00bb#FFFFFF\u00bb background_size=\u00bbinitial\u00bb background_position=\u00bbtop_left\u00bb background_repeat=\u00bbrepeat\u00bb width=\u00bb100%\u00bb custom_padding=\u00bb0px||||false|false\u00bb global_colors_info=\u00bb{}\u00bb][et_pb_column type=\u00bb1_2&#8243; _builder_version=\u00bb4.16&#8243; custom_padding=\u00bb|||\u00bb global_colors_info=\u00bb{}\u00bb custom_padding__hover=\u00bb|||\u00bb][et_pb_wc_images _builder_version=\u00bb4.16&#8243; global_colors_info=\u00bb{}\u00bb][\/et_pb_wc_images][\/et_pb_column][et_pb_column type=\u00bb1_2&#8243; _builder_version=\u00bb4.16&#8243; custom_padding=\u00bb|||\u00bb global_colors_info=\u00bb{}\u00bb custom_padding__hover=\u00bb|||\u00bb][et_pb_wc_title _builder_version=\u00bb4.27.0&#8243; header_font=\u00bbTrebuchet||||||||\u00bb header_font_size=\u00bb24px\u00bb custom_margin=\u00bb10px||||false|false\u00bb global_colors_info=\u00bb{}\u00bb][\/et_pb_wc_title][et_pb_wc_rating _builder_version=\u00bb4.16&#8243; global_colors_info=\u00bb{}\u00bb][\/et_pb_wc_rating][et_pb_wc_price _builder_version=\u00bb4.27.0&#8243; body_font_size=\u00bb22px\u00bb global_colors_info=\u00bb{}\u00bb][\/et_pb_wc_price][et_pb_wc_description _builder_version=\u00bb4.27.0&#8243; body_font=\u00bbTrebuchet||||||||\u00bb body_font_size=\u00bb12px\u00bb global_colors_info=\u00bb{}\u00bb][\/et_pb_wc_description][et_pb_wc_add_to_cart _builder_version=\u00bb4.16&#8243; global_colors_info=\u00bb{}\u00bb][\/et_pb_wc_add_to_cart][et_pb_wc_meta show_sku=\u00bboff\u00bb show_tags=\u00bboff\u00bb _builder_version=\u00bb4.27.0&#8243; global_colors_info=\u00bb{}\u00bb][\/et_pb_wc_meta][\/et_pb_column][\/et_pb_row][et_pb_row _builder_version=\u00bb4.16&#8243; background_size=\u00bbinitial\u00bb background_position=\u00bbtop_left\u00bb background_repeat=\u00bbrepeat\u00bb width=\u00bb100%\u00bb global_colors_info=\u00bb{}\u00bb][et_pb_column type=\u00bb4_4&#8243; _builder_version=\u00bb4.16&#8243; custom_padding=\u00bb|||\u00bb global_colors_info=\u00bb{}\u00bb custom_padding__hover=\u00bb|||\u00bb][et_pb_wc_related_products _builder_version=\u00bb4.16&#8243; global_colors_info=\u00bb{}\u00bb][\/et_pb_wc_related_products][\/et_pb_column][\/et_pb_row][\/et_pb_section]<\/p>","protected":false},"excerpt":{"rendered":"<p><strong>Gold Medal, London International Olive Oil Competition 2025<\/strong><\/p>\n<p><strong>Grand Gold Medal, ECOTRAMA 2025<\/strong><\/p>\n<p><strong>Platinum Medal, London International Olive Oil Competition 2024<\/strong><\/p>\n<p><strong>Gold Medal, London International Olive Oil Competition 2023<\/strong><\/p>\n<p><strong>Silver Medal, Premios Mezquita 2024<\/strong><\/p>\n<p><strong>Silver Medal, Premios Mezquita 2022<\/strong><\/p>\n<p><span style=\"color: #808000;\"><strong>Our Production Process<\/strong><\/span><\/p>\n<p>Each year, as the harvest season begins, we host our <a href=\"https:\/\/aovepenaluna.com\/en\/ancestral\/\">Ancestral Event.<\/a> This special occasion brings together family, friends, and expert tasters to sample <a href=\"https:\/\/aovepenaluna.com\/en\/monovarietales\/\">monovarietales<\/a> the newly extracted single-variety oils and craft our unique Ancestral Coupage.<\/p>\n<p><span style=\"color: #808000;\"><strong>Tasting Notes<\/strong><\/span><\/p>\n<p>The tasting notes for this oil showcase a richer personality, a testament to the exquisite harmony of our premium oils.<\/p>\n<p><strong>Nose<\/strong> :Grassy notes, Banana, Almond, Tomato leaf<\/p>\n<p><strong>Mouth<\/strong> : Balanced bitterness and pungency, Banana peel, Vegetables<\/p>\n<p><span style=\"color: #808000;\"><strong>Pairing Suggestions<\/strong><\/span><\/p>\n<p>It is the perfect combination and goes with everything: beef, salmon, tuna, vegetables, etc.<\/p>\n<p><span style=\"color: #808000;\"><strong>Format &amp; Packaging<\/strong><\/span><\/p>\n<p>Glass Bottle<\/p>\n<p>500 ml<\/p>\n<p><a href=\"https:\/\/aovepenaluna.com\/wp-content\/uploads\/2026\/03\/5.-Ficha-tecnica_Coupage-Ancestral_2025.docx.docx\"><strong><span style=\"color: #808000;\">Descargar Ficha T\u00e9cnica<\/span><\/strong><\/a><\/p>","protected":false},"featured_media":9558,"comment_status":"closed","ping_status":"closed","template":"","meta":{"_et_pb_use_builder":"on","_et_pb_old_content":"<h2>Aroma Inconfundible<\/h2>\r\nNuestra nota de cata refleja un aceite con m\u00e1s personalidad, resultado de la uni\u00f3n perfecta de nuestros mejores aceites. Este producto es vers\u00e1til, presentando un aroma cautivador a hoja, flores silvestres, almendra verde y banana, que te transportar\u00e1 a un jard\u00edn en plena primavera.\r\n<h2>Equilibrio en Cada Gusto<\/h2>\r\nEn boca, se manifiesta un equilibrio magn\u00edfico entre el picor y el amargor. Sabores c\u00edtricos, tomatera y almendra verde se combinan para ofrecer una experiencia gustativa excepcional. Este aceite es ideal para realzar cualquier plato.\r\n<h2>Maridaje Perfecto<\/h2>\r\nNuestro aceite es la combinaci\u00f3n perfecta para todo tipo de comidas: desde tartar de ternera hasta salsa chimichurri y pescado como salm\u00f3n o at\u00fan. Sin duda, un elemento imprescindible en tu cocina.","_et_gb_content_width":""},"product_cat":[26,169],"product_tag":[115,124,114,125,133,131,123],"class_list":{"0":"post-6016","1":"product","2":"type-product","3":"status-publish","4":"has-post-thumbnail","6":"product_cat-aove","7":"product_cat-aove_coupage","8":"product_tag-aceite-de-oliva","9":"product_tag-aceite-de-oliva-virgen-extra","10":"product_tag-aove","11":"product_tag-arbequina","12":"product_tag-catadores-profesionales","13":"product_tag-hojiblanca","14":"product_tag-koroneiki","16":"first","17":"instock","18":"taxable","19":"shipping-taxable","20":"purchasable","21":"product-type-simple"},"yoast_head":"<!-- This site is optimized with the Yoast SEO plugin v23.3 - https:\/\/yoast.com\/wordpress\/plugins\/seo\/ -->\n<title>Aceite de Oliva Virgen Extra (AOVE) ANCESTRAL Cosecha 2025-2026 - AOVE Pe\u00f1a Luna<\/title>\n<meta name=\"description\" content=\"Obtenido a partir de nuestros monovarietales de extracci\u00f3n temprana, se combinan los sabores, aromas y otros aspectos complementarios de cada uno de ...\" \/>\n<meta name=\"robots\" content=\"index, follow, max-snippet:-1, max-image-preview:large, max-video-preview:-1\" \/>\n<link rel=\"canonical\" href=\"https:\/\/aovepenaluna.com\/en\/product\/aove-ancestral-coupage-hojiblanca-koroneiki\/\" \/>\n<meta property=\"og:locale\" content=\"en_GB\" \/>\n<meta property=\"og:type\" content=\"article\" \/>\n<meta property=\"og:title\" content=\"Aceite de Oliva Virgen Extra (AOVE) ANCESTRAL Cosecha 2025-2026 - AOVE Pe\u00f1a Luna\" \/>\n<meta property=\"og:description\" content=\"Obtenido a partir de nuestros monovarietales de extracci\u00f3n temprana, se combinan los sabores, aromas y otros aspectos complementarios de cada uno de ...\" \/>\n<meta property=\"og:url\" content=\"https:\/\/aovepenaluna.com\/en\/product\/aove-ancestral-coupage-hojiblanca-koroneiki\/\" \/>\n<meta property=\"og:site_name\" content=\"Aceite de Oliva Virgen Extra Pe\u00f1a Luna\" \/>\n<meta property=\"article:publisher\" content=\"https:\/\/www.facebook.com\/aovepenaluna\" \/>\n<meta property=\"article:modified_time\" content=\"2026-04-13T12:55:40+00:00\" \/>\n<meta property=\"og:image\" content=\"https:\/\/aovepenaluna.com\/wp-content\/uploads\/2022\/03\/AOVE-Ancestral-Penaluna-Coupage-Hojiblanca-Koroneiki-Arbequina-botella-premium.jpg\" \/>\n\t<meta property=\"og:image:width\" content=\"500\" \/>\n\t<meta property=\"og:image:height\" content=\"500\" \/>\n\t<meta property=\"og:image:type\" content=\"image\/jpeg\" \/>\n<meta name=\"twitter:card\" content=\"summary_large_image\" \/>\n<meta name=\"twitter:label1\" content=\"Estimated reading time\" \/>\n\t<meta name=\"twitter:data1\" content=\"2 minutes\" \/>\n<script type=\"application\/ld+json\" class=\"yoast-schema-graph\">{\"@context\":\"https:\/\/schema.org\",\"@graph\":[{\"@type\":\"WebPage\",\"@id\":\"https:\/\/aovepenaluna.com\/producto\/aove-ancestral-coupage-hojiblanca-koroneiki\/\",\"url\":\"https:\/\/aovepenaluna.com\/producto\/aove-ancestral-coupage-hojiblanca-koroneiki\/\",\"name\":\"Aceite de Oliva Virgen Extra (AOVE) ANCESTRAL Cosecha 2025-2026 - AOVE Pe\u00f1a Luna\",\"isPartOf\":{\"@id\":\"https:\/\/aovepenaluna.com\/#website\"},\"primaryImageOfPage\":{\"@id\":\"https:\/\/aovepenaluna.com\/producto\/aove-ancestral-coupage-hojiblanca-koroneiki\/#primaryimage\"},\"image\":{\"@id\":\"https:\/\/aovepenaluna.com\/producto\/aove-ancestral-coupage-hojiblanca-koroneiki\/#primaryimage\"},\"thumbnailUrl\":\"https:\/\/aovepenaluna.com\/wp-content\/uploads\/2022\/03\/AOVE-Ancestral-Penaluna-Coupage-Hojiblanca-Koroneiki-Arbequina-botella-premium.jpg\",\"datePublished\":\"2022-03-11T14:01:41+00:00\",\"dateModified\":\"2026-04-13T12:55:40+00:00\",\"description\":\"Obtenido a partir de nuestros monovarietales de extracci\u00f3n temprana, se combinan los sabores, aromas y otros aspectos complementarios de cada uno de ...\",\"breadcrumb\":{\"@id\":\"https:\/\/aovepenaluna.com\/producto\/aove-ancestral-coupage-hojiblanca-koroneiki\/#breadcrumb\"},\"inLanguage\":\"en-GB\",\"potentialAction\":[{\"@type\":\"ReadAction\",\"target\":[\"https:\/\/aovepenaluna.com\/producto\/aove-ancestral-coupage-hojiblanca-koroneiki\/\"]}]},{\"@type\":\"ImageObject\",\"inLanguage\":\"en-GB\",\"@id\":\"https:\/\/aovepenaluna.com\/producto\/aove-ancestral-coupage-hojiblanca-koroneiki\/#primaryimage\",\"url\":\"https:\/\/aovepenaluna.com\/wp-content\/uploads\/2022\/03\/AOVE-Ancestral-Penaluna-Coupage-Hojiblanca-Koroneiki-Arbequina-botella-premium.jpg\",\"contentUrl\":\"https:\/\/aovepenaluna.com\/wp-content\/uploads\/2022\/03\/AOVE-Ancestral-Penaluna-Coupage-Hojiblanca-Koroneiki-Arbequina-botella-premium.jpg\",\"width\":500,\"height\":500,\"caption\":\"AOVE Ancestral Pe\u00f1aluna Coupage Hojiblanca Koroneiki Arbequina botella premium\"},{\"@type\":\"BreadcrumbList\",\"@id\":\"https:\/\/aovepenaluna.com\/producto\/aove-ancestral-coupage-hojiblanca-koroneiki\/#breadcrumb\",\"itemListElement\":[{\"@type\":\"ListItem\",\"position\":1,\"name\":\"Portada\",\"item\":\"https:\/\/aovepenaluna.com\/es\/\"},{\"@type\":\"ListItem\",\"position\":2,\"name\":\"TIENDA DE ACEITE DE OLIVA\",\"item\":\"https:\/\/aovepenaluna.com\/tienda\/\"},{\"@type\":\"ListItem\",\"position\":3,\"name\":\"Aceite de Oliva Virgen Extra (AOVE) ANCESTRAL Cosecha 2025-2026\"}]},{\"@type\":\"WebSite\",\"@id\":\"https:\/\/aovepenaluna.com\/#website\",\"url\":\"https:\/\/aovepenaluna.com\/\",\"name\":\"Aceite de Oliva Virgen Extra Pe\u00f1a Luna\",\"description\":\"Aceite de Oliva Virgen Extra Ecol\u00f3gico de m\u00e1xima calidad\",\"potentialAction\":[{\"@type\":\"SearchAction\",\"target\":{\"@type\":\"EntryPoint\",\"urlTemplate\":\"https:\/\/aovepenaluna.com\/?s={search_term_string}\"},\"query-input\":\"required name=search_term_string\"}],\"inLanguage\":\"en-GB\"}]}<\/script>\n<!-- \/ Yoast SEO plugin. -->","yoast_head_json":{"title":"Aceite de Oliva Virgen Extra (AOVE) ANCESTRAL Cosecha 2025-2026 - AOVE Pe\u00f1a Luna","description":"Obtenido a partir de nuestros monovarietales de extracci\u00f3n temprana, se combinan los sabores, aromas y otros aspectos complementarios de cada uno de ...","robots":{"index":"index","follow":"follow","max-snippet":"max-snippet:-1","max-image-preview":"max-image-preview:large","max-video-preview":"max-video-preview:-1"},"canonical":"https:\/\/aovepenaluna.com\/en\/product\/aove-ancestral-coupage-hojiblanca-koroneiki\/","og_locale":"en_GB","og_type":"article","og_title":"Aceite de Oliva Virgen Extra (AOVE) ANCESTRAL Cosecha 2025-2026 - AOVE Pe\u00f1a Luna","og_description":"Obtenido a partir de nuestros monovarietales de extracci\u00f3n temprana, se combinan los sabores, aromas y otros aspectos complementarios de cada uno de ...","og_url":"https:\/\/aovepenaluna.com\/en\/product\/aove-ancestral-coupage-hojiblanca-koroneiki\/","og_site_name":"Aceite de Oliva Virgen Extra Pe\u00f1a Luna","article_publisher":"https:\/\/www.facebook.com\/aovepenaluna","article_modified_time":"2026-04-13T12:55:40+00:00","og_image":[{"width":500,"height":500,"url":"https:\/\/aovepenaluna.com\/wp-content\/uploads\/2022\/03\/AOVE-Ancestral-Penaluna-Coupage-Hojiblanca-Koroneiki-Arbequina-botella-premium.jpg","type":"image\/jpeg"}],"twitter_card":"summary_large_image","twitter_misc":{"Estimated reading time":"2 minutes"},"schema":{"@context":"https:\/\/schema.org","@graph":[{"@type":"WebPage","@id":"https:\/\/aovepenaluna.com\/producto\/aove-ancestral-coupage-hojiblanca-koroneiki\/","url":"https:\/\/aovepenaluna.com\/producto\/aove-ancestral-coupage-hojiblanca-koroneiki\/","name":"Aceite de Oliva Virgen Extra (AOVE) ANCESTRAL Cosecha 2025-2026 - AOVE Pe\u00f1a Luna","isPartOf":{"@id":"https:\/\/aovepenaluna.com\/#website"},"primaryImageOfPage":{"@id":"https:\/\/aovepenaluna.com\/producto\/aove-ancestral-coupage-hojiblanca-koroneiki\/#primaryimage"},"image":{"@id":"https:\/\/aovepenaluna.com\/producto\/aove-ancestral-coupage-hojiblanca-koroneiki\/#primaryimage"},"thumbnailUrl":"https:\/\/aovepenaluna.com\/wp-content\/uploads\/2022\/03\/AOVE-Ancestral-Penaluna-Coupage-Hojiblanca-Koroneiki-Arbequina-botella-premium.jpg","datePublished":"2022-03-11T14:01:41+00:00","dateModified":"2026-04-13T12:55:40+00:00","description":"Obtenido a partir de nuestros monovarietales de extracci\u00f3n temprana, se combinan los sabores, aromas y otros aspectos complementarios de cada uno de ...","breadcrumb":{"@id":"https:\/\/aovepenaluna.com\/producto\/aove-ancestral-coupage-hojiblanca-koroneiki\/#breadcrumb"},"inLanguage":"en-GB","potentialAction":[{"@type":"ReadAction","target":["https:\/\/aovepenaluna.com\/producto\/aove-ancestral-coupage-hojiblanca-koroneiki\/"]}]},{"@type":"ImageObject","inLanguage":"en-GB","@id":"https:\/\/aovepenaluna.com\/producto\/aove-ancestral-coupage-hojiblanca-koroneiki\/#primaryimage","url":"https:\/\/aovepenaluna.com\/wp-content\/uploads\/2022\/03\/AOVE-Ancestral-Penaluna-Coupage-Hojiblanca-Koroneiki-Arbequina-botella-premium.jpg","contentUrl":"https:\/\/aovepenaluna.com\/wp-content\/uploads\/2022\/03\/AOVE-Ancestral-Penaluna-Coupage-Hojiblanca-Koroneiki-Arbequina-botella-premium.jpg","width":500,"height":500,"caption":"AOVE Ancestral Pe\u00f1aluna Coupage Hojiblanca Koroneiki Arbequina botella premium"},{"@type":"BreadcrumbList","@id":"https:\/\/aovepenaluna.com\/producto\/aove-ancestral-coupage-hojiblanca-koroneiki\/#breadcrumb","itemListElement":[{"@type":"ListItem","position":1,"name":"Portada","item":"https:\/\/aovepenaluna.com\/es\/"},{"@type":"ListItem","position":2,"name":"TIENDA DE ACEITE DE OLIVA","item":"https:\/\/aovepenaluna.com\/tienda\/"},{"@type":"ListItem","position":3,"name":"Aceite de Oliva Virgen Extra (AOVE) ANCESTRAL Cosecha 2025-2026"}]},{"@type":"WebSite","@id":"https:\/\/aovepenaluna.com\/#website","url":"https:\/\/aovepenaluna.com\/","name":"Aceite de Oliva Virgen Extra Pe\u00f1a Luna","description":"Aceite de Oliva Virgen Extra Ecol\u00f3gico de m\u00e1xima calidad","potentialAction":[{"@type":"SearchAction","target":{"@type":"EntryPoint","urlTemplate":"https:\/\/aovepenaluna.com\/?s={search_term_string}"},"query-input":"required name=search_term_string"}],"inLanguage":"en-GB"}]}},"_links":{"self":[{"href":"https:\/\/aovepenaluna.com\/en\/wp-json\/wp\/v2\/product\/6016","targetHints":{"allow":["GET"]}}],"collection":[{"href":"https:\/\/aovepenaluna.com\/en\/wp-json\/wp\/v2\/product"}],"about":[{"href":"https:\/\/aovepenaluna.com\/en\/wp-json\/wp\/v2\/types\/product"}],"replies":[{"embeddable":true,"href":"https:\/\/aovepenaluna.com\/en\/wp-json\/wp\/v2\/comments?post=6016"}],"wp:featuredmedia":[{"embeddable":true,"href":"https:\/\/aovepenaluna.com\/en\/wp-json\/wp\/v2\/media\/9558"}],"wp:attachment":[{"href":"https:\/\/aovepenaluna.com\/en\/wp-json\/wp\/v2\/media?parent=6016"}],"wp:term":[{"taxonomy":"product_cat","embeddable":true,"href":"https:\/\/aovepenaluna.com\/en\/wp-json\/wp\/v2\/product_cat?post=6016"},{"taxonomy":"product_tag","embeddable":true,"href":"https:\/\/aovepenaluna.com\/en\/wp-json\/wp\/v2\/product_tag?post=6016"}],"curies":[{"name":"wp","href":"https:\/\/api.w.org\/{rel}","templated":true}]}}