{"id":6012,"date":"2022-03-03T19:09:25","date_gmt":"2022-03-03T18:09:25","guid":{"rendered":"http:\/\/aovepenaluna.com\/producto\/hoodie-with-logo-2\/"},"modified":"2026-04-13T13:57:20","modified_gmt":"2026-04-13T12:57:20","slug":"aove-ecologico-hojiblanca","status":"publish","type":"product","link":"https:\/\/aovepenaluna.com\/en\/product\/aove-ecologico-hojiblanca\/","title":{"rendered":"Organic Extra Virgin Olive Oil (EVOO) HOJIBLANCA Variety 25-26 Harvest"},"content":{"rendered":"<p>[et_pb_section fb_built=\u00bb1&#8243; _builder_version=\u00bb4.23.1&#8243; background_color=\u00bbRGBA(255,255,255,0)\u00bb custom_padding=\u00bb0px||||false|false\u00bb global_colors_info=\u00bb{}\u00bb][et_pb_row _builder_version=\u00bb4.16&#8243; background_size=\u00bbinitial\u00bb background_position=\u00bbtop_left\u00bb background_repeat=\u00bbrepeat\u00bb width=\u00bb100%\u00bb custom_padding=\u00bb0px||0px||false|false\u00bb global_colors_info=\u00bb{}\u00bb][et_pb_column type=\u00bb4_4&#8243; _builder_version=\u00bb4.16&#8243; custom_padding=\u00bb|||\u00bb global_colors_info=\u00bb{}\u00bb custom_padding__hover=\u00bb|||\u00bb][et_pb_wc_breadcrumb _builder_version=\u00bb4.16&#8243; global_colors_info=\u00bb{}\u00bb][\/et_pb_wc_breadcrumb][et_pb_wc_cart_notice _builder_version=\u00bb4.16&#8243; global_colors_info=\u00bb{}\u00bb][\/et_pb_wc_cart_notice][\/et_pb_column][\/et_pb_row][et_pb_row column_structure=\u00bb1_2,1_2&#8243; _builder_version=\u00bb4.27.0&#8243; background_color=\u00bb#FFFFFF\u00bb background_size=\u00bbinitial\u00bb background_position=\u00bbtop_left\u00bb background_repeat=\u00bbrepeat\u00bb width=\u00bb100%\u00bb custom_padding=\u00bb0px||||false|false\u00bb global_colors_info=\u00bb{}\u00bb][et_pb_column type=\u00bb1_2&#8243; _builder_version=\u00bb4.16&#8243; custom_padding=\u00bb|||\u00bb global_colors_info=\u00bb{}\u00bb custom_padding__hover=\u00bb|||\u00bb][et_pb_wc_images _builder_version=\u00bb4.16&#8243; global_colors_info=\u00bb{}\u00bb][\/et_pb_wc_images][\/et_pb_column][et_pb_column type=\u00bb1_2&#8243; _builder_version=\u00bb4.16&#8243; custom_padding=\u00bb|||\u00bb global_colors_info=\u00bb{}\u00bb custom_padding__hover=\u00bb|||\u00bb][et_pb_wc_title _builder_version=\u00bb4.27.0&#8243; header_font=\u00bbTrebuchet||||||||\u00bb global_colors_info=\u00bb{}\u00bb][\/et_pb_wc_title][et_pb_wc_rating _builder_version=\u00bb4.16&#8243; global_colors_info=\u00bb{}\u00bb][\/et_pb_wc_rating][et_pb_wc_price _builder_version=\u00bb4.16&#8243; global_colors_info=\u00bb{}\u00bb][\/et_pb_wc_price][et_pb_wc_description _builder_version=\u00bb4.27.0&#8243; body_font=\u00bbTrebuchet||||||||\u00bb global_colors_info=\u00bb{}\u00bb][\/et_pb_wc_description][et_pb_wc_add_to_cart _builder_version=\u00bb4.16&#8243; global_colors_info=\u00bb{}\u00bb][\/et_pb_wc_add_to_cart][et_pb_wc_meta show_sku=\u00bboff\u00bb show_tags=\u00bboff\u00bb _builder_version=\u00bb4.27.0&#8243; global_colors_info=\u00bb{}\u00bb][\/et_pb_wc_meta][\/et_pb_column][\/et_pb_row][et_pb_row _builder_version=\u00bb4.16&#8243; background_size=\u00bbinitial\u00bb background_position=\u00bbtop_left\u00bb background_repeat=\u00bbrepeat\u00bb width=\u00bb100%\u00bb global_colors_info=\u00bb{}\u00bb][et_pb_column type=\u00bb4_4&#8243; _builder_version=\u00bb4.16&#8243; custom_padding=\u00bb|||\u00bb global_colors_info=\u00bb{}\u00bb custom_padding__hover=\u00bb|||\u00bb][et_pb_wc_tabs _builder_version=\u00bb4.16&#8243; global_colors_info=\u00bb{}\u00bb]\t\t\t\t\t[\/et_pb_wc_tabs][\/et_pb_column][\/et_pb_row][\/et_pb_section]<\/p>","protected":false},"excerpt":{"rendered":"<p><span style=\"color: #808000;\"><strong>Pe\u00f1a Luna: Our Sustainable Journey<\/strong><\/span><\/p>\n<p><span style=\"color: #808080;\">In 2017, we began our sustainable transition with the goal of producing the finest Organic Extra Virgin Olive Oil. Our aim was to craft an EVOO worthy of the Pe\u00f1a Luna name. This commitment has truly paid off, as we now produce an EVOO that meets the highest quality standards.<\/span><\/p>\n<p><span style=\"color: #808000;\"><strong>Awards and Recognitions<\/strong><\/span><\/p>\n<p><span style=\"color: #808080;\">Grand Gold Award, ECOTRAMA 2025<\/span><\/p>\n<p><span style=\"color: #808080;\">Best Organic EVOO of Seville Province Award 2021, 2022, and 2023<\/span><\/p>\n<p><span style=\"color: #808080;\">Gold Medal, Ecotrama 2023<\/span><\/p>\n<p><span style=\"color: #808080;\">Grand Gold Award, ECOTRAMA 2022<\/span><\/p>\n<p><span style=\"color: #808080;\">Silver Medal, ECOTRAMA 2020<\/span><\/p>\n<p><span style=\"color: #808080;\">Gold Medal, ECOTRAMA 2019<\/span><\/p>\n<p><span style=\"color: #808000;\"><strong>Tasting Notes<\/strong><\/span><\/p>\n<p><span style=\"color: #808080;\"><strong>On the nose:<\/strong> Intense green olive fruitiness, Notes of vegetables, Banana peel, Bitter almond, Quite complex<\/span><\/p>\n<p><span style=\"color: #808080;\"><strong>On the palate:<\/strong> Persistent pungency and complex nuances.<\/span><\/p>\n<p><span style=\"color: #808000;\"><strong>Pairing Suggestions<\/strong><\/span><\/p>\n<p><span style=\"color: #808080;\">It is a delicious oil to consume raw at breakfast and snacks with traditional breads.<\/span><\/p>\n<p><span style=\"color: #808000;\"><strong>Commitment to Quality and the Environment<\/strong><\/span><\/p>\n<p><span style=\"color: #808080;\">Our organic Hojiblanca EVOO is one of the few with DOP Estepa certification, which underscores its quality and our commitment to the environment. Get to know us and discover the authentic taste of excellence.<\/span><\/p>\n<p><span style=\"color: #808000;\"><strong>Format &amp; Packaging<\/strong><\/span><\/p>\n<p><span style=\"color: #808080;\"><strong>Glass Bottle<\/strong><\/span><\/p>\n<p><span style=\"color: #808080;\">500 ml<\/span><\/p>\n<p><a href=\"https:\/\/aovepenaluna.com\/wp-content\/uploads\/2026\/03\/6.-Ficha-Tecnica_Hojiblanca-ecologico.docx\"><strong><span style=\"color: #808000;\">Descargar Ficha T\u00e9cnica<\/span><\/strong><\/a><\/p>","protected":false},"featured_media":9302,"comment_status":"open","ping_status":"closed","template":"","meta":{"_et_pb_use_builder":"on","_et_pb_old_content":"<h4><span style=\"color: #808000\">Un Viaje a trav\u00e9s del Sabor<\/span><\/h4>\r\n<span style=\"color: #808080\">Experimenta la exquisita nota de cata del aceite de oliva frutado de aceitunas verdes, con una intensidad media alta que deleitar\u00e1 tus sentidos. Este aceite presenta un equilibrio perfecto de sabores y aromas, evocando la frescura de la hierba reci\u00e9n cortada, plantas silvestres y hortalizas frescas.<\/span>\r\n<h4><span style=\"color: #808000\">Notas Arom\u00e1ticas Inigualables<\/span><\/h4>\r\n<span style=\"color: #808080\">Con toques sutiles de tomatera, alcachofa y hierba verde, cada gota ofrece un delicioso amargor y picor que progresan, enriqueciendo la experiencia gustativa. La persistencia del sabor es notable, dejando una agradable sensaci\u00f3n en el paladar.<\/span>\r\n<h4><span style=\"color: #808000\">Perfecto para tu Mesa<\/span><\/h4>\r\n<span style=\"color: #808080\">Este aceite arom\u00e1tico y equilibrado es ideal para disfrutar en crudo, elevando tus desayunos y meriendas con panes tradicionales. \u00a1Haz de cada comida un fest\u00edn de sabores con este aceite \u00fanico!<\/span>","_et_gb_content_width":""},"product_cat":[160,26,159,157],"product_tag":[115,141,124,114,142,140,122,131,119],"class_list":{"0":"post-6012","1":"product","2":"type-product","3":"status-publish","4":"has-post-thumbnail","6":"product_cat-aceite_monovarietal","7":"product_cat-aove","8":"product_cat-aove_ecologico","9":"product_cat-aove_hojiblanca","10":"product_tag-aceite-de-oliva","11":"product_tag-aceite-de-oliva-ecologico","12":"product_tag-aceite-de-oliva-virgen-extra","13":"product_tag-aove","14":"product_tag-comprar-aove-ecologico","15":"product_tag-ecologico","16":"product_tag-extraccion-temprana","17":"product_tag-hojiblanca","18":"product_tag-sostenible","20":"first","21":"instock","22":"taxable","23":"shipping-taxable","24":"purchasable","25":"product-type-simple"},"yoast_head":"<!-- This site is optimized with the Yoast SEO plugin v23.3 - https:\/\/yoast.com\/wordpress\/plugins\/seo\/ -->\n<title>Aceite de Oliva Virgen Extra (AOVE) Ecologico Variedad HOJIBLANCA Cosecha 25-26 - Aceite de Oliva Virgen Extra Pe\u00f1a Luna<\/title>\n<meta name=\"description\" content=\"Nuestro aceite de oliva ecol\u00f3gico m\u00e1s premiado. Es un aceite delicioso para consumir en crudo en nuestros desayunos y meriendas con panes tradicionales.\" \/>\n<meta name=\"robots\" content=\"index, follow, max-snippet:-1, max-image-preview:large, max-video-preview:-1\" \/>\n<link rel=\"canonical\" href=\"https:\/\/aovepenaluna.com\/en\/product\/aove-ecologico-hojiblanca\/\" \/>\n<meta property=\"og:locale\" content=\"en_GB\" \/>\n<meta property=\"og:type\" content=\"article\" \/>\n<meta property=\"og:title\" content=\"Aceite de Oliva Virgen Extra (AOVE) Ecologico Variedad HOJIBLANCA Cosecha 25-26 - Aceite de Oliva Virgen Extra Pe\u00f1a Luna\" \/>\n<meta property=\"og:description\" content=\"Nuestro aceite de oliva ecol\u00f3gico m\u00e1s premiado. Es un aceite delicioso para consumir en crudo en nuestros desayunos y meriendas con panes tradicionales.\" \/>\n<meta property=\"og:url\" content=\"https:\/\/aovepenaluna.com\/en\/product\/aove-ecologico-hojiblanca\/\" \/>\n<meta property=\"og:site_name\" content=\"Aceite de Oliva Virgen Extra Pe\u00f1a Luna\" \/>\n<meta property=\"article:publisher\" content=\"https:\/\/www.facebook.com\/aovepenaluna\" \/>\n<meta property=\"article:modified_time\" content=\"2026-04-13T12:57:20+00:00\" \/>\n<meta property=\"og:image\" content=\"https:\/\/aovepenaluna.com\/wp-content\/uploads\/2022\/03\/ACEITE-DE-OLIVA-VIRGEN-EXTRA-ECOLOGICO-VARIEDAD-HOJIBLANCA-1.jpg\" \/>\n\t<meta property=\"og:image:width\" content=\"600\" \/>\n\t<meta property=\"og:image:height\" content=\"600\" \/>\n\t<meta property=\"og:image:type\" content=\"image\/jpeg\" \/>\n<meta name=\"twitter:card\" content=\"summary_large_image\" \/>\n<meta name=\"twitter:label1\" content=\"Estimated reading time\" \/>\n\t<meta name=\"twitter:data1\" content=\"2 minutes\" \/>\n<script type=\"application\/ld+json\" class=\"yoast-schema-graph\">{\"@context\":\"https:\/\/schema.org\",\"@graph\":[{\"@type\":\"WebPage\",\"@id\":\"https:\/\/aovepenaluna.com\/producto\/aove-ecologico-hojiblanca\/\",\"url\":\"https:\/\/aovepenaluna.com\/producto\/aove-ecologico-hojiblanca\/\",\"name\":\"Aceite de Oliva Virgen Extra (AOVE) Ecologico Variedad HOJIBLANCA Cosecha 25-26 - Aceite de Oliva Virgen Extra Pe\u00f1a Luna\",\"isPartOf\":{\"@id\":\"https:\/\/aovepenaluna.com\/#website\"},\"primaryImageOfPage\":{\"@id\":\"https:\/\/aovepenaluna.com\/producto\/aove-ecologico-hojiblanca\/#primaryimage\"},\"image\":{\"@id\":\"https:\/\/aovepenaluna.com\/producto\/aove-ecologico-hojiblanca\/#primaryimage\"},\"thumbnailUrl\":\"https:\/\/aovepenaluna.com\/wp-content\/uploads\/2022\/03\/ACEITE-DE-OLIVA-VIRGEN-EXTRA-ECOLOGICO-VARIEDAD-HOJIBLANCA-1.jpg\",\"datePublished\":\"2022-03-03T18:09:25+00:00\",\"dateModified\":\"2026-04-13T12:57:20+00:00\",\"description\":\"Nuestro aceite de oliva ecol\u00f3gico m\u00e1s premiado. Es un aceite delicioso para consumir en crudo en nuestros desayunos y meriendas con panes tradicionales.\",\"breadcrumb\":{\"@id\":\"https:\/\/aovepenaluna.com\/producto\/aove-ecologico-hojiblanca\/#breadcrumb\"},\"inLanguage\":\"en-GB\",\"potentialAction\":[{\"@type\":\"ReadAction\",\"target\":[\"https:\/\/aovepenaluna.com\/producto\/aove-ecologico-hojiblanca\/\"]}]},{\"@type\":\"ImageObject\",\"inLanguage\":\"en-GB\",\"@id\":\"https:\/\/aovepenaluna.com\/producto\/aove-ecologico-hojiblanca\/#primaryimage\",\"url\":\"https:\/\/aovepenaluna.com\/wp-content\/uploads\/2022\/03\/ACEITE-DE-OLIVA-VIRGEN-EXTRA-ECOLOGICO-VARIEDAD-HOJIBLANCA-1.jpg\",\"contentUrl\":\"https:\/\/aovepenaluna.com\/wp-content\/uploads\/2022\/03\/ACEITE-DE-OLIVA-VIRGEN-EXTRA-ECOLOGICO-VARIEDAD-HOJIBLANCA-1.jpg\",\"width\":600,\"height\":600},{\"@type\":\"BreadcrumbList\",\"@id\":\"https:\/\/aovepenaluna.com\/producto\/aove-ecologico-hojiblanca\/#breadcrumb\",\"itemListElement\":[{\"@type\":\"ListItem\",\"position\":1,\"name\":\"Portada\",\"item\":\"https:\/\/aovepenaluna.com\/es\/\"},{\"@type\":\"ListItem\",\"position\":2,\"name\":\"TIENDA DE ACEITE DE OLIVA\",\"item\":\"https:\/\/aovepenaluna.com\/tienda\/\"},{\"@type\":\"ListItem\",\"position\":3,\"name\":\"Aceite de Oliva Virgen Extra (AOVE) Ecologico Variedad HOJIBLANCA Cosecha 25-26\"}]},{\"@type\":\"WebSite\",\"@id\":\"https:\/\/aovepenaluna.com\/#website\",\"url\":\"https:\/\/aovepenaluna.com\/\",\"name\":\"Aceite de Oliva Virgen Extra Pe\u00f1a Luna\",\"description\":\"Aceite de Oliva Virgen Extra Ecol\u00f3gico de m\u00e1xima calidad\",\"potentialAction\":[{\"@type\":\"SearchAction\",\"target\":{\"@type\":\"EntryPoint\",\"urlTemplate\":\"https:\/\/aovepenaluna.com\/?s={search_term_string}\"},\"query-input\":\"required name=search_term_string\"}],\"inLanguage\":\"en-GB\"}]}<\/script>\n<!-- \/ Yoast SEO plugin. -->","yoast_head_json":{"title":"Aceite de Oliva Virgen Extra (AOVE) Ecologico Variedad HOJIBLANCA Cosecha 25-26 - Aceite de Oliva Virgen Extra Pe\u00f1a Luna","description":"Nuestro aceite de oliva ecol\u00f3gico m\u00e1s premiado. Es un aceite delicioso para consumir en crudo en nuestros desayunos y meriendas con panes tradicionales.","robots":{"index":"index","follow":"follow","max-snippet":"max-snippet:-1","max-image-preview":"max-image-preview:large","max-video-preview":"max-video-preview:-1"},"canonical":"https:\/\/aovepenaluna.com\/en\/product\/aove-ecologico-hojiblanca\/","og_locale":"en_GB","og_type":"article","og_title":"Aceite de Oliva Virgen Extra (AOVE) Ecologico Variedad HOJIBLANCA Cosecha 25-26 - Aceite de Oliva Virgen Extra Pe\u00f1a Luna","og_description":"Nuestro aceite de oliva ecol\u00f3gico m\u00e1s premiado. Es un aceite delicioso para consumir en crudo en nuestros desayunos y meriendas con panes tradicionales.","og_url":"https:\/\/aovepenaluna.com\/en\/product\/aove-ecologico-hojiblanca\/","og_site_name":"Aceite de Oliva Virgen Extra Pe\u00f1a Luna","article_publisher":"https:\/\/www.facebook.com\/aovepenaluna","article_modified_time":"2026-04-13T12:57:20+00:00","og_image":[{"width":600,"height":600,"url":"https:\/\/aovepenaluna.com\/wp-content\/uploads\/2022\/03\/ACEITE-DE-OLIVA-VIRGEN-EXTRA-ECOLOGICO-VARIEDAD-HOJIBLANCA-1.jpg","type":"image\/jpeg"}],"twitter_card":"summary_large_image","twitter_misc":{"Estimated reading time":"2 minutes"},"schema":{"@context":"https:\/\/schema.org","@graph":[{"@type":"WebPage","@id":"https:\/\/aovepenaluna.com\/producto\/aove-ecologico-hojiblanca\/","url":"https:\/\/aovepenaluna.com\/producto\/aove-ecologico-hojiblanca\/","name":"Aceite de Oliva Virgen Extra (AOVE) Ecologico Variedad HOJIBLANCA Cosecha 25-26 - Aceite de Oliva Virgen Extra Pe\u00f1a Luna","isPartOf":{"@id":"https:\/\/aovepenaluna.com\/#website"},"primaryImageOfPage":{"@id":"https:\/\/aovepenaluna.com\/producto\/aove-ecologico-hojiblanca\/#primaryimage"},"image":{"@id":"https:\/\/aovepenaluna.com\/producto\/aove-ecologico-hojiblanca\/#primaryimage"},"thumbnailUrl":"https:\/\/aovepenaluna.com\/wp-content\/uploads\/2022\/03\/ACEITE-DE-OLIVA-VIRGEN-EXTRA-ECOLOGICO-VARIEDAD-HOJIBLANCA-1.jpg","datePublished":"2022-03-03T18:09:25+00:00","dateModified":"2026-04-13T12:57:20+00:00","description":"Nuestro aceite de oliva ecol\u00f3gico m\u00e1s premiado. Es un aceite delicioso para consumir en crudo en nuestros desayunos y meriendas con panes tradicionales.","breadcrumb":{"@id":"https:\/\/aovepenaluna.com\/producto\/aove-ecologico-hojiblanca\/#breadcrumb"},"inLanguage":"en-GB","potentialAction":[{"@type":"ReadAction","target":["https:\/\/aovepenaluna.com\/producto\/aove-ecologico-hojiblanca\/"]}]},{"@type":"ImageObject","inLanguage":"en-GB","@id":"https:\/\/aovepenaluna.com\/producto\/aove-ecologico-hojiblanca\/#primaryimage","url":"https:\/\/aovepenaluna.com\/wp-content\/uploads\/2022\/03\/ACEITE-DE-OLIVA-VIRGEN-EXTRA-ECOLOGICO-VARIEDAD-HOJIBLANCA-1.jpg","contentUrl":"https:\/\/aovepenaluna.com\/wp-content\/uploads\/2022\/03\/ACEITE-DE-OLIVA-VIRGEN-EXTRA-ECOLOGICO-VARIEDAD-HOJIBLANCA-1.jpg","width":600,"height":600},{"@type":"BreadcrumbList","@id":"https:\/\/aovepenaluna.com\/producto\/aove-ecologico-hojiblanca\/#breadcrumb","itemListElement":[{"@type":"ListItem","position":1,"name":"Portada","item":"https:\/\/aovepenaluna.com\/es\/"},{"@type":"ListItem","position":2,"name":"TIENDA DE ACEITE DE OLIVA","item":"https:\/\/aovepenaluna.com\/tienda\/"},{"@type":"ListItem","position":3,"name":"Aceite de Oliva Virgen Extra (AOVE) Ecologico Variedad HOJIBLANCA Cosecha 25-26"}]},{"@type":"WebSite","@id":"https:\/\/aovepenaluna.com\/#website","url":"https:\/\/aovepenaluna.com\/","name":"Aceite de Oliva Virgen Extra Pe\u00f1a Luna","description":"Aceite de Oliva Virgen Extra Ecol\u00f3gico de m\u00e1xima calidad","potentialAction":[{"@type":"SearchAction","target":{"@type":"EntryPoint","urlTemplate":"https:\/\/aovepenaluna.com\/?s={search_term_string}"},"query-input":"required name=search_term_string"}],"inLanguage":"en-GB"}]}},"_links":{"self":[{"href":"https:\/\/aovepenaluna.com\/en\/wp-json\/wp\/v2\/product\/6012","targetHints":{"allow":["GET"]}}],"collection":[{"href":"https:\/\/aovepenaluna.com\/en\/wp-json\/wp\/v2\/product"}],"about":[{"href":"https:\/\/aovepenaluna.com\/en\/wp-json\/wp\/v2\/types\/product"}],"replies":[{"embeddable":true,"href":"https:\/\/aovepenaluna.com\/en\/wp-json\/wp\/v2\/comments?post=6012"}],"wp:featuredmedia":[{"embeddable":true,"href":"https:\/\/aovepenaluna.com\/en\/wp-json\/wp\/v2\/media\/9302"}],"wp:attachment":[{"href":"https:\/\/aovepenaluna.com\/en\/wp-json\/wp\/v2\/media?parent=6012"}],"wp:term":[{"taxonomy":"product_cat","embeddable":true,"href":"https:\/\/aovepenaluna.com\/en\/wp-json\/wp\/v2\/product_cat?post=6012"},{"taxonomy":"product_tag","embeddable":true,"href":"https:\/\/aovepenaluna.com\/en\/wp-json\/wp\/v2\/product_tag?post=6012"}],"curies":[{"name":"wp","href":"https:\/\/api.w.org\/{rel}","templated":true}]}}