{"id":6003,"date":"2022-04-22T14:51:50","date_gmt":"2022-04-22T13:51:50","guid":{"rendered":"http:\/\/aovepenaluna.com\/?page_id=6003"},"modified":"2022-04-22T15:19:05","modified_gmt":"2022-04-22T14:19:05","slug":"reembolso_devoluciones","status":"publish","type":"page","link":"https:\/\/aovepenaluna.com\/en\/reembolso_devoluciones\/","title":{"rendered":"Return and refund policy"},"content":{"rendered":"<p>If you are not satisfied with your purchase, you have a period of 5 days from the date of receipt of the order to exercise your right of return, provided that the product has not been opened or tampered with.<\/p>\r\n<p>In order to return the product, it must be in perfect condition and in its original packaging. Once we receive the return and we have checked the condition of the products, we will proceed to refund the amount by bank transfer.<\/p>\r\n<p>Shipping and return costs are to be borne by the customer, as well as any additional costs incurred in handling the returned order, such as telephone calls.<\/p>","protected":false},"excerpt":{"rendered":"<p>Si no queda satisfecho con su compra dispone de un plazo de 5 d\u00edas a partir de la fecha de recepci\u00f3n del pedido para ejecutar el derecho de devoluci\u00f3n, siempre y cuando el producto no haya sido abierto ni manipulado. Para realizar la devoluci\u00f3n \u00e9ste tiene que estar en perfecto estado y en su embalaje [&hellip;]<\/p>","protected":false},"author":17,"featured_media":0,"parent":0,"menu_order":0,"comment_status":"closed","ping_status":"closed","template":"","meta":{"_et_pb_use_builder":"","_et_pb_old_content":"","_et_gb_content_width":"","footnotes":""},"class_list":["post-6003","page","type-page","status-publish","hentry"],"yoast_head":"<!-- This site is optimized with the Yoast SEO plugin v23.3 - https:\/\/yoast.com\/wordpress\/plugins\/seo\/ -->\n<title>Pol\u00edtica de devoluciones y reembolsos - Aceite de Oliva Virgen Extra Pe\u00f1a Luna<\/title>\n<meta name=\"robots\" content=\"index, follow, max-snippet:-1, max-image-preview:large, max-video-preview:-1\" \/>\n<link rel=\"canonical\" href=\"https:\/\/aovepenaluna.com\/en\/reembolso_devoluciones\/\" \/>\n<meta property=\"og:locale\" content=\"en_GB\" \/>\n<meta property=\"og:type\" content=\"article\" \/>\n<meta property=\"og:title\" content=\"Pol\u00edtica de devoluciones y reembolsos - Aceite de Oliva Virgen Extra Pe\u00f1a Luna\" \/>\n<meta property=\"og:description\" content=\"Si no queda satisfecho con su compra dispone de un plazo de 5 d\u00edas a partir de la fecha de recepci\u00f3n del pedido para ejecutar el derecho de devoluci\u00f3n, siempre y cuando el producto no haya sido abierto ni manipulado. Para realizar la devoluci\u00f3n \u00e9ste tiene que estar en perfecto estado y en su embalaje [&hellip;]\" \/>\n<meta property=\"og:url\" content=\"https:\/\/aovepenaluna.com\/en\/reembolso_devoluciones\/\" \/>\n<meta property=\"og:site_name\" content=\"Aceite de Oliva Virgen Extra Pe\u00f1a Luna\" \/>\n<meta property=\"article:publisher\" content=\"https:\/\/www.facebook.com\/aovepenaluna\" \/>\n<meta property=\"article:modified_time\" content=\"2022-04-22T14:19:05+00:00\" \/>\n<meta name=\"twitter:card\" content=\"summary_large_image\" \/>\n<meta name=\"twitter:label1\" content=\"Estimated reading time\" \/>\n\t<meta name=\"twitter:data1\" content=\"1 minute\" \/>\n<script type=\"application\/ld+json\" class=\"yoast-schema-graph\">{\"@context\":\"https:\/\/schema.org\",\"@graph\":[{\"@type\":\"WebPage\",\"@id\":\"https:\/\/aovepenaluna.com\/reembolso_devoluciones\/\",\"url\":\"https:\/\/aovepenaluna.com\/reembolso_devoluciones\/\",\"name\":\"Pol\u00edtica de devoluciones y reembolsos - Aceite de Oliva Virgen Extra Pe\u00f1a Luna\",\"isPartOf\":{\"@id\":\"https:\/\/aovepenaluna.com\/#website\"},\"datePublished\":\"2022-04-22T13:51:50+00:00\",\"dateModified\":\"2022-04-22T14:19:05+00:00\",\"breadcrumb\":{\"@id\":\"https:\/\/aovepenaluna.com\/reembolso_devoluciones\/#breadcrumb\"},\"inLanguage\":\"en-GB\",\"potentialAction\":[{\"@type\":\"ReadAction\",\"target\":[\"https:\/\/aovepenaluna.com\/reembolso_devoluciones\/\"]}]},{\"@type\":\"BreadcrumbList\",\"@id\":\"https:\/\/aovepenaluna.com\/reembolso_devoluciones\/#breadcrumb\",\"itemListElement\":[{\"@type\":\"ListItem\",\"position\":1,\"name\":\"Portada\",\"item\":\"https:\/\/aovepenaluna.com\/es\/\"},{\"@type\":\"ListItem\",\"position\":2,\"name\":\"Pol\u00edtica de devoluciones y reembolsos\"}]},{\"@type\":\"WebSite\",\"@id\":\"https:\/\/aovepenaluna.com\/#website\",\"url\":\"https:\/\/aovepenaluna.com\/\",\"name\":\"Aceite de Oliva Virgen Extra Pe\u00f1a Luna\",\"description\":\"Aceite de Oliva Virgen Extra Ecol\u00f3gico de m\u00e1xima calidad\",\"potentialAction\":[{\"@type\":\"SearchAction\",\"target\":{\"@type\":\"EntryPoint\",\"urlTemplate\":\"https:\/\/aovepenaluna.com\/?s={search_term_string}\"},\"query-input\":\"required name=search_term_string\"}],\"inLanguage\":\"en-GB\"}]}<\/script>\n<!-- \/ Yoast SEO plugin. -->","yoast_head_json":{"title":"Pol\u00edtica de devoluciones y reembolsos - Aceite de Oliva Virgen Extra Pe\u00f1a Luna","robots":{"index":"index","follow":"follow","max-snippet":"max-snippet:-1","max-image-preview":"max-image-preview:large","max-video-preview":"max-video-preview:-1"},"canonical":"https:\/\/aovepenaluna.com\/en\/reembolso_devoluciones\/","og_locale":"en_GB","og_type":"article","og_title":"Pol\u00edtica de devoluciones y reembolsos - Aceite de Oliva Virgen Extra Pe\u00f1a Luna","og_description":"Si no queda satisfecho con su compra dispone de un plazo de 5 d\u00edas a partir de la fecha de recepci\u00f3n del pedido para ejecutar el derecho de devoluci\u00f3n, siempre y cuando el producto no haya sido abierto ni manipulado. Para realizar la devoluci\u00f3n \u00e9ste tiene que estar en perfecto estado y en su embalaje [&hellip;]","og_url":"https:\/\/aovepenaluna.com\/en\/reembolso_devoluciones\/","og_site_name":"Aceite de Oliva Virgen Extra Pe\u00f1a Luna","article_publisher":"https:\/\/www.facebook.com\/aovepenaluna","article_modified_time":"2022-04-22T14:19:05+00:00","twitter_card":"summary_large_image","twitter_misc":{"Estimated reading time":"1 minute"},"schema":{"@context":"https:\/\/schema.org","@graph":[{"@type":"WebPage","@id":"https:\/\/aovepenaluna.com\/reembolso_devoluciones\/","url":"https:\/\/aovepenaluna.com\/reembolso_devoluciones\/","name":"Pol\u00edtica de devoluciones y reembolsos - Aceite de Oliva Virgen Extra Pe\u00f1a Luna","isPartOf":{"@id":"https:\/\/aovepenaluna.com\/#website"},"datePublished":"2022-04-22T13:51:50+00:00","dateModified":"2022-04-22T14:19:05+00:00","breadcrumb":{"@id":"https:\/\/aovepenaluna.com\/reembolso_devoluciones\/#breadcrumb"},"inLanguage":"en-GB","potentialAction":[{"@type":"ReadAction","target":["https:\/\/aovepenaluna.com\/reembolso_devoluciones\/"]}]},{"@type":"BreadcrumbList","@id":"https:\/\/aovepenaluna.com\/reembolso_devoluciones\/#breadcrumb","itemListElement":[{"@type":"ListItem","position":1,"name":"Portada","item":"https:\/\/aovepenaluna.com\/es\/"},{"@type":"ListItem","position":2,"name":"Pol\u00edtica de devoluciones y reembolsos"}]},{"@type":"WebSite","@id":"https:\/\/aovepenaluna.com\/#website","url":"https:\/\/aovepenaluna.com\/","name":"Aceite de Oliva Virgen Extra Pe\u00f1a Luna","description":"Aceite de Oliva Virgen Extra Ecol\u00f3gico de m\u00e1xima calidad","potentialAction":[{"@type":"SearchAction","target":{"@type":"EntryPoint","urlTemplate":"https:\/\/aovepenaluna.com\/?s={search_term_string}"},"query-input":"required name=search_term_string"}],"inLanguage":"en-GB"}]}},"_links":{"self":[{"href":"https:\/\/aovepenaluna.com\/en\/wp-json\/wp\/v2\/pages\/6003","targetHints":{"allow":["GET"]}}],"collection":[{"href":"https:\/\/aovepenaluna.com\/en\/wp-json\/wp\/v2\/pages"}],"about":[{"href":"https:\/\/aovepenaluna.com\/en\/wp-json\/wp\/v2\/types\/page"}],"author":[{"embeddable":true,"href":"https:\/\/aovepenaluna.com\/en\/wp-json\/wp\/v2\/users\/17"}],"replies":[{"embeddable":true,"href":"https:\/\/aovepenaluna.com\/en\/wp-json\/wp\/v2\/comments?post=6003"}],"version-history":[{"count":0,"href":"https:\/\/aovepenaluna.com\/en\/wp-json\/wp\/v2\/pages\/6003\/revisions"}],"wp:attachment":[{"href":"https:\/\/aovepenaluna.com\/en\/wp-json\/wp\/v2\/media?parent=6003"}],"curies":[{"name":"wp","href":"https:\/\/api.w.org\/{rel}","templated":true}]}}