{"id":5999,"date":"2022-03-03T16:09:25","date_gmt":"2022-03-03T15:09:25","guid":{"rendered":"http:\/\/aovepenaluna.com\/tienda\/"},"modified":"2024-07-18T11:05:24","modified_gmt":"2024-07-18T10:05:24","slug":"tienda","status":"publish","type":"page","link":"https:\/\/aovepenaluna.com\/en\/tienda\/","title":{"rendered":"The Olive Oil Shop"},"content":{"rendered":"","protected":false},"excerpt":{"rendered":"","protected":false},"author":17,"featured_media":8405,"parent":0,"menu_order":0,"comment_status":"closed","ping_status":"closed","template":"","meta":{"_et_pb_use_builder":"off","_et_pb_old_content":"","_et_gb_content_width":"","footnotes":""},"class_list":["post-5999","page","type-page","status-publish","has-post-thumbnail","hentry"],"yoast_head":"<!-- This site is optimized with the Yoast SEO plugin v23.3 - https:\/\/yoast.com\/wordpress\/plugins\/seo\/ -->\n<title>Compra Aceite de Oliva Virgen Extra Online - Pe\u00f1a Luna<\/title>\n<meta name=\"description\" content=\"Descubre nuestra tienda de AOVE online. Compra online el mejor Aceite de Oliva Virgen Extra ecol\u00f3gico de Sevilla y rec\u00edbelo c\u00f3modamente...\" \/>\n<meta name=\"robots\" content=\"index, follow, max-snippet:-1, max-image-preview:large, max-video-preview:-1\" \/>\n<link rel=\"canonical\" href=\"https:\/\/aovepenaluna.com\/en\/tienda\/\" \/>\n<meta property=\"og:locale\" content=\"en_GB\" \/>\n<meta property=\"og:type\" content=\"article\" \/>\n<meta property=\"og:title\" content=\"Compra Aceite de Oliva Virgen Extra Online - Pe\u00f1a Luna\" \/>\n<meta property=\"og:description\" content=\"Descubre nuestra tienda de AOVE online. Compra online el mejor Aceite de Oliva Virgen Extra ecol\u00f3gico de Sevilla y rec\u00edbelo c\u00f3modamente...\" \/>\n<meta property=\"og:url\" content=\"https:\/\/aovepenaluna.com\/en\/tienda\/\" \/>\n<meta property=\"og:site_name\" content=\"Aceite de Oliva Virgen Extra Pe\u00f1a Luna\" \/>\n<meta property=\"article:publisher\" content=\"https:\/\/www.facebook.com\/aovepenaluna\" \/>\n<meta property=\"article:modified_time\" content=\"2024-07-18T10:05:24+00:00\" \/>\n<meta property=\"og:image\" content=\"https:\/\/aovepenaluna.com\/wp-content\/uploads\/2022\/03\/Diseno-sin-titulo-_18_.webp\" \/>\n\t<meta property=\"og:image:width\" content=\"600\" \/>\n\t<meta property=\"og:image:height\" content=\"600\" \/>\n\t<meta property=\"og:image:type\" content=\"image\/webp\" \/>\n<meta name=\"twitter:card\" content=\"summary_large_image\" \/>\n<meta name=\"twitter:label1\" content=\"Estimated reading time\" \/>\n\t<meta name=\"twitter:data1\" content=\"1 minute\" \/>\n<script type=\"application\/ld+json\" class=\"yoast-schema-graph\">{\"@context\":\"https:\/\/schema.org\",\"@graph\":[{\"@type\":\"WebPage\",\"@id\":\"https:\/\/aovepenaluna.com\/tienda\/\",\"url\":\"https:\/\/aovepenaluna.com\/tienda\/\",\"name\":\"Compra Aceite de Oliva Virgen Extra Online - Pe\u00f1a Luna\",\"isPartOf\":{\"@id\":\"https:\/\/aovepenaluna.com\/#website\"},\"primaryImageOfPage\":{\"@id\":\"https:\/\/aovepenaluna.com\/tienda\/#primaryimage\"},\"image\":{\"@id\":\"https:\/\/aovepenaluna.com\/tienda\/#primaryimage\"},\"thumbnailUrl\":\"https:\/\/aovepenaluna.com\/wp-content\/uploads\/2022\/03\/Diseno-sin-titulo-_18_.webp\",\"datePublished\":\"2022-03-03T15:09:25+00:00\",\"dateModified\":\"2024-07-18T10:05:24+00:00\",\"description\":\"Descubre nuestra tienda de AOVE online. Compra online el mejor Aceite de Oliva Virgen Extra ecol\u00f3gico de Sevilla y rec\u00edbelo c\u00f3modamente...\",\"breadcrumb\":{\"@id\":\"https:\/\/aovepenaluna.com\/tienda\/#breadcrumb\"},\"inLanguage\":\"en-GB\",\"potentialAction\":[{\"@type\":\"ReadAction\",\"target\":[\"https:\/\/aovepenaluna.com\/tienda\/\"]}]},{\"@type\":\"ImageObject\",\"inLanguage\":\"en-GB\",\"@id\":\"https:\/\/aovepenaluna.com\/tienda\/#primaryimage\",\"url\":\"https:\/\/aovepenaluna.com\/wp-content\/uploads\/2022\/03\/Diseno-sin-titulo-_18_.webp\",\"contentUrl\":\"https:\/\/aovepenaluna.com\/wp-content\/uploads\/2022\/03\/Diseno-sin-titulo-_18_.webp\",\"width\":600,\"height\":600,\"caption\":\"AOVE Pe\u00f1a Luna - Coupage Ancestral\"},{\"@type\":\"BreadcrumbList\",\"@id\":\"https:\/\/aovepenaluna.com\/tienda\/#breadcrumb\",\"itemListElement\":[{\"@type\":\"ListItem\",\"position\":1,\"name\":\"Portada\",\"item\":\"https:\/\/aovepenaluna.com\/es\/\"},{\"@type\":\"ListItem\",\"position\":2,\"name\":\"TIENDA DE ACEITE DE OLIVA\"}]},{\"@type\":\"WebSite\",\"@id\":\"https:\/\/aovepenaluna.com\/#website\",\"url\":\"https:\/\/aovepenaluna.com\/\",\"name\":\"Aceite de Oliva Virgen Extra Pe\u00f1a Luna\",\"description\":\"Aceite de Oliva Virgen Extra Ecol\u00f3gico de m\u00e1xima calidad\",\"potentialAction\":[{\"@type\":\"SearchAction\",\"target\":{\"@type\":\"EntryPoint\",\"urlTemplate\":\"https:\/\/aovepenaluna.com\/?s={search_term_string}\"},\"query-input\":\"required name=search_term_string\"}],\"inLanguage\":\"en-GB\"}]}<\/script>\n<!-- \/ Yoast SEO plugin. -->","yoast_head_json":{"title":"Compra Aceite de Oliva Virgen Extra Online - Pe\u00f1a Luna","description":"Descubre nuestra tienda de AOVE online. Compra online el mejor Aceite de Oliva Virgen Extra ecol\u00f3gico de Sevilla y rec\u00edbelo c\u00f3modamente...","robots":{"index":"index","follow":"follow","max-snippet":"max-snippet:-1","max-image-preview":"max-image-preview:large","max-video-preview":"max-video-preview:-1"},"canonical":"https:\/\/aovepenaluna.com\/en\/tienda\/","og_locale":"en_GB","og_type":"article","og_title":"Compra Aceite de Oliva Virgen Extra Online - Pe\u00f1a Luna","og_description":"Descubre nuestra tienda de AOVE online. Compra online el mejor Aceite de Oliva Virgen Extra ecol\u00f3gico de Sevilla y rec\u00edbelo c\u00f3modamente...","og_url":"https:\/\/aovepenaluna.com\/en\/tienda\/","og_site_name":"Aceite de Oliva Virgen Extra Pe\u00f1a Luna","article_publisher":"https:\/\/www.facebook.com\/aovepenaluna","article_modified_time":"2024-07-18T10:05:24+00:00","og_image":[{"width":600,"height":600,"url":"https:\/\/aovepenaluna.com\/wp-content\/uploads\/2022\/03\/Diseno-sin-titulo-_18_.webp","type":"image\/webp"}],"twitter_card":"summary_large_image","twitter_misc":{"Estimated reading time":"1 minute"},"schema":{"@context":"https:\/\/schema.org","@graph":[{"@type":"WebPage","@id":"https:\/\/aovepenaluna.com\/tienda\/","url":"https:\/\/aovepenaluna.com\/tienda\/","name":"Compra Aceite de Oliva Virgen Extra Online - Pe\u00f1a Luna","isPartOf":{"@id":"https:\/\/aovepenaluna.com\/#website"},"primaryImageOfPage":{"@id":"https:\/\/aovepenaluna.com\/tienda\/#primaryimage"},"image":{"@id":"https:\/\/aovepenaluna.com\/tienda\/#primaryimage"},"thumbnailUrl":"https:\/\/aovepenaluna.com\/wp-content\/uploads\/2022\/03\/Diseno-sin-titulo-_18_.webp","datePublished":"2022-03-03T15:09:25+00:00","dateModified":"2024-07-18T10:05:24+00:00","description":"Descubre nuestra tienda de AOVE online. Compra online el mejor Aceite de Oliva Virgen Extra ecol\u00f3gico de Sevilla y rec\u00edbelo c\u00f3modamente...","breadcrumb":{"@id":"https:\/\/aovepenaluna.com\/tienda\/#breadcrumb"},"inLanguage":"en-GB","potentialAction":[{"@type":"ReadAction","target":["https:\/\/aovepenaluna.com\/tienda\/"]}]},{"@type":"ImageObject","inLanguage":"en-GB","@id":"https:\/\/aovepenaluna.com\/tienda\/#primaryimage","url":"https:\/\/aovepenaluna.com\/wp-content\/uploads\/2022\/03\/Diseno-sin-titulo-_18_.webp","contentUrl":"https:\/\/aovepenaluna.com\/wp-content\/uploads\/2022\/03\/Diseno-sin-titulo-_18_.webp","width":600,"height":600,"caption":"AOVE Pe\u00f1a Luna - Coupage Ancestral"},{"@type":"BreadcrumbList","@id":"https:\/\/aovepenaluna.com\/tienda\/#breadcrumb","itemListElement":[{"@type":"ListItem","position":1,"name":"Portada","item":"https:\/\/aovepenaluna.com\/es\/"},{"@type":"ListItem","position":2,"name":"TIENDA DE ACEITE DE OLIVA"}]},{"@type":"WebSite","@id":"https:\/\/aovepenaluna.com\/#website","url":"https:\/\/aovepenaluna.com\/","name":"Aceite de Oliva Virgen Extra Pe\u00f1a Luna","description":"Aceite de Oliva Virgen Extra Ecol\u00f3gico de m\u00e1xima calidad","potentialAction":[{"@type":"SearchAction","target":{"@type":"EntryPoint","urlTemplate":"https:\/\/aovepenaluna.com\/?s={search_term_string}"},"query-input":"required name=search_term_string"}],"inLanguage":"en-GB"}]}},"_links":{"self":[{"href":"https:\/\/aovepenaluna.com\/en\/wp-json\/wp\/v2\/pages\/5999","targetHints":{"allow":["GET"]}}],"collection":[{"href":"https:\/\/aovepenaluna.com\/en\/wp-json\/wp\/v2\/pages"}],"about":[{"href":"https:\/\/aovepenaluna.com\/en\/wp-json\/wp\/v2\/types\/page"}],"author":[{"embeddable":true,"href":"https:\/\/aovepenaluna.com\/en\/wp-json\/wp\/v2\/users\/17"}],"replies":[{"embeddable":true,"href":"https:\/\/aovepenaluna.com\/en\/wp-json\/wp\/v2\/comments?post=5999"}],"version-history":[{"count":7,"href":"https:\/\/aovepenaluna.com\/en\/wp-json\/wp\/v2\/pages\/5999\/revisions"}],"predecessor-version":[{"id":8776,"href":"https:\/\/aovepenaluna.com\/en\/wp-json\/wp\/v2\/pages\/5999\/revisions\/8776"}],"wp:featuredmedia":[{"embeddable":true,"href":"https:\/\/aovepenaluna.com\/en\/wp-json\/wp\/v2\/media\/8405"}],"wp:attachment":[{"href":"https:\/\/aovepenaluna.com\/en\/wp-json\/wp\/v2\/media?parent=5999"}],"curies":[{"name":"wp","href":"https:\/\/api.w.org\/{rel}","templated":true}]}}