{"id":5384,"date":"2021-01-19T14:01:27","date_gmt":"2021-01-19T14:01:27","guid":{"rendered":"http:\/\/aovepenaluna.com\/?page_id=5384"},"modified":"2025-07-17T09:50:57","modified_gmt":"2025-07-17T08:50:57","slug":"contacto","status":"publish","type":"page","link":"https:\/\/aovepenaluna.com\/en\/contacto\/","title":{"rendered":"CONTACT"},"content":{"rendered":"<p>[et_pb_section fb_built=\u00bb1&#8243; _builder_version=\u00bb4.23.4&#8243; _module_preset=\u00bbdefault\u00bb custom_padding=\u00bb0px||4px|||\u00bb global_colors_info=\u00bb{}\u00bb][et_pb_row _builder_version=\u00bb4.23.4&#8243; _module_preset=\u00bbdefault\u00bb width=\u00bb100%\u00bb custom_padding=\u00bb3px|||||\u00bb global_colors_info=\u00bb{}\u00bb][et_pb_column type=\u00bb4_4&#8243; _builder_version=\u00bb4.23.4&#8243; _module_preset=\u00bbdefault\u00bb global_colors_info=\u00bb{}\u00bb][et_pb_code _builder_version=\u00bb4.27.4&#8243; _module_preset=\u00bbdefault\u00bb hover_enabled=\u00bb0&#8243; global_colors_info=\u00bb{}\u00bb sticky_enabled=\u00bb0&#8243;]<iframe src=\"https:\/\/www.google.com\/maps\/embed?pb=!1m18!1m12!1m3!1d3181.7345142175177!2d-4.546844387934606!3d37.11143667204389!2m3!1f0!2f0!3f0!3m2!1i1024!2i768!4f13.1!3m3!1m2!1s0xd72850b4ad8823b%3A0x1e0ac9dab8665e4d!2sAOVE%20Pe%C3%B1a%20Luna!5e0!3m2!1ses!2ses!4v1752742182320!5m2!1ses!2ses\" width=\"1920\" height=\"680\" style=\"border:0;\" allowfullscreen=\"\" loading=\"lazy\" referrerpolicy=\"no-referrer-when-downgrade\"><\/iframe>[\/et_pb_code][\/et_pb_column][\/et_pb_row][\/et_pb_section][et_pb_section fb_built=\u00bb1&#8243; _builder_version=\u00bb4.24.3&#8243; _module_preset=\u00bbdefault\u00bb global_colors_info=\u00bb{}\u00bb][et_pb_row _builder_version=\u00bb4.24.3&#8243; _module_preset=\u00bbdefault\u00bb global_colors_info=\u00bb{}\u00bb][et_pb_column type=\u00bb4_4&#8243; _builder_version=\u00bb4.24.3&#8243; _module_preset=\u00bbdefault\u00bb global_colors_info=\u00bb{}\u00bb][et_pb_text _builder_version=\u00bb4.24.3&#8243; _module_preset=\u00bbdefault\u00bb global_colors_info=\u00bb{}\u00bb]<\/p>\n<h2>Would you like to work with us?<\/h2>\n<p>Send us an email<a href=\"mailto:export@aovepenaluna.com\">export@aovepenaluna.com<\/a>and we will be delighted to assist you.<\/p>\n<p>[\/et_pb_text][\/et_pb_column][\/et_pb_row][\/et_pb_section][et_pb_section fb_built=\u00bb1&#8243; _builder_version=\u00bb4.16&#8243; _module_preset=\u00bbdefault\u00bb custom_padding=\u00bb33px||21px|||\u00bb global_colors_info=\u00bb{}\u00bb][et_pb_row column_structure=\u00bb1_2,1_2&#8243; _builder_version=\u00bb4.16&#8243; _module_preset=\u00bbdefault\u00bb global_colors_info=\u00bb{}\u00bb][et_pb_column type=\u00bb1_2&#8243; _builder_version=\u00bb4.16&#8243; _module_preset=\u00bbdefault\u00bb global_colors_info=\u00bb{}\u00bb][et_pb_text _builder_version=\u00bb4.16&#8243; _module_preset=\u00bbdefault\u00bb global_colors_info=\u00bb{}\u00bb]<\/p>\n<p>SEGURA Y MANCHA S.L<\/p>\n<p><a href=\"https:\/\/www.google.com\/maps\/place\/\/data=!4m2!3m1!1s0xd6d57880570abfd:0xf846c357b74941b5?sa=X&amp;ved=1t:8290&amp;ictx=111\" data-url=\"\/maps\/place\/\/data=!4m2!3m1!1s0xd6d57880570abfd:0xf846c357b74941b5?sa=X&amp;ved=2ahUKEwjQguGJm_iKAxUSRvEDHfc9NJIQ4kB6BAgZEAA\" data-sb=\"\/url?sa=t&amp;source=web&amp;rct=j&amp;opi=89978449&amp;url=\/maps\/place\/\/data%3D!4m2!3m1!1s0xd6d57880570abfd:0xf846c357b74941b5%3Fsa%3DX%26ved%3D1t:8290%26ictx%3D111&amp;ved=2ahUKEwjQguGJm_iKAxUSRvEDHfc9NJIQ4kB6BAhLEAM&amp;usg=AOvVaw3y_8EyAK2GcmztoBiduw1A\" tabindex=\"0\"><span>Pol\u00edgono 29, Parcela 38,<\/span><\/a><a href=\"https:\/\/www.google.com\/maps\/place\/\/data=!4m2!3m1!1s0xd6d57880570abfd:0xf846c357b74941b5?sa=X&amp;ved=1t:8290&amp;ictx=111\" data-url=\"\/maps\/place\/\/data=!4m2!3m1!1s0xd6d57880570abfd:0xf846c357b74941b5?sa=X&amp;ved=2ahUKEwjQguGJm_iKAxUSRvEDHfc9NJIQ4kB6BAgZEAA\" data-sb=\"\/url?sa=t&amp;source=web&amp;rct=j&amp;opi=89978449&amp;url=\/maps\/place\/\/data%3D!4m2!3m1!1s0xd6d57880570abfd:0xf846c357b74941b5%3Fsa%3DX%26ved%3D1t:8290%26ictx%3D111&amp;ved=2ahUKEwjQguGJm_iKAxUSRvEDHfc9NJIQ4kB6BAhLEAM&amp;usg=AOvVaw3y_8EyAK2GcmztoBiduw1A\" tabindex=\"0\"><span>29250 Antequera, M\u00e1laga<\/span><\/a><\/p>\n<p>WhatsApp: <a href=\"tel:+665 537 394\">665 537 394<\/a> | Phone: <a href=\"tel:+670 667 685\">670 667 685<\/a><\/p>\n<p>info@aovepenaluna.com<\/p>\n<p>[\/et_pb_text][\/et_pb_column][et_pb_column type=\u00bb1_2&#8243; _builder_version=\u00bb4.16&#8243; _module_preset=\u00bbdefault\u00bb global_colors_info=\u00bb{}\u00bb][et_pb_code disabled_on=\u00bbon|on|on\u00bb _builder_version=\u00bb4.24.0&#8243; _module_preset=\u00bbdefault\u00bb disabled=\u00bbon\u00bb global_colors_info=\u00bb{}\u00bb][contact-form-7 id=\u00bb27&#8243; title=\u00bbFormulario de contacto 1&#8243;][\/et_pb_code][\/et_pb_column][\/et_pb_row][\/et_pb_section]<\/p>","protected":false},"excerpt":{"rendered":"<p>\u00bfQuieres trabajar con nosotros? Envi\u00e1nos un correo (export@aovepenaluna.com) y estaremos encantados de atenderte.SEGURA Y MANCHA S.L Pol\u00edgono 29, Parcela 38,29250 Antequera, M\u00e1laga WhatsApp: 665 537 394 |M\u00f3vil: 670 667 685 info@aovepenaluna.com[contact-form-7 id=\u00bb27&#8243; title=\u00bbFormulario de contacto 1&#8243;]<\/p>","protected":false},"author":17,"featured_media":0,"parent":0,"menu_order":0,"comment_status":"closed","ping_status":"closed","template":"","meta":{"_et_pb_use_builder":"on","_et_pb_old_content":"","_et_gb_content_width":"","footnotes":""},"class_list":["post-5384","page","type-page","status-publish","hentry"],"yoast_head":"<!-- This site is optimized with the Yoast SEO plugin v23.3 - https:\/\/yoast.com\/wordpress\/plugins\/seo\/ -->\n<title>CONTACTO - Aceite de Oliva Virgen Extra Pe\u00f1a Luna<\/title>\n<meta name=\"description\" content=\"Ponte en contacto con nosotros y resolveremos cualquier duda que puedas tener sobre nuestro AOVE Ecol\u00f3gico \u00bfQuieres trabajar con nosotros?\" \/>\n<meta name=\"robots\" content=\"index, follow, max-snippet:-1, max-image-preview:large, max-video-preview:-1\" \/>\n<link rel=\"canonical\" href=\"http:\/\/aovepenaluna.com\/en\/contacto\/\" \/>\n<meta property=\"og:locale\" content=\"en_GB\" \/>\n<meta property=\"og:type\" content=\"article\" \/>\n<meta property=\"og:title\" content=\"CONTACTO - Aceite de Oliva Virgen Extra Pe\u00f1a Luna\" \/>\n<meta property=\"og:description\" content=\"Ponte en contacto con nosotros y resolveremos cualquier duda que puedas tener sobre nuestro AOVE Ecol\u00f3gico \u00bfQuieres trabajar con nosotros?\" \/>\n<meta property=\"og:url\" content=\"http:\/\/aovepenaluna.com\/en\/contacto\/\" \/>\n<meta property=\"og:site_name\" content=\"Aceite de Oliva Virgen Extra Pe\u00f1a Luna\" \/>\n<meta property=\"article:publisher\" content=\"https:\/\/www.facebook.com\/aovepenaluna\" \/>\n<meta property=\"article:modified_time\" content=\"2025-07-17T08:50:57+00:00\" \/>\n<meta name=\"twitter:card\" content=\"summary_large_image\" \/>\n<meta name=\"twitter:label1\" content=\"Estimated reading time\" \/>\n\t<meta name=\"twitter:data1\" content=\"1 minute\" \/>\n<script type=\"application\/ld+json\" class=\"yoast-schema-graph\">{\"@context\":\"https:\/\/schema.org\",\"@graph\":[{\"@type\":\"WebPage\",\"@id\":\"https:\/\/aovepenaluna.com\/contacto\/\",\"url\":\"http:\/\/aovepenaluna.com\/es\/contacto\/\",\"name\":\"CONTACTO - Aceite de Oliva Virgen Extra Pe\u00f1a Luna\",\"isPartOf\":{\"@id\":\"https:\/\/aovepenaluna.com\/#website\"},\"datePublished\":\"2021-01-19T14:01:27+00:00\",\"dateModified\":\"2025-07-17T08:50:57+00:00\",\"description\":\"Ponte en contacto con nosotros y resolveremos cualquier duda que puedas tener sobre nuestro AOVE Ecol\u00f3gico \u00bfQuieres trabajar con nosotros?\",\"breadcrumb\":{\"@id\":\"http:\/\/aovepenaluna.com\/es\/contacto\/#breadcrumb\"},\"inLanguage\":\"en-GB\",\"potentialAction\":[{\"@type\":\"ReadAction\",\"target\":[\"http:\/\/aovepenaluna.com\/es\/contacto\/\"]}]},{\"@type\":\"BreadcrumbList\",\"@id\":\"http:\/\/aovepenaluna.com\/es\/contacto\/#breadcrumb\",\"itemListElement\":[{\"@type\":\"ListItem\",\"position\":1,\"name\":\"Portada\",\"item\":\"https:\/\/aovepenaluna.com\/es\/\"},{\"@type\":\"ListItem\",\"position\":2,\"name\":\"CONTACTO\"}]},{\"@type\":\"WebSite\",\"@id\":\"https:\/\/aovepenaluna.com\/#website\",\"url\":\"https:\/\/aovepenaluna.com\/\",\"name\":\"Aceite de Oliva Virgen Extra Pe\u00f1a Luna\",\"description\":\"Aceite de Oliva Virgen Extra Ecol\u00f3gico de m\u00e1xima calidad\",\"potentialAction\":[{\"@type\":\"SearchAction\",\"target\":{\"@type\":\"EntryPoint\",\"urlTemplate\":\"https:\/\/aovepenaluna.com\/?s={search_term_string}\"},\"query-input\":\"required name=search_term_string\"}],\"inLanguage\":\"en-GB\"}]}<\/script>\n<!-- \/ Yoast SEO plugin. -->","yoast_head_json":{"title":"CONTACTO - Aceite de Oliva Virgen Extra Pe\u00f1a Luna","description":"Ponte en contacto con nosotros y resolveremos cualquier duda que puedas tener sobre nuestro AOVE Ecol\u00f3gico \u00bfQuieres trabajar con nosotros?","robots":{"index":"index","follow":"follow","max-snippet":"max-snippet:-1","max-image-preview":"max-image-preview:large","max-video-preview":"max-video-preview:-1"},"canonical":"http:\/\/aovepenaluna.com\/en\/contacto\/","og_locale":"en_GB","og_type":"article","og_title":"CONTACTO - Aceite de Oliva Virgen Extra Pe\u00f1a Luna","og_description":"Ponte en contacto con nosotros y resolveremos cualquier duda que puedas tener sobre nuestro AOVE Ecol\u00f3gico \u00bfQuieres trabajar con nosotros?","og_url":"http:\/\/aovepenaluna.com\/en\/contacto\/","og_site_name":"Aceite de Oliva Virgen Extra Pe\u00f1a Luna","article_publisher":"https:\/\/www.facebook.com\/aovepenaluna","article_modified_time":"2025-07-17T08:50:57+00:00","twitter_card":"summary_large_image","twitter_misc":{"Estimated reading time":"1 minute"},"schema":{"@context":"https:\/\/schema.org","@graph":[{"@type":"WebPage","@id":"https:\/\/aovepenaluna.com\/contacto\/","url":"http:\/\/aovepenaluna.com\/es\/contacto\/","name":"CONTACTO - Aceite de Oliva Virgen Extra Pe\u00f1a Luna","isPartOf":{"@id":"https:\/\/aovepenaluna.com\/#website"},"datePublished":"2021-01-19T14:01:27+00:00","dateModified":"2025-07-17T08:50:57+00:00","description":"Ponte en contacto con nosotros y resolveremos cualquier duda que puedas tener sobre nuestro AOVE Ecol\u00f3gico \u00bfQuieres trabajar con nosotros?","breadcrumb":{"@id":"http:\/\/aovepenaluna.com\/es\/contacto\/#breadcrumb"},"inLanguage":"en-GB","potentialAction":[{"@type":"ReadAction","target":["http:\/\/aovepenaluna.com\/es\/contacto\/"]}]},{"@type":"BreadcrumbList","@id":"http:\/\/aovepenaluna.com\/es\/contacto\/#breadcrumb","itemListElement":[{"@type":"ListItem","position":1,"name":"Portada","item":"https:\/\/aovepenaluna.com\/es\/"},{"@type":"ListItem","position":2,"name":"CONTACTO"}]},{"@type":"WebSite","@id":"https:\/\/aovepenaluna.com\/#website","url":"https:\/\/aovepenaluna.com\/","name":"Aceite de Oliva Virgen Extra Pe\u00f1a Luna","description":"Aceite de Oliva Virgen Extra Ecol\u00f3gico de m\u00e1xima calidad","potentialAction":[{"@type":"SearchAction","target":{"@type":"EntryPoint","urlTemplate":"https:\/\/aovepenaluna.com\/?s={search_term_string}"},"query-input":"required name=search_term_string"}],"inLanguage":"en-GB"}]}},"_links":{"self":[{"href":"https:\/\/aovepenaluna.com\/en\/wp-json\/wp\/v2\/pages\/5384","targetHints":{"allow":["GET"]}}],"collection":[{"href":"https:\/\/aovepenaluna.com\/en\/wp-json\/wp\/v2\/pages"}],"about":[{"href":"https:\/\/aovepenaluna.com\/en\/wp-json\/wp\/v2\/types\/page"}],"author":[{"embeddable":true,"href":"https:\/\/aovepenaluna.com\/en\/wp-json\/wp\/v2\/users\/17"}],"replies":[{"embeddable":true,"href":"https:\/\/aovepenaluna.com\/en\/wp-json\/wp\/v2\/comments?post=5384"}],"version-history":[{"count":16,"href":"https:\/\/aovepenaluna.com\/en\/wp-json\/wp\/v2\/pages\/5384\/revisions"}],"predecessor-version":[{"id":9406,"href":"https:\/\/aovepenaluna.com\/en\/wp-json\/wp\/v2\/pages\/5384\/revisions\/9406"}],"wp:attachment":[{"href":"https:\/\/aovepenaluna.com\/en\/wp-json\/wp\/v2\/media?parent=5384"}],"curies":[{"name":"wp","href":"https:\/\/api.w.org\/{rel}","templated":true}]}}