{"id":5081,"date":"2021-01-14T12:53:29","date_gmt":"2021-01-14T12:53:29","guid":{"rendered":"http:\/\/aovepenaluna.com\/?page_id=5081"},"modified":"2025-02-10T12:17:22","modified_gmt":"2025-02-10T11:17:22","slug":"monovarietales","status":"publish","type":"page","link":"https:\/\/aovepenaluna.com\/en\/monovarietales\/","title":{"rendered":"MONOVARIETALS"},"content":{"rendered":"<p>[et_pb_section fb_built=\u00bb1&#8243; disabled_on=\u00bboff|off|off\u00bb admin_label=\u00bbSECCION 01 &#8211; ESCRITORIO\u00bb _builder_version=\u00bb4.22.2&#8243; _module_preset=\u00bbdefault\u00bb background_color=\u00bb#f3f2ec\u00bb background_image=\u00bbhttp:\/\/aovepenaluna.com\/wp-content\/uploads\/2021\/01\/monovarietales_10.jpg\u00bb background_size=\u00bbcontain\u00bb background_position=\u00bbtop_center\u00bb min_height=\u00bb717px\u00bb custom_padding=\u00bb||3px|||\u00bb collapsed=\u00bbon\u00bb global_colors_info=\u00bb{}\u00bb][et_pb_row _builder_version=\u00bb4.22.2&#8243; _module_preset=\u00bbdefault\u00bb global_colors_info=\u00bb{}\u00bb][et_pb_column type=\u00bb4_4&#8243; _builder_version=\u00bb4.22.2&#8243; _module_preset=\u00bbdefault\u00bb global_colors_info=\u00bb{}\u00bb][et_pb_text _builder_version=\u00bb4.22.2&#8243; _module_preset=\u00bbdefault\u00bb global_colors_info=\u00bb{}\u00bb]<\/p>\n<h1 style=\"text-align: center;\"><strong>Monovarietal Extra Virgin Olive Oil<\/strong><\/h1>\n<p>[\/et_pb_text][\/et_pb_column][\/et_pb_row][et_pb_row column_structure=\u00bb1_4,1_4,1_4,1_4&#8243; use_custom_gutter=\u00bbon\u00bb gutter_width=\u00bb2&#8243; make_equal=\u00bbon\u00bb _builder_version=\u00bb4.16&#8243; _module_preset=\u00bbdefault\u00bb width=\u00bb90%\u00bb global_colors_info=\u00bb{}\u00bb][et_pb_column type=\u00bb1_4&#8243; _builder_version=\u00bb4.16&#8243; _module_preset=\u00bbdefault\u00bb global_colors_info=\u00bb{}\u00bb][\/et_pb_column][et_pb_column type=\u00bb1_4&#8243; module_class=\u00bbds-vertical-align\u00bb _builder_version=\u00bb4.16&#8243; _module_preset=\u00bbdefault\u00bb global_colors_info=\u00bb{}\u00bb][et_pb_text _builder_version=\u00bb4.22.2&#8243; _module_preset=\u00bbdefault\u00bb text_font=\u00bbTimes New Roman||on||||||\u00bb text_font_size=\u00bb20px\u00bb header_2_font=\u00bbOpen Sans||||||||\u00bb text_orientation=\u00bbright\u00bb global_colors_info=\u00bb{}\u00bb]<\/p>\n<h3><span style=\"font-size: x-large;\">THE LEGEND OF PE\u00d1A LUNA<\/span><\/h3>\n<p>Once upon a time there lived a beautiful princess in a castle called Moon Castle. When night fell, it towered high on its hill, and its white limestone walls shone and glowed like the moon itself. At dawn, a carpet of poppies and barley fields covered the surrounding land. However, in spite of such beautiful scenery and the riches she enjoyed, this princess was very unhappy...<\/p>\n<p>[\/et_pb_text][\/et_pb_column][et_pb_column type=\u00bb1_4&#8243; _builder_version=\u00bb4.16&#8243; _module_preset=\u00bbdefault\u00bb global_colors_info=\u00bb{}\u00bb][et_pb_image src=\u00bbhttps:\/\/aovepenaluna.com\/wp-content\/uploads\/2025\/02\/Monovarietal-Hojiblanca-1.jpg\u00bb title_text=\u00bbMonovarietal-Hojiblanca\u00bb _builder_version=\u00bb4.27.0&#8243; _module_preset=\u00bbdefault\u00bb global_colors_info=\u00bb{}\u00bb][\/et_pb_image][\/et_pb_column][et_pb_column type=\u00bb1_4&#8243; module_class=\u00bbalinear-abajo\u00bb _builder_version=\u00bb4.16&#8243; _module_preset=\u00bbdefault\u00bb global_colors_info=\u00bb{}\u00bb][et_pb_text _builder_version=\u00bb4.22.2&#8243; _module_preset=\u00bbdefault\u00bb text_font_size=\u00bb20px\u00bb global_colors_info=\u00bb{}\u00bb]<\/p>\n<h2><span style=\"font-size: xx-large;\"><strong>Hojiblanca variety<\/strong><\/span><\/h2>\n<p><span style=\"font-size: medium;\"><strong>Tasting Note<br \/><\/strong><span style=\"font-size: large;\">A very balanced aove. On the nose it reminds us of leaves, tropical fruits, tomato and artichoke. On the palate, the leaf and artichoke stand out with a very balanced spiciness and bitterness.<\/span><\/span><\/p>\n<p><span style=\"font-size: large;\">Food pairing: <span style=\"color: #303141;\">It goes great with salads, pasta and risottos.<\/span><\/span><\/p>\n<p><span style=\"font-size: medium;\">\u00a0<\/span><\/p>\n<p>[\/et_pb_text][et_pb_button button_url=\u00bbhttp:\/\/aovepenaluna.com\/producto\/hojiblanca\/\u00bb button_text=\u00bbComprar Ahora\u00bb _builder_version=\u00bb4.16&#8243; _module_preset=\u00bbdefault\u00bb custom_padding=\u00bb|50px||50px|false|false\u00bb global_colors_info=\u00bb{}\u00bb][\/et_pb_button][\/et_pb_column][\/et_pb_row][\/et_pb_section][et_pb_section fb_built=\u00bb1&#8243; disabled_on=\u00bboff|off|off\u00bb admin_label=\u00bbSECCION 02 &#8211; ESCRITORIO\u00bb _builder_version=\u00bb4.22.2&#8243; _module_preset=\u00bbdefault\u00bb background_color=\u00bb#f3f2ec\u00bb background_enable_image=\u00bboff\u00bb background_size=\u00bbcontain\u00bb background_position=\u00bbbottom_right\u00bb min_height=\u00bb656px\u00bb collapsed=\u00bbon\u00bb global_colors_info=\u00bb{}\u00bb][et_pb_row column_structure=\u00bb1_3,1_3,1_3,1_4&#8243; make_equal=\u00bbon\u00bb _builder_version=\u00bb4.22.2&#8243; _module_preset=\u00bbdefault\u00bb width=\u00bb88.9%\u00bb global_colors_info=\u00bb{}\u00bb][et_pb_column type=\u00bb1_3&#8243; module_class=\u00bbds-vertical-align\u00bb _builder_version=\u00bb4.16&#8243; _module_preset=\u00bbdefault\u00bb global_colors_info=\u00bb{}\u00bb][et_pb_text _builder_version=\u00bb4.22.2&#8243; _module_preset=\u00bbdefault\u00bb text_font_size=\u00bb20px\u00bb global_colors_info=\u00bb{}\u00bb]<\/p>\n<h2><span style=\"font-size: xx-large;\"><strong>Arbequina variety<\/strong><\/span><\/h2>\n<p><strong>Tasting Note<\/strong><br \/><span style=\"font-size: large;\">This oil is complex on the palate and harmoniously combines aromas of fresh and dried fruits. It has a subtle flavour of apple, tomato, green banana and fig.<\/span><\/p>\n<p><span style=\"font-size: large;\">Food pairing: White fish, marinades, salads and pastries.<\/span><\/p>\n<p>[\/et_pb_text][et_pb_button button_url=\u00bbhttp:\/\/aovepenaluna.com\/producto\/arbequina\/\u00bb button_text=\u00bbComprar Ahora\u00bb _builder_version=\u00bb4.16&#8243; _module_preset=\u00bbdefault\u00bb custom_padding=\u00bb|50px||50px|false|false\u00bb global_colors_info=\u00bb{}\u00bb][\/et_pb_button][\/et_pb_column][et_pb_column type=\u00bb1_3&#8243; _builder_version=\u00bb4.16&#8243; _module_preset=\u00bbdefault\u00bb global_colors_info=\u00bb{}\u00bb][et_pb_image src=\u00bbhttps:\/\/aovepenaluna.com\/wp-content\/uploads\/2025\/02\/Monovarietal-Arbequina-1.jpg\u00bb title_text=\u00bbMonovarietal-Arbequina\u00bb _builder_version=\u00bb4.27.0&#8243; _module_preset=\u00bbdefault\u00bb global_colors_info=\u00bb{}\u00bb][\/et_pb_image][\/et_pb_column][et_pb_column type=\u00bb1_3&#8243; module_class=\u00bbalinear-abajo\u00bb _builder_version=\u00bb4.16&#8243; _module_preset=\u00bbdefault\u00bb global_colors_info=\u00bb{}\u00bb][et_pb_text _builder_version=\u00bb4.22.2&#8243; _module_preset=\u00bbdefault\u00bb text_font=\u00bbTimes New Roman||on||||||\u00bb text_font_size=\u00bb20px\u00bb header_2_font=\u00bbOpen Sans|||on|||||\u00bb text_orientation=\u00bbright\u00bb global_colors_info=\u00bb{}\u00bb]<\/p>\n<p>One night, the parents, in an attempt to cheer up their only daughter, organised a magnificent party in the castle, which was attended by neighbours and even people from the Far East. The princess danced, talked and laughed all night long, but something inside her heart was pressing so hard that she could not fully enjoy herself.<\/p>\n<p>[\/et_pb_text][\/et_pb_column][et_pb_column type=\u00bb1_4&#8243; _builder_version=\u00bb4.16&#8243; _module_preset=\u00bbdefault\u00bb global_colors_info=\u00bb{}\u00bb][\/et_pb_column][\/et_pb_row][\/et_pb_section][et_pb_section fb_built=\u00bb1&#8243; disabled_on=\u00bboff|off|off\u00bb admin_label=\u00bbSECCION 03 &#8211; ESCRITORIO\u00bb module_class=\u00bbfranjas_ajustadas\u00bb _builder_version=\u00bb4.22.2&#8243; _module_preset=\u00bbdefault\u00bb background_color=\u00bb#f3f3eb\u00bb collapsed=\u00bbon\u00bb global_colors_info=\u00bb{}\u00bb][et_pb_row column_structure=\u00bb1_2,1_2&#8243; use_custom_gutter=\u00bbon\u00bb gutter_width=\u00bb2&#8243; _builder_version=\u00bb4.16&#8243; _module_preset=\u00bbdefault\u00bb custom_margin=\u00bb||100px||false|false\u00bb global_colors_info=\u00bb{}\u00bb][et_pb_column type=\u00bb1_2&#8243; _builder_version=\u00bb4.16&#8243; _module_preset=\u00bbdefault\u00bb global_colors_info=\u00bb{}\u00bb][et_pb_image src=\u00bbhttp:\/\/aovepenaluna.com\/wp-content\/uploads\/2024\/01\/monovarietales_05.jpg.webp\u00bb alt=\u00bbAOVE Pe\u00f1a Luna &#8211; Aceite de Oliva Virgen Extra de Extracci\u00f3n temprana Hojiblanca Ecol\u00f3gico\u00bb title_text=\u00bbmonovarietales_05.jpg\u00bb _builder_version=\u00bb4.27.0&#8243; _module_preset=\u00bbdefault\u00bb global_colors_info=\u00bb{}\u00bb][\/et_pb_image][\/et_pb_column][et_pb_column type=\u00bb1_2&#8243; _builder_version=\u00bb4.16&#8243; _module_preset=\u00bbdefault\u00bb custom_padding=\u00bb100px||||false|false\u00bb global_colors_info=\u00bb{}\u00bb][et_pb_text _builder_version=\u00bb4.22.2&#8243; _module_preset=\u00bbdefault\u00bb text_font_size=\u00bb20px\u00bb width=\u00bb80%\u00bb module_alignment=\u00bbleft\u00bb global_colors_info=\u00bb{}\u00bb]<\/p>\n<h2><span style=\"font-size: xx-large;\"><strong>Organic - Hojiblanca Variety<\/strong><\/span><\/h2>\n<p style=\"text-align: justify;\"><strong>Tasting Note<br \/><\/strong><span style=\"font-size: large;\">Fruity of green olives of medium-high intensity, and aromatic notes of freshly cut grass, wild plants and vegetables. Tomato, green grass and artichoke appear. Progressive bitterness and spiciness. It has a pleasant persistence, it is a very aromatic and balanced oil.<\/span><\/p>\n<p style=\"text-align: justify;\"><span style=\"font-size: large;\">Pairing: It is a delicious oil to consume raw at breakfast and snacks with traditional breads.<\/span><\/p>\n<p style=\"text-align: justify;\"><span style=\"font-size: large;\">Available Format: 500ML Glass Bottle<\/span><\/p>\n<p>[\/et_pb_text][et_pb_button button_url=\u00bbhttp:\/\/aovepenaluna.com\/producto\/aove-ecologico-hojiblanca\/\u00bb button_text=\u00bbComprar Ahora\u00bb _builder_version=\u00bb4.16&#8243; _module_preset=\u00bbdefault\u00bb custom_padding=\u00bb|50px||50px|false|false\u00bb global_colors_info=\u00bb{}\u00bb][\/et_pb_button][\/et_pb_column][\/et_pb_row][\/et_pb_section][et_pb_section fb_built=\u00bb1&#8243; disabled_on=\u00bboff|off|off\u00bb admin_label=\u00bbSECCION 03 &#8211; ESCRITORIO\u00bb module_class=\u00bbfranjas_ajustadas\u00bb _builder_version=\u00bb4.22.2&#8243; _module_preset=\u00bbdefault\u00bb background_color=\u00bb#f3f3eb\u00bb background_image=\u00bbhttp:\/\/aovepenaluna.com\/wp-content\/uploads\/2021\/01\/monovarietales_11.jpg\u00bb collapsed=\u00bbon\u00bb global_colors_info=\u00bb{}\u00bb][et_pb_row column_structure=\u00bb1_4,1_4,1_4,1_4&#8243; use_custom_gutter=\u00bbon\u00bb gutter_width=\u00bb1&#8243; _builder_version=\u00bb4.22.2&#8243; _module_preset=\u00bbdefault\u00bb module_alignment=\u00bbcenter\u00bb custom_padding=\u00bb||85px|||\u00bb global_colors_info=\u00bb{}\u00bb][et_pb_column type=\u00bb1_4&#8243; _builder_version=\u00bb4.16&#8243; _module_preset=\u00bbdefault\u00bb global_colors_info=\u00bb{}\u00bb][et_pb_text _builder_version=\u00bb4.22.2&#8243; _module_preset=\u00bbdefault\u00bb width=\u00bb80%\u00bb module_alignment=\u00bbleft\u00bb min_height=\u00bb185.6px\u00bb custom_margin=\u00bb|-76px|||false|false\u00bb custom_padding=\u00bb188px||||false|false\u00bb global_colors_info=\u00bb{}\u00bb]<\/p>\n<h2 style=\"text-align: justify;\"><span style=\"font-size: xx-large;\"><strong>Variedad Koroneiki<\/strong><\/span><\/h2>\n<p style=\"text-align: justify;\"><strong>Tasting Note<br \/><\/strong><span style=\"font-size: large;\">The nose detonates wild flowers, dried fruits, pepper and Japanese citrus yuzu. On the palate is more spicy than bitter, with a hint of hazelnut and fennel.<\/span><\/p>\n<p style=\"text-align: justify;\"><span style=\"font-size: large;\">Pairing (or Food Matching): It is ideal for salads, and marinades for salmon, tuna, or anchovies. Also with salmon, tuna, sea bass tartare, and ceviches.<\/span><\/p>\n<p><span style=\"font-size: medium;\"><\/span><\/p>\n<p>[\/et_pb_text][et_pb_button button_url=\u00bbhttp:\/\/aovepenaluna.com\/producto\/aove-variedad-koroneiki\/\u00bb button_text=\u00bbComprar Ahora\u00bb _builder_version=\u00bb4.16&#8243; _module_preset=\u00bbdefault\u00bb custom_padding=\u00bb|50px||50px|false|false\u00bb global_colors_info=\u00bb{}\u00bb][\/et_pb_button][\/et_pb_column][et_pb_column type=\u00bb1_4&#8243; _builder_version=\u00bb4.16&#8243; _module_preset=\u00bbdefault\u00bb custom_padding=\u00bb100px||||false|false\u00bb global_colors_info=\u00bb{}\u00bb][et_pb_image src=\u00bbhttps:\/\/aovepenaluna.com\/wp-content\/uploads\/2025\/02\/Monovarietal-Koroneikii.jpg\u00bb alt=\u00bbaove koroneiki\u00bb title_text=\u00bbMonovarietal-Koroneikii\u00bb _builder_version=\u00bb4.27.0&#8243; _module_preset=\u00bbdefault\u00bb custom_margin=\u00bb|-71px||||\u00bb global_colors_info=\u00bb{}\u00bb][\/et_pb_image][\/et_pb_column][et_pb_column type=\u00bb1_4&#8243; _builder_version=\u00bb4.16&#8243; _module_preset=\u00bbdefault\u00bb custom_padding=\u00bb100px||||false|false\u00bb global_colors_info=\u00bb{}\u00bb][et_pb_text _builder_version=\u00bb4.22.2&#8243; _module_preset=\u00bbdefault\u00bb text_font=\u00bbTimes New Roman||on||||||\u00bb text_font_size=\u00bb20px\u00bb header_2_font=\u00bbOpen Sans|||on|||||\u00bb text_orientation=\u00bbright\u00bb width=\u00bb113.9%\u00bb custom_margin=\u00bb28px||||false|false\u00bb custom_padding=\u00bb||||false|false\u00bb global_colors_info=\u00bb{}\u00bb]<\/p>\n<p>At the end of the night, when the princess was saying goodbye to all the guests, a handsome, dark-haired man with big green eyes took her hand and, looking fixedly at her, said to her: we need you, help us... and then disappeared into the crowd. The sad princess was confused and felt the need to find that man to discover what was tormenting her so much. Hours, days and months went by, but no matter how hard they searched, no one knew the whereabouts of that mysterious character.<\/p>\n<p>[\/et_pb_text][\/et_pb_column][et_pb_column type=\u00bb1_4&#8243; _builder_version=\u00bb4.16&#8243; _module_preset=\u00bbdefault\u00bb custom_padding=\u00bb100px||||false|false\u00bb global_colors_info=\u00bb{}\u00bb][\/et_pb_column][\/et_pb_row][\/et_pb_section][et_pb_section fb_built=\u00bb1&#8243; fullwidth=\u00bbon\u00bb disabled_on=\u00bboff|off|off\u00bb admin_label=\u00bbSECCION 04.2 &#8211; ESCRITORIO\u00bb _builder_version=\u00bb4.22.2&#8243; _module_preset=\u00bbdefault\u00bb collapsed=\u00bbon\u00bb global_colors_info=\u00bb{}\u00bb][et_pb_fullwidth_image src=\u00bbhttp:\/\/aovepenaluna.com\/wp-content\/uploads\/2022\/03\/monovarietales_07-2.jpg\u00bb _builder_version=\u00bb4.27.0&#8243; _module_preset=\u00bbdefault\u00bb custom_margin=\u00bb-4px|||||\u00bb custom_padding=\u00bb0px|||||\u00bb animation_direction=\u00bbleft\u00bb global_colors_info=\u00bb{}\u00bb][\/et_pb_fullwidth_image][\/et_pb_section][et_pb_section fb_built=\u00bb1&#8243; disabled_on=\u00bboff|off|off\u00bb admin_label=\u00bbSECCION 05 &#8211; ESCRITORIO\u00bb module_class=\u00bbfranjas_ajustadas\u00bb _builder_version=\u00bb4.22.2&#8243; _module_preset=\u00bbdefault\u00bb collapsed=\u00bbon\u00bb global_colors_info=\u00bb{}\u00bb][\/et_pb_section]<\/p>","protected":false},"excerpt":{"rendered":"<p>Aceite de Oliva Virgen Extra MonovarietalLA LEYENDA DE PE\u00d1A LUNA \u00c9rase una vez una bell\u00edsima princesa que viv\u00eda en un castillo llamado Castillo de la Luna. Cuando anochec\u00eda, se alzaba altanero sobre su loma, y sus paredes de caliza blanca, brillaban y luc\u00edan como la mism\u00edsima luna. Al amanecer, una alfombra de amapolas y campos [&hellip;]<\/p>","protected":false},"author":17,"featured_media":0,"parent":0,"menu_order":0,"comment_status":"closed","ping_status":"closed","template":"","meta":{"_et_pb_use_builder":"on","_et_pb_old_content":"","_et_gb_content_width":"","footnotes":""},"class_list":["post-5081","page","type-page","status-publish","hentry"],"yoast_head":"<!-- This site is optimized with the Yoast SEO plugin v23.3 - https:\/\/yoast.com\/wordpress\/plugins\/seo\/ -->\n<title>MONOVARIETALES - Aceite de Oliva Virgen Extra Pe\u00f1a Luna<\/title>\n<meta name=\"description\" content=\"Nuestros Aceites de Oliva Virgen Extra monovarietales de extracci\u00f3n temprana se recogen durante los mese de octubre y noviembre cuando...\" \/>\n<meta name=\"robots\" content=\"index, follow, max-snippet:-1, max-image-preview:large, max-video-preview:-1\" \/>\n<link rel=\"canonical\" href=\"https:\/\/aovepenaluna.com\/en\/monovarietales\/\" \/>\n<meta property=\"og:locale\" content=\"en_GB\" \/>\n<meta property=\"og:type\" content=\"article\" \/>\n<meta property=\"og:title\" content=\"MONOVARIETALES - Aceite de Oliva Virgen Extra Pe\u00f1a Luna\" \/>\n<meta property=\"og:description\" content=\"Nuestros Aceites de Oliva Virgen Extra monovarietales de extracci\u00f3n temprana se recogen durante los mese de octubre y noviembre cuando...\" \/>\n<meta property=\"og:url\" content=\"https:\/\/aovepenaluna.com\/en\/monovarietales\/\" \/>\n<meta property=\"og:site_name\" content=\"Aceite de Oliva Virgen Extra Pe\u00f1a Luna\" \/>\n<meta property=\"article:publisher\" content=\"https:\/\/www.facebook.com\/aovepenaluna\" \/>\n<meta property=\"article:modified_time\" content=\"2025-02-10T11:17:22+00:00\" \/>\n<meta name=\"twitter:card\" content=\"summary_large_image\" \/>\n<meta name=\"twitter:label1\" content=\"Estimated reading time\" \/>\n\t<meta name=\"twitter:data1\" content=\"4 minutes\" \/>\n<script type=\"application\/ld+json\" class=\"yoast-schema-graph\">{\"@context\":\"https:\/\/schema.org\",\"@graph\":[{\"@type\":\"WebPage\",\"@id\":\"https:\/\/aovepenaluna.com\/es\/monovarietales\/\",\"url\":\"https:\/\/aovepenaluna.com\/es\/monovarietales\/\",\"name\":\"MONOVARIETALES - Aceite de Oliva Virgen Extra Pe\u00f1a Luna\",\"isPartOf\":{\"@id\":\"https:\/\/aovepenaluna.com\/#website\"},\"datePublished\":\"2021-01-14T12:53:29+00:00\",\"dateModified\":\"2025-02-10T11:17:22+00:00\",\"description\":\"Nuestros Aceites de Oliva Virgen Extra monovarietales de extracci\u00f3n temprana se recogen durante los mese de octubre y noviembre cuando...\",\"breadcrumb\":{\"@id\":\"https:\/\/aovepenaluna.com\/es\/monovarietales\/#breadcrumb\"},\"inLanguage\":\"en-GB\",\"potentialAction\":[{\"@type\":\"ReadAction\",\"target\":[\"https:\/\/aovepenaluna.com\/es\/monovarietales\/\"]}]},{\"@type\":\"BreadcrumbList\",\"@id\":\"https:\/\/aovepenaluna.com\/es\/monovarietales\/#breadcrumb\",\"itemListElement\":[{\"@type\":\"ListItem\",\"position\":1,\"name\":\"Portada\",\"item\":\"https:\/\/aovepenaluna.com\/es\/\"},{\"@type\":\"ListItem\",\"position\":2,\"name\":\"MONOVARIETALES\"}]},{\"@type\":\"WebSite\",\"@id\":\"https:\/\/aovepenaluna.com\/#website\",\"url\":\"https:\/\/aovepenaluna.com\/\",\"name\":\"Aceite de Oliva Virgen Extra Pe\u00f1a Luna\",\"description\":\"Aceite de Oliva Virgen Extra Ecol\u00f3gico de m\u00e1xima calidad\",\"potentialAction\":[{\"@type\":\"SearchAction\",\"target\":{\"@type\":\"EntryPoint\",\"urlTemplate\":\"https:\/\/aovepenaluna.com\/?s={search_term_string}\"},\"query-input\":\"required name=search_term_string\"}],\"inLanguage\":\"en-GB\"}]}<\/script>\n<!-- \/ Yoast SEO plugin. -->","yoast_head_json":{"title":"MONOVARIETALES - Aceite de Oliva Virgen Extra Pe\u00f1a Luna","description":"Nuestros Aceites de Oliva Virgen Extra monovarietales de extracci\u00f3n temprana se recogen durante los mese de octubre y noviembre cuando...","robots":{"index":"index","follow":"follow","max-snippet":"max-snippet:-1","max-image-preview":"max-image-preview:large","max-video-preview":"max-video-preview:-1"},"canonical":"https:\/\/aovepenaluna.com\/en\/monovarietales\/","og_locale":"en_GB","og_type":"article","og_title":"MONOVARIETALES - Aceite de Oliva Virgen Extra Pe\u00f1a Luna","og_description":"Nuestros Aceites de Oliva Virgen Extra monovarietales de extracci\u00f3n temprana se recogen durante los mese de octubre y noviembre cuando...","og_url":"https:\/\/aovepenaluna.com\/en\/monovarietales\/","og_site_name":"Aceite de Oliva Virgen Extra Pe\u00f1a Luna","article_publisher":"https:\/\/www.facebook.com\/aovepenaluna","article_modified_time":"2025-02-10T11:17:22+00:00","twitter_card":"summary_large_image","twitter_misc":{"Estimated reading time":"4 minutes"},"schema":{"@context":"https:\/\/schema.org","@graph":[{"@type":"WebPage","@id":"https:\/\/aovepenaluna.com\/es\/monovarietales\/","url":"https:\/\/aovepenaluna.com\/es\/monovarietales\/","name":"MONOVARIETALES - Aceite de Oliva Virgen Extra Pe\u00f1a Luna","isPartOf":{"@id":"https:\/\/aovepenaluna.com\/#website"},"datePublished":"2021-01-14T12:53:29+00:00","dateModified":"2025-02-10T11:17:22+00:00","description":"Nuestros Aceites de Oliva Virgen Extra monovarietales de extracci\u00f3n temprana se recogen durante los mese de octubre y noviembre cuando...","breadcrumb":{"@id":"https:\/\/aovepenaluna.com\/es\/monovarietales\/#breadcrumb"},"inLanguage":"en-GB","potentialAction":[{"@type":"ReadAction","target":["https:\/\/aovepenaluna.com\/es\/monovarietales\/"]}]},{"@type":"BreadcrumbList","@id":"https:\/\/aovepenaluna.com\/es\/monovarietales\/#breadcrumb","itemListElement":[{"@type":"ListItem","position":1,"name":"Portada","item":"https:\/\/aovepenaluna.com\/es\/"},{"@type":"ListItem","position":2,"name":"MONOVARIETALES"}]},{"@type":"WebSite","@id":"https:\/\/aovepenaluna.com\/#website","url":"https:\/\/aovepenaluna.com\/","name":"Aceite de Oliva Virgen Extra Pe\u00f1a Luna","description":"Aceite de Oliva Virgen Extra Ecol\u00f3gico de m\u00e1xima calidad","potentialAction":[{"@type":"SearchAction","target":{"@type":"EntryPoint","urlTemplate":"https:\/\/aovepenaluna.com\/?s={search_term_string}"},"query-input":"required name=search_term_string"}],"inLanguage":"en-GB"}]}},"_links":{"self":[{"href":"https:\/\/aovepenaluna.com\/en\/wp-json\/wp\/v2\/pages\/5081","targetHints":{"allow":["GET"]}}],"collection":[{"href":"https:\/\/aovepenaluna.com\/en\/wp-json\/wp\/v2\/pages"}],"about":[{"href":"https:\/\/aovepenaluna.com\/en\/wp-json\/wp\/v2\/types\/page"}],"author":[{"embeddable":true,"href":"https:\/\/aovepenaluna.com\/en\/wp-json\/wp\/v2\/users\/17"}],"replies":[{"embeddable":true,"href":"https:\/\/aovepenaluna.com\/en\/wp-json\/wp\/v2\/comments?post=5081"}],"version-history":[{"count":12,"href":"https:\/\/aovepenaluna.com\/en\/wp-json\/wp\/v2\/pages\/5081\/revisions"}],"predecessor-version":[{"id":9268,"href":"https:\/\/aovepenaluna.com\/en\/wp-json\/wp\/v2\/pages\/5081\/revisions\/9268"}],"wp:attachment":[{"href":"https:\/\/aovepenaluna.com\/en\/wp-json\/wp\/v2\/media?parent=5081"}],"curies":[{"name":"wp","href":"https:\/\/api.w.org\/{rel}","templated":true}]}}