{"id":4873,"date":"2021-01-13T15:54:14","date_gmt":"2021-01-13T15:54:14","guid":{"rendered":"http:\/\/aovepenaluna.com\/?page_id=4873"},"modified":"2025-11-27T23:17:13","modified_gmt":"2025-11-27T22:17:13","slug":"ancestral","status":"publish","type":"page","link":"https:\/\/aovepenaluna.com\/en\/ancestral\/","title":{"rendered":"ANCESTRAL"},"content":{"rendered":"<p>[et_pb_section fb_built=\u00bb1&#8243; disabled_on=\u00bboff|off|off\u00bb admin_label=\u00bbSECCION 01- ESCRITORIO\u00bb _builder_version=\u00bb4.23.1&#8243; _module_preset=\u00bbdefault\u00bb background_color=\u00bb#efeee7&#8243; background_image=\u00bbhttp:\/\/aovepenaluna.com\/wp-content\/uploads\/2021\/01\/ancestral_banner-1.jpg\u00bb background_size=\u00bbcontain\u00bb custom_margin=\u00bb0px|0px|0px|0px|false|false\u00bb custom_padding=\u00bb0px|0px|0px|0px|false|false\u00bb collapsed=\u00bbon\u00bb global_colors_info=\u00bb{}\u00bb][et_pb_row column_structure=\u00bb1_3,1_3,1_3&#8243; _builder_version=\u00bb4.22.2&#8243; _module_preset=\u00bbdefault\u00bb background_enable_color=\u00bboff\u00bb width=\u00bb89%\u00bb module_alignment=\u00bbcenter\u00bb custom_margin=\u00bb0px|0px|0px|0px|false|false\u00bb custom_padding=\u00bb0px|0px|0px|0px|false|false\u00bb global_colors_info=\u00bb{}\u00bb][et_pb_column type=\u00bb1_3&#8243; _builder_version=\u00bb4.16&#8243; _module_preset=\u00bbdefault\u00bb global_colors_info=\u00bb{}\u00bb][et_pb_text _builder_version=\u00bb4.27.0&#8243; _module_preset=\u00bbdefault\u00bb header_font_size=\u00bb43px\u00bb text_orientation=\u00bbright\u00bb custom_margin=\u00bb||4px|||\u00bb custom_padding=\u00bb101px|||||\u00bb animation_direction=\u00bbleft\u00bb global_colors_info=\u00bb{}\u00bb]<\/p>\n<blockquote>\n<h1>ANCESTRAL EVOO<br \/>HARVEST 2025\/26<\/h1>\n<\/blockquote>\n<p>[\/et_pb_text][et_pb_text _builder_version=\u00bb4.27.0&#8243; _module_preset=\u00bbdefault\u00bb text_text_color=\u00bb#806637&#8243; text_orientation=\u00bbright\u00bb animation_direction=\u00bbleft\u00bb global_colors_info=\u00bb{}\u00bb]<\/p>\n<p>Our Ancestral Coupage is prepared by an international team of professional tasters from our early extraction single-variety oils. In this way, the flavours, aromas and other complementary aspects of each variety are combined to obtain a unique and differentiated oil.<\/p>\n<p>[\/et_pb_text][et_pb_button button_url=\u00bbhttp:\/\/aovepenaluna.com\/producto\/ancestral\/\u00bb button_text=\u00bbComprar Ahora\u00bb button_alignment=\u00bbright\u00bb _builder_version=\u00bb4.16&#8243; _module_preset=\u00bbdefault\u00bb custom_padding=\u00bb|40px||40px|false|false\u00bb animation_style=\u00bbslide\u00bb animation_direction=\u00bbleft\u00bb global_colors_info=\u00bb{}\u00bb][\/et_pb_button][\/et_pb_column][et_pb_column type=\u00bb1_3&#8243; _builder_version=\u00bb4.16&#8243; _module_preset=\u00bbdefault\u00bb global_colors_info=\u00bb{}\u00bb][et_pb_image src=\u00bbhttps:\/\/aovepenaluna.com\/wp-content\/uploads\/2025\/11\/AOVE-Ancestral-Penaluna-Coupage-Hojiblanca-Koroneiki-Arbequina-botella-premium-Editada-1-1.png\u00bb title_text=\u00bbAOVE-Ancestral-Penaluna-Coupage-Hojiblanca-Koroneiki-Arbequina-botella-premium &#8211; Editada (1) (1)\u00bb _builder_version=\u00bb4.27.4&#8243; _module_preset=\u00bbdefault\u00bb animation_direction=\u00bbbottom\u00bb hover_enabled=\u00bb0&#8243; global_colors_info=\u00bb{}\u00bb sticky_enabled=\u00bb0&#8243;][\/et_pb_image][\/et_pb_column][et_pb_column type=\u00bb1_3&#8243; _builder_version=\u00bb4.16&#8243; _module_preset=\u00bbdefault\u00bb global_colors_info=\u00bb{}\u00bb][et_pb_text _builder_version=\u00bb4.22.2&#8243; _module_preset=\u00bbdefault\u00bb custom_margin=\u00bb||81px|||\u00bb custom_padding=\u00bb234px|||0px||\u00bb global_colors_info=\u00bb{}\u00bb]<\/p>\n<p><span style=\"color: #806637;\">TASTING NOTE: Our AOVE (Extra Virgin Olive Oil) with the most personality, as it is the perfect union of our best oils. It is versatile with an aroma of fresh grass leaves, fig tree, and fresh fruits. The mouthfeel is fresh and very fruity.<\/span><\/p>\n<p><span style=\"color: #806637;\"><strong>USES: Ideal for seasoning beef, salmon, tuna and vegetables.<\/strong><\/span><\/p>\n<p>[\/et_pb_text][\/et_pb_column][\/et_pb_row][\/et_pb_section][et_pb_section fb_built=\u00bb1&#8243; disabled_on=\u00bboff|off|off\u00bb admin_label=\u00bbfranja amarilla &#8211; ESCRITORIO\u00bb _builder_version=\u00bb4.23.4&#8243; _module_preset=\u00bbdefault\u00bb background_color=\u00bb#f3f2ec\u00bb background_image=\u00bbhttp:\/\/aovepenaluna.com\/wp-content\/uploads\/2021\/01\/ancestral_02.jpg\u00bb collapsed=\u00bbon\u00bb global_colors_info=\u00bb{}\u00bb][et_pb_row column_structure=\u00bb1_2,1_2&#8243; _builder_version=\u00bb4.16&#8243; _module_preset=\u00bbdefault\u00bb global_colors_info=\u00bb{}\u00bb][et_pb_column type=\u00bb1_2&#8243; _builder_version=\u00bb4.16&#8243; _module_preset=\u00bbdefault\u00bb global_colors_info=\u00bb{}\u00bb][et_pb_text admin_label=\u00bbEVENTO ANCESTRAL\u00bb _builder_version=\u00bb4.23.4&#8243; text_font=\u00bb||||||||\u00bb text_text_color=\u00bb#85723c\u00bb header_3_font=\u00bb||||||||\u00bb header_3_font_size=\u00bb27px\u00bb background_enable_image=\u00bboff\u00bb text_orientation=\u00bbcenter\u00bb background_layout=\u00bbdark\u00bb width_tablet=\u00bb\u00bb width_phone=\u00bb\u00bb width_last_edited=\u00bbon|desktop\u00bb module_alignment=\u00bbcenter\u00bb custom_margin=\u00bb20%||||false|false\u00bb global_colors_info=\u00bb{}\u00bb]<\/p>\n<h3><span style=\"color: #85723c;\">ANCESTRAL EVENT<\/span><\/h3>\n<p>It is a unique event that we hold every year at Pe\u00f1a Luna to continue and pay homage to the tradition that has been carried out since 1960 to show the oil to the family during the olive season. In the Ancestral Event we continue the tradition of bringing together our great family (customers, friends and expert tasters) every year to taste the oils of the season and together we elaborate a unique Ancestral EVOO for that year, making our Ancestral EVOO a special and genuine oil that we consider our most prized star product.<\/p>\n<p>[\/et_pb_text][\/et_pb_column][et_pb_column type=\u00bb1_2&#8243; _builder_version=\u00bb4.16&#8243; _module_preset=\u00bbdefault\u00bb global_colors_info=\u00bb{}\u00bb][et_pb_video_slider admin_label=\u00bbControl deslizante de v\u00eddeo\u00bb _builder_version=\u00bb4.27.4&#8243; _module_preset=\u00bbdefault\u00bb module_alignment=\u00bbcenter\u00bb hover_enabled=\u00bb0&#8243; global_colors_info=\u00bb{}\u00bb sticky_enabled=\u00bb0&#8243;][et_pb_video_slider_item src=\u00bbhttps:\/\/www.youtube.com\/watch?v=4ElTqDY3OMs\u00bb image_src=\u00bbhttps:\/\/aovepenaluna.com\/wp-content\/uploads\/2025\/02\/Miniatura-Evento-Ancestral-24.jpg\u00bb _builder_version=\u00bb4.27.4&#8243; _module_preset=\u00bbdefault\u00bb hover_enabled=\u00bb0&#8243; global_colors_info=\u00bb{}\u00bb show_image_overlay=\u00bboff\u00bb sticky_enabled=\u00bb0&#8243;][\/et_pb_video_slider_item][et_pb_video_slider_item src=\u00bbhttps:\/\/youtu.be\/MVGQ7MQp4RI?si=p5ESEGPT0JJMwr4S\u00bb image_src=\u00bbhttps:\/\/aovepenaluna.com\/wp-content\/uploads\/2025\/02\/Miniatura-Evento-Ancestral-23.jpg\u00bb _builder_version=\u00bb4.27.0&#8243; _module_preset=\u00bbdefault\u00bb global_colors_info=\u00bb{}\u00bb show_image_overlay=\u00bboff\u00bb][\/et_pb_video_slider_item][et_pb_video_slider_item src=\u00bbhttps:\/\/www.youtube.com\/watch?v=_iaAlk56uxA\u00bb image_src=\u00bbhttps:\/\/aovepenaluna.com\/wp-content\/uploads\/2025\/02\/Miniatura-Evento-Ancestral-22.jpg\u00bb _builder_version=\u00bb4.27.0&#8243; _module_preset=\u00bbdefault\u00bb global_colors_info=\u00bb{}\u00bb show_image_overlay=\u00bboff\u00bb][\/et_pb_video_slider_item][et_pb_video_slider_item src=\u00bbhttps:\/\/www.youtube.com\/watch?v=1zlTvtTK_5I\u00bb _builder_version=\u00bb4.9.1&#8243; _module_preset=\u00bbdefault\u00bb global_colors_info=\u00bb{}\u00bb show_image_overlay=\u00bboff\u00bb][\/et_pb_video_slider_item][et_pb_video_slider_item src=\u00bbhttps:\/\/www.youtube.com\/watch?v=uPk1G4Pktt0&#8243; _builder_version=\u00bb4.9.1&#8243; _module_preset=\u00bbdefault\u00bb global_colors_info=\u00bb{}\u00bb show_image_overlay=\u00bboff\u00bb][\/et_pb_video_slider_item][et_pb_video_slider_item src=\u00bbhttps:\/\/www.youtube.com\/watch?v=matprX7zlTk\u00bb _builder_version=\u00bb4.9.1&#8243; _module_preset=\u00bbdefault\u00bb global_colors_info=\u00bb{}\u00bb show_image_overlay=\u00bboff\u00bb][\/et_pb_video_slider_item][\/et_pb_video_slider][\/et_pb_column][\/et_pb_row][\/et_pb_section][et_pb_section fb_built=\u00bb1&#8243; disabled_on=\u00bboff|off|off\u00bb admin_label=\u00bb04 SECCION &#8211; ESCRITORIO\u00bb _builder_version=\u00bb4.23.4&#8243; _module_preset=\u00bbdefault\u00bb background_color=\u00bb#f3f2ec\u00bb background_image=\u00bbhttp:\/\/aovepenaluna.com\/wp-content\/uploads\/2021\/01\/ancestral_04.jpg\u00bb background_position=\u00bbtop_center\u00bb custom_padding=\u00bb38px|||||\u00bb collapsed=\u00bbon\u00bb global_colors_info=\u00bb{}\u00bb][et_pb_row _builder_version=\u00bb4.24.0&#8243; _module_preset=\u00bbdefault\u00bb global_colors_info=\u00bb{}\u00bb][et_pb_column type=\u00bb4_4&#8243; _builder_version=\u00bb4.24.0&#8243; _module_preset=\u00bbdefault\u00bb global_colors_info=\u00bb{}\u00bb][et_pb_text _builder_version=\u00bb4.27.4&#8243; _module_preset=\u00bbdefault\u00bb global_colors_info=\u00bb{}\u00bb]<\/p>\n<h2 style=\"text-align: center;\">Select EVOO<\/h2>\n<p>[\/et_pb_text][\/et_pb_column][\/et_pb_row][et_pb_row _builder_version=\u00bb4.16&#8243; _module_preset=\u00bbdefault\u00bb width=\u00bb57%\u00bb global_colors_info=\u00bb{}\u00bb][et_pb_column type=\u00bb4_4&#8243; _builder_version=\u00bb4.16&#8243; _module_preset=\u00bbdefault\u00bb global_colors_info=\u00bb{}\u00bb][et_pb_image src=\u00bbhttps:\/\/aovepenaluna.com\/wp-content\/uploads\/2025\/09\/PHOTO-2025-09-22-14-06-49.jpg\u00bb alt=\u00bbAOVE Pe\u00f1a Luna &#8211; Evento Ancestral 2023&#8243; title_text=\u00bbPHOTO-2025-09-22-14-06-49&#8243; admin_label=\u00bbcatadores\u00bb _builder_version=\u00bb4.27.4&#8243; _module_preset=\u00bbdefault\u00bb custom_margin=\u00bb||37px|||\u00bb border_width_all=\u00bb13px\u00bb border_color_all=\u00bb#ffffff\u00bb box_shadow_style=\u00bbpreset1&#8243; global_colors_info=\u00bb{}\u00bb][\/et_pb_image][et_pb_text admin_label=\u00bbtexto catadores\u00bb _builder_version=\u00bb4.27.4&#8243; _module_preset=\u00bbdefault\u00bb text_font=\u00bb|600|||||||\u00bb text_text_color=\u00bb#85723c\u00bb text_orientation=\u00bbcenter\u00bb background_layout=\u00bbdark\u00bb global_colors_info=\u00bb{}\u00bb]<\/p>\n<p>Many professionals and friends participate in this very special event every year. From here, we would like to thank them for their valuable contribution, their knowledge, and their care, which make this product so unique.<\/p>\n<p>[\/et_pb_text][\/et_pb_column][\/et_pb_row][et_pb_row _builder_version=\u00bb4.27.0&#8243; _module_preset=\u00bbdefault\u00bb global_colors_info=\u00bb{}\u00bb][et_pb_column type=\u00bb4_4&#8243; _builder_version=\u00bb4.27.0&#8243; _module_preset=\u00bbdefault\u00bb global_colors_info=\u00bb{}\u00bb][\/et_pb_column][\/et_pb_row][\/et_pb_section][et_pb_section fb_built=\u00bb1&#8243; disabled_on=\u00bboff|off|off\u00bb admin_label=\u00bb05 SECCION &#8211; ESCRITORIO\u00bb module_class=\u00bbfranjas_ajustadas\u00bb _builder_version=\u00bb4.24.0&#8243; _dynamic_attributes=\u00bblink_option_url\u00bb _module_preset=\u00bbdefault\u00bb background_color=\u00bb#2b3543&#8243; link_option_url=\u00bb@ET-DC@eyJkeW5hbWljIjp0cnVlLCJjb250ZW50IjoicG9zdF9saW5rX3VybF9wYWdlIiwic2V0dGluZ3MiOnsicG9zdF9pZCI6IjQ3NzIifX0=@\u00bb collapsed=\u00bbon\u00bb global_colors_info=\u00bb{}\u00bb][et_pb_row use_custom_gutter=\u00bbon\u00bb gutter_width=\u00bb1&#8243; make_equal=\u00bbon\u00bb _builder_version=\u00bb4.24.0&#8243; background_image=\u00bbhttp:\/\/aovepenaluna.com\/wp-content\/uploads\/2021\/01\/ancestral_05.jpg\u00bb width=\u00bb100%\u00bb min_height_tablet=\u00bb100%\u00bb min_height_phone=\u00bb100%\u00bb min_height_last_edited=\u00bbon|phone\u00bb height=\u00bb400px\u00bb height_tablet=\u00bb100%\u00bb height_phone=\u00bb100%\u00bb height_last_edited=\u00bbon|desktop\u00bb max_height_tablet=\u00bb100%\u00bb max_height_phone=\u00bb100%\u00bb max_height_last_edited=\u00bbon|phone\u00bb custom_padding=\u00bb||0px|||\u00bb global_colors_info=\u00bb{}\u00bb][et_pb_column type=\u00bb4_4&#8243; module_class=\u00bbds-vertical-align\u00bb _builder_version=\u00bb4.16&#8243; global_colors_info=\u00bb{}\u00bb][et_pb_text admin_label=\u00bbENTRA AQUI\u00bb _builder_version=\u00bb4.24.0&#8243; text_font=\u00bb||||||||\u00bb text_text_color=\u00bb#85723c\u00bb header_3_font=\u00bb||||||||\u00bb header_3_font_size=\u00bb27px\u00bb background_enable_image=\u00bboff\u00bb text_orientation=\u00bbcenter\u00bb background_layout=\u00bbdark\u00bb custom_margin=\u00bb|||5%|false|false\u00bb global_colors_info=\u00bb{}\u00bb]<\/p>\n<h3><a href=\"https:\/\/aovepenaluna.com\/en\/del-olivo-a-tu-mesa\/\"><strong><span style=\"color: #85723c;\">CLICK HERE AND FIND OUT HOW WE MAKE OUR OIL...<\/span><\/strong><\/a><\/h3>\n<p>&nbsp;<\/p>\n<p>[\/et_pb_text][\/et_pb_column][\/et_pb_row][\/et_pb_section]<\/p>","protected":false},"excerpt":{"rendered":"<p>AOVE ANCESTRALCOSECHA 2025\/26 Nuestro Coupage Ancestral, es elaborado por un equipo internacional de catadores profesionales a partir de nuestros monovarietales de extracci\u00f3n temprana. De esta forma se combinan los sabores, aromas y otros aspectos complementarios de cada variedad para obtener un aceite \u00fanico y diferenciado.NOTA DE CATA: Nuestro AOVE con m\u00e1s personalidad, ya que es [&hellip;]<\/p>","protected":false},"author":17,"featured_media":0,"parent":0,"menu_order":0,"comment_status":"closed","ping_status":"closed","template":"","meta":{"_et_pb_use_builder":"on","_et_pb_old_content":"","_et_gb_content_width":"","footnotes":""},"class_list":["post-4873","page","type-page","status-publish","hentry"],"yoast_head":"<!-- This site is optimized with the Yoast SEO plugin v23.3 - https:\/\/yoast.com\/wordpress\/plugins\/seo\/ -->\n<title>AOVE Pe\u00f1a Luna - Coupage Ancestral<\/title>\n<meta name=\"description\" content=\"Nuestro Coupage Ancestral es elaborado a partir de nuestros aoves de extracci\u00f3n temprana por un equipo internacional de catadores...\" \/>\n<meta name=\"robots\" content=\"index, follow, max-snippet:-1, max-image-preview:large, max-video-preview:-1\" \/>\n<link rel=\"canonical\" href=\"https:\/\/aovepenaluna.com\/en\/ancestral\/\" \/>\n<meta property=\"og:locale\" content=\"en_GB\" \/>\n<meta property=\"og:type\" content=\"article\" \/>\n<meta property=\"og:title\" content=\"AOVE Pe\u00f1a Luna - Coupage Ancestral\" \/>\n<meta property=\"og:description\" content=\"Nuestro Coupage Ancestral es elaborado a partir de nuestros aoves de extracci\u00f3n temprana por un equipo internacional de catadores...\" \/>\n<meta property=\"og:url\" content=\"https:\/\/aovepenaluna.com\/en\/ancestral\/\" \/>\n<meta property=\"og:site_name\" content=\"Aceite de Oliva Virgen Extra Pe\u00f1a Luna\" \/>\n<meta property=\"article:publisher\" content=\"https:\/\/www.facebook.com\/aovepenaluna\" \/>\n<meta property=\"article:modified_time\" content=\"2025-11-27T22:17:13+00:00\" \/>\n<meta name=\"twitter:card\" content=\"summary_large_image\" \/>\n<meta name=\"twitter:label1\" content=\"Estimated reading time\" \/>\n\t<meta name=\"twitter:data1\" content=\"2 minutes\" \/>\n<script type=\"application\/ld+json\" class=\"yoast-schema-graph\">{\"@context\":\"https:\/\/schema.org\",\"@graph\":[{\"@type\":\"WebPage\",\"@id\":\"https:\/\/aovepenaluna.com\/es\/ancestral\/\",\"url\":\"https:\/\/aovepenaluna.com\/es\/ancestral\/\",\"name\":\"AOVE Pe\u00f1a Luna - Coupage Ancestral\",\"isPartOf\":{\"@id\":\"https:\/\/aovepenaluna.com\/#website\"},\"datePublished\":\"2021-01-13T15:54:14+00:00\",\"dateModified\":\"2025-11-27T22:17:13+00:00\",\"description\":\"Nuestro Coupage Ancestral es elaborado a partir de nuestros aoves de extracci\u00f3n temprana por un equipo internacional de catadores...\",\"breadcrumb\":{\"@id\":\"https:\/\/aovepenaluna.com\/es\/ancestral\/#breadcrumb\"},\"inLanguage\":\"en-GB\",\"potentialAction\":[{\"@type\":\"ReadAction\",\"target\":[\"https:\/\/aovepenaluna.com\/es\/ancestral\/\"]}]},{\"@type\":\"BreadcrumbList\",\"@id\":\"https:\/\/aovepenaluna.com\/es\/ancestral\/#breadcrumb\",\"itemListElement\":[{\"@type\":\"ListItem\",\"position\":1,\"name\":\"Portada\",\"item\":\"https:\/\/aovepenaluna.com\/es\/\"},{\"@type\":\"ListItem\",\"position\":2,\"name\":\"ANCESTRAL\"}]},{\"@type\":\"WebSite\",\"@id\":\"https:\/\/aovepenaluna.com\/#website\",\"url\":\"https:\/\/aovepenaluna.com\/\",\"name\":\"Aceite de Oliva Virgen Extra Pe\u00f1a Luna\",\"description\":\"Aceite de Oliva Virgen Extra Ecol\u00f3gico de m\u00e1xima calidad\",\"potentialAction\":[{\"@type\":\"SearchAction\",\"target\":{\"@type\":\"EntryPoint\",\"urlTemplate\":\"https:\/\/aovepenaluna.com\/?s={search_term_string}\"},\"query-input\":\"required name=search_term_string\"}],\"inLanguage\":\"en-GB\"}]}<\/script>\n<!-- \/ Yoast SEO plugin. -->","yoast_head_json":{"title":"AOVE Pe\u00f1a Luna - Coupage Ancestral","description":"Nuestro Coupage Ancestral es elaborado a partir de nuestros aoves de extracci\u00f3n temprana por un equipo internacional de catadores...","robots":{"index":"index","follow":"follow","max-snippet":"max-snippet:-1","max-image-preview":"max-image-preview:large","max-video-preview":"max-video-preview:-1"},"canonical":"https:\/\/aovepenaluna.com\/en\/ancestral\/","og_locale":"en_GB","og_type":"article","og_title":"AOVE Pe\u00f1a Luna - Coupage Ancestral","og_description":"Nuestro Coupage Ancestral es elaborado a partir de nuestros aoves de extracci\u00f3n temprana por un equipo internacional de catadores...","og_url":"https:\/\/aovepenaluna.com\/en\/ancestral\/","og_site_name":"Aceite de Oliva Virgen Extra Pe\u00f1a Luna","article_publisher":"https:\/\/www.facebook.com\/aovepenaluna","article_modified_time":"2025-11-27T22:17:13+00:00","twitter_card":"summary_large_image","twitter_misc":{"Estimated reading time":"2 minutes"},"schema":{"@context":"https:\/\/schema.org","@graph":[{"@type":"WebPage","@id":"https:\/\/aovepenaluna.com\/es\/ancestral\/","url":"https:\/\/aovepenaluna.com\/es\/ancestral\/","name":"AOVE Pe\u00f1a Luna - Coupage Ancestral","isPartOf":{"@id":"https:\/\/aovepenaluna.com\/#website"},"datePublished":"2021-01-13T15:54:14+00:00","dateModified":"2025-11-27T22:17:13+00:00","description":"Nuestro Coupage Ancestral es elaborado a partir de nuestros aoves de extracci\u00f3n temprana por un equipo internacional de catadores...","breadcrumb":{"@id":"https:\/\/aovepenaluna.com\/es\/ancestral\/#breadcrumb"},"inLanguage":"en-GB","potentialAction":[{"@type":"ReadAction","target":["https:\/\/aovepenaluna.com\/es\/ancestral\/"]}]},{"@type":"BreadcrumbList","@id":"https:\/\/aovepenaluna.com\/es\/ancestral\/#breadcrumb","itemListElement":[{"@type":"ListItem","position":1,"name":"Portada","item":"https:\/\/aovepenaluna.com\/es\/"},{"@type":"ListItem","position":2,"name":"ANCESTRAL"}]},{"@type":"WebSite","@id":"https:\/\/aovepenaluna.com\/#website","url":"https:\/\/aovepenaluna.com\/","name":"Aceite de Oliva Virgen Extra Pe\u00f1a Luna","description":"Aceite de Oliva Virgen Extra Ecol\u00f3gico de m\u00e1xima calidad","potentialAction":[{"@type":"SearchAction","target":{"@type":"EntryPoint","urlTemplate":"https:\/\/aovepenaluna.com\/?s={search_term_string}"},"query-input":"required name=search_term_string"}],"inLanguage":"en-GB"}]}},"_links":{"self":[{"href":"https:\/\/aovepenaluna.com\/en\/wp-json\/wp\/v2\/pages\/4873","targetHints":{"allow":["GET"]}}],"collection":[{"href":"https:\/\/aovepenaluna.com\/en\/wp-json\/wp\/v2\/pages"}],"about":[{"href":"https:\/\/aovepenaluna.com\/en\/wp-json\/wp\/v2\/types\/page"}],"author":[{"embeddable":true,"href":"https:\/\/aovepenaluna.com\/en\/wp-json\/wp\/v2\/users\/17"}],"replies":[{"embeddable":true,"href":"https:\/\/aovepenaluna.com\/en\/wp-json\/wp\/v2\/comments?post=4873"}],"version-history":[{"count":21,"href":"https:\/\/aovepenaluna.com\/en\/wp-json\/wp\/v2\/pages\/4873\/revisions"}],"predecessor-version":[{"id":9615,"href":"https:\/\/aovepenaluna.com\/en\/wp-json\/wp\/v2\/pages\/4873\/revisions\/9615"}],"wp:attachment":[{"href":"https:\/\/aovepenaluna.com\/en\/wp-json\/wp\/v2\/media?parent=4873"}],"curies":[{"name":"wp","href":"https:\/\/api.w.org\/{rel}","templated":true}]}}