{"id":4669,"date":"2021-01-12T15:41:49","date_gmt":"2021-01-12T15:41:49","guid":{"rendered":"http:\/\/aovepenaluna.com\/?page_id=4669"},"modified":"2025-06-12T10:01:39","modified_gmt":"2025-06-12T09:01:39","slug":"quieres-conocernos","status":"publish","type":"page","link":"https:\/\/aovepenaluna.com\/en\/quieres-conocernos\/","title":{"rendered":"GET TO KNOW US"},"content":{"rendered":"<p>[et_pb_section fb_built=\u00bb1&#8243; disabled_on=\u00bboff|off|off\u00bb admin_label=\u00bb01 SECCION &#8211; ESCRITORIO\u00bb _builder_version=\u00bb4.23.4&#8243; _module_preset=\u00bbdefault\u00bb background_color=\u00bb#f3f3eb\u00bb collapsed=\u00bbon\u00bb global_colors_info=\u00bb{}\u00bb][et_pb_row column_structure=\u00bb1_2,1_2&#8243; _builder_version=\u00bb4.16&#8243; _module_preset=\u00bbdefault\u00bb global_colors_info=\u00bb{}\u00bb][et_pb_column type=\u00bb1_2&#8243; _builder_version=\u00bb4.16&#8243; _module_preset=\u00bbdefault\u00bb global_colors_info=\u00bb{}\u00bb][et_pb_image src=\u00bbhttp:\/\/aovepenaluna.com\/wp-content\/uploads\/2021\/01\/conocernos_02.jpg\u00bb _builder_version=\u00bb4.16&#8243; _module_preset=\u00bbdefault\u00bb animation_style=\u00bbslide\u00bb animation_direction=\u00bbtop\u00bb global_colors_info=\u00bb{}\u00bb][\/et_pb_image][et_pb_text _builder_version=\u00bb4.16&#8243; _module_preset=\u00bbdefault\u00bb text_orientation=\u00bbjustified\u00bb global_colors_info=\u00bb{}\u00bb]<\/p>\n<h1 style=\"text-align: right;\">GET TO KNOW US<\/h1>\n<p>More than 5,000 years ago, olive oil was already used to light palaces and temples, but it was the Phoenicians who cultivated the olive tree for the first time in history. It was also of great importance in ancient Egyptian culture, which it reached by sailing down the Nile in 2300 BC.<br \/>The olive tree was life, fertility and peace in Greek mythology, while Imperial Rome spread olive oil know-how throughout the Mediterranean basin. The Romans were the first importers of the most prized olive oil of the time in ceramic amphorae, its origin? Hispania (Spain).<\/p>\n<p>There have been many civilisations, towns and people who dedicated their lives to the production of olive oil, among them Manuel Segura Rodr\u00edguez, my grandfather, who was a man of the countryside. My grandfather\u2019s favourite dedication was the cultivation of the olive tree and its ultimate and primordial aim, the production of olive oil.<\/p>\n<p>Every year, with the olives hanging from the tree, my grandfather would take a few olives and put them in a small cotton bag, pressing them with his strong, wrinkled and rough hands. Once the olives were pressed with his hands, he would taste the various juices, tasting the flavour, gauging the degree of acidity and checking the liquid obtained in the sunlight.<\/p>\n<p>[\/et_pb_text][et_pb_gallery gallery_ids=\u00bb5442,5440,5441&#8243; fullwidth=\u00bbon\u00bb _builder_version=\u00bb4.16&#8243; _module_preset=\u00bbdefault\u00bb global_colors_info=\u00bb{}\u00bb][\/et_pb_gallery][\/et_pb_column][et_pb_column type=\u00bb1_2&#8243; _builder_version=\u00bb4.16&#8243; _module_preset=\u00bbdefault\u00bb global_colors_info=\u00bb{}\u00bb][et_pb_image src=\u00bbhttp:\/\/aovepenaluna.com\/wp-content\/uploads\/2024\/01\/conocernos_01.jpg.webp\u00bb alt=\u00bbAOVE Pe\u00f1a Luna &#8211; Manuel Segura\u00bb title_text=\u00bbconocernos_01.jpg\u00bb _builder_version=\u00bb4.23.4&#8243; _module_preset=\u00bbdefault\u00bb animation_style=\u00bbfade\u00bb global_colors_info=\u00bb{}\u00bb][\/et_pb_image][et_pb_image src=\u00bbhttp:\/\/aovepenaluna.com\/wp-content\/uploads\/2021\/01\/conocernos_03.jpg\u00bb _builder_version=\u00bb4.16&#8243; _module_preset=\u00bbdefault\u00bb global_colors_info=\u00bb{}\u00bb][\/et_pb_image][et_pb_text _builder_version=\u00bb4.16&#8243; _module_preset=\u00bbdefault\u00bb text_orientation=\u00bbjustified\u00bb global_colors_info=\u00bb{}\u00bb]<\/p>\n<p>He would repeat the task in his own vineyards in Pedrera, La Puebla and in those of Osuna. Knowing what to expect after his personal and artisan tastings, he took the harvests to the olive mill, and with the oil just produced, he made the combinations he considered most appropriate from the different origins, carrying out the corresponding \u00abCoupage\u00bb.<\/p>\n<p>Each year he had three varieties, hojiblanca, arbequina and manzanilla, which he used in different proportions to make the coupage. And finally he bottled the oil, which he called SEGURA Y MANCHA, his first surname Segura and the first surname of his wife Mancha. And he only made it available to his family and friends. In 2014 my father Manuel Ram\u00f3n and I decided to follow his example and share our product.<\/p>\n<p>Today, this project is reborn and materialises with Pe\u00f1a Luna, where we want to perpetuate our history and offer the production of the best EVOO while preserving the ancestral traditions and the legacy of our family. Our joy is to produce a sublime EVOO for the gourmet market and limited editions.<\/p>\n<p>[\/et_pb_text][\/et_pb_column][\/et_pb_row][et_pb_row column_structure=\u00bb1_4,1_2,1_4&#8243; module_class=\u00bbfranjas_ajustadas\u00bb _builder_version=\u00bb4.16&#8243; _module_preset=\u00bbdefault\u00bb global_colors_info=\u00bb{}\u00bb][et_pb_column type=\u00bb1_4&#8243; module_class=\u00bbds-vertical-align\u00bb _builder_version=\u00bb4.16&#8243; _module_preset=\u00bbdefault\u00bb global_colors_info=\u00bb{}\u00bb][et_pb_image src=\u00bbhttp:\/\/aovepenaluna.com\/wp-content\/uploads\/2021\/01\/conocernos_05.jpg\u00bb align=\u00bbright\u00bb _builder_version=\u00bb4.16&#8243; _module_preset=\u00bbdefault\u00bb global_colors_info=\u00bb{}\u00bb][\/et_pb_image][\/et_pb_column][et_pb_column type=\u00bb1_2&#8243; module_class=\u00bbds-vertical-align\u00bb _builder_version=\u00bb4.16&#8243; _module_preset=\u00bbdefault\u00bb global_colors_info=\u00bb{}\u00bb][et_pb_text _builder_version=\u00bb4.16&#8243; _module_preset=\u00bbdefault\u00bb header_text_align=\u00bbcenter\u00bb text_orientation=\u00bbcenter\u00bb global_colors_info=\u00bb{}\u00bb]<\/p>\n<h3><strong>OUR TEAM<\/strong><\/h3>\n<p>Pe\u00f1a Luna is made up of a large family. Each of the men and women who work on this project do so with care, enthusiasm and professionalism. We are very proud to be able to count on these great people who give their energy so that the product comes out magnificent each campaign.<\/p>\n<p>[\/et_pb_text][\/et_pb_column][et_pb_column type=\u00bb1_4&#8243; module_class=\u00bbds-vertical-align\u00bb _builder_version=\u00bb4.16&#8243; _module_preset=\u00bbdefault\u00bb global_colors_info=\u00bb{}\u00bb][\/et_pb_column][\/et_pb_row][\/et_pb_section][et_pb_section fb_built=\u00bb1&#8243; admin_label=\u00bb02 SECCION\u00bb module_class=\u00bbfranjas_ajustadas\u00bb _builder_version=\u00bb4.16&#8243; _module_preset=\u00bbdefault\u00bb background_color=\u00bb#f3f3eb\u00bb custom_padding=\u00bb48px|||||\u00bb collapsed=\u00bbon\u00bb global_colors_info=\u00bb{}\u00bb][et_pb_row _builder_version=\u00bb4.16&#8243; _module_preset=\u00bbdefault\u00bb collapsed=\u00bboff\u00bb global_colors_info=\u00bb{}\u00bb][et_pb_column type=\u00bb4_4&#8243; _builder_version=\u00bb4.16&#8243; _module_preset=\u00bbdefault\u00bb global_colors_info=\u00bb{}\u00bb][et_pb_image src=\u00bbhttps:\/\/aovepenaluna.com\/wp-content\/uploads\/2025\/06\/Diseno-sin-titulo-2-2-1.jpg\u00bb alt=\u00bbEquipo\u00bb title_text=\u00bbDisen\u0303o sin ti\u0301tulo (2) (2) (1)\u00bb align=\u00bbcenter\u00bb _builder_version=\u00bb4.27.0&#8243; _module_preset=\u00bbdefault\u00bb animation_style=\u00bbfade\u00bb hover_enabled=\u00bb0&#8243; global_colors_info=\u00bb{}\u00bb sticky_enabled=\u00bb0&#8243;][\/et_pb_image][\/et_pb_column][\/et_pb_row][et_pb_row _builder_version=\u00bb4.16&#8243; _module_preset=\u00bbdefault\u00bb global_colors_info=\u00bb{}\u00bb][et_pb_column type=\u00bb4_4&#8243; _builder_version=\u00bb4.16&#8243; _module_preset=\u00bbdefault\u00bb global_colors_info=\u00bb{}\u00bb][et_pb_text _builder_version=\u00bb4.16&#8243; _module_preset=\u00bbdefault\u00bb header_text_align=\u00bbcenter\u00bb header_3_text_color=\u00bb#a52b2d\u00bb text_orientation=\u00bbcenter\u00bb custom_margin=\u00bb3%||3%||false|false\u00bb custom_margin_tablet=\u00bb10%||10%||false|false\u00bb custom_margin_phone=\u00bb\u00bb custom_margin_last_edited=\u00bbon|tablet\u00bb global_colors_info=\u00bb{}\u00bb]<\/p>\n<h3>THANK YOU ALL &lt;3<\/h3>\n<p>[\/et_pb_text][\/et_pb_column][\/et_pb_row][\/et_pb_section][et_pb_section fb_built=\u00bb1&#8243; disabled_on=\u00bboff|off|off\u00bb admin_label=\u00bb03 SECCION &#8211; ESCRITORIO\u00bb module_class=\u00bbfranjas_ajustadas\u00bb _builder_version=\u00bb4.23.4&#8243; _module_preset=\u00bbdefault\u00bb collapsed=\u00bbon\u00bb global_colors_info=\u00bb{}\u00bb][et_pb_row use_custom_gutter=\u00bbon\u00bb gutter_width=\u00bb1&#8243; make_equal=\u00bbon\u00bb _builder_version=\u00bb4.16&#8243; _module_preset=\u00bbdefault\u00bb background_color=\u00bb#a52b2d\u00bb width=\u00bb100%\u00bb custom_margin=\u00bb||||false|false\u00bb custom_padding=\u00bb||||false|false\u00bb global_colors_info=\u00bb{}\u00bb][et_pb_column type=\u00bb4_4&#8243; _builder_version=\u00bb4.16&#8243; _module_preset=\u00bbdefault\u00bb global_colors_info=\u00bb{}\u00bb][et_pb_text _builder_version=\u00bb4.16&#8243; _module_preset=\u00bbdefault\u00bb text_font_size=\u00bb22px\u00bb text_orientation=\u00bbcenter\u00bb background_layout=\u00bbdark\u00bb custom_margin=\u00bb3%||3%||false|false\u00bb custom_padding=\u00bb||||false|false\u00bb global_colors_info=\u00bb{}\u00bb]<\/p>\n<p>\u201cThe soul of our land is born in every bottle\u201d<\/p>\n<p>[\/et_pb_text][\/et_pb_column][\/et_pb_row][\/et_pb_section][et_pb_section fb_built=\u00bb1&#8243; disabled_on=\u00bboff|off|off\u00bb admin_label=\u00bb04 SECCION &#8211; ESCRITORIO\u00bb module_class=\u00bbfranjas_ajustadas\u00bb _builder_version=\u00bb4.23.4&#8243; _dynamic_attributes=\u00bblink_option_url\u00bb _module_preset=\u00bbdefault\u00bb background_color=\u00bb#f3f2ec\u00bb background_image=\u00bbhttp:\/\/aovepenaluna.com\/wp-content\/uploads\/2021\/01\/conocernos_08.jpg\u00bb background_size=\u00bbcontain\u00bb background_position=\u00bbtop_center\u00bb link_option_url=\u00bb@ET-DC@eyJkeW5hbWljIjp0cnVlLCJjb250ZW50IjoicG9zdF9saW5rX3VybF9wYWdlIiwic2V0dGluZ3MiOnsicG9zdF9pZCI6IjUwODEifX0=@\u00bb collapsed=\u00bboff\u00bb global_colors_info=\u00bb{}\u00bb][et_pb_row column_structure=\u00bb1_3,1_3,1_3&#8243; _builder_version=\u00bb4.16&#8243; background_enable_image=\u00bboff\u00bb min_height_tablet=\u00bb100%\u00bb min_height_phone=\u00bb100%\u00bb min_height_last_edited=\u00bbon|phone\u00bb height=\u00bb810px\u00bb height_tablet=\u00bb100%\u00bb height_phone=\u00bb100%\u00bb height_last_edited=\u00bbon|desktop\u00bb max_height_tablet=\u00bb100%\u00bb max_height_phone=\u00bb100%\u00bb max_height_last_edited=\u00bbon|phone\u00bb global_colors_info=\u00bb{}\u00bb][et_pb_column type=\u00bb1_3&#8243; module_class=\u00bbds-vertical-align\u00bb _builder_version=\u00bb4.16&#8243; global_colors_info=\u00bb{}\u00bb][et_pb_text admin_label=\u00bb\u201cENTRA AQU\u00cd Y CONOCE NUESTRA HISTORIA&#8230;\u201d\u00bb _builder_version=\u00bb4.16&#8243; text_font=\u00bb||||||||\u00bb header_3_font=\u00bb||||||||\u00bb header_3_font_size=\u00bb27px\u00bb background_enable_image=\u00bboff\u00bb custom_margin=\u00bb|||5%|false|false\u00bb custom_padding=\u00bb199px|||||\u00bb global_colors_info=\u00bb{}\u00bb]<\/p>\n<h3>\u201cCLICK HERE AND GET TO KNOW OUR PRODUCTS\u2026\u201d<\/h3>\n<p>[\/et_pb_text][\/et_pb_column][et_pb_column type=\u00bb1_3&#8243; module_class=\u00bbds-vertical-align\u00bb _builder_version=\u00bb4.16&#8243; global_colors_info=\u00bb{}\u00bb][et_pb_image src=\u00bbhttp:\/\/aovepenaluna.com\/wp-content\/uploads\/2022\/03\/monovarietales_koroneiki.png\u00bb title_text=\u00bbAOVE PE\u00d1A LUNA\u00bb align=\u00bbcenter\u00bb _builder_version=\u00bb4.16&#8243; _module_preset=\u00bbdefault\u00bb animation_style=\u00bbslide\u00bb animation_direction=\u00bbbottom\u00bb animation_duration=\u00bb1500ms\u00bb animation_delay=\u00bb500ms\u00bb global_colors_info=\u00bb{}\u00bb][\/et_pb_image][\/et_pb_column][et_pb_column type=\u00bb1_3&#8243; module_class=\u00bbds-vertical-align\u00bb _builder_version=\u00bb4.16&#8243; global_colors_info=\u00bb{}\u00bb][\/et_pb_column][\/et_pb_row][\/et_pb_section]<\/p>","protected":false},"excerpt":{"rendered":"<p>\u00bfQUIERES CONOCERNOS? Hace m\u00e1s de 5.000 a\u00f1os el aceite de oliva ya se usaba para la iluminaci\u00f3n de palacios y templos, pero fueron los fenicios los que por primera vez en la historia cultivaron el olivo. Tambi\u00e9n tuvo una gran importancia en la antigua cultura egipcia al cual lleg\u00f3 navegando por el Nilo 2.300 a.C.El [&hellip;]<\/p>","protected":false},"author":17,"featured_media":0,"parent":0,"menu_order":0,"comment_status":"closed","ping_status":"closed","template":"","meta":{"_et_pb_use_builder":"on","_et_pb_old_content":"","_et_gb_content_width":"","footnotes":""},"class_list":["post-4669","page","type-page","status-publish","hentry"],"yoast_head":"<!-- This site is optimized with the Yoast SEO plugin v23.3 - https:\/\/yoast.com\/wordpress\/plugins\/seo\/ -->\n<title>\u00bfQUIERES CONOCERNOS? - Aceite de Oliva Virgen Extra Pe\u00f1a Luna<\/title>\n<meta name=\"description\" content=\"Descubre la historia detr\u00e1s de Pe\u00f1a Luna y de la producci\u00f3n de nuestros incre\u00edbles Aceites de Oliva Virgen Extra...\" \/>\n<meta name=\"robots\" content=\"index, follow, max-snippet:-1, max-image-preview:large, max-video-preview:-1\" \/>\n<link rel=\"canonical\" href=\"https:\/\/aovepenaluna.com\/en\/quieres-conocernos\/\" \/>\n<meta property=\"og:locale\" content=\"en_GB\" \/>\n<meta property=\"og:type\" content=\"article\" \/>\n<meta property=\"og:title\" content=\"\u00bfQUIERES CONOCERNOS? - Aceite de Oliva Virgen Extra Pe\u00f1a Luna\" \/>\n<meta property=\"og:description\" content=\"Descubre la historia detr\u00e1s de Pe\u00f1a Luna y de la producci\u00f3n de nuestros incre\u00edbles Aceites de Oliva Virgen Extra...\" \/>\n<meta property=\"og:url\" content=\"https:\/\/aovepenaluna.com\/en\/quieres-conocernos\/\" \/>\n<meta property=\"og:site_name\" content=\"Aceite de Oliva Virgen Extra Pe\u00f1a Luna\" \/>\n<meta property=\"article:publisher\" content=\"https:\/\/www.facebook.com\/aovepenaluna\" \/>\n<meta property=\"article:modified_time\" content=\"2025-06-12T09:01:39+00:00\" \/>\n<meta name=\"twitter:card\" content=\"summary_large_image\" \/>\n<meta name=\"twitter:label1\" content=\"Estimated reading time\" \/>\n\t<meta name=\"twitter:data1\" content=\"4 minutes\" \/>\n<script type=\"application\/ld+json\" class=\"yoast-schema-graph\">{\"@context\":\"https:\/\/schema.org\",\"@graph\":[{\"@type\":\"WebPage\",\"@id\":\"https:\/\/aovepenaluna.com\/es\/quieres-conocernos\/\",\"url\":\"https:\/\/aovepenaluna.com\/es\/quieres-conocernos\/\",\"name\":\"\u00bfQUIERES CONOCERNOS? - Aceite de Oliva Virgen Extra Pe\u00f1a Luna\",\"isPartOf\":{\"@id\":\"https:\/\/aovepenaluna.com\/#website\"},\"datePublished\":\"2021-01-12T15:41:49+00:00\",\"dateModified\":\"2025-06-12T09:01:39+00:00\",\"description\":\"Descubre la historia detr\u00e1s de Pe\u00f1a Luna y de la producci\u00f3n de nuestros incre\u00edbles Aceites de Oliva Virgen Extra...\",\"breadcrumb\":{\"@id\":\"https:\/\/aovepenaluna.com\/es\/quieres-conocernos\/#breadcrumb\"},\"inLanguage\":\"en-GB\",\"potentialAction\":[{\"@type\":\"ReadAction\",\"target\":[\"https:\/\/aovepenaluna.com\/es\/quieres-conocernos\/\"]}]},{\"@type\":\"BreadcrumbList\",\"@id\":\"https:\/\/aovepenaluna.com\/es\/quieres-conocernos\/#breadcrumb\",\"itemListElement\":[{\"@type\":\"ListItem\",\"position\":1,\"name\":\"Portada\",\"item\":\"https:\/\/aovepenaluna.com\/es\/\"},{\"@type\":\"ListItem\",\"position\":2,\"name\":\"\u00bfQUIERES CONOCERNOS?\"}]},{\"@type\":\"WebSite\",\"@id\":\"https:\/\/aovepenaluna.com\/#website\",\"url\":\"https:\/\/aovepenaluna.com\/\",\"name\":\"Aceite de Oliva Virgen Extra Pe\u00f1a Luna\",\"description\":\"Aceite de Oliva Virgen Extra Ecol\u00f3gico de m\u00e1xima calidad\",\"potentialAction\":[{\"@type\":\"SearchAction\",\"target\":{\"@type\":\"EntryPoint\",\"urlTemplate\":\"https:\/\/aovepenaluna.com\/?s={search_term_string}\"},\"query-input\":\"required name=search_term_string\"}],\"inLanguage\":\"en-GB\"}]}<\/script>\n<!-- \/ Yoast SEO plugin. -->","yoast_head_json":{"title":"\u00bfQUIERES CONOCERNOS? - Aceite de Oliva Virgen Extra Pe\u00f1a Luna","description":"Descubre la historia detr\u00e1s de Pe\u00f1a Luna y de la producci\u00f3n de nuestros incre\u00edbles Aceites de Oliva Virgen Extra...","robots":{"index":"index","follow":"follow","max-snippet":"max-snippet:-1","max-image-preview":"max-image-preview:large","max-video-preview":"max-video-preview:-1"},"canonical":"https:\/\/aovepenaluna.com\/en\/quieres-conocernos\/","og_locale":"en_GB","og_type":"article","og_title":"\u00bfQUIERES CONOCERNOS? - Aceite de Oliva Virgen Extra Pe\u00f1a Luna","og_description":"Descubre la historia detr\u00e1s de Pe\u00f1a Luna y de la producci\u00f3n de nuestros incre\u00edbles Aceites de Oliva Virgen Extra...","og_url":"https:\/\/aovepenaluna.com\/en\/quieres-conocernos\/","og_site_name":"Aceite de Oliva Virgen Extra Pe\u00f1a Luna","article_publisher":"https:\/\/www.facebook.com\/aovepenaluna","article_modified_time":"2025-06-12T09:01:39+00:00","twitter_card":"summary_large_image","twitter_misc":{"Estimated reading time":"4 minutes"},"schema":{"@context":"https:\/\/schema.org","@graph":[{"@type":"WebPage","@id":"https:\/\/aovepenaluna.com\/es\/quieres-conocernos\/","url":"https:\/\/aovepenaluna.com\/es\/quieres-conocernos\/","name":"\u00bfQUIERES CONOCERNOS? - Aceite de Oliva Virgen Extra Pe\u00f1a Luna","isPartOf":{"@id":"https:\/\/aovepenaluna.com\/#website"},"datePublished":"2021-01-12T15:41:49+00:00","dateModified":"2025-06-12T09:01:39+00:00","description":"Descubre la historia detr\u00e1s de Pe\u00f1a Luna y de la producci\u00f3n de nuestros incre\u00edbles Aceites de Oliva Virgen Extra...","breadcrumb":{"@id":"https:\/\/aovepenaluna.com\/es\/quieres-conocernos\/#breadcrumb"},"inLanguage":"en-GB","potentialAction":[{"@type":"ReadAction","target":["https:\/\/aovepenaluna.com\/es\/quieres-conocernos\/"]}]},{"@type":"BreadcrumbList","@id":"https:\/\/aovepenaluna.com\/es\/quieres-conocernos\/#breadcrumb","itemListElement":[{"@type":"ListItem","position":1,"name":"Portada","item":"https:\/\/aovepenaluna.com\/es\/"},{"@type":"ListItem","position":2,"name":"\u00bfQUIERES CONOCERNOS?"}]},{"@type":"WebSite","@id":"https:\/\/aovepenaluna.com\/#website","url":"https:\/\/aovepenaluna.com\/","name":"Aceite de Oliva Virgen Extra Pe\u00f1a Luna","description":"Aceite de Oliva Virgen Extra Ecol\u00f3gico de m\u00e1xima calidad","potentialAction":[{"@type":"SearchAction","target":{"@type":"EntryPoint","urlTemplate":"https:\/\/aovepenaluna.com\/?s={search_term_string}"},"query-input":"required name=search_term_string"}],"inLanguage":"en-GB"}]}},"_links":{"self":[{"href":"https:\/\/aovepenaluna.com\/en\/wp-json\/wp\/v2\/pages\/4669","targetHints":{"allow":["GET"]}}],"collection":[{"href":"https:\/\/aovepenaluna.com\/en\/wp-json\/wp\/v2\/pages"}],"about":[{"href":"https:\/\/aovepenaluna.com\/en\/wp-json\/wp\/v2\/types\/page"}],"author":[{"embeddable":true,"href":"https:\/\/aovepenaluna.com\/en\/wp-json\/wp\/v2\/users\/17"}],"replies":[{"embeddable":true,"href":"https:\/\/aovepenaluna.com\/en\/wp-json\/wp\/v2\/comments?post=4669"}],"version-history":[{"count":5,"href":"https:\/\/aovepenaluna.com\/en\/wp-json\/wp\/v2\/pages\/4669\/revisions"}],"predecessor-version":[{"id":9324,"href":"https:\/\/aovepenaluna.com\/en\/wp-json\/wp\/v2\/pages\/4669\/revisions\/9324"}],"wp:attachment":[{"href":"https:\/\/aovepenaluna.com\/en\/wp-json\/wp\/v2\/media?parent=4669"}],"curies":[{"name":"wp","href":"https:\/\/api.w.org\/{rel}","templated":true}]}}